{"id":3101,"date":"2016-12-26T10:39:43","date_gmt":"2016-12-26T10:39:43","guid":{"rendered":"http:\/\/fcba-offshore.com\/?page_id=3101"},"modified":"2017-02-25T11:04:22","modified_gmt":"2017-02-25T11:04:22","slug":"mauricio-offshore-sp","status":"publish","type":"page","link":"https:\/\/fcba-offshore.com\/es\/mauricio-offshore-sp\/","title":{"rendered":"Mauricio offshore"},"content":{"rendered":"<h1><a href=\"http:\/\/fcba-offshore.com\/wp-content\/uploads\/2014\/06\/Ile-Maurice.png\"><img loading=\"lazy\" decoding=\"async\" class=\"alignnone size-full wp-image-351\" src=\"http:\/\/fcba-offshore.com\/wp-content\/uploads\/2014\/06\/Ile-Maurice.png\" alt=\"Ile-Maurice\" width=\"74\" height=\"47\" srcset=\"https:\/\/fcba-offshore.com\/wp-content\/uploads\/2014\/06\/Ile-Maurice.png 74w, https:\/\/fcba-offshore.com\/wp-content\/uploads\/2014\/06\/Ile-Maurice-72x47.png 72w\" sizes=\"auto, (max-width: 74px) 100vw, 74px\" \/><\/a>\u00a0\u00a0\u00a0\u00a0\u00a0\u00a0\u00a0\u00a0\u00a0\u00a0\u00a0\u00a0\u00a0\u00a0\u00a0\u00a0\u00a0\u00a0\u00a0 <a href=\"http:\/\/fcba-offshore.com\/wp-content\/uploads\/2014\/06\/Ile-Maurice-Offshore1.png\"><img loading=\"lazy\" decoding=\"async\" class=\"size-medium wp-image-606 alignright\" src=\"http:\/\/fcba-offshore.com\/wp-content\/uploads\/2014\/06\/Ile-Maurice-Offshore1-300x131.png\" alt=\"Ile Maurice Offshore\" width=\"300\" height=\"131\" srcset=\"https:\/\/fcba-offshore.com\/wp-content\/uploads\/2014\/06\/Ile-Maurice-Offshore1-300x131.png 300w, https:\/\/fcba-offshore.com\/wp-content\/uploads\/2014\/06\/Ile-Maurice-Offshore1.png 641w, https:\/\/fcba-offshore.com\/wp-content\/uploads\/2014\/06\/Ile-Maurice-Offshore1-450x196.png 450w\" sizes=\"auto, (max-width: 300px) 100vw, 300px\" \/><\/a><\/h1>\n<p>&nbsp;<\/p>\n<p>&nbsp;<\/p>\n<h1>Offshore en Mauricio:<\/h1>\n<p>&nbsp;<\/p>\n<p style=\"text-align: justify;\">Mauricio tiene fama de destino tur\u00edstico paradis\u00edaco pero tambi\u00e9n es\u00a0 un destino offshore de primer plano. Situado en el oc\u00e9ano indico, este archipi\u00e9lago antiguamente brit\u00e1nico, a conservado una legislaci\u00f3n comercial y fiscal muy flexible lo que atrae numerosos inversores extranjeros.<\/p>\n<p style=\"text-align: justify;\">Desde su independencia en 1968, Mauricio ha conocido una evoluci\u00f3n fulgurante. La isla pas\u00f3 de ser un pa\u00eds de bajos recursos en el que la econom\u00eda se basaba en la agricultura, a ser un pa\u00eds considerado como \u201cpa\u00eds emergente\u201d en el que la econom\u00eda diversificada reposa sobre un sector industrial y financiero en pleno crecimiento, sin olvidar la importante industria del turismo. Este cambio se traduce con\u00a0 un sensible mejoramiento de la calidad y esperanza de vida.<\/p>\n<p style=\"text-align: justify;\">La cana de az\u00facar constituye el 90% de los cultivos y representa el 25% de las exportaciones. La estrategia de desarrollo llevada a cabo por el gobierno se centra b\u00e1sicamente en desarrollar la inversi\u00f3n extranjera. Mauricio ha atra\u00eddo a unas 10000 <a title=\"Sociedad Offshore\" href=\"https:\/\/fcba-offshore.com\/es\/slider\/sociedad-offshore-2\/\">sociedades offshore<\/a>, de las que la mayor\u00eda se dedican al comercio en la India y \u00c1frica del Sur.<\/p>\n<p>&nbsp;<\/p>\n<p style=\"text-align: justify;\">Las ventajas en abrir una <a title=\"Cuenta bancaria offshore\" href=\"https:\/\/fcba-offshore.com\/es\/compte-bancaire-offshore-sp\/\">cuenta offshore<\/a> o en crear una<a title=\"Sociedad Offshore\" href=\"https:\/\/fcba-offshore.com\/es\/slider\/sociedad-offshore-2\/\"> sociedad offshore<\/a> en Mauricio son m\u00faltiples:<\/p>\n<ul style=\"text-align: justify;\">\n<li>IVA inexistente<\/li>\n<li>Impuesto sobre los beneficios inexistente<\/li>\n<li>Secreto bancario garantizado<\/li>\n<li>Ausencia de publicaci\u00f3n de su nombre como titular de una <a title=\"Sociedad offshore\" href=\"https:\/\/fcba-offshore.com\/es\/sociedad-offshore-sp\/\">sociedad offshore<\/a><\/li>\n<li>Contabilidad simplificada<\/li>\n<\/ul>\n<p>&nbsp;<\/p>\n<p style=\"text-align: justify;\"><a title=\"Inicio\" href=\"https:\/\/fcba-offshore.com\/es\/\">FCBA Offshore Ltd<\/a> recomienda la apertura de una <a title=\"Cuenta bancaria offshore\" href=\"https:\/\/fcba-offshore.com\/es\/compte-bancaire-offshore-sp\/\">cuenta bancaria offshore<\/a> o la creaci\u00f3n de una <a title=\"Sociedad offshore\" href=\"https:\/\/fcba-offshore.com\/es\/sociedad-offshore-sp\/\">sociedad offshore<\/a>\u00a0 en Mauricio. Esta jurisdicci\u00f3n es claramente ejemplar\u00a0 y permite a los poseedores de activos y bienes de todo tipo de gozar\u00a0 de una m\u00e1xima discreci\u00f3n. El \u00fanico punto negativo de esta jurisdicci\u00f3n es la obligaci\u00f3n de presentar un contabilidad (simplificada) y de cumplir con varias obligaciones administrativas r\u00edgidas.<\/p>\n<p style=\"text-align: justify;\"><a title=\"Inicio\" href=\"https:\/\/fcba-offshore.com\/es\/\">FCBA Offshore Ltd<\/a> tiene contactos privilegiados con operadores bancarios en Mauricio, abrir una <a title=\"Cuenta bancaria offshore\" href=\"https:\/\/fcba-offshore.com\/es\/compte-bancaire-offshore-sp\/\">cuenta bancaria offshore<\/a> o crear una<a title=\"Sociedad offshore\" href=\"https:\/\/fcba-offshore.com\/es\/sociedad-offshore-sp\/\"> sociedad offshore<\/a> en la isla sera muy simple para nuestros clientes. El deposito inicial exigido por los bancos de Mauricio es muy razonable.<\/p>\n<p>&nbsp;<\/p>\n<p style=\"text-align: justify;\"><a title=\"Contacto\" href=\"https:\/\/fcba-offshore.com\/es\/contact-sp\/\">Por favor, p\u00f3ngase en contacto con nosotros para cualquier tipo de informaci\u00f3n adicional.<\/a><\/p>\n<p style=\"text-align: justify;\">* Si quiere seguir investigando sobre Mauricio, pulse <a href=\"http:\/\/www.libremercado.com\/2016-05-13\/isla-mauricio-se-convierte-en-el-destino-favorito-de-los-millonarios-en-africa-1276573964\/\">aqui<\/a>.<\/p>\n<p>&nbsp;<\/p>\n<p style=\"text-align: justify;\"><a href=\"http:\/\/fcba-offshore.com\/wp-content\/uploads\/2014\/06\/logo-small.png\"><img loading=\"lazy\" decoding=\"async\" class=\"alignnone size-full wp-image-479\" src=\"http:\/\/fcba-offshore.com\/wp-content\/uploads\/2014\/06\/logo-small.png\" alt=\"Logo offshore small\" width=\"142\" height=\"31\" \/><\/a><\/p>\n","protected":false},"excerpt":{"rendered":"<p>\u00a0\u00a0\u00a0\u00a0\u00a0\u00a0\u00a0\u00a0\u00a0\u00a0\u00a0\u00a0\u00a0\u00a0\u00a0\u00a0\u00a0\u00a0\u00a0 &nbsp; &nbsp; Offshore en Mauricio: &nbsp; Mauricio tiene fama de destino tur\u00edstico paradis\u00edaco pero tambi\u00e9n es\u00a0 un destino offshore de primer plano. Situado en el oc\u00e9ano indico, este archipi\u00e9lago antiguamente brit\u00e1nico, a conservado una legislaci\u00f3n comercial y fiscal muy flexible lo que atrae numerosos inversores extranjeros. Desde su independencia en 1968, Mauricio ha conocido&hellip;<\/p>\n","protected":false},"author":1,"featured_media":0,"parent":0,"menu_order":0,"comment_status":"closed","ping_status":"open","template":"","meta":{"footnotes":""},"class_list":["post-3101","page","type-page","status-publish","hentry"],"_links":{"self":[{"href":"https:\/\/fcba-offshore.com\/es\/wp-json\/wp\/v2\/pages\/3101","targetHints":{"allow":["GET"]}}],"collection":[{"href":"https:\/\/fcba-offshore.com\/es\/wp-json\/wp\/v2\/pages"}],"about":[{"href":"https:\/\/fcba-offshore.com\/es\/wp-json\/wp\/v2\/types\/page"}],"author":[{"embeddable":true,"href":"https:\/\/fcba-offshore.com\/es\/wp-json\/wp\/v2\/users\/1"}],"replies":[{"embeddable":true,"href":"https:\/\/fcba-offshore.com\/es\/wp-json\/wp\/v2\/comments?post=3101"}],"version-history":[{"count":7,"href":"https:\/\/fcba-offshore.com\/es\/wp-json\/wp\/v2\/pages\/3101\/revisions"}],"predecessor-version":[{"id":3522,"href":"https:\/\/fcba-offshore.com\/es\/wp-json\/wp\/v2\/pages\/3101\/revisions\/3522"}],"wp:attachment":[{"href":"https:\/\/fcba-offshore.com\/es\/wp-json\/wp\/v2\/media?parent=3101"}],"curies":[{"name":"wp","href":"https:\/\/api.w.org\/{rel}","templated":true}]}}