{"id":3103,"date":"2016-12-26T10:41:59","date_gmt":"2016-12-26T10:41:59","guid":{"rendered":"http:\/\/fcba-offshore.com\/?page_id=3103"},"modified":"2017-02-25T09:29:55","modified_gmt":"2017-02-25T09:29:55","slug":"islas-caiman-offshore-sp","status":"publish","type":"page","link":"https:\/\/fcba-offshore.com\/es\/islas-caiman-offshore-sp\/","title":{"rendered":"Islas Caim\u00e1n offshore"},"content":{"rendered":"<h1><a href=\"http:\/\/fcba-offshore.com\/wp-content\/uploads\/2014\/06\/Iles-Caimans.png\"><img loading=\"lazy\" decoding=\"async\" class=\"alignnone size-full wp-image-343\" src=\"http:\/\/fcba-offshore.com\/wp-content\/uploads\/2014\/06\/Iles-Caimans.png\" alt=\"Iles-Caimans\" width=\"78\" height=\"40\" \/><\/a>\u00a0\u00a0\u00a0\u00a0\u00a0\u00a0\u00a0\u00a0\u00a0\u00a0\u00a0\u00a0\u00a0\u00a0 <a href=\"http:\/\/fcba-offshore.com\/wp-content\/uploads\/2014\/06\/Iles-Caymans-Offshore.png\"><img loading=\"lazy\" decoding=\"async\" class=\"size-medium wp-image-598 alignright\" src=\"http:\/\/fcba-offshore.com\/wp-content\/uploads\/2014\/06\/Iles-Caymans-Offshore-300x131.png\" alt=\"Iles Caymans Offshore\" width=\"300\" height=\"131\" srcset=\"https:\/\/fcba-offshore.com\/wp-content\/uploads\/2014\/06\/Iles-Caymans-Offshore-300x131.png 300w, https:\/\/fcba-offshore.com\/wp-content\/uploads\/2014\/06\/Iles-Caymans-Offshore.png 641w, https:\/\/fcba-offshore.com\/wp-content\/uploads\/2014\/06\/Iles-Caymans-Offshore-450x196.png 450w\" sizes=\"auto, (max-width: 300px) 100vw, 300px\" \/><\/a><\/h1>\n<p>&nbsp;<\/p>\n<h1>Offshore en las Islas Caim<span lang=\"ES\">\u00e1<\/span>n:<\/h1>\n<p>&nbsp;<\/p>\n<p class=\"Textbody\" style=\"text-align: justify;\"><span lang=\"ES\">Las islas Caim\u00e1n son un archipi\u00e9lago del oc\u00e9ano Atl\u00e1ntico considerado como territorio de ultramar del Reino unido en el caribe. Muy mediatizado durante los a\u00f1os 90 y 2000, las islas Caim\u00e1n son famosas por ser un destino offshore apreciado por las ventajas que ofrece. Sin embargo, acuerdos firmados con Estados Unidos,<a title=\"Irlanda offshore\" href=\"https:\/\/fcba-offshore.com\/es\/irlanda-offshore-sp\/\"> Irlanda<\/a>, los Pa\u00edses Bajo, los pa\u00edses escandinavos y el proyecto de ampliar estos acuerdos con otros pa\u00edses miembros de la OCDE deja pensar a los expertos que las islas Caim\u00e1n es un destino offshore en \u201cfin de ciclo\u201d.<\/span><\/p>\n<p>&nbsp;<\/p>\n<p class=\"Textbody\" style=\"text-align: justify;\"><span lang=\"ES\">Las leyes fiscales de las islas Caim\u00e1n siguen ofreciendo un tipo impositivo de 0% a las <a title=\"Sociedad offshore\" href=\"https:\/\/fcba-offshore.com\/es\/sociedad-offshore-sp\/\">sociedades offshore<\/a>, es decir a las que tienen actividades unicamente fuera del territorio. Hoy en d\u00eda, las autoridades\u00a0 desvelan la identidad de los titulares de estas sociedades a las autoridades competentes de los pa\u00edses de residencia de estas personas. Este tipo impositivo es la \u00fanica ventaja que ofrece este destino offshore hoy en d\u00eda.\u00a0 <\/span><\/p>\n<p>&nbsp;<\/p>\n<p class=\"Textbody\" style=\"text-align: justify;\"><span lang=\"ES\"><a title=\"Inicio\" href=\"https:\/\/fcba-offshore.com\/es\/\">FCBA Offshore Ltd<\/a> ya no recomienda la apertura de <a title=\"Cuenta bancaria offshore\" href=\"https:\/\/fcba-offshore.com\/es\/compte-bancaire-offshore-sp\/\">una cuenta offshore<\/a> o la creaci\u00f3n de una<a title=\"Sociedad offshore\" href=\"https:\/\/fcba-offshore.com\/es\/sociedad-offshore-sp\/\"> sociedad offshore<\/a> en las islas Caim\u00e1n despu\u00e9s\u00a0 de la firma de estos acuerdos. Espa\u00f1a no esta afectada por estos acuerdos pero desgraciadamente, parece que esta situaci\u00f3n no deber\u00eda durar.<\/span><\/p>\n<p class=\"Textbody\" style=\"text-align: justify;\"><span lang=\"ES\">FCBA Offshore Ltd aconseja a los titulares de una <a title=\"Cuenta bancaria offshore\" href=\"https:\/\/fcba-offshore.com\/es\/compte-bancaire-offshore-sp\/\">cuenta offshore<\/a> o de una <a title=\"Sociedad offshore\" href=\"https:\/\/fcba-offshore.com\/es\/sociedad-offshore-sp\/\">sociedad offshore<\/a> en las islas Caim\u00e1n de<a title=\"Contacto\" href=\"https:\/\/fcba-offshore.com\/es\/contact-sp\/\"> contactarnos<\/a> para que podamos dirigirlos hacia una jurisdicci\u00f3n mas ventajosa en t\u00e9rminos de discreci\u00f3n y secreto bancario.<\/span><\/p>\n<p class=\"Textbody\" style=\"text-align: justify;\"><span lang=\"ES\">Sin embargo, abrir una<a title=\"Cuenta bancaria offshore\" href=\"https:\/\/fcba-offshore.com\/es\/compte-bancaire-offshore-sp\/\"> cuenta bancaria offshore<\/a> o crear una <a title=\"Sociedad offshore\" href=\"https:\/\/fcba-offshore.com\/es\/sociedad-offshore-sp\/\">sociedad offshore<\/a> en las islas Caim\u00e1n sigue posible a trav\u00e9s de FCBA Offshore Ltd.<\/span><\/p>\n<p class=\"Textbody\" style=\"text-align: justify;\"><span lang=\"ES\">Tiene que saber que el deposito inicial exigido por las entidades bancarias para la apertura de una <a title=\"Cuenta bancaria offshore\" href=\"https:\/\/fcba-offshore.com\/es\/compte-bancaire-offshore-sp\/\">cuenta offshore<\/a> en las islas Caim\u00e1n es importante.<\/span><\/p>\n<p class=\"Textbody\" style=\"text-align: justify;\"><span lang=\"ES\">\u00a0<\/span><\/p>\n<p>&nbsp;<\/p>\n<p class=\"Standard\" style=\"text-align: justify;\"><a title=\"Contacto\" href=\"https:\/\/fcba-offshore.com\/es\/contact-sp\/\"><span lang=\"ES\">Por favor, p\u00f3ngase en contacto con nosotros para cualquier tipo de informaci\u00f3n adicional.<\/span><\/a><\/p>\n<p class=\"Standard\" style=\"text-align: justify;\">\n<p class=\"Standard\" style=\"text-align: justify;\">* Para seguir investigando sobre las Islas Caiman, pulse <a href=\"http:\/\/www.libremercado.com\/2014-06-15\/como-funcionan-las-islas-caiman-1276521349\/\">aqui<\/a>.<\/p>\n<p>&nbsp;<\/p>\n<p style=\"text-align: justify;\"><a href=\"http:\/\/fcba-offshore.com\/wp-content\/uploads\/2014\/06\/logo-small.png\"><img loading=\"lazy\" decoding=\"async\" class=\"alignnone size-full wp-image-479\" src=\"http:\/\/fcba-offshore.com\/wp-content\/uploads\/2014\/06\/logo-small.png\" alt=\"Logo offshore small\" width=\"142\" height=\"31\" \/><\/a><\/p>\n","protected":false},"excerpt":{"rendered":"<p>\u00a0\u00a0\u00a0\u00a0\u00a0\u00a0\u00a0\u00a0\u00a0\u00a0\u00a0\u00a0\u00a0\u00a0 &nbsp; Offshore en las Islas Caim\u00e1n: &nbsp; Las islas Caim\u00e1n son un archipi\u00e9lago del oc\u00e9ano Atl\u00e1ntico considerado como territorio de ultramar del Reino unido en el caribe. Muy mediatizado durante los a\u00f1os 90 y 2000, las islas Caim\u00e1n son famosas por ser un destino offshore apreciado por las ventajas que ofrece. Sin embargo, acuerdos&hellip;<\/p>\n","protected":false},"author":1,"featured_media":0,"parent":0,"menu_order":0,"comment_status":"closed","ping_status":"open","template":"","meta":{"footnotes":""},"class_list":["post-3103","page","type-page","status-publish","hentry"],"_links":{"self":[{"href":"https:\/\/fcba-offshore.com\/es\/wp-json\/wp\/v2\/pages\/3103","targetHints":{"allow":["GET"]}}],"collection":[{"href":"https:\/\/fcba-offshore.com\/es\/wp-json\/wp\/v2\/pages"}],"about":[{"href":"https:\/\/fcba-offshore.com\/es\/wp-json\/wp\/v2\/types\/page"}],"author":[{"embeddable":true,"href":"https:\/\/fcba-offshore.com\/es\/wp-json\/wp\/v2\/users\/1"}],"replies":[{"embeddable":true,"href":"https:\/\/fcba-offshore.com\/es\/wp-json\/wp\/v2\/comments?post=3103"}],"version-history":[{"count":9,"href":"https:\/\/fcba-offshore.com\/es\/wp-json\/wp\/v2\/pages\/3103\/revisions"}],"predecessor-version":[{"id":3514,"href":"https:\/\/fcba-offshore.com\/es\/wp-json\/wp\/v2\/pages\/3103\/revisions\/3514"}],"wp:attachment":[{"href":"https:\/\/fcba-offshore.com\/es\/wp-json\/wp\/v2\/media?parent=3103"}],"curies":[{"name":"wp","href":"https:\/\/api.w.org\/{rel}","templated":true}]}}