{"id":3107,"date":"2016-12-26T10:46:10","date_gmt":"2016-12-26T10:46:10","guid":{"rendered":"http:\/\/fcba-offshore.com\/?page_id=3107"},"modified":"2017-02-25T09:24:53","modified_gmt":"2017-02-25T09:24:53","slug":"irlanda-offshore-sp","status":"publish","type":"page","link":"https:\/\/fcba-offshore.com\/es\/irlanda-offshore-sp\/","title":{"rendered":"Irlanda offshore"},"content":{"rendered":"<h1><a href=\"http:\/\/fcba-offshore.com\/wp-content\/uploads\/2014\/06\/Irelande.png\"><img loading=\"lazy\" decoding=\"async\" class=\"alignnone size-full wp-image-367\" src=\"http:\/\/fcba-offshore.com\/wp-content\/uploads\/2014\/06\/Irelande.png\" alt=\"Irelande\" width=\"72\" height=\"55\" \/><\/a>\u00a0\u00a0\u00a0\u00a0\u00a0\u00a0\u00a0\u00a0 <a href=\"http:\/\/fcba-offshore.com\/wp-content\/uploads\/2014\/06\/Irlande-Offshore.png\"><img loading=\"lazy\" decoding=\"async\" class=\"size-medium wp-image-613 alignright\" src=\"http:\/\/fcba-offshore.com\/wp-content\/uploads\/2014\/06\/Irlande-Offshore-300x131.png\" alt=\"Irlande Offshore\" width=\"300\" height=\"131\" srcset=\"https:\/\/fcba-offshore.com\/wp-content\/uploads\/2014\/06\/Irlande-Offshore-300x131.png 300w, https:\/\/fcba-offshore.com\/wp-content\/uploads\/2014\/06\/Irlande-Offshore.png 641w, https:\/\/fcba-offshore.com\/wp-content\/uploads\/2014\/06\/Irlande-Offshore-450x196.png 450w\" sizes=\"auto, (max-width: 300px) 100vw, 300px\" \/><\/a><\/h1>\n<p>&nbsp;<\/p>\n<p>&nbsp;<\/p>\n<h1>Offshore en Irlanda:<\/h1>\n<p>&nbsp;<\/p>\n<p class=\"Textbody\" style=\"text-align: justify;\"><span lang=\"ES\">Todo el mundo conoce Irlanda que lleva mas de 40 a\u00f1os como parte integrante de la Uni\u00f3n Europea. Tiene con el Reino Unido un papel de primer plano en la actividad econ\u00f3mica de la zona. Antiguamente llamada \u201cEl tigre celta\u201d, Irlanda supo reforzar su econom\u00eda gracias a una pol\u00edtica de imposici\u00f3n flexible. El pa\u00eds, castigado por la crisis de las \u201csubprimes\u201d se levanto r\u00e1pidamente de este episodio econ\u00f3mico y sigue atrayendo a las empresas extranjeras. En efecto, las grandes empresas como Google escogieron Irlanda para la gesti\u00f3n de la totalidad de sus actividades europeas. <\/span><\/p>\n<p>&nbsp;<\/p>\n<p class=\"Textbody\" style=\"text-align: justify;\"><span lang=\"ES\">Irlanda atrae a los operadores offshore por varios motivos. Primero porque hace parte de la Uni\u00f3n Europea y el titular de una <a title=\"Sociedad offshore\" href=\"https:\/\/fcba-offshore.com\/es\/sociedad-offshore-sp\/\">sociedad offshore<\/a> registrada en Irlanda nunca tendr\u00e1 dificultades en facturar otra sociedad europea. En efecto, los destinos \u201cexoticos\u201d pueden levantar sospechas de parte de los servicios financieros de las empresas mientras que al contrario Irlanda suele tranquilizarlos. Despu\u00e9s, las sociedades irlandesas pueden controlarse desde el extranjero y el pa\u00eds propone un tipo impositivo de solo 12,5%. Por fin, el peso administrativo resultante de la actividad econ\u00f3mica de una sociedad offshore irlandesa es particularmente ligero comparando con otras jurisdicciones.<\/span><\/p>\n<p>&nbsp;<\/p>\n<p class=\"Textbody\" style=\"text-align: justify;\"><span lang=\"ES\"><a title=\"Inicio\" href=\"https:\/\/fcba-offshore.com\/es\/\">FCBA Offshore<\/a> recomienda a sus clientes que hablan ingles crear una <a title=\"Sociedad offshore\" href=\"https:\/\/fcba-offshore.com\/es\/sociedad-offshore-sp\/\">sociedad offshore<\/a> en Irlanda o\u00a0 abrir una<a title=\"Cuenta bancaria offshore\" href=\"https:\/\/fcba-offshore.com\/es\/compte-bancaire-offshore-sp\/\"> cuenta bancaria offshore<\/a>. Irlanda posee muchas ventajas pero es una jurisdicci\u00f3n \u201ccara\u201d en t\u00e9rminos contables, de secretaria y administrativos en general. Ademas el capital social m\u00ednimo exigido para crear una <a title=\"Sociedad offshore\" href=\"https:\/\/fcba-offshore.com\/es\/sociedad-offshore-sp\/\">sociedad offshore<\/a> en Irlanda es de unos 38&#8217;000 euros y\u00a0 el deposito inicial exigido para abrir una <a title=\"Cuenta bancaria offshore\" href=\"https:\/\/fcba-offshore.com\/es\/compte-bancaire-offshore-sp\/\">cuenta bancaria offshore<\/a> es importante lo que puede constituir un freno al momento de decidirse para Irlanda como destino offshore.<\/span><\/p>\n<p class=\"Textbody\" style=\"text-align: justify;\"><span lang=\"ES\">Sin embargo, abrir una <a title=\"Cuenta bancaria offshore\" href=\"https:\/\/fcba-offshore.com\/es\/compte-bancaire-offshore-sp\/\">cuenta bancaria offshore<\/a> o crear una <a title=\"Sociedad offshore\" href=\"https:\/\/fcba-offshore.com\/es\/sociedad-offshore-sp\/\">sociedad offshore<\/a> en Irlanda con FCBA Offshore no constituye ning\u00fan problema gracias a nuestros contactos privilegiados en la isla.<\/span><\/p>\n<p class=\"Textbody\" style=\"text-align: justify;\"><span lang=\"ES\">\u00a0<\/span><\/p>\n<p class=\"Standard\" style=\"text-align: justify;\"><span lang=\"ES\"><a title=\"Contacto\" href=\"https:\/\/fcba-offshore.com\/es\/contact-sp\/\">Por favor, p\u00f3ngase en contacto con nosotros para cualquier tipo de informaci\u00f3n adicional<\/a>.<\/span><\/p>\n<p class=\"Standard\" style=\"text-align: justify;\">* Para seguir investigando sobre Irlanda, pulse <a href=\"http:\/\/www.eleconomista.es\/economia\/noticias\/7067944\/10\/15\/Irlanda-pone-fin-a-la-austeridad-fuerte-rebaja-de-impuestos-y-aumenta-el-gasto-publico.html\">aqui<\/a>.<\/p>\n<p>&nbsp;<\/p>\n<p style=\"text-align: justify;\"><a href=\"http:\/\/fcba-offshore.com\/wp-content\/uploads\/2014\/06\/logo-small.png\"><img loading=\"lazy\" decoding=\"async\" class=\"alignnone size-full wp-image-479\" src=\"http:\/\/fcba-offshore.com\/wp-content\/uploads\/2014\/06\/logo-small.png\" alt=\"Logo offshore small\" width=\"142\" height=\"31\" \/><\/a><\/p>\n","protected":false},"excerpt":{"rendered":"<p>\u00a0\u00a0\u00a0\u00a0\u00a0\u00a0\u00a0\u00a0 &nbsp; &nbsp; Offshore en Irlanda: &nbsp; Todo el mundo conoce Irlanda que lleva mas de 40 a\u00f1os como parte integrante de la Uni\u00f3n Europea. Tiene con el Reino Unido un papel de primer plano en la actividad econ\u00f3mica de la zona. Antiguamente llamada \u201cEl tigre celta\u201d, Irlanda supo reforzar su econom\u00eda gracias a una&hellip;<\/p>\n","protected":false},"author":1,"featured_media":0,"parent":0,"menu_order":0,"comment_status":"closed","ping_status":"open","template":"","meta":{"footnotes":""},"class_list":["post-3107","page","type-page","status-publish","hentry"],"_links":{"self":[{"href":"https:\/\/fcba-offshore.com\/es\/wp-json\/wp\/v2\/pages\/3107","targetHints":{"allow":["GET"]}}],"collection":[{"href":"https:\/\/fcba-offshore.com\/es\/wp-json\/wp\/v2\/pages"}],"about":[{"href":"https:\/\/fcba-offshore.com\/es\/wp-json\/wp\/v2\/types\/page"}],"author":[{"embeddable":true,"href":"https:\/\/fcba-offshore.com\/es\/wp-json\/wp\/v2\/users\/1"}],"replies":[{"embeddable":true,"href":"https:\/\/fcba-offshore.com\/es\/wp-json\/wp\/v2\/comments?post=3107"}],"version-history":[{"count":10,"href":"https:\/\/fcba-offshore.com\/es\/wp-json\/wp\/v2\/pages\/3107\/revisions"}],"predecessor-version":[{"id":3512,"href":"https:\/\/fcba-offshore.com\/es\/wp-json\/wp\/v2\/pages\/3107\/revisions\/3512"}],"wp:attachment":[{"href":"https:\/\/fcba-offshore.com\/es\/wp-json\/wp\/v2\/media?parent=3107"}],"curies":[{"name":"wp","href":"https:\/\/api.w.org\/{rel}","templated":true}]}}