{"id":3110,"date":"2016-12-26T10:48:26","date_gmt":"2016-12-26T10:48:26","guid":{"rendered":"http:\/\/fcba-offshore.com\/?page_id=3110"},"modified":"2017-02-25T09:35:53","modified_gmt":"2017-02-25T09:35:53","slug":"jersey-offshore-sp","status":"publish","type":"page","link":"https:\/\/fcba-offshore.com\/es\/jersey-offshore-sp\/","title":{"rendered":"Jersey offshore"},"content":{"rendered":"<h1><a href=\"http:\/\/fcba-offshore.com\/wp-content\/uploads\/2014\/06\/Jersey.png\"><img loading=\"lazy\" decoding=\"async\" class=\"alignnone size-full wp-image-364\" src=\"http:\/\/fcba-offshore.com\/wp-content\/uploads\/2014\/06\/Jersey.png\" alt=\"Jersey\" width=\"73\" height=\"47\" srcset=\"https:\/\/fcba-offshore.com\/wp-content\/uploads\/2014\/06\/Jersey.png 73w, https:\/\/fcba-offshore.com\/wp-content\/uploads\/2014\/06\/Jersey-72x47.png 72w\" sizes=\"auto, (max-width: 73px) 100vw, 73px\" \/><\/a>\u00a0\u00a0\u00a0\u00a0\u00a0\u00a0\u00a0\u00a0\u00a0\u00a0\u00a0 <a href=\"http:\/\/fcba-offshore.com\/wp-content\/uploads\/2014\/06\/Jersey-Offshore.png\"><img loading=\"lazy\" decoding=\"async\" class=\"size-medium wp-image-616 alignright\" src=\"http:\/\/fcba-offshore.com\/wp-content\/uploads\/2014\/06\/Jersey-Offshore-300x131.png\" alt=\"Jersey Offshore\" width=\"300\" height=\"131\" srcset=\"https:\/\/fcba-offshore.com\/wp-content\/uploads\/2014\/06\/Jersey-Offshore-300x131.png 300w, https:\/\/fcba-offshore.com\/wp-content\/uploads\/2014\/06\/Jersey-Offshore.png 641w, https:\/\/fcba-offshore.com\/wp-content\/uploads\/2014\/06\/Jersey-Offshore-450x196.png 450w\" sizes=\"auto, (max-width: 300px) 100vw, 300px\" \/><\/a><\/h1>\n<p>&nbsp;<\/p>\n<p>&nbsp;<\/p>\n<h1>Offshore en Jersey:<\/h1>\n<p>&nbsp;<\/p>\n<p class=\"Textbody\" style=\"text-align: justify;\"><span lang=\"ES\">La isla de Jersey, tal como Guernsey es una isla anglo-normanda ubicada cerca de las costas Francesas. Es una dependencia de la corona brit\u00e1nica y posee entonces una legislaci\u00f3n fiscal flexible que la convierte en un destino offshore atractivo para los inversores extranjeros. Jersey es un destino offshore bien conocido de los iniciados siendo considerada como parte de la Uni\u00f3n Europea\u00a0\u00a0 con\u00a0 una legislaci\u00f3n especifica particularmente a nivel fiscal.<\/span><\/p>\n<p>&nbsp;<\/p>\n<p class=\"Textbody\" style=\"text-align: justify;\"><span lang=\"ES\">Jersey goza de un impuesto sobre los beneficios de la<a title=\"Sociedad offshore\" href=\"https:\/\/fcba-offshore.com\/es\/sociedad-offshore-sp\/\"> sociedades offshore<\/a> muy bajo. En efecto, los beneficios que resulten de la actividad de su <a title=\"Sociedad offshore\" href=\"https:\/\/fcba-offshore.com\/es\/sociedad-offshore-sp\/\">sociedad offshore<\/a> en Jersey ser\u00e1n gravados al 0%. La administraci\u00f3n local solo le pedir\u00e1 un impuesto fijo anual. Sin embargo, Jersey como miembro asociado de la Uni\u00f3n Europea a firmado tratados de transparencia con la UE lo que significa que su <a title=\"Cuenta bancaria offshore\" href=\"https:\/\/fcba-offshore.com\/es\/compte-bancaire-offshore-sp\/\">cuenta bancaria offshore<\/a> sera conocida de facto de las administraciones de su pa\u00eds de residencia si pertenece a la Uni\u00f3n Europea.<\/span><\/p>\n<p>&nbsp;<\/p>\n<p class=\"Textbody\" style=\"text-align: justify;\"><span lang=\"ES\">FCBA Offshore Ltd recomienda la creaci\u00f3n de una <a title=\"Sociedad offshore\" href=\"https:\/\/fcba-offshore.com\/es\/sociedad-offshore-sp\/\">sociedad offshore<\/a> o la apertura de una <a title=\"Cuenta bancaria offshore\" href=\"https:\/\/fcba-offshore.com\/es\/compte-bancaire-offshore-sp\/\">cuenta bancaria offshore<\/a> en Jersey unicamente si nuestro cliente habla ingles y que este bien claro para el que su nombre como titular de su <a title=\"Sociedad offshore\" href=\"https:\/\/fcba-offshore.com\/es\/sociedad-offshore-sp\/\">sociedad offshore<\/a> o de su <a title=\"Cuenta bancaria offshore\" href=\"https:\/\/fcba-offshore.com\/es\/compte-bancaire-offshore-sp\/\">cuenta bancaria offshore<\/a> sera conocido\u00a0 de su pa\u00eds de residencia.<\/span><\/p>\n<p class=\"Textbody\" style=\"text-align: justify;\"><span lang=\"ES\">As\u00ed, aconsejamos a los titulares de una sociedad registrada en Jersey de contactarnos para que les orientemos hacia una jurisdicci\u00f3n mas confidencial.\u00a0 <\/span><\/p>\n<p class=\"Textbody\" style=\"text-align: justify;\"><span lang=\"ES\">Abrir una <a title=\"Cuenta bancaria offshore\" href=\"https:\/\/fcba-offshore.com\/es\/compte-bancaire-offshore-sp\/\">cuenta bancaria offshore<\/a> o crear una sociedad europea offshore en Jersey es sencillo. Tendr\u00e1 que comunicar con su entidad bancaria generalmente en ingles. Algunos bancos emplean personal biling\u00fce ingles\/franc\u00e9s.<\/span><\/p>\n<p class=\"Textbody\" style=\"text-align: justify;\"><span lang=\"ES\">Por fin, tiene que tener en cuenta que el deposito inicial exigido por los bancos de la isla al abrir una <a title=\"Cuenta bancaria offshore\" href=\"https:\/\/fcba-offshore.com\/es\/compte-bancaire-offshore-sp\/\">cuenta bancaria offshore<\/a> es elevado.<\/span><\/p>\n<p class=\"Textbody\" style=\"text-align: justify;\"><span lang=\"ES\">\u00a0<\/span><\/p>\n<p class=\"Standard\" style=\"text-align: justify;\"><span lang=\"ES\"><a title=\"Contacto\" href=\"https:\/\/fcba-offshore.com\/es\/contact-sp\/\">Por favor, p\u00f3ngase en contacto con nosotros para cualquier tipo de informaci\u00f3n adicional<\/a>.<\/span><\/p>\n<p class=\"Standard\" style=\"text-align: justify;\">\n<p class=\"Standard\" style=\"text-align: justify;\">* Para seguir investigando sobre Jersey, pulse<a href=\"http:\/\/www.abc.es\/espana\/abci-jersey-paraiso-fiscal-britanico-100000-vecinos-22-kilometros-francia-201604151241_noticia.html\"> aqui<\/a>.<\/p>\n<p>&nbsp;<\/p>\n<p style=\"text-align: justify;\"><a href=\"http:\/\/fcba-offshore.com\/wp-content\/uploads\/2014\/06\/logo-small.png\"><img loading=\"lazy\" decoding=\"async\" class=\"alignnone size-full wp-image-479\" src=\"http:\/\/fcba-offshore.com\/wp-content\/uploads\/2014\/06\/logo-small.png\" alt=\"Logo offshore small\" width=\"142\" height=\"31\" \/><\/a><\/p>\n","protected":false},"excerpt":{"rendered":"<p>\u00a0\u00a0\u00a0\u00a0\u00a0\u00a0\u00a0\u00a0\u00a0\u00a0\u00a0 &nbsp; &nbsp; Offshore en Jersey: &nbsp; La isla de Jersey, tal como Guernsey es una isla anglo-normanda ubicada cerca de las costas Francesas. Es una dependencia de la corona brit\u00e1nica y posee entonces una legislaci\u00f3n fiscal flexible que la convierte en un destino offshore atractivo para los inversores extranjeros. Jersey es un destino offshore&hellip;<\/p>\n","protected":false},"author":1,"featured_media":0,"parent":0,"menu_order":0,"comment_status":"closed","ping_status":"open","template":"","meta":{"footnotes":""},"class_list":["post-3110","page","type-page","status-publish","hentry"],"_links":{"self":[{"href":"https:\/\/fcba-offshore.com\/es\/wp-json\/wp\/v2\/pages\/3110","targetHints":{"allow":["GET"]}}],"collection":[{"href":"https:\/\/fcba-offshore.com\/es\/wp-json\/wp\/v2\/pages"}],"about":[{"href":"https:\/\/fcba-offshore.com\/es\/wp-json\/wp\/v2\/types\/page"}],"author":[{"embeddable":true,"href":"https:\/\/fcba-offshore.com\/es\/wp-json\/wp\/v2\/users\/1"}],"replies":[{"embeddable":true,"href":"https:\/\/fcba-offshore.com\/es\/wp-json\/wp\/v2\/comments?post=3110"}],"version-history":[{"count":8,"href":"https:\/\/fcba-offshore.com\/es\/wp-json\/wp\/v2\/pages\/3110\/revisions"}],"predecessor-version":[{"id":3516,"href":"https:\/\/fcba-offshore.com\/es\/wp-json\/wp\/v2\/pages\/3110\/revisions\/3516"}],"wp:attachment":[{"href":"https:\/\/fcba-offshore.com\/es\/wp-json\/wp\/v2\/media?parent=3110"}],"curies":[{"name":"wp","href":"https:\/\/api.w.org\/{rel}","templated":true}]}}