{"id":3113,"date":"2016-12-26T10:51:27","date_gmt":"2016-12-26T10:51:27","guid":{"rendered":"http:\/\/fcba-offshore.com\/?page_id=3113"},"modified":"2017-02-25T09:39:55","modified_gmt":"2017-02-25T09:39:55","slug":"letonia-offshore-sp","status":"publish","type":"page","link":"https:\/\/fcba-offshore.com\/es\/letonia-offshore-sp\/","title":{"rendered":"Letonia offshore"},"content":{"rendered":"<h1><a href=\"http:\/\/fcba-offshore.com\/wp-content\/uploads\/2014\/06\/Lettonie.png\"><img loading=\"lazy\" decoding=\"async\" class=\"alignnone size-full wp-image-353\" src=\"http:\/\/fcba-offshore.com\/wp-content\/uploads\/2014\/06\/Lettonie.png\" alt=\"Lettonie\" width=\"80\" height=\"47\" \/><\/a>\u00a0\u00a0\u00a0\u00a0\u00a0\u00a0\u00a0\u00a0\u00a0\u00a0 <a href=\"http:\/\/fcba-offshore.com\/wp-content\/uploads\/2014\/06\/Lettonie-Offshore.png\"><img loading=\"lazy\" decoding=\"async\" class=\"size-medium wp-image-621 alignright\" src=\"http:\/\/fcba-offshore.com\/wp-content\/uploads\/2014\/06\/Lettonie-Offshore-300x131.png\" alt=\"Lettonie Offshore\" width=\"300\" height=\"131\" srcset=\"https:\/\/fcba-offshore.com\/wp-content\/uploads\/2014\/06\/Lettonie-Offshore-300x131.png 300w, https:\/\/fcba-offshore.com\/wp-content\/uploads\/2014\/06\/Lettonie-Offshore.png 641w, https:\/\/fcba-offshore.com\/wp-content\/uploads\/2014\/06\/Lettonie-Offshore-450x196.png 450w\" sizes=\"auto, (max-width: 300px) 100vw, 300px\" \/><\/a><\/h1>\n<p>&nbsp;<\/p>\n<p>&nbsp;<\/p>\n<h1>Offshore en Letonia:<\/h1>\n<p>&nbsp;<\/p>\n<p class=\"Textbody\" style=\"text-align: justify;\"><span lang=\"ES\">Letonia es un pa\u00eds b\u00e1ltico vecino de Lituania y Estonia. Letonia es poco mediatizada en Europa occidental pero este discreto pa\u00eds del norte de Europa con un excelente crecimiento econ\u00f3mico hace\u00a0 parte de la Uni\u00f3n Europea desde 2004\u00a0 y practica una fiscalidad atractiva. Ademas, el precio econ\u00f3mico de la mano de obra\u00a0 y la sencillez de su sistema administrativo convierte Letonia en un pa\u00eds interesante en muchos aspectos. La fluidez fiscal, administrativa, y contable establecida por el gobierno de Letonia en respuesta a la crisis financiera atrae los capitales extranjeros. <\/span><\/p>\n<p>&nbsp;<\/p>\n<p class=\"Textbody\" style=\"text-align: justify;\"><span lang=\"ES\">Letonia siendo miembro de la Uni\u00f3n Europea, el titular de una<a title=\"Sociedad offshore\" href=\"https:\/\/fcba-offshore.com\/es\/sociedad-offshore-sp\/\"> sociedad offshore<\/a> en este pa\u00eds no tendr\u00e1 problemas\u00a0 para facturar otra sociedad europea porque tendr\u00e1 un numero de IVA intra-comunitario. En efecto, los destinos \u201cex\u00f3ticos\u201d pueden levantar sospechas de parte de los servicios financieros de las empresas mientras que, al contrario Letonia las tranquilizara. Las sociedades registradas en Letonia gozan de tipos impositivos sobre los beneficios bajos de 11% a 15%. El peso administrativo relativo a la actividad de una <a title=\"Sociedad offshore\" href=\"https:\/\/fcba-offshore.com\/es\/sociedad-offshore-sp\/\">sociedad offshore<\/a> en Letonia es mucho menos pesado y costoso que en la mayor\u00eda de otras jurisdicciones. Para las personas dispuestas en convertirse en residente de esta jurisdicci\u00f3n, tienen que saber que los tipos de imposici\u00f3n sobre la renta en Letonia es de solo 20% para las rentas superiores a 15&#8217;000 euros, tipos en constante descenso en acuerdo con la voluntad del pa\u00eds de reducir su presi\u00f3n fiscal. Los dividendos gozan tambi\u00e9n de una fiscalidad ventajosa (25%). El capital m\u00ednimo exigido para una <a title=\"Sociedad offshore\" href=\"https:\/\/fcba-offshore.com\/es\/sociedad-offshore-sp\/\">sociedad<\/a> en Letonia es de solamente 2&#8217;800 euros, ingresables en tres a\u00f1os.<\/span><\/p>\n<p>&nbsp;<\/p>\n<p class=\"Textbody\" style=\"text-align: justify;\"><span lang=\"ES\"><a title=\"Inicio\" href=\"https:\/\/fcba-offshore.com\/es\/\">FCBA Offshore Ltd<\/a> recomienda encarecidamente la creaci\u00f3n de <a title=\"Sociedad offshore\" href=\"https:\/\/fcba-offshore.com\/es\/sociedad-offshore-sp\/\">sociedades offshore<\/a> y de<a title=\"Cuenta bancaria offshore\" href=\"https:\/\/fcba-offshore.com\/es\/compte-bancaire-offshore-sp\/\"> cuentas bancarias offshore<\/a> en Letonia. El pa\u00eds ofrece\u00a0 una multitud de ventajas, servicios bancarios de alta calidad y confidencialidad (Letonia practicaba el secreto bancario ante la Uni\u00f3n Europea hasta hace muy poco). A\u00f1adiendo el bajo coste de la carga administrativa, Letonia es sin duda el destino offshore con la mejor relaci\u00f3n calidad\/precio.<\/span><\/p>\n<p class=\"Textbody\" style=\"text-align: justify;\"><span lang=\"ES\">\u00a0<\/span><\/p>\n<p class=\"Textbody\" style=\"text-align: justify;\"><span lang=\"ES\">Abrir una <a title=\"Cuenta bancaria offshore\" href=\"https:\/\/fcba-offshore.com\/es\/compte-bancaire-offshore-sp\/\">cuenta bancaria offshore<\/a> o crear una <a title=\"Sociedad offshore\" href=\"https:\/\/fcba-offshore.com\/es\/sociedad-offshore-sp\/\">sociedad offshore<\/a> en Letonia es f\u00e1cil. El deposito inicial exigido por los bancos es muy razonable y no debe ser un problema para la apertura de su <a title=\"Cuenta bancaria offshore\" href=\"https:\/\/fcba-offshore.com\/es\/compte-bancaire-offshore-sp\/\">cuenta bancaria offshore<\/a>.<\/span><\/p>\n<p class=\"Textbody\" style=\"text-align: justify;\"><span lang=\"ES\">\u00a0<\/span><\/p>\n<p class=\"Standard\" style=\"text-align: justify;\"><a title=\"Contacto\" href=\"https:\/\/fcba-offshore.com\/es\/contact-sp\/\"><span lang=\"ES\">Por favor, p\u00f3ngase en contacto con nosotros para cualquier tipo de informaci\u00f3n adicional.<\/span><\/a><\/p>\n<p class=\"Standard\" style=\"text-align: justify;\">\n<p class=\"Standard\" style=\"text-align: justify;\">* Para seguir investigando sobre Letonia, pulse <a href=\"https:\/\/www.company-taxes.info\/los-impuestos-en-letonia\">aqui<\/a> y <a href=\"http:\/\/www.paisesbalticos.es\/\">aqui<\/a>.<\/p>\n<p>&nbsp;<\/p>\n<p style=\"text-align: justify;\"><a href=\"http:\/\/fcba-offshore.com\/wp-content\/uploads\/2014\/06\/logo-small.png\"><img loading=\"lazy\" decoding=\"async\" class=\"alignnone size-full wp-image-479\" src=\"http:\/\/fcba-offshore.com\/wp-content\/uploads\/2014\/06\/logo-small.png\" alt=\"Logo offshore small\" width=\"142\" height=\"31\" \/><\/a><\/p>\n","protected":false},"excerpt":{"rendered":"<p>\u00a0\u00a0\u00a0\u00a0\u00a0\u00a0\u00a0\u00a0\u00a0\u00a0 &nbsp; &nbsp; Offshore en Letonia: &nbsp; Letonia es un pa\u00eds b\u00e1ltico vecino de Lituania y Estonia. Letonia es poco mediatizada en Europa occidental pero este discreto pa\u00eds del norte de Europa con un excelente crecimiento econ\u00f3mico hace\u00a0 parte de la Uni\u00f3n Europea desde 2004\u00a0 y practica una fiscalidad atractiva. Ademas, el precio econ\u00f3mico de&hellip;<\/p>\n","protected":false},"author":1,"featured_media":0,"parent":0,"menu_order":0,"comment_status":"closed","ping_status":"open","template":"","meta":{"footnotes":""},"class_list":["post-3113","page","type-page","status-publish","hentry"],"_links":{"self":[{"href":"https:\/\/fcba-offshore.com\/es\/wp-json\/wp\/v2\/pages\/3113","targetHints":{"allow":["GET"]}}],"collection":[{"href":"https:\/\/fcba-offshore.com\/es\/wp-json\/wp\/v2\/pages"}],"about":[{"href":"https:\/\/fcba-offshore.com\/es\/wp-json\/wp\/v2\/types\/page"}],"author":[{"embeddable":true,"href":"https:\/\/fcba-offshore.com\/es\/wp-json\/wp\/v2\/users\/1"}],"replies":[{"embeddable":true,"href":"https:\/\/fcba-offshore.com\/es\/wp-json\/wp\/v2\/comments?post=3113"}],"version-history":[{"count":12,"href":"https:\/\/fcba-offshore.com\/es\/wp-json\/wp\/v2\/pages\/3113\/revisions"}],"predecessor-version":[{"id":3517,"href":"https:\/\/fcba-offshore.com\/es\/wp-json\/wp\/v2\/pages\/3113\/revisions\/3517"}],"wp:attachment":[{"href":"https:\/\/fcba-offshore.com\/es\/wp-json\/wp\/v2\/media?parent=3113"}],"curies":[{"name":"wp","href":"https:\/\/api.w.org\/{rel}","templated":true}]}}