{"id":3116,"date":"2016-12-26T10:54:05","date_gmt":"2016-12-26T10:54:05","guid":{"rendered":"http:\/\/fcba-offshore.com\/?page_id=3116"},"modified":"2017-02-25T09:43:15","modified_gmt":"2017-02-25T09:43:15","slug":"liechtenstein-offshore-sp","status":"publish","type":"page","link":"https:\/\/fcba-offshore.com\/es\/liechtenstein-offshore-sp\/","title":{"rendered":"Liechtenstein offshore"},"content":{"rendered":"<h1><a href=\"http:\/\/fcba-offshore.com\/wp-content\/uploads\/2014\/06\/Liechtenstein.png\"><img loading=\"lazy\" decoding=\"async\" class=\"alignnone size-full wp-image-342\" src=\"http:\/\/fcba-offshore.com\/wp-content\/uploads\/2014\/06\/Liechtenstein.png\" alt=\"Liechtenstein\" width=\"80\" height=\"40\" \/><\/a>\u00a0\u00a0\u00a0\u00a0\u00a0\u00a0\u00a0\u00a0\u00a0\u00a0\u00a0\u00a0\u00a0\u00a0 <a href=\"http:\/\/fcba-offshore.com\/wp-content\/uploads\/2014\/06\/Liechtenstein-Offshore.png\"><img loading=\"lazy\" decoding=\"async\" class=\"size-medium wp-image-624 alignright\" src=\"http:\/\/fcba-offshore.com\/wp-content\/uploads\/2014\/06\/Liechtenstein-Offshore-300x131.png\" alt=\"Liechtenstein Offshore\" width=\"300\" height=\"131\" srcset=\"https:\/\/fcba-offshore.com\/wp-content\/uploads\/2014\/06\/Liechtenstein-Offshore-300x131.png 300w, https:\/\/fcba-offshore.com\/wp-content\/uploads\/2014\/06\/Liechtenstein-Offshore.png 641w, https:\/\/fcba-offshore.com\/wp-content\/uploads\/2014\/06\/Liechtenstein-Offshore-450x196.png 450w\" sizes=\"auto, (max-width: 300px) 100vw, 300px\" \/><\/a><\/h1>\n<p>&nbsp;<\/p>\n<h1>Offshore en Liechtenstein:<\/h1>\n<p>&nbsp;<\/p>\n<p class=\"Textbody\" style=\"text-align: justify;\"><span lang=\"ES\">El peque\u00f1o principado de Liechtenstein esta situado entre<a title=\"Suiza offshore\" href=\"https:\/\/fcba-offshore.com\/es\/suiza-offshore-sp\/\"> Suiza<\/a> y Austria en medio de los Alpes. Liechtenstein cuenta entre los estados mas peque\u00f1os del mundo y basa su econom\u00eda en el desarrollo de su sector financiero para existir en el tablero mundial. Esta situaci\u00f3n convierte el Liechtenstein en un destino offshore prospero donde numerosas sociedades internacionales tienen intereses, atra\u00eddos por la legislaci\u00f3n favorable y los tipos impositivos muy bajos.\u00a0 Liechtenstein cuenta con mas sociedades que habitantes&#8230;<\/span><\/p>\n<p>&nbsp;<\/p>\n<p class=\"Textbody\" style=\"text-align: justify;\"><span lang=\"ES\">Abrir una <a title=\"Cuenta bancaria offshore\" href=\"https:\/\/fcba-offshore.com\/es\/compte-bancaire-offshore-sp\/\">cuenta bancaria offshore<\/a> o crear una <a title=\"Sociedad offshore\" href=\"https:\/\/fcba-offshore.com\/es\/sociedad-offshore-sp\/\">sociedad offshore<\/a> en Liechtenstein tiene ventajas m\u00faltiples. Liechtenstein\u00a0 ya no aparece como para\u00edso fiscal en la lista de la OCDE lo que permite trabajar a su empresa de derecho liechtensteiniano sin barrera a trav\u00e9s el mundo entero. Ademas los bajos tipos de imposici\u00f3n sobre los beneficios convierten al Liechtenstein en un destino offshore particularmente interesante. Es importante que\u00a0 sepa que el tipo de imposici\u00f3n de su<a title=\"Sociedad offshore\" href=\"https:\/\/fcba-offshore.com\/es\/sociedad-offshore-sp\/\"> sociedad offshore<\/a> es directamente negociable con las autoridades competentes del principado y que nunca superara los 18%. Este sistema es el mismo que el sistema en vigor en<a title=\"Suiza offshore\" href=\"https:\/\/fcba-offshore.com\/es\/suiza-offshore-sp\/\"> Suiza<\/a>.<\/span><\/p>\n<p class=\"Textbody\" style=\"text-align: justify;\"><span lang=\"ES\">Los bancos privados mas importantes del mercado est\u00e1n presentes en Liechtenstein y ofrecen servicios y productos exclusivos a una minoridad de privilegiados.<\/span><\/p>\n<p>&nbsp;<\/p>\n<p class=\"Textbody\" style=\"text-align: justify;\"><span lang=\"ES\"><a title=\"Inicio\" href=\"https:\/\/fcba-offshore.com\/es\/\">FCBA Offshore<\/a> recomienda la apertura de una <a title=\"Cuenta bancaria offshore\" href=\"https:\/\/fcba-offshore.com\/es\/compte-bancaire-offshore-sp\/\">cuenta bancaria offshore<\/a> o la creaci\u00f3n de una<a title=\"Sociedad offshore\" href=\"https:\/\/fcba-offshore.com\/es\/sociedad-offshore-sp\/\"> sociedad offshore<\/a> en el principado de Liechtenstein a las personas morales o f\u00edsicas que tengan fondos importantes a disposici\u00f3n y deseosos de protegerlos y hacerlos fructificar.\u00a0 <\/span><\/p>\n<p class=\"Textbody\" style=\"text-align: justify;\"><span lang=\"ES\">Sin embargo, abrir una <a title=\"Cuenta bancaria offshore\" href=\"https:\/\/fcba-offshore.com\/es\/compte-bancaire-offshore-sp\/\">cuenta bancaria offshore<\/a> o crear una <a title=\"Sociedad offshore\" href=\"https:\/\/fcba-offshore.com\/es\/sociedad-offshore-sp\/\">sociedad offshore<\/a> en el principado de Liechtenstein no es cosa sencilla, pero podr\u00e1 contar con nosotros y nuestros contactos privilegiados para ayudarle si su perfil corresponde al nivel requerido para esta jurisdicci\u00f3n.<\/span><\/p>\n<p class=\"Textbody\" style=\"text-align: justify;\"><span lang=\"ES\">Hay que tener en cuenta que el deposito inicial exigido para la apertura de una <a title=\"Cuenta bancaria offshore\" href=\"https:\/\/fcba-offshore.com\/es\/compte-bancaire-offshore-sp\/\">cuenta bancaria<\/a> en Liechtenstein por las entidades bancarias es muy importante.<\/span><\/p>\n<p class=\"Textbody\" style=\"text-align: justify;\"><span lang=\"ES\">\u00a0<\/span><\/p>\n<p class=\"Standard\" style=\"text-align: justify;\"><a title=\"Contacto\" href=\"https:\/\/fcba-offshore.com\/es\/contact-sp\/\"><span lang=\"ES\">Por favor, p\u00f3ngase en contacto con nosotros para cualquier tipo de informaci\u00f3n adicional.<\/span><\/a><\/p>\n<p class=\"Standard\" style=\"text-align: justify;\">* Para seguir investigando sobre <span lang=\"ES\"> Liechtenstein<\/span>, pulse<a href=\"https:\/\/es.wikipedia.org\/wiki\/Liechtenstein\"> aqui<\/a>.<\/p>\n<p>&nbsp;<\/p>\n<p style=\"text-align: justify;\"><a href=\"http:\/\/fcba-offshore.com\/wp-content\/uploads\/2014\/06\/logo-small.png\"><img loading=\"lazy\" decoding=\"async\" class=\"alignnone size-full wp-image-479\" src=\"http:\/\/fcba-offshore.com\/wp-content\/uploads\/2014\/06\/logo-small.png\" alt=\"Logo offshore small\" width=\"142\" height=\"31\" \/><\/a><\/p>\n","protected":false},"excerpt":{"rendered":"<p>\u00a0\u00a0\u00a0\u00a0\u00a0\u00a0\u00a0\u00a0\u00a0\u00a0\u00a0\u00a0\u00a0\u00a0 &nbsp; Offshore en Liechtenstein: &nbsp; El peque\u00f1o principado de Liechtenstein esta situado entre Suiza y Austria en medio de los Alpes. Liechtenstein cuenta entre los estados mas peque\u00f1os del mundo y basa su econom\u00eda en el desarrollo de su sector financiero para existir en el tablero mundial. Esta situaci\u00f3n convierte el Liechtenstein en un&hellip;<\/p>\n","protected":false},"author":1,"featured_media":0,"parent":0,"menu_order":0,"comment_status":"closed","ping_status":"open","template":"","meta":{"footnotes":""},"class_list":["post-3116","page","type-page","status-publish","hentry"],"_links":{"self":[{"href":"https:\/\/fcba-offshore.com\/es\/wp-json\/wp\/v2\/pages\/3116","targetHints":{"allow":["GET"]}}],"collection":[{"href":"https:\/\/fcba-offshore.com\/es\/wp-json\/wp\/v2\/pages"}],"about":[{"href":"https:\/\/fcba-offshore.com\/es\/wp-json\/wp\/v2\/types\/page"}],"author":[{"embeddable":true,"href":"https:\/\/fcba-offshore.com\/es\/wp-json\/wp\/v2\/users\/1"}],"replies":[{"embeddable":true,"href":"https:\/\/fcba-offshore.com\/es\/wp-json\/wp\/v2\/comments?post=3116"}],"version-history":[{"count":8,"href":"https:\/\/fcba-offshore.com\/es\/wp-json\/wp\/v2\/pages\/3116\/revisions"}],"predecessor-version":[{"id":3518,"href":"https:\/\/fcba-offshore.com\/es\/wp-json\/wp\/v2\/pages\/3116\/revisions\/3518"}],"wp:attachment":[{"href":"https:\/\/fcba-offshore.com\/es\/wp-json\/wp\/v2\/media?parent=3116"}],"curies":[{"name":"wp","href":"https:\/\/api.w.org\/{rel}","templated":true}]}}