{"id":3118,"date":"2016-12-26T10:55:41","date_gmt":"2016-12-26T10:55:41","guid":{"rendered":"http:\/\/fcba-offshore.com\/?page_id=3118"},"modified":"2017-02-25T09:48:15","modified_gmt":"2017-02-25T09:48:15","slug":"luxemburgo-offshore-sp","status":"publish","type":"page","link":"https:\/\/fcba-offshore.com\/es\/luxemburgo-offshore-sp\/","title":{"rendered":"Luxemburgo offshore"},"content":{"rendered":"<h1><a href=\"http:\/\/fcba-offshore.com\/wp-content\/uploads\/2014\/06\/Luxembourg.png\"><img loading=\"lazy\" decoding=\"async\" class=\"alignnone size-full wp-image-354\" src=\"http:\/\/fcba-offshore.com\/wp-content\/uploads\/2014\/06\/Luxembourg.png\" alt=\"Luxembourg\" width=\"78\" height=\"52\" \/><\/a>\u00a0\u00a0\u00a0\u00a0\u00a0\u00a0\u00a0\u00a0\u00a0\u00a0\u00a0\u00a0<a href=\"http:\/\/fcba-offshore.com\/wp-content\/uploads\/2014\/06\/Luxembourg-Offshore.png\"><img loading=\"lazy\" decoding=\"async\" class=\"size-medium wp-image-628 alignright\" src=\"http:\/\/fcba-offshore.com\/wp-content\/uploads\/2014\/06\/Luxembourg-Offshore-300x131.png\" alt=\"Luxembourg Offshore\" width=\"300\" height=\"131\" srcset=\"https:\/\/fcba-offshore.com\/wp-content\/uploads\/2014\/06\/Luxembourg-Offshore-300x131.png 300w, https:\/\/fcba-offshore.com\/wp-content\/uploads\/2014\/06\/Luxembourg-Offshore.png 641w, https:\/\/fcba-offshore.com\/wp-content\/uploads\/2014\/06\/Luxembourg-Offshore-450x196.png 450w\" sizes=\"auto, (max-width: 300px) 100vw, 300px\" \/><\/a><\/h1>\n<p>&nbsp;<\/p>\n<h1>Offshore en Luxemburgo:<\/h1>\n<p>&nbsp;<\/p>\n<p lang=\"es-ES\">El Gran Ducado de Luxemburgo es un pa\u00eds vecino de Francia, B\u00e9lgica y Alemania que pertenece a la Uni\u00f3n Europea desde su creaci\u00f3n en 1957. Este peque\u00f1o estado siempre dinamizo el sector terciario de su econom\u00eda, especialmente su sector financiero. En efecto, Luxemburgo puede considerarse como un destino offshore en el sentido que garantiza la mayor discreci\u00f3n a los titulares de <a title=\"Cuenta bancaria offshore\" href=\"https:\/\/fcba-offshore.com\/es\/compte-bancaire-offshore-sp\/\">cuentas bancarias offshore<\/a> que no sean residentes europeos.<\/p>\n<p lang=\"es-ES\">Luxemburgo posee una econom\u00eda basada en la gesti\u00f3n de fondos de inversi\u00f3n, fondos de alto riesgo (hedge funds), gesti\u00f3n de telecomunicaciones, log\u00edstica (gracias a su situaci\u00f3n geogr\u00e1fica privilegiada) , inversi\u00f3n y gesti\u00f3n aeroespacial (especialmente en sat\u00e9lites gracias a la empresa luxemburguesa SES S.A.), banca privada, y gesti\u00f3n de capitales.<\/p>\n<p lang=\"es-ES\">Ademas, la excelencia, la gran diversidad de servicios ofrecidos y la estabilidad de esta jurisdicci\u00f3n edificaron la gran fama de Luxemburgo como destino offshore. Se dice que Luxemburgo es el destino offshore mas seguro del mundo, particularmente adaptado a las personas privadas. Por otra parte, Luxemburgo no tiene gran inter\u00e9s para la actividad de las sociedades en el sentido de que los tipos de imposici\u00f3n sobre los beneficios son de 29% con la peque\u00f1a ventaja de poder desgravar de su resultado imponible la totalidad de sus gastos sin justificativos. En efecto la administraci\u00f3n fiscal del Gran Ducado es permisiva, lo que beneficia a esta jurisdicci\u00f3n.<\/p>\n<p lang=\"es-ES\"><a title=\"Inicio\" href=\"https:\/\/fcba-offshore.com\/es\/\">FCBA Offshore Ltd<\/a> recomienda a sus cliente con mas capacidades econ\u00f3micas de abrir una <a title=\"Cuenta bancaria offshore\" href=\"https:\/\/fcba-offshore.com\/es\/compte-bancaire-offshore-sp\/\">cuenta bancaria<\/a> en Luxemburgo. Sin embargo, en relaci\u00f3n con las <a title=\"Sociedad offshore\" href=\"https:\/\/fcba-offshore.com\/es\/sociedad-offshore-sp\/\">sociedades offshore<\/a>, solemos privilegiar otras jurisdicciones ya que cada caso personal necesita un estudio completo para encontrar la soluci\u00f3n mas pertinente.<\/p>\n<p lang=\"es-ES\">Abrir una <a title=\"Cuenta bancaria offshore\" href=\"https:\/\/fcba-offshore.com\/es\/compte-bancaire-offshore-sp\/\">cuenta bancaria offshore<\/a> o crear una <a title=\"Sociedad offshore\" href=\"https:\/\/fcba-offshore.com\/es\/sociedad-offshore-sp\/\">sociedad offshore<\/a> en Luxemburgo no es sencillo, pero podr\u00e1 contar con nosotros y nuestros contactos privilegiados para ayudarle si su perfil corresponde al nivel requisito para esta jurisdicci\u00f3n.<\/p>\n<p lang=\"es-ES\" align=\"JUSTIFY\">Hay que tener tambi\u00e9n en cuenta que el deposito inicial exigido para la apertura de una <a title=\"Cuenta bancaria offshore\" href=\"https:\/\/fcba-offshore.com\/es\/compte-bancaire-offshore-sp\/\">cuenta bancaria<\/a> en Luxemburgo por las entidades bancarias es muy importante.<\/p>\n<p lang=\"es-ES\" style=\"margin-bottom: 0cm;\" align=\"JUSTIFY\"><a title=\"Contacto\" href=\"https:\/\/fcba-offshore.com\/es\/contact-sp\/\">Por favor, p\u00f3ngase en contacto con nosotros para cualquier tipo de informaci\u00f3n adicional.<\/a><\/p>\n<p lang=\"es-ES\" style=\"margin-bottom: 0cm;\" align=\"JUSTIFY\">* Para seguir investigando sobre Luxemburgo, pulse <a href=\"http:\/\/www.easyexpat.com\/es\/guides\/luxemburgo\/luxemburgo\/trabajo\/impuestos.htm\">aqui.<\/a><\/p>\n<p>&nbsp;<\/p>\n<p>&nbsp;<\/p>\n<p style=\"text-align: justify;\"><a href=\"http:\/\/fcba-offshore.com\/wp-content\/uploads\/2014\/06\/logo-small.png\"><img loading=\"lazy\" decoding=\"async\" class=\"alignnone size-full wp-image-479\" src=\"http:\/\/fcba-offshore.com\/wp-content\/uploads\/2014\/06\/logo-small.png\" alt=\"Logo offshore small\" width=\"142\" height=\"31\" \/><\/a><\/p>\n","protected":false},"excerpt":{"rendered":"<p>\u00a0\u00a0\u00a0\u00a0\u00a0\u00a0\u00a0\u00a0\u00a0\u00a0\u00a0\u00a0 &nbsp; Offshore en Luxemburgo: &nbsp; El Gran Ducado de Luxemburgo es un pa\u00eds vecino de Francia, B\u00e9lgica y Alemania que pertenece a la Uni\u00f3n Europea desde su creaci\u00f3n en 1957. Este peque\u00f1o estado siempre dinamizo el sector terciario de su econom\u00eda, especialmente su sector financiero. En efecto, Luxemburgo puede considerarse como un destino offshore&hellip;<\/p>\n","protected":false},"author":1,"featured_media":0,"parent":0,"menu_order":0,"comment_status":"closed","ping_status":"open","template":"","meta":{"footnotes":""},"class_list":["post-3118","page","type-page","status-publish","hentry"],"_links":{"self":[{"href":"https:\/\/fcba-offshore.com\/es\/wp-json\/wp\/v2\/pages\/3118","targetHints":{"allow":["GET"]}}],"collection":[{"href":"https:\/\/fcba-offshore.com\/es\/wp-json\/wp\/v2\/pages"}],"about":[{"href":"https:\/\/fcba-offshore.com\/es\/wp-json\/wp\/v2\/types\/page"}],"author":[{"embeddable":true,"href":"https:\/\/fcba-offshore.com\/es\/wp-json\/wp\/v2\/users\/1"}],"replies":[{"embeddable":true,"href":"https:\/\/fcba-offshore.com\/es\/wp-json\/wp\/v2\/comments?post=3118"}],"version-history":[{"count":8,"href":"https:\/\/fcba-offshore.com\/es\/wp-json\/wp\/v2\/pages\/3118\/revisions"}],"predecessor-version":[{"id":3519,"href":"https:\/\/fcba-offshore.com\/es\/wp-json\/wp\/v2\/pages\/3118\/revisions\/3519"}],"wp:attachment":[{"href":"https:\/\/fcba-offshore.com\/es\/wp-json\/wp\/v2\/media?parent=3118"}],"curies":[{"name":"wp","href":"https:\/\/api.w.org\/{rel}","templated":true}]}}