{"id":3120,"date":"2016-12-26T10:57:37","date_gmt":"2016-12-26T10:57:37","guid":{"rendered":"http:\/\/fcba-offshore.com\/?page_id=3120"},"modified":"2017-02-25T10:52:49","modified_gmt":"2017-02-25T10:52:49","slug":"malta-offshore-sp","status":"publish","type":"page","link":"https:\/\/fcba-offshore.com\/es\/malta-offshore-sp\/","title":{"rendered":"Malta offshore"},"content":{"rendered":"<h1><a href=\"http:\/\/fcba-offshore.com\/wp-content\/uploads\/2014\/06\/Malte.png\"><img loading=\"lazy\" decoding=\"async\" class=\"alignnone size-full wp-image-355\" src=\"http:\/\/fcba-offshore.com\/wp-content\/uploads\/2014\/06\/Malte.png\" alt=\"Malte\" width=\"83\" height=\"46\" \/><\/a>\u00a0\u00a0\u00a0\u00a0\u00a0\u00a0\u00a0\u00a0\u00a0\u00a0\u00a0<a href=\"http:\/\/fcba-offshore.com\/wp-content\/uploads\/2014\/06\/Malte-Offshore.png\"><img loading=\"lazy\" decoding=\"async\" class=\"size-medium wp-image-631 alignright\" src=\"http:\/\/fcba-offshore.com\/wp-content\/uploads\/2014\/06\/Malte-Offshore-300x131.png\" alt=\"Malte Offshore\" width=\"300\" height=\"131\" srcset=\"https:\/\/fcba-offshore.com\/wp-content\/uploads\/2014\/06\/Malte-Offshore-300x131.png 300w, https:\/\/fcba-offshore.com\/wp-content\/uploads\/2014\/06\/Malte-Offshore.png 641w, https:\/\/fcba-offshore.com\/wp-content\/uploads\/2014\/06\/Malte-Offshore-450x196.png 450w\" sizes=\"auto, (max-width: 300px) 100vw, 300px\" \/><\/a><\/h1>\n<p>&nbsp;<\/p>\n<p>&nbsp;<\/p>\n<h1>Offshore en Malta:<\/h1>\n<p>&nbsp;<\/p>\n<p class=\"Textbody\" style=\"text-align: justify;\"><span lang=\"ES\">La isla de Malta esta situada en pleno Mediterr\u00e1neo a proximidad de Sicilia. Este Pa\u00eds es el mas peque\u00f1o de los estados miembros de la Uni\u00f3n Europea y de la zona Euro. Su sistema bancario experimentado y riguroso hacen de Malta un destino offshore de primer plano. Ademas, Malta es una antigua colonia brit\u00e1nica, su legislaci\u00f3n flexible esta basada en el modelo ingles y atrae numerosos inversores extranjeros.<\/span><\/p>\n<p>&nbsp;<\/p>\n<p class=\"Textbody\" style=\"text-align: justify;\"><span lang=\"ES\">Malta ofrece ventajas m\u00faltiples como destino offshore. El capital social de las sociedades es m\u00ednimo y el bajo tipo de imposici\u00f3n sobre los beneficios de las sociedades (unos 5%) es uno de los mas bajos de la Uni\u00f3n Europea. En cambio, es imposible pagarse un salario (o dividendos) durante el primer a\u00f1o fiscal. Por fin, Malta siendo miembro de la Uni\u00f3n Europea, no encontrara ning\u00fan problema para establecer relaciones econ\u00f3micas con empresas europeas ya que su sociedad en Malta gozara de un numero de IVA intracomunitario. Relativo a las <a title=\"Cuenta bancaria offshore\" href=\"https:\/\/fcba-offshore.com\/es\/compte-bancaire-offshore-sp\/\">cuentas bancarias offshore<\/a>, Malta es claramente un destino muy atractivo para las personas que no residen dentro de la Uni\u00f3n Europea y las mas grandes entidades bancarias est\u00e1n presentes en la isla.<\/span><\/p>\n<p>&nbsp;<\/p>\n<p class=\"Textbody\" style=\"text-align: justify;\"><span lang=\"ES\"><a title=\"Inicio\" href=\"https:\/\/fcba-offshore.com\/es\/\">FCBA Offshore Ltd<\/a> aconseja a las personas que quieren crear su <a title=\"Sociedad offshore\" href=\"https:\/\/fcba-offshore.com\/es\/sociedad-offshore-sp\/\">sociedad offshore<\/a> en interesarse a esta jurisdicci\u00f3n que ofrece por una parte condiciones fiscales ultra competitivas y por otra las garant\u00edas de\u00a0 una jurisdicci\u00f3n no considerada como \u201cex\u00f3tica\u201d, que no despierta sospechas de parte de sus colaboradores econ\u00f3micos\u00a0 europeos.<\/span><\/p>\n<p class=\"Textbody\" style=\"text-align: justify;\"><span lang=\"ES\">En Malta no hay capital social m\u00ednimo para una sociedad y solo la gesti\u00f3n de una contabilidad rigurosa tendr\u00e1 un coste. Para las <a title=\"Cuenta bancaria offshore\" href=\"https:\/\/fcba-offshore.com\/es\/compte-bancaire-offshore-sp\/\">cuentas bancarias offshore<\/a>, recomendamos Malta unicamente a las personas que no residen en Europa. Si invierte mas de 650&#8217;000 euros en Malta, podr\u00e1 pretender a un pasaporte de la isla y adquirir la plena\u00a0 libertad de circular y de hacer negocios en Europa.<\/span><\/p>\n<p class=\"Textbody\" style=\"text-align: justify;\"><span lang=\"ES\">Abrir una cuenta <a title=\"Cuenta bancaria offshore\" href=\"https:\/\/fcba-offshore.com\/es\/compte-bancaire-offshore-sp\/\">bancaria offshore <\/a>o crear una <a title=\"Sociedad offshore\" href=\"https:\/\/fcba-offshore.com\/es\/sociedad-offshore-sp\/\">sociedad offshore<\/a> en Malta es muy simple con <a title=\"Inicio\" href=\"https:\/\/fcba-offshore.com\/es\/\">FCBA Offshore Ltd<\/a>.<\/span><\/p>\n<p class=\"Textbody\" style=\"text-align: justify;\"><span lang=\"ES\">\u00a0<\/span><\/p>\n<p class=\"Standard\" style=\"text-align: justify;\"><a title=\"Contacto\" href=\"https:\/\/fcba-offshore.com\/es\/contact-sp\/\"><span lang=\"ES\">Por favor, p\u00f3ngase en contacto con nosotros para cualquier tipo de informaci\u00f3n adicional.<\/span><\/a><\/p>\n<p class=\"Standard\" style=\"text-align: justify;\">\n<p class=\"Standard\" style=\"text-align: justify;\">* Si quiere seguir investigando sobre Malta, pulse <a href=\"http:\/\/www.burbuja.info\/inmobiliaria\/expatriados\/548613-hilo-oficial-de-malta.html\">aqui<\/a>.<\/p>\n<p>&nbsp;<\/p>\n<p style=\"text-align: justify;\"><a href=\"http:\/\/fcba-offshore.com\/wp-content\/uploads\/2014\/06\/logo-small.png\"><img loading=\"lazy\" decoding=\"async\" class=\"alignnone size-full wp-image-479\" src=\"http:\/\/fcba-offshore.com\/wp-content\/uploads\/2014\/06\/logo-small.png\" alt=\"Logo offshore small\" width=\"142\" height=\"31\" \/><\/a><\/p>\n","protected":false},"excerpt":{"rendered":"<p>\u00a0\u00a0\u00a0\u00a0\u00a0\u00a0\u00a0\u00a0\u00a0\u00a0\u00a0 &nbsp; &nbsp; Offshore en Malta: &nbsp; La isla de Malta esta situada en pleno Mediterr\u00e1neo a proximidad de Sicilia. Este Pa\u00eds es el mas peque\u00f1o de los estados miembros de la Uni\u00f3n Europea y de la zona Euro. Su sistema bancario experimentado y riguroso hacen de Malta un destino offshore de primer plano. Ademas,&hellip;<\/p>\n","protected":false},"author":1,"featured_media":0,"parent":0,"menu_order":0,"comment_status":"closed","ping_status":"open","template":"","meta":{"footnotes":""},"class_list":["post-3120","page","type-page","status-publish","hentry"],"_links":{"self":[{"href":"https:\/\/fcba-offshore.com\/es\/wp-json\/wp\/v2\/pages\/3120","targetHints":{"allow":["GET"]}}],"collection":[{"href":"https:\/\/fcba-offshore.com\/es\/wp-json\/wp\/v2\/pages"}],"about":[{"href":"https:\/\/fcba-offshore.com\/es\/wp-json\/wp\/v2\/types\/page"}],"author":[{"embeddable":true,"href":"https:\/\/fcba-offshore.com\/es\/wp-json\/wp\/v2\/users\/1"}],"replies":[{"embeddable":true,"href":"https:\/\/fcba-offshore.com\/es\/wp-json\/wp\/v2\/comments?post=3120"}],"version-history":[{"count":7,"href":"https:\/\/fcba-offshore.com\/es\/wp-json\/wp\/v2\/pages\/3120\/revisions"}],"predecessor-version":[{"id":3520,"href":"https:\/\/fcba-offshore.com\/es\/wp-json\/wp\/v2\/pages\/3120\/revisions\/3520"}],"wp:attachment":[{"href":"https:\/\/fcba-offshore.com\/es\/wp-json\/wp\/v2\/media?parent=3120"}],"curies":[{"name":"wp","href":"https:\/\/api.w.org\/{rel}","templated":true}]}}