{"id":3122,"date":"2016-12-26T10:59:18","date_gmt":"2016-12-26T10:59:18","guid":{"rendered":"http:\/\/fcba-offshore.com\/?page_id=3122"},"modified":"2017-02-25T11:02:07","modified_gmt":"2017-02-25T11:02:07","slug":"monaco-offshore-sp","status":"publish","type":"page","link":"https:\/\/fcba-offshore.com\/es\/monaco-offshore-sp\/","title":{"rendered":"Monaco offshore"},"content":{"rendered":"<h1><a href=\"http:\/\/fcba-offshore.com\/wp-content\/uploads\/2014\/06\/Monaco.png\"><img loading=\"lazy\" decoding=\"async\" class=\"alignnone size-full wp-image-485\" src=\"http:\/\/fcba-offshore.com\/wp-content\/uploads\/2014\/06\/Monaco.png\" alt=\"Monaco\" width=\"62\" height=\"41\" srcset=\"https:\/\/fcba-offshore.com\/wp-content\/uploads\/2014\/06\/Monaco.png 62w, https:\/\/fcba-offshore.com\/wp-content\/uploads\/2014\/06\/Monaco-60x41.png 60w\" sizes=\"auto, (max-width: 62px) 100vw, 62px\" \/><\/a>\u00a0\u00a0\u00a0\u00a0\u00a0\u00a0\u00a0\u00a0\u00a0\u00a0\u00a0\u00a0\u00a0\u00a0\u00a0\u00a0\u00a0\u00a0\u00a0\u00a0\u00a0\u00a0\u00a0\u00a0\u00a0\u00a0 <a href=\"http:\/\/fcba-offshore.com\/wp-content\/uploads\/2014\/06\/Monaco-Offshore.png\"><img loading=\"lazy\" decoding=\"async\" class=\"size-medium wp-image-633 alignright\" src=\"http:\/\/fcba-offshore.com\/wp-content\/uploads\/2014\/06\/Monaco-Offshore-300x131.png\" alt=\"Monaco Offshore\" width=\"300\" height=\"131\" srcset=\"https:\/\/fcba-offshore.com\/wp-content\/uploads\/2014\/06\/Monaco-Offshore-300x131.png 300w, https:\/\/fcba-offshore.com\/wp-content\/uploads\/2014\/06\/Monaco-Offshore.png 641w, https:\/\/fcba-offshore.com\/wp-content\/uploads\/2014\/06\/Monaco-Offshore-450x196.png 450w\" sizes=\"auto, (max-width: 300px) 100vw, 300px\" \/><\/a><\/h1>\n<p>&nbsp;<\/p>\n<p>&nbsp;<\/p>\n<h1>Offshore en Monaco:<\/h1>\n<p>&nbsp;<\/p>\n<p style=\"margin-bottom: 0cm;\"><span lang=\"es-ES\"><span style=\"font-weight: normal;\">M\u00f3naco,<\/span><\/span><span lang=\"es-ES\">oficialmente, el <\/span><span lang=\"es-ES\"><span style=\"font-weight: normal;\">Principado de M\u00f3naco <\/span><\/span><span lang=\"es-ES\">(en franc\u00e9s: <\/span><span lang=\"es-ES\"><i>Principaut\u00e9 de Monaco<\/i><\/span><span lang=\"es-ES\">; en monegasco: <\/span><span lang=\"es-ES\"><i>Principatu de M\u00fanegu<\/i><\/span><span lang=\"es-ES\">; en italiano: <\/span><span lang=\"es-ES\"><i>Principato di Monaco<\/i><\/span><span lang=\"es-ES\">; en occitano: <\/span><span lang=\"es-ES\"><i>Principat de M\u00f3negue<\/i><\/span><span lang=\"es-ES\">) es una ciudad-estado soberana, situada en Europa Occidental, cuya forma de gobierno es la monarquia hereditaria constitucional<\/span><span lang=\"es-ES\">. Su territorio est\u00e1 organizado en diez distritos. <\/span>Una de las principales fuentes de ingresos de M\u00f3naco es el turismo. Cada a\u00f1o, muchos visitantes se sienten atra\u00eddos por su agradable clima y sus lujosos Casinos (a los propios ciudadanos de M\u00f3naco no se les permite jugar en el casino).<\/p>\n<p lang=\"es-ES\">El principado de M\u00f3naco es un destino internacionalmente conocido por su gesti\u00f3n de las grandes fortunas. Sin embargo, desde su introducci\u00f3n en el sistema bancario franc\u00e9s, M\u00f3naco tiene la obligaci\u00f3n de desvelar a la administraci\u00f3n francesa la totalidad de los bienes de los franceses en el principado. Para las personas de otra nacionalidad, M\u00f3naco sigue siendo un destino offshore de primera clase destinado a una clientela con un alto nivel econ\u00f3mico.<\/p>\n<p lang=\"es-ES\">El servicio bancario de M\u00f3naco es sin duda el mejor del mundo. Un asesor privado os guiara en sus tramites de optimizaci\u00f3n fiscal y pondr\u00e1 a su disposici\u00f3n una gama de productos bancarios muy rentables. La persona en carga de acompa\u00f1arle para gestionar su fortuna siempre privilegiara una relaci\u00f3n de confianza con usted con la m\u00e1xima discreci\u00f3n.<\/p>\n<p lang=\"es-ES\">Crear una <a title=\"Sociedad offshore\" href=\"https:\/\/fcba-offshore.com\/es\/sociedad-offshore-sp\/\">sociedad offshore<\/a> en M\u00f3naco no tiene real inter\u00e9s.<\/p>\n<p lang=\"es-ES\"><a title=\"Inicio\" href=\"https:\/\/fcba-offshore.com\/es\/\">En FCBA Offshore Ltd<\/a> consideramos que orientar un cliente hacia M\u00f3naco es une evento muy escaso que valoramos mucho. En efecto, el aspecto exclusivo de este destino offshore y sus restricciones de acceso, convierten el principado en una jurisdicci\u00f3n a parte que necesita generalmente la presencia de nuestro cliente. En M\u00f3naco, el servicio bancario es impresionante y sin fin&#8230;<\/p>\n<p lang=\"es-ES\" align=\"JUSTIFY\">No le sorprender\u00e1 si le advertimos que abrir una <a title=\"Cuenta bancaria offshore\" href=\"https:\/\/fcba-offshore.com\/es\/compte-bancaire-offshore-sp\/\">cuenta bancaria offshore<\/a> en M\u00f3naco no es nada f\u00e1cil y que necesitara el apoyo de nuestros especialistas y contactos privilegiados en el principado si su perfil corresponde al de esta jurisdicci\u00f3n.<\/p>\n<p lang=\"es-ES\" style=\"margin-bottom: 0cm;\">\u00a0<a title=\"Contacto\" href=\"https:\/\/fcba-offshore.com\/es\/contact-sp\/\">Por favor, p\u00f3ngase en contacto con nosotros para cualquier tipo de informaci\u00f3n adicional.<\/a><\/p>\n<p lang=\"es-ES\" style=\"margin-bottom: 0cm;\">* Para seguir investigando sobre Monaco, pulse <a href=\"http:\/\/www.expansion.com\/pymes\/2015\/09\/02\/55e730dd22601d68368b458e.html\">aqui<\/a>.<\/p>\n<p>&nbsp;<\/p>\n<p>&nbsp;<\/p>\n<p style=\"text-align: justify;\"><a href=\"http:\/\/fcba-offshore.com\/wp-content\/uploads\/2014\/06\/logo-small.png\"><img loading=\"lazy\" decoding=\"async\" class=\"alignnone size-full wp-image-479\" src=\"http:\/\/fcba-offshore.com\/wp-content\/uploads\/2014\/06\/logo-small.png\" alt=\"Logo offshore small\" width=\"142\" height=\"31\" \/><\/a><\/p>\n","protected":false},"excerpt":{"rendered":"<p>\u00a0\u00a0\u00a0\u00a0\u00a0\u00a0\u00a0\u00a0\u00a0\u00a0\u00a0\u00a0\u00a0\u00a0\u00a0\u00a0\u00a0\u00a0\u00a0\u00a0\u00a0\u00a0\u00a0\u00a0\u00a0\u00a0 &nbsp; &nbsp; Offshore en Monaco: &nbsp; M\u00f3naco,oficialmente, el Principado de M\u00f3naco (en franc\u00e9s: Principaut\u00e9 de Monaco; en monegasco: Principatu de M\u00fanegu; en italiano: Principato di Monaco; en occitano: Principat de M\u00f3negue) es una ciudad-estado soberana, situada en Europa Occidental, cuya forma de gobierno es la monarquia hereditaria constitucional. Su territorio est\u00e1 organizado en diez&hellip;<\/p>\n","protected":false},"author":1,"featured_media":0,"parent":0,"menu_order":0,"comment_status":"closed","ping_status":"open","template":"","meta":{"footnotes":""},"class_list":["post-3122","page","type-page","status-publish","hentry"],"_links":{"self":[{"href":"https:\/\/fcba-offshore.com\/es\/wp-json\/wp\/v2\/pages\/3122","targetHints":{"allow":["GET"]}}],"collection":[{"href":"https:\/\/fcba-offshore.com\/es\/wp-json\/wp\/v2\/pages"}],"about":[{"href":"https:\/\/fcba-offshore.com\/es\/wp-json\/wp\/v2\/types\/page"}],"author":[{"embeddable":true,"href":"https:\/\/fcba-offshore.com\/es\/wp-json\/wp\/v2\/users\/1"}],"replies":[{"embeddable":true,"href":"https:\/\/fcba-offshore.com\/es\/wp-json\/wp\/v2\/comments?post=3122"}],"version-history":[{"count":12,"href":"https:\/\/fcba-offshore.com\/es\/wp-json\/wp\/v2\/pages\/3122\/revisions"}],"predecessor-version":[{"id":3521,"href":"https:\/\/fcba-offshore.com\/es\/wp-json\/wp\/v2\/pages\/3122\/revisions\/3521"}],"wp:attachment":[{"href":"https:\/\/fcba-offshore.com\/es\/wp-json\/wp\/v2\/media?parent=3122"}],"curies":[{"name":"wp","href":"https:\/\/api.w.org\/{rel}","templated":true}]}}