{"id":3124,"date":"2016-12-26T11:01:05","date_gmt":"2016-12-26T11:01:05","guid":{"rendered":"http:\/\/fcba-offshore.com\/?page_id=3124"},"modified":"2017-02-25T11:07:37","modified_gmt":"2017-02-25T11:07:37","slug":"nieves-offshore-sp","status":"publish","type":"page","link":"https:\/\/fcba-offshore.com\/es\/nieves-offshore-sp\/","title":{"rendered":"Nieves offshore"},"content":{"rendered":"<h1><a href=\"http:\/\/fcba-offshore.com\/wp-content\/uploads\/2014\/06\/Nieves.png\"><img loading=\"lazy\" decoding=\"async\" class=\"alignnone size-full wp-image-365\" src=\"http:\/\/fcba-offshore.com\/wp-content\/uploads\/2014\/06\/Nieves.png\" alt=\"Nieves\" width=\"66\" height=\"43\" \/><\/a>\u00a0\u00a0\u00a0\u00a0\u00a0\u00a0\u00a0\u00a0\u00a0\u00a0\u00a0\u00a0\u00a0\u00a0\u00a0\u00a0\u00a0\u00a0\u00a0\u00a0<a href=\"http:\/\/fcba-offshore.com\/wp-content\/uploads\/2014\/06\/Neves-Offshore-2.png\"><img loading=\"lazy\" decoding=\"async\" class=\"size-medium wp-image-636 alignright\" src=\"http:\/\/fcba-offshore.com\/wp-content\/uploads\/2014\/06\/Neves-Offshore-2-300x131.png\" alt=\"Neves Offshore 2\" width=\"300\" height=\"131\" srcset=\"https:\/\/fcba-offshore.com\/wp-content\/uploads\/2014\/06\/Neves-Offshore-2-300x131.png 300w, https:\/\/fcba-offshore.com\/wp-content\/uploads\/2014\/06\/Neves-Offshore-2.png 641w, https:\/\/fcba-offshore.com\/wp-content\/uploads\/2014\/06\/Neves-Offshore-2-450x196.png 450w\" sizes=\"auto, (max-width: 300px) 100vw, 300px\" \/><\/a><\/h1>\n<p>&nbsp;<\/p>\n<p>&nbsp;<\/p>\n<h1>Offshore en Nieves:<\/h1>\n<p>&nbsp;<\/p>\n<p><span lang=\"es-ES\">Nieves es una isla de Am\u00e9rica ubicada en las Islas de Barlovento, en las Antillas. Junto con la isla de San Crist\u00f3bal que est\u00e1 al norte, constituye la Federaci\u00f3n de San Crist\u00f3bal y Nieves. Su poblaci\u00f3n es de unos 12000 habitantes que viven principalmente de la pesca y del turismo. <\/span>La actual capital es <span style=\"color: #111111;\">Charleston.<\/span><\/p>\n<p><span lang=\"es-ES\">Fue descubierta el<\/span><span lang=\"es-ES\"><span style=\"text-decoration: none;\"> 12 de noviembre de 1493 por Crist\u00f3bal Colon y s<\/span><\/span>e convierte en territorio ingles a partir de 1628, sufriendo sucesivos ataques por parte de los franceses durante todo el siglo XVII.<\/p>\n<p lang=\"es-ES\">La isla de Nieves es miembro del Commonwealth y posee una legislaci\u00f3n flexible basada en el modelo ingles que atrae numerosos inversores extranjeros. Esta isla es poco conocida en Europa y garantiza una discreci\u00f3n m\u00e1xima al titular de una <a title=\"Cuenta bancaria offshore\" href=\"https:\/\/fcba-offshore.com\/es\/compte-bancaire-offshore-sp\/\">cuenta bancaria offshore<\/a> o de una<a title=\"Sociedad offshore\" href=\"https:\/\/fcba-offshore.com\/es\/sociedad-offshore-sp\/\"> sociedad offshore<\/a>.<\/p>\n<p lang=\"es-ES\">Las ventajas de esta jurisdicci\u00f3n:<\/p>\n<ul>\n<li>\n<p lang=\"es-ES\" style=\"margin-bottom: 0cm;\" align=\"JUSTIFY\">Ausencia de IVA<\/p>\n<\/li>\n<li>\n<p lang=\"es-ES\" style=\"margin-bottom: 0cm;\" align=\"JUSTIFY\">Ausencia de imposici\u00f3n sobre los beneficios<\/p>\n<\/li>\n<li>\n<p lang=\"es-ES\" style=\"margin-bottom: 0cm;\" align=\"JUSTIFY\">Ausencia de imposici\u00f3n sobre los dividendos<\/p>\n<\/li>\n<li>\n<p lang=\"es-ES\" style=\"margin-bottom: 0cm;\" align=\"JUSTIFY\">Secreto bancario garantizado (100% discreci\u00f3n)<\/p>\n<\/li>\n<li>\n<p lang=\"es-ES\" align=\"JUSTIFY\">Su nombre no aparece como titular de una <a title=\"Sociedad offshore\" href=\"https:\/\/fcba-offshore.com\/es\/sociedad-offshore-sp\/\">sociedad offshore<\/a><\/p>\n<\/li>\n<\/ul>\n<p lang=\"es-ES\" align=\"JUSTIFY\"><a title=\"Inicio\" href=\"https:\/\/fcba-offshore.com\/es\/\">FCBA Offshore Ltd<\/a> recomienda la apertura de una <a title=\"Cuenta bancaria offshore\" href=\"https:\/\/fcba-offshore.com\/es\/compte-bancaire-offshore-sp\/\">cuenta offshore<\/a> o la creaci\u00f3n de <a title=\"Sociedad offshore\" href=\"https:\/\/fcba-offshore.com\/es\/sociedad-offshore-sp\/\">una sociedad offshore<\/a> en la isla de Nieves principalmente a sus clientes que no tienen relaciones econ\u00f3micas con Europa. En efecto, el aspecto \u201cex\u00f3tico\u201d y la diferencia horaria de 6 horas con Europa por ejemplo pueden constituir un freno a su actividad offshore. El tama\u00f1o de la isla y el hecho que pocos bancos de primer plano est\u00e9n presentes en Nieves hace que vemos con incertidumbre el futuro offshore de esta jurisdicci\u00f3n.<\/p>\n<p lang=\"es-ES\" align=\"JUSTIFY\">Abrir una <a title=\"Cuenta bancaria offshore\" href=\"https:\/\/fcba-offshore.com\/es\/compte-bancaire-offshore-sp\/\">cuenta bancaria offshore<\/a> o crear una <a title=\"Sociedad offshore\" href=\"https:\/\/fcba-offshore.com\/es\/sociedad-offshore-sp\/\">sociedad offshore<\/a> en Nieves es muy f\u00e1cil y el deposito inicial exigido para abrir una <a title=\"Cuenta bancaria offshore\" href=\"https:\/\/fcba-offshore.com\/es\/compte-bancaire-offshore-sp\/\">cuenta bancaria offshore<\/a> por los bancos de la isla es muy razonable.<\/p>\n<p lang=\"es-ES\" style=\"margin-bottom: 0cm;\" align=\"JUSTIFY\"><a title=\"Contacto\" href=\"https:\/\/fcba-offshore.com\/es\/contact-sp\/\">Por favor, p\u00f3ngase en contacto con nosotros para cualquier tipo de informaci\u00f3n adicional.<\/a><\/p>\n<p lang=\"es-ES\" style=\"margin-bottom: 0cm;\" align=\"JUSTIFY\">* Para seguir investigando sobre Nieves, pulse<a href=\"https:\/\/es.wikipedia.org\/wiki\/San_Crist%C3%B3bal_y_Nieves\"> aqui<\/a>.<\/p>\n<p>&nbsp;<\/p>\n<p>&nbsp;<\/p>\n<p style=\"text-align: justify;\"><a href=\"http:\/\/fcba-offshore.com\/wp-content\/uploads\/2014\/06\/logo-small.png\"><img loading=\"lazy\" decoding=\"async\" class=\"alignnone size-full wp-image-479\" src=\"http:\/\/fcba-offshore.com\/wp-content\/uploads\/2014\/06\/logo-small.png\" alt=\"Logo offshore small\" width=\"142\" height=\"31\" \/><\/a><\/p>\n","protected":false},"excerpt":{"rendered":"<p>\u00a0\u00a0\u00a0\u00a0\u00a0\u00a0\u00a0\u00a0\u00a0\u00a0\u00a0\u00a0\u00a0\u00a0\u00a0\u00a0\u00a0\u00a0\u00a0\u00a0 &nbsp; &nbsp; Offshore en Nieves: &nbsp; Nieves es una isla de Am\u00e9rica ubicada en las Islas de Barlovento, en las Antillas. Junto con la isla de San Crist\u00f3bal que est\u00e1 al norte, constituye la Federaci\u00f3n de San Crist\u00f3bal y Nieves. Su poblaci\u00f3n es de unos 12000 habitantes que viven principalmente de la pesca y&hellip;<\/p>\n","protected":false},"author":1,"featured_media":0,"parent":0,"menu_order":0,"comment_status":"closed","ping_status":"open","template":"","meta":{"footnotes":""},"class_list":["post-3124","page","type-page","status-publish","hentry"],"_links":{"self":[{"href":"https:\/\/fcba-offshore.com\/es\/wp-json\/wp\/v2\/pages\/3124","targetHints":{"allow":["GET"]}}],"collection":[{"href":"https:\/\/fcba-offshore.com\/es\/wp-json\/wp\/v2\/pages"}],"about":[{"href":"https:\/\/fcba-offshore.com\/es\/wp-json\/wp\/v2\/types\/page"}],"author":[{"embeddable":true,"href":"https:\/\/fcba-offshore.com\/es\/wp-json\/wp\/v2\/users\/1"}],"replies":[{"embeddable":true,"href":"https:\/\/fcba-offshore.com\/es\/wp-json\/wp\/v2\/comments?post=3124"}],"version-history":[{"count":9,"href":"https:\/\/fcba-offshore.com\/es\/wp-json\/wp\/v2\/pages\/3124\/revisions"}],"predecessor-version":[{"id":3523,"href":"https:\/\/fcba-offshore.com\/es\/wp-json\/wp\/v2\/pages\/3124\/revisions\/3523"}],"wp:attachment":[{"href":"https:\/\/fcba-offshore.com\/es\/wp-json\/wp\/v2\/media?parent=3124"}],"curies":[{"name":"wp","href":"https:\/\/api.w.org\/{rel}","templated":true}]}}