{"id":3127,"date":"2016-12-26T11:02:48","date_gmt":"2016-12-26T11:02:48","guid":{"rendered":"http:\/\/fcba-offshore.com\/?page_id=3127"},"modified":"2017-02-25T11:09:53","modified_gmt":"2017-02-25T11:09:53","slug":"panama-offshore-sp","status":"publish","type":"page","link":"https:\/\/fcba-offshore.com\/es\/panama-offshore-sp\/","title":{"rendered":"Panam\u00e1 offshore"},"content":{"rendered":"<h1><a href=\"http:\/\/fcba-offshore.com\/wp-content\/uploads\/2014\/06\/Panama.png\"><img loading=\"lazy\" decoding=\"async\" class=\"alignnone size-full wp-image-366\" src=\"http:\/\/fcba-offshore.com\/wp-content\/uploads\/2014\/06\/Panama.png\" alt=\"Panama\" width=\"65\" height=\"42\" \/><\/a>\u00a0\u00a0\u00a0\u00a0\u00a0\u00a0\u00a0\u00a0\u00a0\u00a0\u00a0\u00a0\u00a0\u00a0\u00a0\u00a0\u00a0 <a href=\"http:\/\/fcba-offshore.com\/wp-content\/uploads\/2014\/06\/Panama-Offshore.png\"><img loading=\"lazy\" decoding=\"async\" class=\"size-medium wp-image-638 alignright\" src=\"http:\/\/fcba-offshore.com\/wp-content\/uploads\/2014\/06\/Panama-Offshore-300x131.png\" alt=\"Panama Offshore\" width=\"300\" height=\"131\" srcset=\"https:\/\/fcba-offshore.com\/wp-content\/uploads\/2014\/06\/Panama-Offshore-300x131.png 300w, https:\/\/fcba-offshore.com\/wp-content\/uploads\/2014\/06\/Panama-Offshore.png 641w, https:\/\/fcba-offshore.com\/wp-content\/uploads\/2014\/06\/Panama-Offshore-450x196.png 450w\" sizes=\"auto, (max-width: 300px) 100vw, 300px\" \/><\/a><\/h1>\n<p>&nbsp;<\/p>\n<p>&nbsp;<\/p>\n<h1>Offshore en Panam\u00e1:<\/h1>\n<p>&nbsp;<\/p>\n<p>P<span lang=\"es-ES\">anam\u00e1 es un estado de Am\u00e9rica central de 3,5 millones de habitantes y mundialmente famoso por su canal . La econom\u00eda del pa\u00eds es la mas prospera de Am\u00e9rica central y esta basada en el comercio, el turismo y los servicios financieros. <\/span>A trav\u00e9s de los a\u00f1os su sistema bancario ha sido reconocido internacionalmente como uno de los m\u00e1s s\u00f3lidos del continente. El modelo econ\u00f3mico liberal, impuesto durante la d\u00e9cada de 1990, ha permitido al pa\u00eds ser el m\u00e1s globalizados de la zona durante varios a\u00f1os. Panam\u00e1 tiene el PIB per c\u00e1pita m\u00e1s alto de la regi\u00f3n centroamericana, superando el PIB per c\u00e1pita de pa\u00edses como M\u00e9xico, Venezuela, Brasil y Per\u00fa.<\/p>\n<p lang=\"es-ES\">Esta jurisdicci\u00f3n offshore con su sistema fiscal ventajoso garantiza un total anonimato a las personas titulares de bienes en el pa\u00eds que no residen en Panam\u00e1.<\/p>\n<p lang=\"es-ES\">Este destino offshore esta considerado como la <a title=\"Suiza offshore\" href=\"https:\/\/fcba-offshore.com\/es\/suiza-offshore-sp\/\">Suiza<\/a> de Am\u00e9rica central por ser un importante centro financiero que ofrece servicios bancarios de calidad y una m\u00e1xima discreci\u00f3n.<\/p>\n<p lang=\"es-ES\">Las ventajas de esta jurisdicci\u00f3n:<\/p>\n<ul>\n<li>\n<p lang=\"es-ES\" style=\"margin-bottom: 0cm;\" align=\"JUSTIFY\">Ausencia de IVA<\/p>\n<\/li>\n<li>\n<p lang=\"es-ES\" style=\"margin-bottom: 0cm;\" align=\"JUSTIFY\">Ausencia de imposici\u00f3n sobre los beneficios<\/p>\n<\/li>\n<li>\n<p lang=\"es-ES\" style=\"margin-bottom: 0cm;\" align=\"JUSTIFY\">Ausencia de capital social m\u00ednimo<\/p>\n<\/li>\n<li>\n<p lang=\"es-ES\" style=\"margin-bottom: 0cm;\" align=\"JUSTIFY\">Secreto bancario garantizado (100% discreci\u00f3n)<\/p>\n<\/li>\n<li>\n<p lang=\"es-ES\" align=\"JUSTIFY\">Su nombre no aparece como titular de una <a title=\"Sociedad offshore\" href=\"https:\/\/fcba-offshore.com\/es\/sociedad-offshore-sp\/\">sociedad offshore<\/a><\/p>\n<\/li>\n<\/ul>\n<p lang=\"es-ES\" align=\"JUSTIFY\"><a title=\"Inicio\" href=\"https:\/\/fcba-offshore.com\/es\/\">FCBA Offshore Ltd<\/a> recomienda la apertura de una <a title=\"Cuenta bancaria offshore\" href=\"https:\/\/fcba-offshore.com\/es\/compte-bancaire-offshore-sp\/\">cuenta offshore<\/a> o la creaci\u00f3n de una <a title=\"Sociedad offshore\" href=\"https:\/\/fcba-offshore.com\/es\/sociedad-offshore-sp\/\">sociedad offshore<\/a> en Panam\u00e1 principalmente a sus clientes que no tienen relaciones econ\u00f3micas con Europa.<\/p>\n<p>\u00a0<span lang=\"es-ES\">En efecto, el aspecto \u201cex\u00f3tico\u201d de esta jurisdicci\u00f3n y la diferencia horaria de 7 horas con Europa por ejemplo pueden constituir un freno a su actividad offshore.<\/span><\/p>\n<p lang=\"es-ES\" align=\"JUSTIFY\">Abrir una <a title=\"Cuenta bancaria offshore\" href=\"https:\/\/fcba-offshore.com\/es\/compte-bancaire-offshore-sp\/\">cuenta bancaria<\/a> offshore o crear una <a title=\"Sociedad offshore\" href=\"https:\/\/fcba-offshore.com\/es\/sociedad-offshore-sp\/\">sociedad offshore<\/a> en Panam\u00e1 es f\u00e1cil y el deposito inicial exigido para abrir una cuenta bancaria offshore por los bancos del istmo es muy razonable. Panam\u00e1 tambi\u00e9n tiene la ventaja de ser un pa\u00eds hispanohablante.<\/p>\n<p lang=\"es-ES\" style=\"margin-bottom: 0cm;\"><a title=\"Contacto\" href=\"https:\/\/fcba-offshore.com\/es\/contact-sp\/\">\u00a0Por favor, p\u00f3ngase en contacto con nosotros para cualquier tipo de informaci\u00f3n adicional.<\/a><\/p>\n<p lang=\"es-ES\" style=\"margin-bottom: 0cm;\">* Para seguir investigando sobre Panama, pulse <a href=\"https:\/\/es.wikipedia.org\/wiki\/Sistema_tributario_de_Panam%C3%A1\">aqui<\/a>.<\/p>\n<p>&nbsp;<\/p>\n<p>&nbsp;<\/p>\n<p style=\"text-align: justify;\"><a href=\"http:\/\/fcba-offshore.com\/wp-content\/uploads\/2014\/06\/logo-small.png\"><img loading=\"lazy\" decoding=\"async\" class=\"alignnone size-full wp-image-479\" src=\"http:\/\/fcba-offshore.com\/wp-content\/uploads\/2014\/06\/logo-small.png\" alt=\"Logo offshore small\" width=\"142\" height=\"31\" \/><\/a><\/p>\n","protected":false},"excerpt":{"rendered":"<p>\u00a0\u00a0\u00a0\u00a0\u00a0\u00a0\u00a0\u00a0\u00a0\u00a0\u00a0\u00a0\u00a0\u00a0\u00a0\u00a0\u00a0 &nbsp; &nbsp; Offshore en Panam\u00e1: &nbsp; Panam\u00e1 es un estado de Am\u00e9rica central de 3,5 millones de habitantes y mundialmente famoso por su canal . La econom\u00eda del pa\u00eds es la mas prospera de Am\u00e9rica central y esta basada en el comercio, el turismo y los servicios financieros. A trav\u00e9s de los a\u00f1os su&hellip;<\/p>\n","protected":false},"author":1,"featured_media":0,"parent":0,"menu_order":0,"comment_status":"closed","ping_status":"open","template":"","meta":{"footnotes":""},"class_list":["post-3127","page","type-page","status-publish","hentry"],"_links":{"self":[{"href":"https:\/\/fcba-offshore.com\/es\/wp-json\/wp\/v2\/pages\/3127","targetHints":{"allow":["GET"]}}],"collection":[{"href":"https:\/\/fcba-offshore.com\/es\/wp-json\/wp\/v2\/pages"}],"about":[{"href":"https:\/\/fcba-offshore.com\/es\/wp-json\/wp\/v2\/types\/page"}],"author":[{"embeddable":true,"href":"https:\/\/fcba-offshore.com\/es\/wp-json\/wp\/v2\/users\/1"}],"replies":[{"embeddable":true,"href":"https:\/\/fcba-offshore.com\/es\/wp-json\/wp\/v2\/comments?post=3127"}],"version-history":[{"count":8,"href":"https:\/\/fcba-offshore.com\/es\/wp-json\/wp\/v2\/pages\/3127\/revisions"}],"predecessor-version":[{"id":3524,"href":"https:\/\/fcba-offshore.com\/es\/wp-json\/wp\/v2\/pages\/3127\/revisions\/3524"}],"wp:attachment":[{"href":"https:\/\/fcba-offshore.com\/es\/wp-json\/wp\/v2\/media?parent=3127"}],"curies":[{"name":"wp","href":"https:\/\/api.w.org\/{rel}","templated":true}]}}