{"id":3129,"date":"2016-12-26T11:04:29","date_gmt":"2016-12-26T11:04:29","guid":{"rendered":"http:\/\/fcba-offshore.com\/?page_id=3129"},"modified":"2017-02-25T11:13:07","modified_gmt":"2017-02-25T11:13:07","slug":"seychelles-offshore-sp","status":"publish","type":"page","link":"https:\/\/fcba-offshore.com\/es\/seychelles-offshore-sp\/","title":{"rendered":"Seychelles offshore"},"content":{"rendered":"<h1><a href=\"http:\/\/fcba-offshore.com\/wp-content\/uploads\/2014\/06\/Seychelles.png\"><img loading=\"lazy\" decoding=\"async\" class=\"alignnone size-full wp-image-357\" src=\"http:\/\/fcba-offshore.com\/wp-content\/uploads\/2014\/06\/Seychelles.png\" alt=\"Seychelles\" width=\"65\" height=\"35\" \/><\/a>\u00a0\u00a0\u00a0\u00a0\u00a0\u00a0\u00a0\u00a0\u00a0\u00a0\u00a0\u00a0\u00a0\u00a0 <a href=\"http:\/\/fcba-offshore.com\/wp-content\/uploads\/2014\/06\/Seychelles-Offshore.png\"><img loading=\"lazy\" decoding=\"async\" class=\" wp-image-642 alignright\" src=\"http:\/\/fcba-offshore.com\/wp-content\/uploads\/2014\/06\/Seychelles-Offshore-300x131.png\" alt=\"Seychelles Offshore\" width=\"266\" height=\"116\" srcset=\"https:\/\/fcba-offshore.com\/wp-content\/uploads\/2014\/06\/Seychelles-Offshore-300x131.png 300w, https:\/\/fcba-offshore.com\/wp-content\/uploads\/2014\/06\/Seychelles-Offshore.png 641w, https:\/\/fcba-offshore.com\/wp-content\/uploads\/2014\/06\/Seychelles-Offshore-450x196.png 450w\" sizes=\"auto, (max-width: 266px) 100vw, 266px\" \/><\/a><\/h1>\n<h1>Offshore en Seychelles:<\/h1>\n<p>&nbsp;<\/p>\n<p style=\"text-align: justify;\">El archipi\u00e9lago de las Seychelles esta situado en el oc\u00e9ano indico, cerca de <a title=\"Mauricio offshore\" href=\"https:\/\/fcba-offshore.com\/es\/mauricio-offshore-sp\/\">Mauricio<\/a> y Madagascar. Este pa\u00eds de 115 islas es uno de los destinos offshore mas seguros y ventajosos del mundo. Su legislaci\u00f3n es muy flexible, basada en el modelo ingles y atrae numerosos inversores extranjeros contando con el hecho que una nueva reforma fiscal les favorece desde unos a\u00f1os.<\/p>\n<p>&nbsp;<\/p>\n<p style=\"text-align: justify;\">Las ventajas de esta jurisdicci\u00f3n:<\/p>\n<ul style=\"text-align: justify;\">\n<li>Ausencia de IVA<\/li>\n<li>Ausencia de imposici\u00f3n sobre los beneficios<\/li>\n<li>Ausencia de capital social m\u00ednimo<\/li>\n<li>Secreto bancario garantizado (100% discreci\u00f3n)<\/li>\n<li>Su nombre no aparece como titular de\u00a0 una <a title=\"Sociedad offshore\" href=\"https:\/\/fcba-offshore.com\/es\/sociedad-offshore-sp\/\">sociedad offshore<\/a><\/li>\n<li>Ausencia de imposici\u00f3n sobre los dividendos<\/li>\n<\/ul>\n<p>&nbsp;<\/p>\n<p style=\"text-align: justify;\"><a title=\"Inicio\" href=\"https:\/\/fcba-offshore.com\/es\/\">FCBA Offshore Ltd<\/a> recomienda las Seychelles como destino offshore a sus clientes que quieren iniciar o seguir con una actividad offshore con la mayor discreci\u00f3n. En efecto, ser titular de una <a title=\"Sociedad offshore\" href=\"https:\/\/fcba-offshore.com\/es\/sociedad-offshore-sp\/\">sociedad offshore<\/a> en esta jurisdicci\u00f3n permite gestionar su negocio a trav\u00e9s el mundo sin encontrar dificultades relacionadas con el aspecto \u201cex\u00f3tico\u201d de este destino offshore\u00a0 porque las Seychelles no entran en la lista de los para\u00edsos fiscales de la OCDE.<\/p>\n<p style=\"text-align: justify;\">Solo algunas sociedades, propiedad de gran grupos comerciales, basadas en pa\u00edses europeo que hayan decidido\u00a0 gravar los flujos comerciales de las sociedades que tengan flujos financieros con las Seychelles podr\u00edan verse influenciadas (sin prohibici\u00f3n) para no establecer relaciones comerciales con su sociedad. La administraci\u00f3n de las Seychelles es una de las mas simple y eficaz del mundo lo que la convierte en un destino offshore poco costoso y poco vinculante, ideal para los extranjeros que desean implantar su <a title=\"Sociedad offshore\" href=\"https:\/\/fcba-offshore.com\/es\/sociedad-offshore-sp\/\">sociedad offshore<\/a> en las islas. Abrir una <a title=\"Cuenta bancaria offshore\" href=\"https:\/\/fcba-offshore.com\/es\/compte-bancaire-offshore-sp\/\">cuenta bancaria<\/a> en le archipi\u00e9lago es la garant\u00eda de una discreci\u00f3n total ya que las Seychelles respetan el secreto bancario.<\/p>\n<p style=\"text-align: justify;\">Abrir una <a title=\"Cuenta bancaria offshore\" href=\"https:\/\/fcba-offshore.com\/es\/compte-bancaire-offshore-sp\/\">cuenta bancaria<\/a> offshore o crear una <a title=\"Sociedad offshore\" href=\"https:\/\/fcba-offshore.com\/es\/sociedad-offshore-sp\/\">sociedad offshore<\/a> en las Seychelles es f\u00e1cil y el deposito inicial exigido para abrir una <a title=\"Cuenta bancaria offshore\" href=\"https:\/\/fcba-offshore.com\/es\/compte-bancaire-offshore-sp\/\">cuenta bancaria offshore<\/a> por los bancos del pa\u00eds es muy razonable.<\/p>\n<p>&nbsp;<\/p>\n<p style=\"text-align: justify;\"><a title=\"Contacto\" href=\"https:\/\/fcba-offshore.com\/es\/contact-sp\/\">Por favor, p\u00f3ngase en contacto con nosotros para cualquier tipo de informaci\u00f3n adicional.<\/a><\/p>\n<p style=\"text-align: justify;\">\n<p style=\"text-align: justify;\">* Para seguir investigando sobre las Seychelles, pulse<a href=\"http:\/\/www.elconfidencial.com\/mundo\/2014-06-09\/seychelles-el-primer-paraiso-fiscal-socialista_143425\/\"> aqui.<\/a><\/p>\n<p>&nbsp;<\/p>\n<p style=\"text-align: justify;\"><a href=\"http:\/\/fcba-offshore.com\/wp-content\/uploads\/2014\/06\/logo-small.png\"><img loading=\"lazy\" decoding=\"async\" class=\"alignnone size-full wp-image-479\" src=\"http:\/\/fcba-offshore.com\/wp-content\/uploads\/2014\/06\/logo-small.png\" alt=\"Logo offshore small\" width=\"142\" height=\"31\" \/><\/a><\/p>\n","protected":false},"excerpt":{"rendered":"<p>\u00a0\u00a0\u00a0\u00a0\u00a0\u00a0\u00a0\u00a0\u00a0\u00a0\u00a0\u00a0\u00a0\u00a0 Offshore en Seychelles: &nbsp; El archipi\u00e9lago de las Seychelles esta situado en el oc\u00e9ano indico, cerca de Mauricio y Madagascar. Este pa\u00eds de 115 islas es uno de los destinos offshore mas seguros y ventajosos del mundo. Su legislaci\u00f3n es muy flexible, basada en el modelo ingles y atrae numerosos inversores extranjeros contando con&hellip;<\/p>\n","protected":false},"author":1,"featured_media":0,"parent":0,"menu_order":0,"comment_status":"closed","ping_status":"open","template":"","meta":{"footnotes":""},"class_list":["post-3129","page","type-page","status-publish","hentry"],"_links":{"self":[{"href":"https:\/\/fcba-offshore.com\/es\/wp-json\/wp\/v2\/pages\/3129","targetHints":{"allow":["GET"]}}],"collection":[{"href":"https:\/\/fcba-offshore.com\/es\/wp-json\/wp\/v2\/pages"}],"about":[{"href":"https:\/\/fcba-offshore.com\/es\/wp-json\/wp\/v2\/types\/page"}],"author":[{"embeddable":true,"href":"https:\/\/fcba-offshore.com\/es\/wp-json\/wp\/v2\/users\/1"}],"replies":[{"embeddable":true,"href":"https:\/\/fcba-offshore.com\/es\/wp-json\/wp\/v2\/comments?post=3129"}],"version-history":[{"count":10,"href":"https:\/\/fcba-offshore.com\/es\/wp-json\/wp\/v2\/pages\/3129\/revisions"}],"predecessor-version":[{"id":3525,"href":"https:\/\/fcba-offshore.com\/es\/wp-json\/wp\/v2\/pages\/3129\/revisions\/3525"}],"wp:attachment":[{"href":"https:\/\/fcba-offshore.com\/es\/wp-json\/wp\/v2\/media?parent=3129"}],"curies":[{"name":"wp","href":"https:\/\/api.w.org\/{rel}","templated":true}]}}