{"id":3132,"date":"2016-12-26T11:06:20","date_gmt":"2016-12-26T11:06:20","guid":{"rendered":"http:\/\/fcba-offshore.com\/?page_id=3132"},"modified":"2017-02-25T11:15:13","modified_gmt":"2017-02-25T11:15:13","slug":"singapur-offshore-sp","status":"publish","type":"page","link":"https:\/\/fcba-offshore.com\/es\/singapur-offshore-sp\/","title":{"rendered":"Singapur offshore"},"content":{"rendered":"<h1><a href=\"http:\/\/fcba-offshore.com\/wp-content\/uploads\/2014\/06\/Singapour.png\"><img loading=\"lazy\" decoding=\"async\" class=\"alignnone size-full wp-image-358\" src=\"http:\/\/fcba-offshore.com\/wp-content\/uploads\/2014\/06\/Singapour.png\" alt=\"Singapour\" width=\"64\" height=\"46\" \/><\/a>\u00a0\u00a0\u00a0\u00a0\u00a0\u00a0\u00a0\u00a0\u00a0\u00a0\u00a0\u00a0\u00a0\u00a0\u00a0\u00a0\u00a0\u00a0\u00a0 <a href=\"http:\/\/fcba-offshore.com\/wp-content\/uploads\/2014\/06\/Singapour-Offshore-2.png\"><img loading=\"lazy\" decoding=\"async\" class=\"size-medium wp-image-645 alignright\" src=\"http:\/\/fcba-offshore.com\/wp-content\/uploads\/2014\/06\/Singapour-Offshore-2-300x131.png\" alt=\"Singapour Offshore 2\" width=\"300\" height=\"131\" srcset=\"https:\/\/fcba-offshore.com\/wp-content\/uploads\/2014\/06\/Singapour-Offshore-2-300x131.png 300w, https:\/\/fcba-offshore.com\/wp-content\/uploads\/2014\/06\/Singapour-Offshore-2.png 641w, https:\/\/fcba-offshore.com\/wp-content\/uploads\/2014\/06\/Singapour-Offshore-2-450x196.png 450w\" sizes=\"auto, (max-width: 300px) 100vw, 300px\" \/><\/a><\/h1>\n<p>&nbsp;<\/p>\n<p>&nbsp;<\/p>\n<h1>Offshore en Singapur:<\/h1>\n<p>&nbsp;<\/p>\n<p style=\"text-align: justify;\">Singapur es una ciudad-estado situada en Asia del sureste, la zona geogr\u00e1fica econ\u00f3micamente mas din\u00e1mica del mundo. Con su sistema fiscal ventajoso para las actividades offshore realizadas fuera del territorio, esta jurisdicci\u00f3n puede ser asimilada a un para\u00edso fiscal pese a que la OCDE no la cataloga en su lista negra. No sera por nada que llaman a Singapur, la <a title=\"Suiza offshore\" href=\"https:\/\/fcba-offshore.com\/es\/suiza-offshore-sp\/\">Suiza<\/a> asi\u00e1tica o el Drag\u00f3n Asi\u00e1tico.<\/p>\n<p style=\"text-align: justify;\">Singapur cuenta con el puerto mar\u00edtimo que maneja mayor volumen de carga anual, tanto en tonelaje como en n\u00famero de contenedores del mundo. Asimismo, el pa\u00eds es un importante centro financiero internacional y cuenta con el cuarto mercado de divisas m\u00e1s grande del mundo. Adem\u00e1s, se considera la econom\u00eda de Singapur como una de las econom\u00edas m\u00e1s acogedoras del mundo, por lo cual se encuentran miles de expatriados en el pa\u00eds trabajando en empresas multinacionales.<\/p>\n<p>&nbsp;<\/p>\n<p style=\"text-align: justify;\">Crear su <a title=\"Sociedad offshore\" href=\"https:\/\/fcba-offshore.com\/es\/sociedad-offshore-sp\/\">sociedad offshore<\/a> en Singapur o abrir una <a title=\"Cuenta bancaria offshore\" href=\"https:\/\/fcba-offshore.com\/es\/compte-bancaire-offshore-sp\/\">cuenta bancaria offshore<\/a> en esta jurisdicci\u00f3n le permitir\u00e1 gozar de las ventajas siguientes:<\/p>\n<ul style=\"text-align: justify;\">\n<li>Ausencia de IVA<\/li>\n<li>Ausencia de imposici\u00f3n sobre los beneficios<\/li>\n<li>Ausencia de capital social m\u00ednimo<\/li>\n<li>Secreto bancario garantizado (100% discreci\u00f3n)<\/li>\n<li>Su nombre no aparece como titular de\u00a0 una <a title=\"Sociedad offshore\" href=\"https:\/\/fcba-offshore.com\/es\/sociedad-offshore-sp\/\">sociedad offshore<\/a><\/li>\n<li>Ausencia de imposici\u00f3n sobre los dividendos<\/li>\n<\/ul>\n<p>&nbsp;<\/p>\n<p style=\"text-align: justify;\"><a title=\"Contacto\" href=\"https:\/\/fcba-offshore.com\/es\/contact-sp\/\">FCBA Offshore Ltd<\/a> recomienda la apertura de una <a title=\"Cuenta bancaria offshore\" href=\"https:\/\/fcba-offshore.com\/es\/compte-bancaire-offshore-sp\/\">cuenta bancaria<\/a> offshore o la creaci\u00f3n de una <a title=\"Sociedad offshore\" href=\"https:\/\/fcba-offshore.com\/es\/sociedad-offshore-sp\/\">sociedad bancaria offshore<\/a> en Singapur porque el pa\u00eds es seguro y estable pol\u00edticamente.<\/p>\n<p style=\"text-align: justify;\">Ademas, por nos ser catalogada como para\u00edso fiscal por la OCDE, esta jurisdicci\u00f3n le permitir\u00e1 hacer negocios a trav\u00e9s el mundo sin obst\u00e1culo. Necesitara una contabilidad rigurosa, lo que puede tener un coste.<\/p>\n<p style=\"text-align: justify;\">\u00a0Abrir una <a title=\"Cuenta bancaria offshore\" href=\"https:\/\/fcba-offshore.com\/es\/compte-bancaire-offshore-sp\/\">cuenta bancaria offshore<\/a> o crear una <a title=\"Sociedad offshore\" href=\"https:\/\/fcba-offshore.com\/es\/sociedad-offshore-sp\/\">sociedad offshore<\/a> en Singapur es f\u00e1cil pero el deposito inicial exigido para abrir una<a title=\"Cuenta bancaria offshore\" href=\"https:\/\/fcba-offshore.com\/es\/compte-bancaire-offshore-sp\/\"> cuenta bancaria offshore<\/a> por los bancos del pa\u00eds es muy elevado, lo que puede constituir un freno a la creaci\u00f3n de su <a title=\"Sociedad offshore\" href=\"https:\/\/fcba-offshore.com\/es\/sociedad-offshore-sp\/\">sociedad offshore<\/a>.<\/p>\n<p>&nbsp;<\/p>\n<p style=\"text-align: justify;\"><a title=\"Contacto\" href=\"https:\/\/fcba-offshore.com\/es\/contact-sp\/\">Por favor, p\u00f3ngase en contacto con nosotros para cualquier tipo de informaci\u00f3n adicional.<\/a><\/p>\n<p style=\"text-align: justify;\">* Si quiere seguir investigando sobre Singapur, pulse <a href=\"http:\/\/www.expansion.com\/2011\/03\/12\/economia\/1299960999.html\">aqui<\/a>.<\/p>\n<p>&nbsp;<\/p>\n<p style=\"text-align: justify;\"><a href=\"http:\/\/fcba-offshore.com\/wp-content\/uploads\/2014\/06\/logo-small.png\"><img loading=\"lazy\" decoding=\"async\" class=\"alignnone size-full wp-image-479\" src=\"http:\/\/fcba-offshore.com\/wp-content\/uploads\/2014\/06\/logo-small.png\" alt=\"Logo offshore small\" width=\"142\" height=\"31\" \/><\/a><\/p>\n","protected":false},"excerpt":{"rendered":"<p>\u00a0\u00a0\u00a0\u00a0\u00a0\u00a0\u00a0\u00a0\u00a0\u00a0\u00a0\u00a0\u00a0\u00a0\u00a0\u00a0\u00a0\u00a0\u00a0 &nbsp; &nbsp; Offshore en Singapur: &nbsp; Singapur es una ciudad-estado situada en Asia del sureste, la zona geogr\u00e1fica econ\u00f3micamente mas din\u00e1mica del mundo. Con su sistema fiscal ventajoso para las actividades offshore realizadas fuera del territorio, esta jurisdicci\u00f3n puede ser asimilada a un para\u00edso fiscal pese a que la OCDE no la cataloga en&hellip;<\/p>\n","protected":false},"author":1,"featured_media":0,"parent":0,"menu_order":0,"comment_status":"closed","ping_status":"open","template":"","meta":{"footnotes":""},"class_list":["post-3132","page","type-page","status-publish","hentry"],"_links":{"self":[{"href":"https:\/\/fcba-offshore.com\/es\/wp-json\/wp\/v2\/pages\/3132","targetHints":{"allow":["GET"]}}],"collection":[{"href":"https:\/\/fcba-offshore.com\/es\/wp-json\/wp\/v2\/pages"}],"about":[{"href":"https:\/\/fcba-offshore.com\/es\/wp-json\/wp\/v2\/types\/page"}],"author":[{"embeddable":true,"href":"https:\/\/fcba-offshore.com\/es\/wp-json\/wp\/v2\/users\/1"}],"replies":[{"embeddable":true,"href":"https:\/\/fcba-offshore.com\/es\/wp-json\/wp\/v2\/comments?post=3132"}],"version-history":[{"count":8,"href":"https:\/\/fcba-offshore.com\/es\/wp-json\/wp\/v2\/pages\/3132\/revisions"}],"predecessor-version":[{"id":3526,"href":"https:\/\/fcba-offshore.com\/es\/wp-json\/wp\/v2\/pages\/3132\/revisions\/3526"}],"wp:attachment":[{"href":"https:\/\/fcba-offshore.com\/es\/wp-json\/wp\/v2\/media?parent=3132"}],"curies":[{"name":"wp","href":"https:\/\/api.w.org\/{rel}","templated":true}]}}