{"id":3135,"date":"2016-12-26T11:08:53","date_gmt":"2016-12-26T11:08:53","guid":{"rendered":"http:\/\/fcba-offshore.com\/?page_id=3135"},"modified":"2017-02-25T08:30:06","modified_gmt":"2017-02-25T08:30:06","slug":"sociedad-offshore-sp","status":"publish","type":"page","link":"https:\/\/fcba-offshore.com\/es\/sociedad-offshore-sp\/","title":{"rendered":"Sociedad offshore"},"content":{"rendered":"<h1>Sociedad offshore: las jurisdicciones m\u00e1s atractivas<\/h1>\n<p>&nbsp;<\/p>\n<table class=\"int-tbl\" cellspacing=\"0\" cellpadding=\"0\">\n<tfoot>\n<tr>\n<td><\/td>\n<\/tr>\n<\/tfoot>\n<tbody>\n<tr>\n<td><a href=\"http:\/\/fcba-offshore.com\/?page_id=3047&amp;lang=fr\"><img loading=\"lazy\" decoding=\"async\" class=\"alignnone wp-image-369\" src=\"http:\/\/fcba-offshore.com\/wp-content\/uploads\/2014\/06\/Andorre.png\" alt=\"Andorre\" width=\"33\" height=\"20\" \/><\/a> <a class=\"tooltips\" style=\"position: absolute;\" title=\"Andorra es un destino offshore hist\u00f3rico muy famoso... \" href=\"https:\/\/fcba-offshore.com\/es\/andorra-offshore-sp\/\">Andorra<\/a><\/td>\n<td><a href=\"http:\/\/fcba-offshore.com\/?page_id=177&amp;lang=fr\"><img loading=\"lazy\" decoding=\"async\" class=\"alignnone wp-image-368\" src=\"http:\/\/fcba-offshore.com\/wp-content\/uploads\/2014\/06\/Gibraltar.png\" alt=\"Gibraltar\" width=\"33\" height=\"20\" \/><\/a> <a class=\"tooltips\" style=\"position: absolute;\" title=\"El estrecho de Gibraltar es famoso en Europa...\" href=\"https:\/\/fcba-offshore.com\/es\/gibraltar-offshore-sp\/\">Gibraltar<\/a><\/td>\n<td><a href=\"http:\/\/fcba-offshore.com\/?page_id=251&amp;lang=fr\"><img loading=\"lazy\" decoding=\"async\" class=\"alignnone wp-image-367\" src=\"http:\/\/fcba-offshore.com\/wp-content\/uploads\/2014\/06\/Irelande.png\" alt=\"Irlanda\" width=\"33\" height=\"20\" \/><\/a> <a class=\"tooltips\" style=\"position: absolute;\" title=\"Todo el mundo conoce Irlanda...\" href=\"https:\/\/fcba-offshore.com\/es\/irlanda-offshore-sp\/\">Irlanda<\/a><\/td>\n<td><a href=\"http:\/\/fcba-offshore.com\/?page_id=197&amp;lang=fr\"><img loading=\"lazy\" decoding=\"async\" class=\"alignnone wp-image-365\" src=\"http:\/\/fcba-offshore.com\/wp-content\/uploads\/2014\/06\/Nieves.png\" alt=\"Nieves\" width=\"33\" height=\"20\" \/><\/a> <a class=\"tooltips\" style=\"position: absolute;\" title=\"Nieves es una isla de Am\u00e9rica ubicada en...\" href=\"https:\/\/fcba-offshore.com\/es\/nieves-offshore-sp\/\">Nieves<\/a><\/td>\n<\/tr>\n<tr>\n<td><a href=\"http:\/\/fcba-offshore.com\/?page_id=165&amp;lang=fr\"><img loading=\"lazy\" decoding=\"async\" class=\"alignnone wp-image-362\" src=\"http:\/\/fcba-offshore.com\/wp-content\/uploads\/2014\/06\/Bahamas.png\" alt=\"Bahamas\" width=\"33\" height=\"20\" \/><\/a> <a class=\"tooltips\" style=\"position: absolute;\" title=\"El archipi\u00e9lago de las Bahamas con sus 300\u2019000 habitantes...\" href=\"https:\/\/fcba-offshore.com\/es\/bahamas-offshore-sp\/\">Bahamas<\/a><\/td>\n<td><a href=\"http:\/\/fcba-offshore.com\/?page_id=144&amp;lang=fr%20%E2%80%8E\"><img loading=\"lazy\" decoding=\"async\" class=\"alignnone wp-image-363\" src=\"http:\/\/fcba-offshore.com\/wp-content\/uploads\/2014\/06\/Guernesey.png\" alt=\"Guernsey\" width=\"33\" height=\"20\" \/><\/a> <a class=\"tooltips\" style=\"position: absolute;\" title=\"La isla anglo-normanda de Guernsey esta situada entre ...\" href=\"https:\/\/fcba-offshore.com\/es\/guernesey-offshore-sp\/\">Guernsey<\/a><\/td>\n<td><a href=\"http:\/\/fcba-offshore.com\/?page_id=209&amp;lang=fr\"><img loading=\"lazy\" decoding=\"async\" class=\"alignnone wp-image-364\" src=\"http:\/\/fcba-offshore.com\/wp-content\/uploads\/2014\/06\/Jersey.png\" alt=\"Jersey\" width=\"33\" height=\"20\" \/><\/a> <a class=\"tooltips\" style=\"position: absolute;\" title=\"La isla de Jersey, tal como Guernsey...\" href=\"https:\/\/fcba-offshore.com\/es\/jersey-offshore-sp\/\">Jersey<\/a><\/td>\n<td><a href=\"http:\/\/fcba-offshore.com\/?page_id=156&amp;lang=fr\"><img loading=\"lazy\" decoding=\"async\" class=\"alignnone wp-image-366\" src=\"http:\/\/fcba-offshore.com\/wp-content\/uploads\/2014\/06\/Panama.png\" alt=\"Panam\u00e1\" width=\"33\" height=\"20\" \/><\/a> <a class=\"tooltips\" style=\"position: absolute;\" title=\"Panam\u00e1 es un estado de Am\u00e9rica central...\" href=\"https:\/\/fcba-offshore.com\/es\/panama-offshore-sp\/\">Panam\u00e1<\/a><\/td>\n<\/tr>\n<tr>\n<td><a href=\"http:\/\/fcba-offshore.com\/?page_id=140&amp;lang=fr\"><img loading=\"lazy\" decoding=\"async\" class=\"alignnone wp-image-344\" src=\"http:\/\/fcba-offshore.com\/wp-content\/uploads\/2014\/06\/Belize.png\" alt=\"Belice\" width=\"33\" height=\"20\" \/><\/a> <a class=\"tooltips\" style=\"position: absolute;\" title=\"Belice esta situado al sur de M\u00e9xico...\" href=\"https:\/\/fcba-offshore.com\/es\/offshore-belize-sp\/\">Belice<\/a><\/td>\n<td><a href=\"http:\/\/fcba-offshore.com\/?page_id=169&amp;lang=fr\"><img loading=\"lazy\" decoding=\"async\" class=\"alignnone wp-image-349\" src=\"http:\/\/fcba-offshore.com\/wp-content\/uploads\/2014\/06\/Hong-Kong.png\" alt=\"Hong-Kong\" width=\"33\" height=\"20\" \/><\/a> <a class=\"tooltips\" style=\"position: absolute;\" title=\"Hong-Kong esta considerada como la capital financiera...\" href=\"https:\/\/fcba-offshore.com\/es\/hong-kong-offshore-sp\/\">Hong-Kong<\/a><\/td>\n<td><a href=\"http:\/\/fcba-offshore.com\/?page_id=187&amp;lang=fr\"><img loading=\"lazy\" decoding=\"async\" class=\"alignnone wp-image-353\" src=\"http:\/\/fcba-offshore.com\/wp-content\/uploads\/2014\/06\/Lettonie.png\" alt=\"Letonia\" width=\"33\" height=\"20\" \/><\/a> <a class=\"tooltips\" style=\"position: absolute;\" title=\"Letonia es un pa\u00eds b\u00e1ltico...\" href=\"https:\/\/fcba-offshore.com\/es\/letonia-offshore-sp\/\">Letonia<\/a><\/td>\n<td><a href=\"http:\/\/fcba-offshore.com\/?page_id=136&amp;lang=fr\"><img loading=\"lazy\" decoding=\"async\" class=\"alignnone wp-image-357\" src=\"http:\/\/fcba-offshore.com\/wp-content\/uploads\/2014\/06\/Seychelles.png\" alt=\"Seychelles\" width=\"33\" height=\"20\" \/><\/a> <a class=\"tooltips\" style=\"position: absolute;\" title=\"El archipi\u00e9lago de las Seychelles esta situado \" href=\"https:\/\/fcba-offshore.com\/es\/seychelles-offshore-sp\/\">Seychelles<\/a><\/td>\n<\/tr>\n<tr>\n<td><a href=\"http:\/\/fcba-offshore.com\/?page_id=154&amp;lang=fr\"><img loading=\"lazy\" decoding=\"async\" class=\"alignnone wp-image-345\" src=\"http:\/\/fcba-offshore.com\/wp-content\/uploads\/2014\/06\/Chypre.png\" alt=\"Chipre\" width=\"33\" height=\"20\" \/><\/a> <a class=\"tooltips\" style=\"position: absolute;\" title=\"Chipre es una isla del Mediterr\u00e1neo oriental...\" href=\"https:\/\/fcba-offshore.com\/es\/chypre-offshore-sp\/\">Chipre<\/a><\/td>\n<td><a href=\"http:\/\/fcba-offshore.com\/?page_id=227&amp;lang=fr\"><img loading=\"lazy\" decoding=\"async\" class=\"alignnone wp-image-350\" src=\"http:\/\/fcba-offshore.com\/wp-content\/uploads\/2014\/06\/Ile-de-Man.png\" alt=\"Isla de Man\" width=\"33\" height=\"20\" \/><\/a> <a class=\"tooltips\" style=\"position: absolute;\" title=\"La isla de Man es famosa en Europa...\" href=\"https:\/\/fcba-offshore.com\/es\/isla-de-man-offshore-sp\/\">Isla de Man<\/a><\/td>\n<td><a href=\"http:\/\/fcba-offshore.com\/?page_id=229&amp;lang=fr\"><img loading=\"lazy\" decoding=\"async\" class=\"alignnone wp-image-342\" src=\"http:\/\/fcba-offshore.com\/wp-content\/uploads\/2014\/06\/Liechtenstein.png\" alt=\"Liechtenstein\" width=\"33\" height=\"20\" \/><\/a> <a class=\"tooltips\" style=\"position: absolute;\" title=\"El peque\u00f1o principado de Liechtenstein...\" href=\"https:\/\/fcba-offshore.com\/es\/liechtenstein-offshore-sp\/\">Liechtenstein<\/a><\/td>\n<td><a href=\"http:\/\/fcba-offshore.com\/?page_id=219&amp;lang=fr\"><img loading=\"lazy\" decoding=\"async\" class=\"alignnone wp-image-358\" src=\"http:\/\/fcba-offshore.com\/wp-content\/uploads\/2014\/06\/Singapour.png\" alt=\"Singapur\" width=\"33\" height=\"20\" \/><\/a> <a class=\"tooltips\" style=\"position: absolute;\" title=\"Singapur es una ciudad-estado...\" href=\"https:\/\/fcba-offshore.com\/es\/singapur-offshore-sp\/\">Singapur<\/a><\/td>\n<\/tr>\n<tr>\n<td><a href=\"http:\/\/fcba-offshore.com\/?page_id=253&amp;lang=fr\"><img loading=\"lazy\" decoding=\"async\" class=\"alignnone wp-image-346\" src=\"http:\/\/fcba-offshore.com\/wp-content\/uploads\/2014\/06\/Delaware.png\" alt=\"Delaware\" width=\"33\" height=\"20\" \/><\/a> <a class=\"tooltips\" style=\"position: absolute;\" title=\"El Delaware es uno de los 50 estados de Estados Unidos...\" href=\"https:\/\/fcba-offshore.com\/es\/delaware-offshore-sp\/\">Delaware<\/a><\/td>\n<td><a href=\"http:\/\/fcba-offshore.com\/?page_id=162&amp;lang=fr\"><img loading=\"lazy\" decoding=\"async\" class=\"alignnone wp-image-351\" src=\"http:\/\/fcba-offshore.com\/wp-content\/uploads\/2014\/06\/Ile-Maurice.png\" alt=\"Mauricio\" width=\"33\" height=\"20\" \/><\/a> <a class=\"tooltips\" style=\"position: absolute;\" title=\"Mauricio tiene fama de destino...\" href=\"https:\/\/fcba-offshore.com\/es\/mauricio-offshore-sp\/\">Mauricio<\/a><\/td>\n<td><a href=\"http:\/\/fcba-offshore.com\/?page_id=193&amp;lang=fr\"><img loading=\"lazy\" decoding=\"async\" class=\"alignnone wp-image-354\" src=\"http:\/\/fcba-offshore.com\/wp-content\/uploads\/2014\/06\/Luxembourg.png\" alt=\"Luxembourgo\" width=\"33\" height=\"20\" \/><\/a> <a class=\"tooltips\" style=\"position: absolute;\" title=\"El Gran Ducado de Luxemburgo es un pa\u00eds...\" href=\"https:\/\/fcba-offshore.com\/es\/luxemburgo-offshore-sp\/\">Luxembourgo<\/a><\/td>\n<td><a href=\"http:\/\/fcba-offshore.com\/?page_id=175&amp;lang=fr\"><img loading=\"lazy\" decoding=\"async\" class=\"alignnone wp-image-359\" src=\"http:\/\/fcba-offshore.com\/wp-content\/uploads\/2014\/06\/Suisse.png\" alt=\"Suiza\" width=\"33\" height=\"20\" \/><\/a> <a class=\"tooltips\" style=\"position: absolute;\" title=\"No hace falta presentar a Suiza...\" href=\"https:\/\/fcba-offshore.com\/es\/suiza-offshore-sp\/\">Suiza<\/a><\/td>\n<\/tr>\n<tr>\n<td><a href=\"http:\/\/fcba-offshore.com\/?page_id=191&amp;lang=fr\"><img loading=\"lazy\" decoding=\"async\" class=\"alignnone wp-image-347\" src=\"http:\/\/fcba-offshore.com\/wp-content\/uploads\/2014\/06\/Dominique.png\" alt=\"Dominica\" width=\"33\" height=\"20\" \/><\/a> <a class=\"tooltips\" style=\"position: absolute;\" title=\"Dominica es una isla del caribe que la gente...\" href=\"https:\/\/fcba-offshore.com\/es\/dominica-offshore-sp\/\">Dominica<\/a><\/td>\n<td><a href=\"http:\/\/fcba-offshore.com\/?page_id=233&amp;lang=fr\"><img loading=\"lazy\" decoding=\"async\" class=\"alignnone wp-image-343\" src=\"http:\/\/fcba-offshore.com\/wp-content\/uploads\/2014\/06\/Iles-Caimans.png\" alt=\"Islas Caim\u00e1n\" width=\"33\" height=\"20\" \/><\/a> <a class=\"tooltips\" style=\"position: absolute;\" title=\"Las islas Caim\u00e1n son un archipi\u00e9lago del oc\u00e9ano Atl\u00e1ntico...\" href=\"https:\/\/fcba-offshore.com\/es\/islas-caiman-offshore-sp\/\">Islas Caim\u00e1n<\/a><\/td>\n<td><a href=\"http:\/\/fcba-offshore.com\/?page_id=183&amp;lang=fr\"><img loading=\"lazy\" decoding=\"async\" class=\"alignnone wp-image-355\" src=\"http:\/\/fcba-offshore.com\/wp-content\/uploads\/2014\/06\/Malte.png\" alt=\"Malta\" width=\"33\" height=\"20\" \/><\/a> <a class=\"tooltips\" style=\"position: absolute;\" title=\"La isla de Malta esta situada en pleno Mediterr\u00e1neo...\" href=\"https:\/\/fcba-offshore.com\/es\/malta-offshore-sp\/\">Malta<\/a><\/td>\n<td><a href=\"http:\/\/fcba-offshore.com\/?page_id=201&amp;lang=fr\"><img loading=\"lazy\" decoding=\"async\" class=\"alignnone wp-image-360\" src=\"http:\/\/fcba-offshore.com\/wp-content\/uploads\/2014\/06\/Vanuatu.png\" alt=\"Vanuatu\" width=\"33\" height=\"20\" \/><\/a> <a class=\"tooltips\" style=\"position: absolute;\" title=\"Vanuatu es un archipi\u00e9lago situado en Ocean\u00eda...\" href=\"https:\/\/fcba-offshore.com\/es\/vanuatu-offshore-sp\/\">Vanuatu<\/a><\/td>\n<\/tr>\n<tr>\n<td><a href=\"http:\/\/fcba-offshore.com\/?page_id=237&amp;lang=fr\"><img loading=\"lazy\" decoding=\"async\" class=\"alignnone wp-image-348\" src=\"http:\/\/fcba-offshore.com\/wp-content\/uploads\/2014\/06\/Dubai.png\" alt=\"Dubai\" width=\"33\" height=\"20\" \/><\/a> <a class=\"tooltips\" style=\"position: absolute;\" title=\"Dubai es famoso internacionalmente por su turismo...\" href=\"https:\/\/fcba-offshore.com\/es\/offshore-dubai-sp\/\">Dubai<\/a><\/td>\n<td><a href=\"http:\/\/fcba-offshore.com\/?page_id=223&amp;lang=fr\"><img loading=\"lazy\" decoding=\"async\" class=\"alignnone wp-image-352\" src=\"http:\/\/fcba-offshore.com\/wp-content\/uploads\/2014\/06\/Iles-Vierges-Britanniques.png\" alt=\"Islas V\u00edrgenes Brit\u00e1nicas\" width=\"33\" height=\"20\" srcset=\"https:\/\/fcba-offshore.com\/wp-content\/uploads\/2014\/06\/Iles-Vierges-Britanniques.png 75w, https:\/\/fcba-offshore.com\/wp-content\/uploads\/2014\/06\/Iles-Vierges-Britanniques-72x46.png 72w\" sizes=\"auto, (max-width: 33px) 100vw, 33px\" \/><\/a> <a class=\"tooltips\" style=\"position: absolute;\" title=\"Las Islas V\u00edrgenes Brit\u00e1nicas est\u00e1n situadas  en las Antillas...\" href=\"https:\/\/fcba-offshore.com\/es\/islas-virgenes-britanicas-offshore-sp\/\">Islas V\u00edrgenes Brit.<\/a><\/td>\n<td><a href=\"http:\/\/fcba-offshore.com\/?page_id=148&amp;lang=fr%20%E2%80%8E\"><img loading=\"lazy\" decoding=\"async\" class=\"alignnone wp-image-356\" src=\"http:\/\/fcba-offshore.com\/wp-content\/uploads\/2014\/06\/Monaco.png\" alt=\"M\u00f3naco\" width=\"33\" height=\"20\" \/><\/a> <a class=\"tooltips\" style=\"position: absolute;\" title=\"El principado de M\u00f3naco es...\" href=\"https:\/\/fcba-offshore.com\/es\/monaco-offshore-sp\/\">M\u00f3naco<\/a><\/td>\n<td><a class=\"tooltips\" style=\"position: absolute;\" title=\"Las jurisdicciones descritas en nuestra pagina...\" href=\"https:\/\/fcba-offshore.com\/es\/las-otras-jurisdicciones-offshore\/\">Otros<\/a><\/td>\n<\/tr>\n<\/tbody>\n<\/table>\n<p>* Pulse la bandera del pa\u00eds que le interesa para obtener mas informaciones sobre la creaci\u00f3n de una sociedad offshore.<\/p>\n<p>&nbsp;<\/p>\n<h2 style=\"text-align: justify;\">Los beneficios de una sociedad offshore:<\/h2>\n<p style=\"text-align: justify;\">Por supuesto, los beneficios\u00a0de cada una de las jurisdicciones mencionadas anteriormente son variados y diferentes y necesitara los consejos de un experto para dirigirle hacia la que mejor corresponde a sus necesidades. Para encontrar una soluci\u00f3n concreta y eficaz, habr\u00e1 que <a title=\"Contacto\" href=\"https:\/\/fcba-offshore.com\/es\/contact-sp\/\">ponerse\u00a0en contacto con uno de nuestros expertos<\/a>. Podr\u00e1 entonces dialogar con el para que puedan juntos definir el tipo de producto o servicio que podemos ofrecerle. De todos modos, la estructura offshore\u00a0 que le ayudaremos a crear\u00a0sera\u00a0compuesta a la vez de una sociedad offshore y de una <a title=\"Cuenta bancaria offshore\" href=\"https:\/\/fcba-offshore.com\/es\/compte-bancaire-offshore-sp\/\">cuenta bancaria offshore<\/a>. Evidentemente, crear una sociedad offshore implica abrir una <a title=\"Cuenta bancaria offshore\" href=\"https:\/\/fcba-offshore.com\/es\/compte-bancaire-offshore-sp\/\">cuenta bancaria offshore<\/a> y en algunos casos se revela mas complicado abrir\u00a0unicamente\u00a0una <a title=\"Cuenta bancaria offshore\" href=\"https:\/\/fcba-offshore.com\/es\/compte-bancaire-offshore-sp\/\">cuenta bancaria offshore<\/a> sin sociedad relacionada a ella.<\/p>\n<p style=\"text-align: justify;\">Para todas las jurisdicciones mencionadas, nos encargaremos de la totalidad de los tramites administrativos par usted.<\/p>\n<p style=\"text-align: justify;\">Los beneficios principales para usted ser\u00e1n sin duda:<\/p>\n<ul style=\"text-align: justify;\">\n<li data-listid=\"1\" data-aria-posinset=\"0\" data-aria-level=\"1\">discreci\u00f3n (Su nombre nunca aparecer\u00e1\u00a0garc\u00edas\u00a0al secreto bancario y a\u00a0 el\u00a0establecimiento de un servicio de \u201calter egos\u201d)<\/li>\n<li data-listid=\"1\" data-aria-posinset=\"0\" data-aria-level=\"1\">programa de fiscalidad muy interesante (en general 0% de los beneficios generados en offshore)<\/li>\n<li data-listid=\"1\" data-aria-posinset=\"0\" data-aria-level=\"1\">bajo coste de creaci\u00f3n y de gesti\u00f3n administrativa\u202f(inversi\u00f3n r\u00e1pidamente rentable)<\/li>\n<\/ul>\n<h3 style=\"text-align: justify;\"><a title=\"Contacto\" href=\"https:\/\/fcba-offshore.com\/es\/contact-sp\/\">FCBA Offshore\u00a0Ltd<\/a>\u00a0siempre\u00a0le garantizara para la creaci\u00f3n de su sociedad offshore:<\/h3>\n<ul style=\"text-align: justify;\">\n<li data-listid=\"2\" data-aria-posinset=\"0\" data-aria-level=\"1\">tramites administrativos durante la creaci\u00f3n de su sociedad offshore<\/li>\n<li data-listid=\"2\" data-aria-posinset=\"0\" data-aria-level=\"1\">seguimientos contables y administrativos mensuales ante las autoridades competentes de los pa\u00edses correspondientes.<\/li>\n<li data-listid=\"2\" data-aria-posinset=\"0\" data-aria-level=\"1\">Apertura de\u00a0una <a title=\"Cuenta bancaria offshore\" href=\"https:\/\/fcba-offshore.com\/es\/compte-bancaire-offshore-sp\/\">cuenta bancaria offshore<\/a> profesional.<\/li>\n<\/ul>\n<ul style=\"text-align: justify;\">\n<li data-listid=\"2\" data-aria-posinset=\"0\" data-aria-level=\"1\">Asistencia para la construcci\u00f3n de su pagina web con posibilidad de creaci\u00f3n de una plataforma de pago electr\u00f3nico.<\/li>\n<\/ul>\n<h3 style=\"text-align: justify;\"><span style=\"color: #ff0000;\">PUEDE CREAR SU SOCIEDAD OFFSHORE SIN DESPLAZARSE!<\/span><\/h3>\n<p>&nbsp;<\/p>\n<h2 style=\"text-align: justify;\">El coste para usted:<\/h2>\n<p style=\"text-align: justify;\">Evidentemente, el coste para usted\u00a0depende de su situaci\u00f3n y de la propuesta de servicio que corresponde a sus necesidades. Por favor, consulte nuestra pagina \u201c<a title=\"Estudios de caso\" href=\"https:\/\/fcba-offshore.com\/es\/slider\/estudios-de-case\/\">Estudios de caso<\/a>\u201d para tener una idea de los gastos propios a la creaci\u00f3n de su sociedad offshore.<\/p>\n<p>&nbsp;<\/p>\n<p style=\"text-align: justify;\"><a title=\"Contacto\" href=\"https:\/\/fcba-offshore.com\/es\/contact-sp\/\">Para cualquier pregunta o informaci\u00f3n complementaria, por favor p\u00f3ngase en contacto con FCBA Offshore Ltd.<\/a><\/p>\n<p>&nbsp;<\/p>\n<p style=\"text-align: justify;\"><a href=\"http:\/\/fcba-offshore.com\/wp-content\/uploads\/2014\/06\/logo-small.png\"><img loading=\"lazy\" decoding=\"async\" class=\"alignnone size-full wp-image-479\" src=\"http:\/\/fcba-offshore.com\/wp-content\/uploads\/2014\/06\/logo-small.png\" alt=\"Logo offshore small\" width=\"142\" height=\"31\" \/><\/a><\/p>\n<p style=\"text-align: justify;\">\u00a0\u00a0 * Si quiere aprender mas sobre el mundo del offshore, pulse <a href=\"https:\/\/es.wikipedia.org\/wiki\/Offshore\">aqu\u00ed<\/a>.<\/p>\n","protected":false},"excerpt":{"rendered":"<p>Sociedad offshore: las jurisdicciones m\u00e1s atractivas &nbsp; Andorra Gibraltar Irlanda Nieves Bahamas Guernsey Jersey Panam\u00e1 Belice Hong-Kong Letonia Seychelles Chipre Isla de Man Liechtenstein Singapur Delaware Mauricio Luxembourgo Suiza Dominica Islas Caim\u00e1n Malta Vanuatu Dubai Islas V\u00edrgenes Brit. M\u00f3naco Otros * Pulse la bandera del pa\u00eds que le interesa para obtener mas informaciones sobre la&hellip;<\/p>\n","protected":false},"author":1,"featured_media":0,"parent":0,"menu_order":0,"comment_status":"closed","ping_status":"open","template":"","meta":{"footnotes":""},"class_list":["post-3135","page","type-page","status-publish","hentry"],"_links":{"self":[{"href":"https:\/\/fcba-offshore.com\/es\/wp-json\/wp\/v2\/pages\/3135","targetHints":{"allow":["GET"]}}],"collection":[{"href":"https:\/\/fcba-offshore.com\/es\/wp-json\/wp\/v2\/pages"}],"about":[{"href":"https:\/\/fcba-offshore.com\/es\/wp-json\/wp\/v2\/types\/page"}],"author":[{"embeddable":true,"href":"https:\/\/fcba-offshore.com\/es\/wp-json\/wp\/v2\/users\/1"}],"replies":[{"embeddable":true,"href":"https:\/\/fcba-offshore.com\/es\/wp-json\/wp\/v2\/comments?post=3135"}],"version-history":[{"count":19,"href":"https:\/\/fcba-offshore.com\/es\/wp-json\/wp\/v2\/pages\/3135\/revisions"}],"predecessor-version":[{"id":3501,"href":"https:\/\/fcba-offshore.com\/es\/wp-json\/wp\/v2\/pages\/3135\/revisions\/3501"}],"wp:attachment":[{"href":"https:\/\/fcba-offshore.com\/es\/wp-json\/wp\/v2\/media?parent=3135"}],"curies":[{"name":"wp","href":"https:\/\/api.w.org\/{rel}","templated":true}]}}