{"id":3140,"date":"2016-12-26T11:14:09","date_gmt":"2016-12-26T11:14:09","guid":{"rendered":"http:\/\/fcba-offshore.com\/?page_id=3140"},"modified":"2017-02-25T11:19:22","modified_gmt":"2017-02-25T11:19:22","slug":"suiza-offshore-sp","status":"publish","type":"page","link":"https:\/\/fcba-offshore.com\/es\/suiza-offshore-sp\/","title":{"rendered":"Suiza offshore"},"content":{"rendered":"<h1><a href=\"http:\/\/fcba-offshore.com\/wp-content\/uploads\/2014\/06\/Suisse.png\"><img loading=\"lazy\" decoding=\"async\" class=\"alignnone size-full wp-image-359\" src=\"http:\/\/fcba-offshore.com\/wp-content\/uploads\/2014\/06\/Suisse.png\" alt=\"Suisse\" width=\"63\" height=\"44\" \/><\/a>\u00a0\u00a0\u00a0\u00a0\u00a0\u00a0\u00a0\u00a0\u00a0\u00a0\u00a0\u00a0\u00a0\u00a0\u00a0\u00a0 <a href=\"http:\/\/fcba-offshore.com\/wp-content\/uploads\/2014\/06\/Suisse-Offshore.png\"><img loading=\"lazy\" decoding=\"async\" class=\"size-medium wp-image-652 alignright\" src=\"http:\/\/fcba-offshore.com\/wp-content\/uploads\/2014\/06\/Suisse-Offshore-300x131.png\" alt=\"Suisse Offshore\" width=\"300\" height=\"131\" srcset=\"https:\/\/fcba-offshore.com\/wp-content\/uploads\/2014\/06\/Suisse-Offshore-300x131.png 300w, https:\/\/fcba-offshore.com\/wp-content\/uploads\/2014\/06\/Suisse-Offshore.png 641w, https:\/\/fcba-offshore.com\/wp-content\/uploads\/2014\/06\/Suisse-Offshore-450x196.png 450w\" sizes=\"auto, (max-width: 300px) 100vw, 300px\" \/><\/a><\/h1>\n<p>&nbsp;<\/p>\n<p>&nbsp;<\/p>\n<h1>Offshore en Suiza:<\/h1>\n<p>&nbsp;<\/p>\n<p lang=\"es-ES\" style=\"margin-bottom: 0cm;\">Suiza es una rep\u00fablica confederada de 26 estados, llamados cantones. Berna es la sede de las autoridades federales, mientras que los centros financieros del pa\u00eds se encuentran en las ciudades de Zurich, Basilea, Ginebra y Lugano.<\/p>\n<p lang=\"es-ES\" style=\"margin-bottom: 0cm;\">Actualmente, Suiza se percibe como uno de los pa\u00edses m\u00e1s desarrollados del mundo y con mayor diversidad cultural en Europa. La poblaci\u00f3n econ\u00f3micamente activa llega a los 3,8 millones de personas. Suiza cuenta con un mercado laboral m\u00e1s flexible que los pa\u00edses vecinos y el \u00edndice de desempleo se mantiene bajo.<\/p>\n<p lang=\"es-ES\">No hace falta presentar a Suiza a nivel bancario. Como en <a title=\"Monaco offshore\" href=\"https:\/\/fcba-offshore.com\/es\/monaco-offshore-sp\/\">M\u00f3naco<\/a> o en<a title=\"Luxemburgo offshore\" href=\"https:\/\/fcba-offshore.com\/es\/luxemburgo-offshore-sp\/\"> Luxemburgo<\/a>, abrir una<a title=\"Cuenta bancaria offshore\" href=\"https:\/\/fcba-offshore.com\/es\/compte-bancaire-offshore-sp\/\"> cuenta bancaria offshore<\/a> en Suiza garantiza a su titular el acceso a una gama de productos de primer plano, innovadores y eficientes. Esta jurisdicci\u00f3n offshore apreciada le garantizara el acceso a un servicio bancario elitista sorprendente.<\/p>\n<p lang=\"es-ES\">Evidentemente, abrir una <a title=\"Cuenta bancaria offshore\" href=\"https:\/\/fcba-offshore.com\/es\/compte-bancaire-offshore-sp\/\">cuenta bancaria<\/a> en Suiza tiene numerosas ventajas. Tendr\u00e1 la garant\u00eda de gozar de un secreto bancario respetado. Por otra parte tiene que saber que crear una <a title=\"Sociedad offshore\" href=\"https:\/\/fcba-offshore.com\/es\/sociedad-offshore-sp\/\">sociedad offshore<\/a> no tiene un gran inter\u00e9s. En efecto, Suiza pretende ser una jurisdicci\u00f3n limpia y costosa con una mano de obra y una administraci\u00f3n cara. Los tipos de imposici\u00f3n sobre los beneficios de las <a title=\"Sociedad offshore\" href=\"https:\/\/fcba-offshore.com\/es\/sociedad-offshore-sp\/\">sociedades offshore<\/a> son negociables con las administraciones cantonales que suele otorgar un \u201cdescuento\u201d para los 10 primeros a\u00f1os de implantaci\u00f3n de su <a title=\"Sociedad offshore\" href=\"https:\/\/fcba-offshore.com\/es\/sociedad-offshore-sp\/\">sociedad offshore<\/a>. El capital social m\u00ednimo exigido para la creaci\u00f3n de una <a title=\"Sociedad offshore\" href=\"https:\/\/fcba-offshore.com\/es\/sociedad-offshore-sp\/\">sociedad offshore<\/a> es de unos 70&#8217;000 euros.<\/p>\n<p lang=\"es-ES\"><a title=\"Inicio\" href=\"https:\/\/fcba-offshore.com\/es\/\">FCBA Offshore Ltd<\/a> recomienda Suiza a sus clientes que tengan fondos importantes para fructificar en una jurisdicci\u00f3n segura. Crear una<a title=\"Sociedad offshore\" href=\"https:\/\/fcba-offshore.com\/es\/sociedad-offshore-sp\/\"> sociedad offshore <\/a>en Suiza no tiene un gran inter\u00e9s.<\/p>\n<p lang=\"es-ES\">\u00a0Abrir una <a title=\"Cuenta bancaria offshore\" href=\"https:\/\/fcba-offshore.com\/es\/compte-bancaire-offshore-sp\/\">cuenta bancaria offshore<\/a> o crear una sociedad europea offshore en Suiza es sencillo pero tiene que tener en cuenta que el deposito inicial exigido por los bancos Suizos al abrir una <a title=\"Cuenta bancaria offshore\" href=\"https:\/\/fcba-offshore.com\/es\/compte-bancaire-offshore-sp\/\">cuenta bancaria offshore<\/a> es muy elevado.<\/p>\n<p lang=\"es-ES\" style=\"margin-bottom: 0cm;\"><a title=\"Contacto\" href=\"https:\/\/fcba-offshore.com\/es\/contact-sp\/\">Por favor, p\u00f3ngase en contacto con nosotros para cualquier tipo de informaci\u00f3n adicional.<\/a><\/p>\n<p>\u00a0* Para seguir investigando sobre Suiza, pulse <a href=\"https:\/\/repositorio.uam.es\/bitstream\/handle\/10486\/661688\/Sociedades%20holding_Cardenas_Cr%C3%B3nica%20tributaria_2013.pdf?sequence=1\">aqui<\/a>.<\/p>\n<p>&nbsp;<\/p>\n<p style=\"text-align: justify;\"><a href=\"http:\/\/fcba-offshore.com\/wp-content\/uploads\/2014\/06\/logo-small.png\"><img loading=\"lazy\" decoding=\"async\" class=\"alignnone size-full wp-image-479\" src=\"http:\/\/fcba-offshore.com\/wp-content\/uploads\/2014\/06\/logo-small.png\" alt=\"Logo offshore small\" width=\"142\" height=\"31\" \/><\/a><\/p>\n","protected":false},"excerpt":{"rendered":"<p>\u00a0\u00a0\u00a0\u00a0\u00a0\u00a0\u00a0\u00a0\u00a0\u00a0\u00a0\u00a0\u00a0\u00a0\u00a0\u00a0 &nbsp; &nbsp; Offshore en Suiza: &nbsp; Suiza es una rep\u00fablica confederada de 26 estados, llamados cantones. Berna es la sede de las autoridades federales, mientras que los centros financieros del pa\u00eds se encuentran en las ciudades de Zurich, Basilea, Ginebra y Lugano. Actualmente, Suiza se percibe como uno de los pa\u00edses m\u00e1s desarrollados del&hellip;<\/p>\n","protected":false},"author":1,"featured_media":0,"parent":0,"menu_order":0,"comment_status":"closed","ping_status":"open","template":"","meta":{"footnotes":""},"class_list":["post-3140","page","type-page","status-publish","hentry"],"_links":{"self":[{"href":"https:\/\/fcba-offshore.com\/es\/wp-json\/wp\/v2\/pages\/3140","targetHints":{"allow":["GET"]}}],"collection":[{"href":"https:\/\/fcba-offshore.com\/es\/wp-json\/wp\/v2\/pages"}],"about":[{"href":"https:\/\/fcba-offshore.com\/es\/wp-json\/wp\/v2\/types\/page"}],"author":[{"embeddable":true,"href":"https:\/\/fcba-offshore.com\/es\/wp-json\/wp\/v2\/users\/1"}],"replies":[{"embeddable":true,"href":"https:\/\/fcba-offshore.com\/es\/wp-json\/wp\/v2\/comments?post=3140"}],"version-history":[{"count":10,"href":"https:\/\/fcba-offshore.com\/es\/wp-json\/wp\/v2\/pages\/3140\/revisions"}],"predecessor-version":[{"id":3527,"href":"https:\/\/fcba-offshore.com\/es\/wp-json\/wp\/v2\/pages\/3140\/revisions\/3527"}],"wp:attachment":[{"href":"https:\/\/fcba-offshore.com\/es\/wp-json\/wp\/v2\/media?parent=3140"}],"curies":[{"name":"wp","href":"https:\/\/api.w.org\/{rel}","templated":true}]}}