{"id":3142,"date":"2016-12-26T11:16:38","date_gmt":"2016-12-26T11:16:38","guid":{"rendered":"http:\/\/fcba-offshore.com\/?page_id=3142"},"modified":"2017-03-06T16:35:11","modified_gmt":"2017-03-06T16:35:11","slug":"vanuatu-offshore-sp","status":"publish","type":"page","link":"https:\/\/fcba-offshore.com\/es\/vanuatu-offshore-sp\/","title":{"rendered":"Vanuatu offshore"},"content":{"rendered":"<h1><a href=\"http:\/\/fcba-offshore.com\/wp-content\/uploads\/2014\/06\/Vanuatu.png\"><img loading=\"lazy\" decoding=\"async\" class=\"alignnone size-full wp-image-360\" src=\"http:\/\/fcba-offshore.com\/wp-content\/uploads\/2014\/06\/Vanuatu.png\" alt=\"Vanuatu\" width=\"69\" height=\"43\" \/><\/a>\u00a0\u00a0\u00a0\u00a0\u00a0\u00a0\u00a0\u00a0\u00a0\u00a0\u00a0\u00a0\u00a0 <a href=\"http:\/\/fcba-offshore.com\/wp-content\/uploads\/2014\/06\/Vanuatu-Offshore.png\"><img loading=\"lazy\" decoding=\"async\" class=\"size-medium wp-image-655 alignright\" src=\"http:\/\/fcba-offshore.com\/wp-content\/uploads\/2014\/06\/Vanuatu-Offshore-300x131.png\" alt=\"Vanuatu Offshore\" width=\"300\" height=\"131\" srcset=\"https:\/\/fcba-offshore.com\/wp-content\/uploads\/2014\/06\/Vanuatu-Offshore-300x131.png 300w, https:\/\/fcba-offshore.com\/wp-content\/uploads\/2014\/06\/Vanuatu-Offshore.png 641w, https:\/\/fcba-offshore.com\/wp-content\/uploads\/2014\/06\/Vanuatu-Offshore-450x196.png 450w\" sizes=\"auto, (max-width: 300px) 100vw, 300px\" \/><\/a><\/h1>\n<p>&nbsp;<\/p>\n<p>&nbsp;<\/p>\n<h1>Offshore en Vanuatu:<\/h1>\n<p>&nbsp;<\/p>\n<p><span lang=\"es-ES\">Vanuatu es un archipi\u00e9lago situado en Ocean\u00eda al norte de Australia, poco conocido en Europa. Este archipi\u00e9lago pobre y con pocos habitantes (unos 260&#8217;000) decidi\u00f3 atraer capitales extranjeros para desarrollar su econom\u00eda basada en la pesca y el turismo con una pol\u00edtica fiscal ventajosa pero el pa\u00eds sufre de la ausencia de recursos naturales en su subsuelo. <\/span>Australia y Nueva Zelanda son los principales suplidores de la ayuda externa de Vanuatu.<\/p>\n<p lang=\"es-ES\">El Parlamento de Vanuatu se compone de 52 miembros elegidos cada cuatro a\u00f1os por voto popular. El l\u00edder del principal partido en el parlamento es usualmente elegido Primer Ministro, y encabeza el gobierno. El Jefe del Estado es el Presidente, elegido cada cinco a\u00f1os por el parlamento.<\/p>\n<p lang=\"es-ES\">Las ventajas que ofrece esta jurisdicci\u00f3n offshore:<\/p>\n<ul>\n<li>\n<p lang=\"es-ES\" style=\"margin-bottom: 0cm;\" align=\"JUSTIFY\">Ausencia total de IVA<\/p>\n<\/li>\n<li>\n<p lang=\"es-ES\" style=\"margin-bottom: 0cm;\" align=\"JUSTIFY\">Ausencia total de imposici\u00f3n sobre los beneficios<\/p>\n<\/li>\n<li>\n<p lang=\"es-ES\" style=\"margin-bottom: 0cm;\" align=\"JUSTIFY\">Ausencia de capital social m\u00ednimo<\/p>\n<\/li>\n<li>\n<p lang=\"es-ES\" style=\"margin-bottom: 0cm;\" align=\"JUSTIFY\">Secreto bancario garantizado (100% discreci\u00f3n)<\/p>\n<\/li>\n<li>\n<p lang=\"es-ES\" align=\"JUSTIFY\">Su nombre no aparece como titular de una <a title=\"Sociedad offshore\" href=\"https:\/\/fcba-offshore.com\/es\/sociedad-offshore-sp\/\">sociedad offshore<\/a><\/p>\n<\/li>\n<li>\n<p lang=\"es-ES\" align=\"JUSTIFY\">Ausencia de imposici\u00f3n sobre los dividendos<\/p>\n<\/li>\n<li>\n<p lang=\"es-ES\" align=\"JUSTIFY\">Impuesto sobre la renta inexistente<\/p>\n<\/li>\n<li>\n<p lang=\"es-ES\" align=\"JUSTIFY\">Ausencia de impuesto sobre las plusval\u00edas<\/p>\n<\/li>\n<\/ul>\n<p lang=\"es-ES\"><a title=\"Inicio\" href=\"https:\/\/fcba-offshore.com\/es\/\">FCBA Offshore Ltd<\/a> no recomienda la apertura de una <a title=\"Cuenta bancaria offshore\" href=\"https:\/\/fcba-offshore.com\/es\/compte-bancaire-offshore-sp\/\">cuenta bancaria offshore<\/a> en esta jurisdicci\u00f3n por la inestabilidad pol\u00edtica en el archipi\u00e9lago y por la distancia que lo separa de Europa (9h de diferencia horaria). Tener en cuenta estos dos aspectos negativos si esta interesado en abrir una <a title=\"Cuenta bancaria offshore\" href=\"https:\/\/fcba-offshore.com\/es\/compte-bancaire-offshore-sp\/\">cuenta bancaria offshore<\/a> o crear una <a title=\"Sociedad offshore\" href=\"https:\/\/fcba-offshore.com\/es\/sociedad-offshore-sp\/\">sociedad offshore<\/a> en los Vanuatu. En cambio las personas interesadas en domiciliarse en esta jurisdicci\u00f3n por razones fiscales est\u00e1n invitadas en hacerlo.<\/p>\n<p lang=\"es-ES\" align=\"JUSTIFY\">Abrir una <a title=\"Cuenta bancaria offshore\" href=\"https:\/\/fcba-offshore.com\/es\/compte-bancaire-offshore-sp\/\">cuenta bancaria offshore<\/a> o crear una <a title=\"Sociedad offshore\" href=\"https:\/\/fcba-offshore.com\/es\/sociedad-offshore-sp\/\">sociedad offshore<\/a> en el archipi\u00e9lago es f\u00e1cil. El deposito inicial exigido por los bancos es muy razonable y no debe ser un problema para la apertura de su <a title=\"Cuenta bancaria offshore\" href=\"https:\/\/fcba-offshore.com\/es\/compte-bancaire-offshore-sp\/\">cuenta bancaria offshore<\/a>.<\/p>\n<p lang=\"es-ES\" style=\"margin-bottom: 0cm;\" align=\"JUSTIFY\"><a title=\"Contacto\" href=\"https:\/\/fcba-offshore.com\/es\/contact-sp\/\">Por favor, p\u00f3ngase en contacto con nosotros para cualquier tipo de informaci\u00f3n adicional.<\/a><\/p>\n<p lang=\"es-ES\" style=\"margin-bottom: 0cm;\" align=\"JUSTIFY\">* Para seguir investigando sobre Vanuatu, pulse <a href=\"http:\/\/es.theglobaleconomy.com\/Vanuatu\/Taxes_on_goods_and_services\/\">aqui<\/a>.<\/p>\n<p><a title=\"Contacto\" href=\"https:\/\/fcba-offshore.com\/es\/contact-sp\/\">\u00a0<\/a><\/p>\n<p>&nbsp;<\/p>\n<p style=\"text-align: justify;\"><a href=\"http:\/\/fcba-offshore.com\/wp-content\/uploads\/2014\/06\/logo-small.png\"><img loading=\"lazy\" decoding=\"async\" class=\"alignnone size-full wp-image-479\" src=\"http:\/\/fcba-offshore.com\/wp-content\/uploads\/2014\/06\/logo-small.png\" alt=\"Logo offshore small\" width=\"142\" height=\"31\" \/><\/a><\/p>\n<p><a href=\"\" target=\"_blank\"><a href=\"http:\/\/www.portal-seo.com\" title=\"Tutoriales SEO, herramientas SEO y foro SEO\" target=\"_blank\"><img decoding=\"async\" border=\"0\" src=\"http:\/\/www.portal-seo.com\/images\/firma_Portal-Seo.gif\" style=\"color:black;text-decoration:none;cursor:pointer\"\/><\/a><\/p>\n<p><a href=\"http:\/\/www.anadir-sitio.com\" target=\"_blank\"><img loading=\"lazy\" decoding=\"async\" src=\"http:\/\/www.anadir-sitio.com\/imagene\/banner-90x30.gif\" alt=\"A\u00f1adir sitio web, anadir-sitio.com\" width=\"90\" height=\"30\" border=\"0\"><\/a><\/p>\n","protected":false},"excerpt":{"rendered":"<p>\u00a0\u00a0\u00a0\u00a0\u00a0\u00a0\u00a0\u00a0\u00a0\u00a0\u00a0\u00a0\u00a0 &nbsp; &nbsp; Offshore en Vanuatu: &nbsp; Vanuatu es un archipi\u00e9lago situado en Ocean\u00eda al norte de Australia, poco conocido en Europa. Este archipi\u00e9lago pobre y con pocos habitantes (unos 260&#8217;000) decidi\u00f3 atraer capitales extranjeros para desarrollar su econom\u00eda basada en la pesca y el turismo con una pol\u00edtica fiscal ventajosa pero el pa\u00eds sufre&hellip;<\/p>\n","protected":false},"author":1,"featured_media":0,"parent":0,"menu_order":0,"comment_status":"closed","ping_status":"open","template":"","meta":{"footnotes":""},"class_list":["post-3142","page","type-page","status-publish","hentry"],"_links":{"self":[{"href":"https:\/\/fcba-offshore.com\/es\/wp-json\/wp\/v2\/pages\/3142","targetHints":{"allow":["GET"]}}],"collection":[{"href":"https:\/\/fcba-offshore.com\/es\/wp-json\/wp\/v2\/pages"}],"about":[{"href":"https:\/\/fcba-offshore.com\/es\/wp-json\/wp\/v2\/types\/page"}],"author":[{"embeddable":true,"href":"https:\/\/fcba-offshore.com\/es\/wp-json\/wp\/v2\/users\/1"}],"replies":[{"embeddable":true,"href":"https:\/\/fcba-offshore.com\/es\/wp-json\/wp\/v2\/comments?post=3142"}],"version-history":[{"count":10,"href":"https:\/\/fcba-offshore.com\/es\/wp-json\/wp\/v2\/pages\/3142\/revisions"}],"predecessor-version":[{"id":3535,"href":"https:\/\/fcba-offshore.com\/es\/wp-json\/wp\/v2\/pages\/3142\/revisions\/3535"}],"wp:attachment":[{"href":"https:\/\/fcba-offshore.com\/es\/wp-json\/wp\/v2\/media?parent=3142"}],"curies":[{"name":"wp","href":"https:\/\/api.w.org\/{rel}","templated":true}]}}