{"id":3149,"date":"2016-12-26T11:22:36","date_gmt":"2016-12-26T11:22:36","guid":{"rendered":"http:\/\/fcba-offshore.com\/?page_id=3149"},"modified":"2017-02-05T07:17:23","modified_gmt":"2017-02-05T07:17:23","slug":"faq-sp","status":"publish","type":"page","link":"https:\/\/fcba-offshore.com\/es\/faq-sp\/","title":{"rendered":"Preguntas frecuentes"},"content":{"rendered":"<p style=\"text-align: justify;\"><b>Que es una <a title=\"Sociedad Offshore\" href=\"https:\/\/fcba-offshore.com\/es\/slider\/sociedad-offshore-2\/\">sociedad offshore<\/a> ?\u202f<\/b><br \/>\nEs una sociedad domiciliada en un pa\u00eds (por\u00a0motivos fiscales) pero que tiene su actividad fuera de este pa\u00eds<\/p>\n<p style=\"text-align: justify;\"><b>Cuales son las ventajas de una<a title=\"Sociedad offshore\" href=\"https:\/\/fcba-offshore.com\/es\/sociedad-offshore-sp\/\"> sociedad offshore<\/a> ?<\/b><br \/>\nMenos impuestos en relaci\u00f3n con sus beneficios, las obligaciones contables y administrativas\u00a0 son simplificadas comparando con una empresa cl\u00e1sica y goza de una gran discreci\u00f3n y confidencialidad<\/p>\n<p style=\"text-align: justify;\"><b>Cual es el mejor sitio para abrir una <a title=\"Sociedad offshore\" href=\"https:\/\/fcba-offshore.com\/es\/sociedad-offshore-sp\/\">sociedad offshore<\/a>?<\/b><br \/>\nNo existe \u201cmejor sitio\u201d. Existe \u201cel\u201d mejor sitio para cada situaci\u00f3n personal o profesional de nuestros clientes<\/p>\n<p style=\"text-align: justify;\"><b>Es obligatorio tener una conta<\/b><b>bilidad para un<a title=\"Sociedad offshore\" href=\"https:\/\/fcba-offshore.com\/es\/sociedad-offshore-sp\/\"> sociedad offshore<\/a><\/b><a href=\"http:\/\/fcba-offshore.com\/societe-offshore\/\"><b>\u00a0<\/b><\/a><b>?<\/b><br \/>\nDepende del pa\u00eds donde\u00a0sera\u00a0creada su sociedad. Pero de todos modos, <a title=\"Inicio\" href=\"https:\/\/fcba-offshore.com\/es\/\">FCBA Offshore\u00a0Ltd<\/a>\u00a0se har\u00e1\u00a0 cargo para usted de todos los tramites contables y administrativos.<\/p>\n<p style=\"text-align: justify;\"><b>Cuanto tiempo para crear una <a title=\"Sociedad offshore\" href=\"https:\/\/fcba-offshore.com\/es\/sociedad-offshore-sp\/\">sociedad offshore<\/a> ?<\/b><br \/>\nSe puede crear una sociedad offshore en una semana. Todo depende de la rapidez de los intercambios de informaci\u00f3n entre usted y <a title=\"Contacto\" href=\"https:\/\/fcba-offshore.com\/es\/contact-sp\/\">FCBA Offshore\u00a0Ltd<\/a>, en general entre 2 y 3 semanas.<\/p>\n<p style=\"text-align: justify;\"><b>Como diferenciar di<\/b><b>rector y accionario?<\/b><br \/>\nUn accionario es el propietario de la sociedad y el director es la persona que la dirige para el accionario que lo nombro al cargo de director.<\/p>\n<p style=\"text-align: justify;\"><b>Se puede ser accionario y director a la vez?<\/b><br \/>\nClaro. Es muy corriente que las peque\u00f1as empresas est\u00e9n dirigidas por su propietario. La mayor\u00eda de nuestros clientes\u00a0 escogen esta soluci\u00f3n. Sin embargo les aconsejamos que nombren un director y un accionario \u201cnominado\u201d para una confidencialidad m\u00e1xima.<\/p>\n<p style=\"text-align: justify;\"><b>Una <a title=\"Sociedad offshore\" href=\"https:\/\/fcba-offshore.com\/es\/sociedad-offshore-sp\/\">sociedad offshore<\/a> significa sin impuestos<\/b><b>\u00a0?<\/b><br \/>\nNo. Las ventajas de <a title=\"Sociedad offshore\" href=\"https:\/\/fcba-offshore.com\/es\/sociedad-offshore-sp\/\">las diferentes jurisdicciones<\/a> son variables pero existen jurisdicciones donde los impuestos relacionados con su actividad ser\u00e1n reducidos al m\u00ednimo (impuesto anual a tanto alzado independientemente de los resultados de la sociedad).<\/p>\n<p style=\"text-align: justify;\"><b>Hay que desplazarse para abrir una <a title=\"Sociedad offshore\" href=\"https:\/\/fcba-offshore.com\/es\/sociedad-offshore-sp\/\">sociedad offshore<\/a>?<\/b><br \/>\nNo. Gracias a nuestra red de profesionales FCBA Offshore\u00a0ltd, no\u00a0sera\u00a0necesario. Le pediremos solamente una serie de documentos por email (por correo en algunos casos).<\/p>\n<p style=\"text-align: justify;\"><b>La creaci\u00f3n de una<a title=\"Sociedad offshore\" href=\"https:\/\/fcba-offshore.com\/es\/sociedad-offshore-sp\/\"> sociedad offsh<\/a><\/b><b><a title=\"Sociedad offshore\" href=\"https:\/\/fcba-offshore.com\/es\/sociedad-offshore-sp\/\">ore<\/a> implica autom\u00e1ticamente la apertura de una<a title=\"Cuenta bancaria offshore\" href=\"https:\/\/fcba-offshore.com\/es\/compte-bancaire-offshore-sp\/\"> cuenta bancaria offshore<\/a>?<\/b><br \/>\nClaro. Su <a title=\"Sociedad offshore\" href=\"https:\/\/fcba-offshore.com\/es\/sociedad-offshore-sp\/\">sociedad offshore<\/a> necesita una <a title=\"Cuenta bancaria offshore\" href=\"https:\/\/fcba-offshore.com\/es\/compte-bancaire-offshore-sp\/\">cuenta bancaria<\/a> para pagar o cobrar facturas. Nuestro trabajo es acompa\u00f1arle durante los tramites y aconsejarle el banco mas adaptado a su necesidades. Sin embargo, si lo desea puede tramitar la apertura de la <a title=\"Cuenta bancaria offshore\" href=\"https:\/\/fcba-offshore.com\/es\/compte-bancaire-offshore-sp\/\">cuenta bancaria<\/a> de su<a title=\"Sociedad offshore\" href=\"https:\/\/fcba-offshore.com\/es\/sociedad-offshore-sp\/\"> sociedad offshore<\/a> por si mismo.<\/p>\n<p style=\"text-align: justify;\"><b>Es posible abrir una cuenta personal\u00a0ademas\u00a0de la cuenta de la <a title=\"Sociedad offshore\" href=\"https:\/\/fcba-offshore.com\/es\/sociedad-offshore-sp\/\">sociedad offshore<\/a>?<\/b><br \/>\nSi, recomendamos la apertura de una cuenta personal\u00a0ademas\u00a0de la cuenta de su <a title=\"Sociedad offshore\" href=\"https:\/\/fcba-offshore.com\/es\/sociedad-offshore-sp\/\">sociedad offshore<\/a> para claramente disociar la persona moral (su empresa) y la persona f\u00edsica (usted).<\/p>\n<p style=\"text-align: justify;\"><b>Cuanto cuesta el mantenimiento de la <a title=\"Cuenta bancaria offshore\" href=\"https:\/\/fcba-offshore.com\/es\/compte-bancaire-offshore-sp\/\">cuenta bancaria offshore<\/a>\u00a0 ?<\/b><br \/>\nLos gastos de mantenimiento de la cuenta bancaria dependen del\u00a0tipo de cuenta, de los servicios bancarios que habr\u00e1 contratado, y del banco, pero las tarifas del offshore\u00a0banking\u00a0siempre son muy competitivos y siempre prestamos mucha atenci\u00f3n en reducir\u00a0 los gastos bancarios de nuestros clientes: usted.<\/p>\n<p style=\"text-align: justify;\"><b>S<\/b><b>e pued<\/b><b>e tener<\/b><b>\u00a0varias divisas en una misma<a title=\"Cuenta bancaria offshore\" href=\"https:\/\/fcba-offshore.com\/es\/compte-bancaire-offshore-sp\/\"> cuenta bancaria offshore<\/a>?<\/b><br \/>\nSi. La mayor\u00eda de la bancos que trabajan con nosotros proponen cuentas bancarias\u00a0multidivisas\u00a0personales o profesionales en EUR, USD, GBP&#8230; Este tipo de cuenta permiten reducir las comisiones de cambio al m\u00ednimo.<\/p>\n<p style=\"text-align: justify;\"><b>De que manera puedo utilizar los fondos de mi <a title=\"Cuenta bancaria offshore\" href=\"https:\/\/fcba-offshore.com\/es\/compte-bancaire-offshore-sp\/\">cuenta bancaria offshore<\/a>?<\/b><br \/>\nTiene varias opciones. Con su tarjeta bancaria puede pagar a trav\u00e9s de Internet, sacar efectivo en los cajeros autom\u00e1ticos en cualquier parte del mundo, y pagar en las tiendas y restaurantes.\u00a0Ademas\u00a0con el Internet\u00a0banking\u00a0puede hacer todo tipo de transferencias a trav\u00e9s el mundo.<\/p>\n<p style=\"text-align: justify;\"><b>En que consiste la administraci\u00f3n de una <a title=\"Sociedad offshore\" href=\"https:\/\/fcba-offshore.com\/es\/sociedad-offshore-sp\/\">sociedad offshore<\/a>?<\/b><br \/>\nLa administraci\u00f3n de una <a title=\"Sociedad offshore\" href=\"https:\/\/fcba-offshore.com\/es\/sociedad-offshore-sp\/\">sociedad offshore<\/a> se limita a cumplir las obligaciones legales ante las administraciones del pa\u00eds donde esta registrada su sociedad. En<a title=\"Inicio\" href=\"https:\/\/fcba-offshore.com\/es\/\"> FCBA Offshore\u00a0Ltd<\/a>\u00a0sabemos que nuestros clientes no tienen la capacidad o la voluntad de encargarse de esto por ellos mismos y le proponemos de encargarnos de estos tramites para usted y de conservar los documentos relativos a su sociedad para una discreci\u00f3n y seguridad m\u00e1xima.<\/p>\n<p style=\"text-align: justify;\"><b>Como se\u00a0tri\u00e1\u00a0el nombre de la <a title=\"Sociedad offshore\" href=\"https:\/\/fcba-offshore.com\/es\/sociedad-offshore-sp\/\">sociedad offshore<\/a>?<\/b><br \/>\nEs usted quien decide de un nombre para su <a title=\"Sociedad offshore\" href=\"https:\/\/fcba-offshore.com\/es\/sociedad-offshore-sp\/\">sociedad offshore<\/a>. Solo tendr\u00e1 que comunicarnos el nombre que habr\u00e1 triado y <a title=\"Contacto\" href=\"https:\/\/fcba-offshore.com\/es\/contact-sp\/\">FCBA Offshore\u00a0Ltd<\/a>\u00a0se encargara de verificar si este nombre esta disponible.<\/p>\n<p style=\"text-align: justify;\"><b>Que es la certificaci\u00f3n notarial y la apostilla?<\/b><br \/>\nLa certificaci\u00f3n notarial es la etapa legal que garantiza que su sociedad cumple los requisitos legales del pa\u00eds donde\u00a0esta creada. Esta hecha\u00a0 por un notario\u00a0 que certifica de esta legalidad entreg\u00e1ndole una apostilla.<\/p>\n<p>&nbsp;<\/p>\n<p style=\"text-align: justify;\"><a title=\"Contacto\" href=\"https:\/\/fcba-offshore.com\/es\/contact-sp\/\">Para cualquier complemento de informaci\u00f3n, por favor p\u00f3ngase directamente en contacto con los equipos de FCBA Offshore Ltd.<\/a><\/p>\n<p><a href=\"http:\/\/fcba-offshore.com\/wp-content\/uploads\/2014\/06\/logo-small.png\"><img loading=\"lazy\" decoding=\"async\" class=\"alignnone size-full wp-image-479\" src=\"http:\/\/fcba-offshore.com\/wp-content\/uploads\/2014\/06\/logo-small.png\" alt=\"Logo offshore small\" width=\"142\" height=\"31\" \/><\/a><\/p>\n","protected":false},"excerpt":{"rendered":"<p>Que es una sociedad offshore ?\u202f Es una sociedad domiciliada en un pa\u00eds (por\u00a0motivos fiscales) pero que tiene su actividad fuera de este pa\u00eds Cuales son las ventajas de una sociedad offshore ? Menos impuestos en relaci\u00f3n con sus beneficios, las obligaciones contables y administrativas\u00a0 son simplificadas comparando con una empresa cl\u00e1sica y goza de&hellip;<\/p>\n","protected":false},"author":1,"featured_media":0,"parent":0,"menu_order":0,"comment_status":"closed","ping_status":"open","template":"","meta":{"footnotes":""},"class_list":["post-3149","page","type-page","status-publish","hentry"],"_links":{"self":[{"href":"https:\/\/fcba-offshore.com\/es\/wp-json\/wp\/v2\/pages\/3149","targetHints":{"allow":["GET"]}}],"collection":[{"href":"https:\/\/fcba-offshore.com\/es\/wp-json\/wp\/v2\/pages"}],"about":[{"href":"https:\/\/fcba-offshore.com\/es\/wp-json\/wp\/v2\/types\/page"}],"author":[{"embeddable":true,"href":"https:\/\/fcba-offshore.com\/es\/wp-json\/wp\/v2\/users\/1"}],"replies":[{"embeddable":true,"href":"https:\/\/fcba-offshore.com\/es\/wp-json\/wp\/v2\/comments?post=3149"}],"version-history":[{"count":8,"href":"https:\/\/fcba-offshore.com\/es\/wp-json\/wp\/v2\/pages\/3149\/revisions"}],"predecessor-version":[{"id":3487,"href":"https:\/\/fcba-offshore.com\/es\/wp-json\/wp\/v2\/pages\/3149\/revisions\/3487"}],"wp:attachment":[{"href":"https:\/\/fcba-offshore.com\/es\/wp-json\/wp\/v2\/media?parent=3149"}],"curies":[{"name":"wp","href":"https:\/\/api.w.org\/{rel}","templated":true}]}}