{"id":1754,"date":"2015-11-20T09:47:30","date_gmt":"2015-11-20T09:47:30","guid":{"rendered":"http:\/\/fcba-offshore.com\/?page_id=1754"},"modified":"2023-02-22T16:02:28","modified_gmt":"2023-02-22T16:02:28","slug":"1754-2","status":"publish","type":"page","link":"https:\/\/fcba-offshore.com\/sk\/","title":{"rendered":"Offshore podnikanie"},"content":{"rendered":"<h1><strong>Offshore svet so spolo\u010dnos\u0165ou FCBA Offshore Ltd:<\/strong><\/h1>\n<p><!-- Google tag (gtag.js) --><br \/>\n<script async src=\"https:\/\/www.googletagmanager.com\/gtag\/js?id=UA-74936480-1\"><\/script><br \/>\n<script>\n  window.dataLayer = window.dataLayer || [];\n  function gtag(){dataLayer.push(arguments);}\n  gtag('js', new Date());<\/p>\n<p>  gtag('config', 'UA-74936480-1');\n<\/script><\/p>\n<p style=\"text-align: justify;\">V\u00e1\u017een\u00ed \u010ditatelia,<\/p>\n<p>&nbsp;<\/p>\n<p style=\"text-align: justify;\"><a href=\"https:\/\/fcba-offshore.com\/sk\/kontakt\/\">FCBA Offshore Ltd<\/a> je \u0161pecialista na <a href=\"https:\/\/fcba-offshore.com\/sk\/offshore-spolocnosti\/\">offshore podnikanie<\/a> a\u00a0na\u0161i sk\u00fasen\u00ed odborn\u00edci s\u00fa v\u00e1m k\u00a0dispoz\u00edcii zodpoveda\u0165 v\u0161etky va\u0161e ot\u00e1zky. <a href=\"https:\/\/fcba-offshore.com\/sk\/\">FCBA Offshore Ltd<\/a> bola zalo\u017een\u00e1 sk\u00fasen\u00fdmi odborn\u00edkmi z offshore prostredia, ktor\u00ed boli ochotn\u00ed zalo\u017ei\u0165 svoju vlastn\u00fa spolo\u010dnos\u0165 aj v\u010faka ich siln\u00fdm v\u00e4zb\u00e1m v podnikan\u00ed. V\u010faka svojej sieti, <a href=\"https:\/\/fcba-offshore.com\/sk\/kontakt\/\">FCBA Offshore Ltd<\/a> bola schopn\u00e1 vytvori\u0165 jednoduch\u00e9, efekt\u00edvne a cenovo dostupn\u00e9 offshore produkty.<\/p>\n<p style=\"text-align: justify;\">Na\u0161ou \u00falohou je n\u00e1js\u0165 tak\u00e9 <a href=\"https:\/\/fcba-offshore.com\/sk\/offshore-bankovy-ucet\/\">offshore rie\u0161enie<\/a>, ktor\u00e9 bude vyhovova\u0165 va\u0161ej osobnej alebo profesijnej situ\u00e1cii a stara\u0165 sa o v\u0161etky administrat\u00edvne \u00falohy s\u00favisiace so za\u010dlenen\u00edm va\u0161ej offshore spolo\u010dnosti, a z\u00e1rove\u0148 o rie\u0161enia spojen\u00e9 s ostatn\u00fdmi \u00falohami (vr\u00e1tane \u00fa\u010dtovn\u00fdch), ktor\u00e9 s\u00fa po\u017eadovan\u00e9 mesa\u010dne, \u0161tvr\u0165ro\u010dne alebo ro\u010dne. T\u00e1to skuto\u010dnos\u0165 je na\u0161ou ve\u013ekou v\u00fdhodou oproti konkurencii, ktor\u00e1 je v\u017edy pripraven\u00e1 v\u00e1m pom\u00f4c\u0165 iba v za\u010diatkoch pri registrovan\u00ed va\u0161ej spolo\u010dnosti, ale nesk\u00f4r zmizne a v\u00e1m ni\u010d in\u00e9 neost\u00e1va len poradi\u0165 si s administrat\u00edvou svojpomocne.<\/p>\n<p style=\"text-align: justify;\">Preto ak sa rozhodnete d\u00f4verova\u0165 n\u00e1m a spolupracova\u0165 s nami, garantujeme v\u00e1m vysok\u00fa kvalitu slu\u017eieb spolu s diskr\u00e9tnos\u0165ou a pr\u00edstupom ku v\u0161etk\u00fdm v\u00fdhod\u00e1m <a href=\"https:\/\/fcba-offshore.com\/sk\/offshore-spolocnosti\/\">offshore podnikania<\/a> na dlhodobom z\u00e1klade.<\/p>\n<p style=\"text-align: justify;\">Po prvom kontakte cez email sa v\u00e1m ozveme do 48 hod\u00edn a spolo\u010dne s vami n\u00e1jdeme rie\u0161enie, ktor\u00e9 bude vyhovova\u0165 va\u0161ej osobnej alebo profesijnej situ\u00e1cii. Pre n\u00e1s je k\u013e\u00fa\u010dov\u00e9 vedie\u0165, \u010do v\u00e1s viedlo k offshore podnikaniu. Na\u0161i sk\u00fasen\u00ed konzultanti s\u00fa v\u017edy pripraven\u00ed poradi\u0165 a navrhn\u00fa\u0165 v\u00e1m optim\u00e1lne rie\u0161enie. <a href=\"https:\/\/fcba-offshore.com\/sk\/offshore-spolocnosti\/\">Offshore podnikanie<\/a> sa nes\u00fastred\u00ed len na ur\u010dit\u00fa skupinu os\u00f4b, na\u0161im cie\u013eom v <a href=\"https:\/\/fcba-offshore.com\/sk\/\">FCBA Offshore Ltd<\/a> je pon\u00faknu\u0165 \u010do najviac v\u00fdhod pre konkr\u00e9tneho klienta.<\/p>\n<p style=\"text-align: justify;\"><strong>JEDNODUCHOS\u0164<\/strong>, <strong>EFEKTIVITA<\/strong> a\u00a0<strong>\u00daSPORNOS\u0164<\/strong> &#8211; to je to, \u010do v\u00e1m vieme zaru\u010di\u0165.<\/p>\n<p style=\"text-align: justify;\">Nav\u0161t\u00edvte na\u0161u webov\u00fa str\u00e1nku a dozviete sa viac o na\u0161ich pon\u00fakan\u00fdch produktoch a slu\u017eb\u00e1ch. Sme st\u00e1le pripraven\u00ed poskytn\u00fa\u0165 v\u00e1m to prav\u00e9 <a href=\"https:\/\/fcba-offshore.com\/sk\/offshore-spolocnosti\/\">rie\u0161enie<\/a> pre Va\u0161e <a href=\"https:\/\/fcba-offshore.com\/sk\/\">offshore podnikanie<\/a>.<\/p>\n<p>&nbsp;<\/p>\n<p style=\"text-align: justify;\">Prajeme v\u00e1m pr\u00edjemne str\u00e1ven\u00fd \u010das na na\u0161ich webov\u00fdch str\u00e1nkach,<\/p>\n<p style=\"text-align: justify;\">T\u00edm FCBA Offshore Ltd,<\/p>\n<p>&nbsp;<\/p>\n<p style=\"text-align: justify;\"><a href=\"http:\/\/fcba-offshore.com\/wp-content\/uploads\/2014\/06\/logo-small.png\"><img loading=\"lazy\" decoding=\"async\" class=\"alignnone size-full wp-image-479\" src=\"http:\/\/fcba-offshore.com\/wp-content\/uploads\/2014\/06\/logo-small.png\" alt=\"Logo offshore small\" width=\"142\" height=\"31\" \/><\/a><\/p>\n","protected":false},"excerpt":{"rendered":"<p>Offshore svet so spolo\u010dnos\u0165ou FCBA Offshore Ltd: V\u00e1\u017een\u00ed \u010ditatelia, &nbsp; FCBA Offshore Ltd je \u0161pecialista na offshore podnikanie a\u00a0na\u0161i sk\u00fasen\u00ed odborn\u00edci s\u00fa v\u00e1m k\u00a0dispoz\u00edcii zodpoveda\u0165 v\u0161etky va\u0161e ot\u00e1zky. FCBA Offshore Ltd bola zalo\u017een\u00e1 sk\u00fasen\u00fdmi odborn\u00edkmi z offshore prostredia, ktor\u00ed boli ochotn\u00ed zalo\u017ei\u0165 svoju vlastn\u00fa spolo\u010dnos\u0165 aj v\u010faka ich siln\u00fdm v\u00e4zb\u00e1m v podnikan\u00ed. V\u010faka svojej sieti,&hellip;<\/p>\n","protected":false},"author":1,"featured_media":0,"parent":0,"menu_order":0,"comment_status":"closed","ping_status":"open","template":"template_homepage1.php","meta":{"footnotes":""},"class_list":["post-1754","page","type-page","status-publish","hentry"],"_links":{"self":[{"href":"https:\/\/fcba-offshore.com\/sk\/wp-json\/wp\/v2\/pages\/1754","targetHints":{"allow":["GET"]}}],"collection":[{"href":"https:\/\/fcba-offshore.com\/sk\/wp-json\/wp\/v2\/pages"}],"about":[{"href":"https:\/\/fcba-offshore.com\/sk\/wp-json\/wp\/v2\/types\/page"}],"author":[{"embeddable":true,"href":"https:\/\/fcba-offshore.com\/sk\/wp-json\/wp\/v2\/users\/1"}],"replies":[{"embeddable":true,"href":"https:\/\/fcba-offshore.com\/sk\/wp-json\/wp\/v2\/comments?post=1754"}],"version-history":[{"count":21,"href":"https:\/\/fcba-offshore.com\/sk\/wp-json\/wp\/v2\/pages\/1754\/revisions"}],"predecessor-version":[{"id":4074,"href":"https:\/\/fcba-offshore.com\/sk\/wp-json\/wp\/v2\/pages\/1754\/revisions\/4074"}],"wp:attachment":[{"href":"https:\/\/fcba-offshore.com\/sk\/wp-json\/wp\/v2\/media?parent=1754"}],"curies":[{"name":"wp","href":"https:\/\/api.w.org\/{rel}","templated":true}]}}