{"id":1757,"date":"2015-12-10T09:17:39","date_gmt":"2015-12-10T09:17:39","guid":{"rendered":"http:\/\/fcba-offshore.com\/?page_id=1757"},"modified":"2016-09-29T15:46:16","modified_gmt":"2016-09-29T15:46:16","slug":"offshore-spolocnost-v-andorre","status":"publish","type":"page","link":"https:\/\/fcba-offshore.com\/sk\/offshore-spolocnost-v-andorre\/","title":{"rendered":"Offshore spolo\u010dnos\u0165 v Andorre"},"content":{"rendered":"<h1><a href=\"http:\/\/fcba-offshore.com\/wp-content\/uploads\/2014\/06\/Andorre.png\"><img loading=\"lazy\" decoding=\"async\" class=\"alignnone size-full wp-image-369\" src=\"http:\/\/fcba-offshore.com\/wp-content\/uploads\/2014\/06\/Andorre.png\" alt=\"Andorre\" width=\"68\" height=\"48\" \/><\/a> <a href=\"http:\/\/fcba-offshore.com\/wp-content\/uploads\/2014\/06\/Andorre-offshore.png\"><img loading=\"lazy\" decoding=\"async\" class=\"size-medium wp-image-538 alignright\" src=\"http:\/\/fcba-offshore.com\/wp-content\/uploads\/2014\/06\/Andorre-offshore-300x131.png\" alt=\"Andorre offshore\" width=\"300\" height=\"131\" srcset=\"https:\/\/fcba-offshore.com\/wp-content\/uploads\/2014\/06\/Andorre-offshore-300x131.png 300w, https:\/\/fcba-offshore.com\/wp-content\/uploads\/2014\/06\/Andorre-offshore.png 641w, https:\/\/fcba-offshore.com\/wp-content\/uploads\/2014\/06\/Andorre-offshore-450x196.png 450w\" sizes=\"auto, (max-width: 300px) 100vw, 300px\" \/><\/a><\/h1>\n<p>&nbsp;<\/p>\n<h1>Offshore spolo\u010dnos\u0165 v Andorre:<\/h1>\n<p>&nbsp;<\/p>\n<p style=\"text-align: justify;\">Andorra je vo svete zn\u00e1ma najm\u00e4 svojou jurisdikciou naklonenou zakladaniu <a href=\"https:\/\/fcba-offshore.com\/sk\/offshore-spolocnosti\/\">offshore spolo\u010dnost\u00ed<\/a>. Tento mikro\u0161t\u00e1t sa nach\u00e1dza v\u00a0z\u00e1padn\u00fdch Pyrenejach medzi Franc\u00fazskom a\u00a0\u0160panielskom. Do roku 2009 tento mal\u00fd \u0161t\u00e1t, ktor\u00fd os\u00edd\u013euje pribli\u017ene 80,000 obyvate\u013eov, nekomunikoval \u017eiadne citliv\u00e9 ot\u00e1zky t\u00fdkaj\u00face sa bankov\u00e9ho tajomstva. Bohu\u017eia\u013e, tento stav u\u017e neplat\u00ed, ke\u010f\u017ee Andorra je ekonomicky z\u00e1visl\u00e1 od Eur\u00f3pskej \u00danie. Navy\u0161e, franc\u00fazsky prezident Fran\u00e7ois Hollande m\u00e1 v\u00a0tomto knie\u017eatstve rolu jedn\u00e9ho z princov.<\/p>\n<p style=\"text-align: justify;\">Z\u00a0da\u0148ov\u00e9ho h\u013eadiska m\u00f4\u017ee by\u0165 t\u00e1to krajina pre V\u00e1s ve\u013emi zauj\u00edmav\u00e1, ke\u010f\u017ee offshore <a href=\"https:\/\/fcba-offshore.com\/sk\/offshore-bank-account-2\/\">bankov\u00fd \u00fa\u010det<\/a> a\u00a0<a href=\"https:\/\/fcba-offshore.com\/sk\/offshore-spolocnosti\/\">offshore spolo\u010dnos\u0165<\/a> v\u00a0Andorre maj\u00fa nasleduj\u00face v\u00fdhody:<\/p>\n<ul style=\"text-align: justify;\">\n<ul>\n<ul>\n<li>\u017diadna da\u0148 z pr\u00edjmu (v pr\u00edpade rezidencie knie\u017eatstva)<\/li>\n<li>\u017diadna milion\u00e1rska da\u0148 alebo da\u0148 z majetku (v pr\u00edpade rezidencie knie\u017eatstva)<\/li>\n<li>N\u00edzka DPH \u00a0(4,5% od 1.1.2013)<\/li>\n<li>Iba 10% da\u0148 z\u00a0pr\u00edjmu pre spolo\u010dnosti pre rezidentov aj nerezidentov<\/li>\n<\/ul>\n<\/ul>\n<\/ul>\n<p style=\"text-align: justify;\">V spolo\u010dnosti FCBA Offshore Ltd. odpor\u00fa\u010dame otvori\u0165 <a href=\"https:\/\/fcba-offshore.com\/sk\/offshore-bank-account-2\/\">bankov\u00fd \u00fa\u010det<\/a> alebo zalo\u017ei\u0165 <a href=\"https:\/\/fcba-offshore.com\/sk\/offshore-spolocnosti\/\">offshore spolo\u010dnos\u0165<\/a> v\u00a0knie\u017eatstve Andorry hlavne nerezidentom E\u00da, a\u00a0to kv\u00f4li vysokej miere spolupr\u00e1ce medzi E\u00da a\u00a0knie\u017eatstvom. Preto u\u017e nemo\u017eno pova\u017eova\u0165 Andorru ako miesto s\u00a0vysok\u00fdm bankov\u00fdm tajomstvom pre \u010dlenov E\u00da.<\/p>\n<p style=\"text-align: justify;\">Otvorenie offshore <a href=\"https:\/\/fcba-offshore.com\/sk\/offshore-bank-account-2\/\">bankov\u00e9ho \u00fa\u010dtu<\/a> alebo <a href=\"https:\/\/fcba-offshore.com\/sk\/offshore-spolocnosti\/\">offshore spolo\u010dnosti<\/a> v\u00a0Andorre je v\u0161ak pre V\u00e1s st\u00e1le v\u00fdhodn\u00e9, ke\u010f\u017ee na\u0161a spolo\u010dnos\u0165 vie v\u010faka kontaktom v\u00a0krajine pon\u00faknu\u0165 v\u00fdhodn\u00fa spolupr\u00e1cu, z\u00a0ktorej bud\u00fa profitova\u0165 obe strany.<\/p>\n<p style=\"text-align: justify;\">Berte v\u0161ak pros\u00edm na vedomie, \u017ee \u00favodn\u00fd vklad po\u017eadovan\u00fd miestnymi bankami je pomerne vysok\u00fd, st\u00e1le v\u0161ak ni\u017e\u0161\u00ed ako vklady po\u017eadovan\u00e9 vo \u0160vaj\u010diarsku.<\/p>\n<p style=\"text-align: justify;\">V\u00a0pr\u00edpade \u010fal\u0161\u00edch ot\u00e1zok nev\u00e1hajte pros\u00edm <a href=\"https:\/\/fcba-offshore.com\/sk\/kontakt\/\">kontaktova\u0165 pracovn\u00edkov\u00a0FCBA Offshore Ltd<\/a>.<\/p>\n<p>&nbsp;<\/p>\n<p style=\"text-align: justify;\"><a href=\"http:\/\/fcba-offshore.com\/wp-content\/uploads\/2014\/06\/logo-small.png\"><img loading=\"lazy\" decoding=\"async\" class=\"alignnone size-full wp-image-479\" src=\"http:\/\/fcba-offshore.com\/wp-content\/uploads\/2014\/06\/logo-small.png\" alt=\"Logo offshore small\" width=\"142\" height=\"31\" \/><\/a><\/p>\n","protected":false},"excerpt":{"rendered":"<p>&nbsp; Offshore spolo\u010dnos\u0165 v Andorre: &nbsp; Andorra je vo svete zn\u00e1ma najm\u00e4 svojou jurisdikciou naklonenou zakladaniu offshore spolo\u010dnost\u00ed. Tento mikro\u0161t\u00e1t sa nach\u00e1dza v\u00a0z\u00e1padn\u00fdch Pyrenejach medzi Franc\u00fazskom a\u00a0\u0160panielskom. Do roku 2009 tento mal\u00fd \u0161t\u00e1t, ktor\u00fd os\u00edd\u013euje pribli\u017ene 80,000 obyvate\u013eov, nekomunikoval \u017eiadne citliv\u00e9 ot\u00e1zky t\u00fdkaj\u00face sa bankov\u00e9ho tajomstva. Bohu\u017eia\u013e, tento stav u\u017e neplat\u00ed, ke\u010f\u017ee Andorra je ekonomicky&hellip;<\/p>\n","protected":false},"author":1,"featured_media":0,"parent":0,"menu_order":0,"comment_status":"closed","ping_status":"open","template":"","meta":{"footnotes":""},"class_list":["post-1757","page","type-page","status-publish","hentry"],"_links":{"self":[{"href":"https:\/\/fcba-offshore.com\/sk\/wp-json\/wp\/v2\/pages\/1757","targetHints":{"allow":["GET"]}}],"collection":[{"href":"https:\/\/fcba-offshore.com\/sk\/wp-json\/wp\/v2\/pages"}],"about":[{"href":"https:\/\/fcba-offshore.com\/sk\/wp-json\/wp\/v2\/types\/page"}],"author":[{"embeddable":true,"href":"https:\/\/fcba-offshore.com\/sk\/wp-json\/wp\/v2\/users\/1"}],"replies":[{"embeddable":true,"href":"https:\/\/fcba-offshore.com\/sk\/wp-json\/wp\/v2\/comments?post=1757"}],"version-history":[{"count":18,"href":"https:\/\/fcba-offshore.com\/sk\/wp-json\/wp\/v2\/pages\/1757\/revisions"}],"predecessor-version":[{"id":2892,"href":"https:\/\/fcba-offshore.com\/sk\/wp-json\/wp\/v2\/pages\/1757\/revisions\/2892"}],"wp:attachment":[{"href":"https:\/\/fcba-offshore.com\/sk\/wp-json\/wp\/v2\/media?parent=1757"}],"curies":[{"name":"wp","href":"https:\/\/api.w.org\/{rel}","templated":true}]}}