{"id":1759,"date":"2015-12-10T09:18:21","date_gmt":"2015-12-10T09:18:21","guid":{"rendered":"http:\/\/fcba-offshore.com\/?page_id=1759"},"modified":"2016-09-29T15:23:16","modified_gmt":"2016-09-29T15:23:16","slug":"offshore-spolocnost-na-bahamach","status":"publish","type":"page","link":"https:\/\/fcba-offshore.com\/sk\/offshore-spolocnost-na-bahamach\/","title":{"rendered":"Offshore spolo\u010dnos\u0165 na Baham\u00e1ch"},"content":{"rendered":"<h1 style=\"text-align: right;\"><img loading=\"lazy\" decoding=\"async\" class=\"size-full wp-image-362 alignleft\" src=\"http:\/\/fcba-offshore.com\/wp-content\/uploads\/2014\/06\/Bahamas.png\" alt=\"Bahamas\" width=\"74\" height=\"37\" srcset=\"https:\/\/fcba-offshore.com\/wp-content\/uploads\/2014\/06\/Bahamas.png 74w, https:\/\/fcba-offshore.com\/wp-content\/uploads\/2014\/06\/Bahamas-72x37.png 72w\" sizes=\"auto, (max-width: 74px) 100vw, 74px\" \/><\/h1>\n<h1><a href=\"http:\/\/fcba-offshore.com\/wp-content\/uploads\/2014\/06\/Bahamas-offshore.png\"><img loading=\"lazy\" decoding=\"async\" class=\"size-medium wp-image-553 alignright\" src=\"http:\/\/fcba-offshore.com\/wp-content\/uploads\/2014\/06\/Bahamas-offshore-300x131.png\" alt=\"Bahamas offshore\" width=\"300\" height=\"131\" srcset=\"https:\/\/fcba-offshore.com\/wp-content\/uploads\/2014\/06\/Bahamas-offshore-300x131.png 300w, https:\/\/fcba-offshore.com\/wp-content\/uploads\/2014\/06\/Bahamas-offshore.png 641w, https:\/\/fcba-offshore.com\/wp-content\/uploads\/2014\/06\/Bahamas-offshore-450x196.png 450w\" sizes=\"auto, (max-width: 300px) 100vw, 300px\" \/><\/a><\/h1>\n<p>&nbsp;<\/p>\n<p>&nbsp;<\/p>\n<p>&nbsp;<\/p>\n<h1><a href=\"https:\/\/fcba-offshore.com\/sk\/offshore-spolocnosti\/\">Offshore spolo\u010dnos\u0165<\/a> na Baham\u00e1ch:<\/h1>\n<p>&nbsp;<\/p>\n<p style=\"text-align: justify;\">Bahamy s\u00fa nez\u00e1visl\u00fd \u0161t\u00e1t patriaci do jedn\u00e9ho z\u00a0vy\u0161e 700 Karibsk\u00fdch ostrovov. Nach\u00e1dzaj\u00fa sa v\u00a0Atlantickom oce\u00e1ne medzi Kubou a\u00a0Floridou, s\u00a0popul\u00e1ciou zhruba 300,000 obyvate\u013eov. Ide o\u00a0jeden z\u00a0najzn\u00e1mej\u0161\u00edch offshore \u0161t\u00e1tov, ktor\u00fd pon\u00faka diskr\u00e9tnos\u0165 pre z\u00e1ujemcov o\u00a0<a href=\"https:\/\/fcba-offshore.com\/sk\/offshore-bank-account-2\/\">offshore bankov\u00fd \u00fa\u010det<\/a> alebo zalo\u017eenie <a href=\"https:\/\/fcba-offshore.com\/sk\/offshore-spolocnosti\/\">offshore spolo\u010dnosti<\/a>.<\/p>\n<p style=\"text-align: justify;\">Okrem bankov\u00e9ho tajomstva pon\u00fakaj\u00fa da\u0148ov\u00e9 autority priate\u013esk\u00fd pr\u00edstup ku v\u0161etk\u00fdm spolo\u010dnostiam vykon\u00e1vaj\u00facim svoje podnikate\u013esk\u00e9 aktivity mimo \u00fazemia Bah\u00e1m so z\u00e1ujmom zalo\u017ei\u0165 si spolo\u010dnos\u0165 pr\u00e1ve tam. Miestna legislat\u00edva je naklonen\u00e1 podnikate\u013esk\u00e9mu prostrediu, ke\u010f\u017ee je navrhnut\u00e1 pod\u013ea anglosask\u00fdch ekonom\u00edk, \u010do rob\u00ed t\u00fato offshore krajinu ve\u013ek\u00fdm l\u00e1kadlom pre zahrani\u010dn\u00fdch z\u00e1ujemcov o\u00a0<a href=\"https:\/\/fcba-offshore.com\/sk\/offshore-spolocnosti\/\">offshore spolo\u010dnos\u0165<\/a>. Bahamy s\u00fa navy\u0161e jedno z\u00a0najbezpe\u010dnej\u0161\u00edch miest v\u00a0ot\u00e1zkach bankov\u00e9ho tajomstva garantovan\u00edm maxim\u00e1lnej diskr\u00e9tnosti.<\/p>\n<p style=\"text-align: justify;\">V spolo\u010dnosti FCBA Offshore Ltd. odpor\u00fa\u010dame otvori\u0165 <a href=\"https:\/\/fcba-offshore.com\/sk\/offshore-bank-account-2\/\">bankov\u00fd \u00fa\u010det<\/a> alebo zalo\u017ei\u0165 <a href=\"https:\/\/fcba-offshore.com\/sk\/offshore-spolocnosti\/\">offshore spolo\u010dnos\u0165<\/a> na Baham\u00e1ch hlavne z\u00e1ujemcom o\u00a0dol\u00e1rov\u00fd bankov\u00fd \u00fa\u010det, ke\u010f\u017ee USD je jednou z\u00a0ofici\u00e1lnych mien tohto s\u00faostrovia. Berte pros\u00edm na vedomie, \u017ee minim\u00e1lny kapit\u00e1l po\u017eadovan\u00fd miestnymi autoritami je 50,000 USD, \u010do m\u00f4\u017ee by\u0165 probl\u00e9m pre niektor\u00fdch z\u00e1ujemcov o\u00a0<a href=\"https:\/\/fcba-offshore.com\/sk\/offshore-spolocnosti\/\">offshore spolo\u010dnos\u0165<\/a>.<\/p>\n<p style=\"text-align: justify;\">Otvorenie <a href=\"https:\/\/fcba-offshore.com\/sk\/offshore-bank-account-2\/\">offshore bankov\u00e9ho \u00fa\u010dtu<\/a> alebo <a href=\"https:\/\/fcba-offshore.com\/sk\/offshore-spolocnosti\/\">offshore spolo\u010dnosti<\/a> na Baham\u00e1ch je v\u0161ak pre V\u00e1s st\u00e1le v\u00fdhodn\u00e9, ke\u010f\u017ee na\u0161a spolo\u010dnos\u0165 vie v\u010faka kontaktom v\u00a0krajine pon\u00faknu\u0165 v\u00fdhodn\u00fa spolupr\u00e1cu, z\u00a0ktorej bud\u00fa profitova\u0165 obe strany. A\u00a0to aj napriek pomerne vysok\u00fdm bankov\u00fdm poplatkom (poplatok za prevody a\u00a0vedenie \u00fa\u010dtu) a\u00a0\u00favodn\u00e9mu vkladu po\u017eadovan\u00e9mu miestnymi bankami.<\/p>\n<p style=\"text-align: justify;\">\n<p style=\"text-align: justify;\">V pr\u00edpade \u010fal\u0161\u00edch ot\u00e1zok nev\u00e1hajte pros\u00edm <a href=\"https:\/\/fcba-offshore.com\/sk\/kontakt\/\">kontaktova\u0165 pracovn\u00edkov FCBA Offshore Ltd<\/a>.\n<\/p>\n<p>&nbsp;<br \/>\n<a href=\"http:\/\/fcba-offshore.com\/wp-content\/uploads\/2014\/06\/logo-small.png\"><img loading=\"lazy\" decoding=\"async\" class=\"alignnone size-full wp-image-479\" src=\"http:\/\/fcba-offshore.com\/wp-content\/uploads\/2014\/06\/logo-small.png\" alt=\"Logo offshore small\" width=\"142\" height=\"31\" \/><\/a><\/p>\n","protected":false},"excerpt":{"rendered":"<p>&nbsp; &nbsp; &nbsp; Offshore spolo\u010dnos\u0165 na Baham\u00e1ch: &nbsp; Bahamy s\u00fa nez\u00e1visl\u00fd \u0161t\u00e1t patriaci do jedn\u00e9ho z\u00a0vy\u0161e 700 Karibsk\u00fdch ostrovov. Nach\u00e1dzaj\u00fa sa v\u00a0Atlantickom oce\u00e1ne medzi Kubou a\u00a0Floridou, s\u00a0popul\u00e1ciou zhruba 300,000 obyvate\u013eov. Ide o\u00a0jeden z\u00a0najzn\u00e1mej\u0161\u00edch offshore \u0161t\u00e1tov, ktor\u00fd pon\u00faka diskr\u00e9tnos\u0165 pre z\u00e1ujemcov o\u00a0offshore bankov\u00fd \u00fa\u010det alebo zalo\u017eenie offshore spolo\u010dnosti. Okrem bankov\u00e9ho tajomstva pon\u00fakaj\u00fa da\u0148ov\u00e9 autority priate\u013esk\u00fd pr\u00edstup&hellip;<\/p>\n","protected":false},"author":1,"featured_media":0,"parent":0,"menu_order":0,"comment_status":"closed","ping_status":"open","template":"","meta":{"footnotes":""},"class_list":["post-1759","page","type-page","status-publish","hentry"],"_links":{"self":[{"href":"https:\/\/fcba-offshore.com\/sk\/wp-json\/wp\/v2\/pages\/1759","targetHints":{"allow":["GET"]}}],"collection":[{"href":"https:\/\/fcba-offshore.com\/sk\/wp-json\/wp\/v2\/pages"}],"about":[{"href":"https:\/\/fcba-offshore.com\/sk\/wp-json\/wp\/v2\/types\/page"}],"author":[{"embeddable":true,"href":"https:\/\/fcba-offshore.com\/sk\/wp-json\/wp\/v2\/users\/1"}],"replies":[{"embeddable":true,"href":"https:\/\/fcba-offshore.com\/sk\/wp-json\/wp\/v2\/comments?post=1759"}],"version-history":[{"count":12,"href":"https:\/\/fcba-offshore.com\/sk\/wp-json\/wp\/v2\/pages\/1759\/revisions"}],"predecessor-version":[{"id":2877,"href":"https:\/\/fcba-offshore.com\/sk\/wp-json\/wp\/v2\/pages\/1759\/revisions\/2877"}],"wp:attachment":[{"href":"https:\/\/fcba-offshore.com\/sk\/wp-json\/wp\/v2\/media?parent=1759"}],"curies":[{"name":"wp","href":"https:\/\/api.w.org\/{rel}","templated":true}]}}