{"id":1771,"date":"2015-12-10T09:36:37","date_gmt":"2015-12-10T09:36:37","guid":{"rendered":"http:\/\/fcba-offshore.com\/?page_id=1771"},"modified":"2016-09-29T15:56:37","modified_gmt":"2016-09-29T15:56:37","slug":"offshore-spolocnost-na-belize","status":"publish","type":"page","link":"https:\/\/fcba-offshore.com\/sk\/offshore-spolocnost-na-belize\/","title":{"rendered":"Offshore spolo\u010dnos\u0165 na Belize"},"content":{"rendered":"<h1><a href=\"http:\/\/fcba-offshore.com\/wp-content\/uploads\/2014\/06\/Belize.png\"><img loading=\"lazy\" decoding=\"async\" class=\"alignnone size-full wp-image-344\" src=\"http:\/\/fcba-offshore.com\/wp-content\/uploads\/2014\/06\/Belize.png\" alt=\"Belize\" width=\"72\" height=\"50\" \/><\/a> <a href=\"http:\/\/fcba-offshore.com\/wp-content\/uploads\/2014\/06\/Belize-offshore.png\"><img loading=\"lazy\" decoding=\"async\" class=\"size-medium wp-image-559 alignright\" src=\"http:\/\/fcba-offshore.com\/wp-content\/uploads\/2014\/06\/Belize-offshore-300x131.png\" alt=\"Belize offshore\" width=\"300\" height=\"131\" srcset=\"https:\/\/fcba-offshore.com\/wp-content\/uploads\/2014\/06\/Belize-offshore-300x131.png 300w, https:\/\/fcba-offshore.com\/wp-content\/uploads\/2014\/06\/Belize-offshore.png 641w, https:\/\/fcba-offshore.com\/wp-content\/uploads\/2014\/06\/Belize-offshore-450x196.png 450w\" sizes=\"auto, (max-width: 300px) 100vw, 300px\" \/><\/a><\/h1>\n<p>&nbsp;<\/p>\n<h1>Offshore spolo\u010dnos\u0165 na Belize:<\/h1>\n<p>&nbsp;<\/p>\n<p style=\"text-align: justify;\">Belize sa nach\u00e1dza na juhu Mexika v\u00a0strednej Amerike. T\u00e1to mal\u00e1 krajina s\u00a0nie\u010do vy\u0161e 300,000 obyvate\u013emi je b\u00fdval\u00fdm \u010dlenom Commonwealth kraj\u00edn, no st\u00e1le pova\u017euje kr\u00e1\u013eovn\u00fa Al\u017ebetu II za hlavu \u0161t\u00e1tu. V\u010faka tomu je na Belize \u00faradn\u00fdm jazykom st\u00e1le angli\u010dtina, napriek faktu, \u017ee v\u00e4\u010d\u0161ina obyvate\u013estva pou\u017e\u00edva \u0161paniel\u010dinu. Belize je zn\u00e1ma najm\u00e4 svojou legislat\u00edvou naklonenou podnikate\u013esk\u00e9mu prostrediu, ke\u010f\u017ee je navrhnut\u00e1 pod\u013ea anglosask\u00fdch ekonom\u00edk, \u010do rob\u00ed t\u00fato offshore krajinu ve\u013ek\u00fdm l\u00e1kadlo pre zahrani\u010dn\u00fdch z\u00e1ujemcov o\u00a0<a href=\"https:\/\/fcba-offshore.com\/sk\/offshore-spolocnosti\/\">offshore spolo\u010dnos\u0165<\/a>. Okrem bankov\u00e9ho tajomstva pon\u00fakaj\u00fa da\u0148ov\u00e9 autority priate\u013esk\u00fd pr\u00edstup ku v\u0161etk\u00fdm spolo\u010dnostiam vykon\u00e1vaj\u00facim svoje podnikate\u013esk\u00e9 aktivity mimo \u00fazemia Belize so z\u00e1ujmom zalo\u017ei\u0165 si spolo\u010dnos\u0165 pr\u00e1ve tam. V\u00fdhodou je hlavne nezda\u0148ovanie offshore ziskov t\u00fdchto spolo\u010dnost\u00ed.<\/p>\n<p style=\"text-align: justify;\">Belize pon\u00faka nasleduj\u00face benefity pre z\u00e1ujemcov o\u00a0<a href=\"https:\/\/fcba-offshore.com\/sk\/offshore-spolocnosti\/\">offshore spolo\u010dnos\u0165<\/a>:<\/p>\n<ul style=\"text-align: justify;\">\n<ul>\n<li>\u017diadna DPH<\/li>\n<li>\u017diadna da\u0148 z\u00a0pr\u00edjmu pre pr\u00e1vnick\u00e9 osoby (iba pre nerezidentov)<\/li>\n<li>Diskr\u00e9tnos\u0165: bankov\u00e9 tajomstvo a\u00a0diskr\u00e9tnos\u0165 identity vlastn\u00edkov spolo\u010dnost\u00ed<\/li>\n<\/ul>\n<\/ul>\n<p style=\"text-align: justify;\">V spolo\u010dnosti FCBA Offshore Ltd. odpor\u00fa\u010dame otvori\u0165 <a href=\"https:\/\/fcba-offshore.com\/sk\/offshore-bank-account-2\/\">bankov\u00fd \u00fa\u010det<\/a> alebo zalo\u017ei\u0165 <a href=\"https:\/\/fcba-offshore.com\/sk\/offshore-spolocnosti\/\">offshore spolo\u010dnos\u0165<\/a> v\u00a0Belize hlavne nerezidentom E\u00da, a\u00a0to kv\u00f4li faktu, \u017ee Belize je pova\u017eovan\u00e1 v Eur\u00f3pe za \u201eexotick\u00fa\u201c krajinu, s \u010d\u00edm m\u00f4\u017eu ma\u0165 probl\u00e9m pri faktur\u00e1cii hlavne spolo\u010dnosti s\u00eddliace v\u00a0E\u00da. Okrem toho osem hodinov\u00fd \u010dasov\u00fd posun V\u00e1m m\u00f4\u017ee zabr\u00e1ni\u0165 pri pohodlnom kontakte s\u00a0Va\u0161ou miestnou bankou.<\/p>\n<p style=\"text-align: justify;\">Otvorenie offshore <a href=\"https:\/\/fcba-offshore.com\/sk\/offshore-bank-account-2\/\">bankov\u00e9ho \u00fa\u010dtu<\/a> alebo <a href=\"https:\/\/fcba-offshore.com\/sk\/offshore-spolocnosti\/\">offshore spolo\u010dnosti<\/a> na Belize je v\u0161ak pre V\u00e1s st\u00e1le v\u00fdhodn\u00e9, ke\u010f\u017ee na\u0161a spolo\u010dnos\u0165 vie v\u010faka kontaktom v krajine pon\u00faknu\u0165 v\u00fdhodn\u00fa spolupr\u00e1cu, z ktorej bud\u00fa profitova\u0165 obe strany. A to aj napriek pomerne vysok\u00fdm minim\u00e1lnym stavom na bankov\u00fdch \u00fa\u010dtoch na zaru\u010denie Va\u0161ej solventnosti.<\/p>\n<p style=\"text-align: justify;\">\n<p style=\"text-align: justify;\">V pr\u00edpade \u010fal\u0161\u00edch ot\u00e1zok nev\u00e1hajte pros\u00edm <a href=\"https:\/\/fcba-offshore.com\/sk\/kontakt\/\">kontaktova\u0165 pracovn\u00edkov FCBA Offshore Ltd<\/a>.\n<\/p>\n<p>&nbsp;<br \/>\n<a href=\"http:\/\/fcba-offshore.com\/wp-content\/uploads\/2014\/06\/logo-small.png\"><img loading=\"lazy\" decoding=\"async\" class=\"alignnone size-full wp-image-479\" src=\"http:\/\/fcba-offshore.com\/wp-content\/uploads\/2014\/06\/logo-small.png\" alt=\"Logo offshore small\" width=\"142\" height=\"31\" \/><\/a><\/p>\n","protected":false},"excerpt":{"rendered":"<p>&nbsp; Offshore spolo\u010dnos\u0165 na Belize: &nbsp; Belize sa nach\u00e1dza na juhu Mexika v\u00a0strednej Amerike. T\u00e1to mal\u00e1 krajina s\u00a0nie\u010do vy\u0161e 300,000 obyvate\u013emi je b\u00fdval\u00fdm \u010dlenom Commonwealth kraj\u00edn, no st\u00e1le pova\u017euje kr\u00e1\u013eovn\u00fa Al\u017ebetu II za hlavu \u0161t\u00e1tu. V\u010faka tomu je na Belize \u00faradn\u00fdm jazykom st\u00e1le angli\u010dtina, napriek faktu, \u017ee v\u00e4\u010d\u0161ina obyvate\u013estva pou\u017e\u00edva \u0161paniel\u010dinu. Belize je zn\u00e1ma najm\u00e4&hellip;<\/p>\n","protected":false},"author":1,"featured_media":0,"parent":0,"menu_order":0,"comment_status":"closed","ping_status":"open","template":"","meta":{"footnotes":""},"class_list":["post-1771","page","type-page","status-publish","hentry"],"_links":{"self":[{"href":"https:\/\/fcba-offshore.com\/sk\/wp-json\/wp\/v2\/pages\/1771","targetHints":{"allow":["GET"]}}],"collection":[{"href":"https:\/\/fcba-offshore.com\/sk\/wp-json\/wp\/v2\/pages"}],"about":[{"href":"https:\/\/fcba-offshore.com\/sk\/wp-json\/wp\/v2\/types\/page"}],"author":[{"embeddable":true,"href":"https:\/\/fcba-offshore.com\/sk\/wp-json\/wp\/v2\/users\/1"}],"replies":[{"embeddable":true,"href":"https:\/\/fcba-offshore.com\/sk\/wp-json\/wp\/v2\/comments?post=1771"}],"version-history":[{"count":11,"href":"https:\/\/fcba-offshore.com\/sk\/wp-json\/wp\/v2\/pages\/1771\/revisions"}],"predecessor-version":[{"id":2893,"href":"https:\/\/fcba-offshore.com\/sk\/wp-json\/wp\/v2\/pages\/1771\/revisions\/2893"}],"wp:attachment":[{"href":"https:\/\/fcba-offshore.com\/sk\/wp-json\/wp\/v2\/media?parent=1771"}],"curies":[{"name":"wp","href":"https:\/\/api.w.org\/{rel}","templated":true}]}}