{"id":1775,"date":"2015-12-10T09:39:45","date_gmt":"2015-12-10T09:39:45","guid":{"rendered":"http:\/\/fcba-offshore.com\/?page_id=1775"},"modified":"2016-09-29T15:25:16","modified_gmt":"2016-09-29T15:25:16","slug":"offshore-spolocnost-na-b-p-o","status":"publish","type":"page","link":"https:\/\/fcba-offshore.com\/sk\/offshore-spolocnost-na-b-p-o\/","title":{"rendered":"Offshore spolo\u010dnos\u0165 na B.P.O."},"content":{"rendered":"<p><a href=\"http:\/\/fcba-offshore.com\/wp-content\/uploads\/2014\/06\/Iles-Vierges-Britanniques-Offshore.png\"><img loading=\"lazy\" decoding=\"async\" class=\"size-medium wp-image-608 alignright\" src=\"http:\/\/fcba-offshore.com\/wp-content\/uploads\/2014\/06\/Iles-Vierges-Britanniques-Offshore-300x131.png\" alt=\"Iles Vierges Britanniques Offshore\" width=\"300\" height=\"131\" srcset=\"https:\/\/fcba-offshore.com\/wp-content\/uploads\/2014\/06\/Iles-Vierges-Britanniques-Offshore-300x131.png 300w, https:\/\/fcba-offshore.com\/wp-content\/uploads\/2014\/06\/Iles-Vierges-Britanniques-Offshore.png 641w, https:\/\/fcba-offshore.com\/wp-content\/uploads\/2014\/06\/Iles-Vierges-Britanniques-Offshore-450x196.png 450w\" sizes=\"auto, (max-width: 300px) 100vw, 300px\" \/><\/a><\/p>\n<h1><a href=\"http:\/\/fcba-offshore.com\/wp-content\/uploads\/2014\/06\/Iles-Vierges-Britanniques.png\"><img loading=\"lazy\" decoding=\"async\" class=\"alignnone size-full wp-image-352\" src=\"http:\/\/fcba-offshore.com\/wp-content\/uploads\/2014\/06\/Iles-Vierges-Britanniques.png\" alt=\"Iles-Vierges-Britanniques\" width=\"75\" height=\"46\" \/><\/a><\/h1>\n<p>&nbsp;<\/p>\n<h1>Offshore spolo\u010dnos\u0165 na B.P.O.:<\/h1>\n<p>&nbsp;<\/p>\n<p style=\"text-align: justify;\">Britsk\u00e9 Panensk\u00e9 Ostrovy s\u00fa s\u00fa\u010das\u0165ou Karibsk\u00fdch ostrovov v\u00a0Atlantickom oce\u00e1ne. S\u00a0popul\u00e1ciou menej ako 30,000 obyvate\u013eov s\u00fa ekonomicky z\u00e1visl\u00e9 na ostatn\u00fdch \u0161t\u00e1toch, \u010do nazna\u010duje aj fakt, \u017ee kr\u00e1\u013eovn\u00e1 Al\u017ebeta II je st\u00e1le hlavou \u0161t\u00e1tu. Ako tak\u00e9 s\u00fa Britsk\u00e9 Panensk\u00e9 Ostrovy zn\u00e1me svojou legislat\u00edvou naklonenou podnikate\u013esk\u00e9mu prostrediu, ktor\u00e1 je navrhnut\u00e1 flexibilne a\u00a0moderne pod\u013ea anglosask\u00fdch ekonom\u00edk, \u010do rob\u00ed t\u00fato offshore krajinu ve\u013ek\u00fdm l\u00e1kadlom pre zahrani\u010dn\u00fdch investorov a z\u00e1ujemcov o\u00a0<a href=\"https:\/\/fcba-offshore.com\/sk\/offshore-spolocnosti\/\">offshore spolo\u010dnos\u0165<\/a>. V\u00fdhodou je hlavne nezda\u0148ovanie offshore ziskov t\u00fdchto spolo\u010dnost\u00ed.Okrem bankov\u00e9ho tajomstva pon\u00fakaj\u00fa da\u0148ov\u00e9 autority priate\u013esk\u00fd pr\u00edstup ku v\u0161etk\u00fdm spolo\u010dnostiam vykon\u00e1vaj\u00facim svoje podnikate\u013esk\u00e9 aktivity mimo \u00fazemia Britsk\u00fdch Panensk\u00fdch Ostrovov so z\u00e1ujmom <a href=\"https:\/\/fcba-offshore.com\/sk\/offshore-spolocnosti\/\">zalo\u017ei\u0165 si spolo\u010dnos\u0165<\/a> pr\u00e1ve tam.<\/p>\n<p style=\"text-align: justify;\">Vlastn\u00edctvo <a href=\"https:\/\/fcba-offshore.com\/sk\/offshore-bank-account-2\/\">offshore bankov\u00e9ho \u00fa\u010dtu<\/a> a\u00a0<a href=\"https:\/\/fcba-offshore.com\/sk\/offshore-spolocnosti\/\">offshore spolo\u010dnosti<\/a> na Britsk\u00fdch Panensk\u00fdch Ostrovoch pon\u00faka nasleduj\u00face v\u00fdhody:<\/p>\n<ul style=\"text-align: justify;\">\n<li>\u017diadna DPH<\/li>\n<li>\u017diadna da\u0148 z\u00a0pr\u00edjmu pre pr\u00e1vnick\u00e9 osoby (iba pre nerezidentov)<\/li>\n<li>Bankov\u00e9 tajomstvo<\/li>\n<li>Diskr\u00e9tnos\u0165 identity vlastn\u00edkov spolo\u010dnost\u00ed<\/li>\n<\/ul>\n<p style=\"text-align: justify;\">Ke\u010f\u017ee viac ako 40% medzin\u00e1rodn\u00fdch spolo\u010dnost\u00ed m\u00e1 jednu z\u00a0pobo\u010diek pr\u00e1ve na Britsk\u00fdch Panensk\u00fdch Ostrovoch, je mo\u017en\u00e9 (pod\u013ea mnoh\u00fdch skeptikov), \u017ee t\u00e1to krajina bude \u010fal\u0161ia, ktor\u00e1 podp\u00ed\u0161e zmluvu o\u00a0transparentnosti s\u00a0OECD \u010dlenmi.<\/p>\n<p style=\"text-align: justify;\">V spolo\u010dnosti FCBA Offshore Ltd. neodpor\u00fa\u010dame otvori\u0165 <a href=\"https:\/\/fcba-offshore.com\/sk\/offshore-bank-account-2\/\">offshore bankov\u00fd \u00fa\u010det<\/a> alebo zalo\u017ei\u0165 <a href=\"https:\/\/fcba-offshore.com\/sk\/offshore-spolocnosti\/\">offshore spolo\u010dnos\u0165<\/a> na Britsk\u00fdch Panensk\u00fdch Ostrovoch z\u00a0dlhodob\u00e9ho h\u013eadiska najm\u00e4 pre hrozby spomenut\u00e9 vy\u0161\u0161ie. Pre spolo\u010dnosti, ktor\u00e9 u\u017e maj\u00fa <a href=\"https:\/\/fcba-offshore.com\/sk\/offshore-bank-account-2\/\">bankov\u00fd \u00fa\u010det<\/a> alebo s\u00eddlo na tomto \u00fazem\u00ed, odpor\u00fa\u010dame <a href=\"https:\/\/fcba-offshore.com\/sk\/kontakt\/\">kontaktova\u0165 na\u0161u spolo\u010dnos\u0165<\/a> pre konzult\u00e1ciu a\u00a0mo\u017enosti zmeny s\u00eddla Va\u0161ej <a href=\"https:\/\/fcba-offshore.com\/sk\/offshore-spolocnosti\/\">offshore spolo\u010dnosti<\/a>.<\/p>\n<p style=\"text-align: justify;\">Otvorenie <a href=\"https:\/\/fcba-offshore.com\/sk\/offshore-bank-account-2\/\">offshore bankov\u00e9ho \u00fa\u010dtu<\/a> alebo <a href=\"https:\/\/fcba-offshore.com\/sk\/offshore-spolocnosti\/\">offshore spolo\u010dnosti<\/a> na Britsk\u00fdch Panensk\u00fdch Ostrovoch je v\u0161ak st\u00e1le mo\u017en\u00e9 a v\u00fdhodn\u00e9, ke\u010f\u017ee na\u0161a spolo\u010dnos\u0165 vie v\u010faka kontaktom v\u00a0krajine pon\u00faknu\u0165 v\u00fdhodn\u00fa spolupr\u00e1cu, z\u00a0ktorej bud\u00fa profitova\u0165 obe strany. A\u00a0to aj napriek vysok\u00e9mu \u00favodn\u00e9mu vkladu, ktor\u00fd je po\u017eadovan\u00fd miestnymi bankami.<\/p>\n<p style=\"text-align: justify;\">V pr\u00edpade \u010fal\u0161\u00edch ot\u00e1zok nev\u00e1hajte pros\u00edm <a href=\"https:\/\/fcba-offshore.com\/sk\/kontakt\/\">kontaktova\u0165 pracovn\u00edkov FCBA Offshore Ltd<\/a>.<\/p>\n<p><a href=\"http:\/\/fcba-offshore.com\/wp-content\/uploads\/2014\/06\/logo-small.png\"><img loading=\"lazy\" decoding=\"async\" class=\"alignnone size-full wp-image-479\" src=\"http:\/\/fcba-offshore.com\/wp-content\/uploads\/2014\/06\/logo-small.png\" alt=\"Logo offshore small\" width=\"142\" height=\"31\" \/><\/a><\/p>\n","protected":false},"excerpt":{"rendered":"<p>&nbsp; Offshore spolo\u010dnos\u0165 na B.P.O.: &nbsp; Britsk\u00e9 Panensk\u00e9 Ostrovy s\u00fa s\u00fa\u010das\u0165ou Karibsk\u00fdch ostrovov v\u00a0Atlantickom oce\u00e1ne. S\u00a0popul\u00e1ciou menej ako 30,000 obyvate\u013eov s\u00fa ekonomicky z\u00e1visl\u00e9 na ostatn\u00fdch \u0161t\u00e1toch, \u010do nazna\u010duje aj fakt, \u017ee kr\u00e1\u013eovn\u00e1 Al\u017ebeta II je st\u00e1le hlavou \u0161t\u00e1tu. Ako tak\u00e9 s\u00fa Britsk\u00e9 Panensk\u00e9 Ostrovy zn\u00e1me svojou legislat\u00edvou naklonenou podnikate\u013esk\u00e9mu prostrediu, ktor\u00e1 je navrhnut\u00e1 flexibilne a\u00a0moderne&hellip;<\/p>\n","protected":false},"author":1,"featured_media":0,"parent":0,"menu_order":0,"comment_status":"closed","ping_status":"open","template":"","meta":{"footnotes":""},"class_list":["post-1775","page","type-page","status-publish","hentry"],"_links":{"self":[{"href":"https:\/\/fcba-offshore.com\/sk\/wp-json\/wp\/v2\/pages\/1775","targetHints":{"allow":["GET"]}}],"collection":[{"href":"https:\/\/fcba-offshore.com\/sk\/wp-json\/wp\/v2\/pages"}],"about":[{"href":"https:\/\/fcba-offshore.com\/sk\/wp-json\/wp\/v2\/types\/page"}],"author":[{"embeddable":true,"href":"https:\/\/fcba-offshore.com\/sk\/wp-json\/wp\/v2\/users\/1"}],"replies":[{"embeddable":true,"href":"https:\/\/fcba-offshore.com\/sk\/wp-json\/wp\/v2\/comments?post=1775"}],"version-history":[{"count":12,"href":"https:\/\/fcba-offshore.com\/sk\/wp-json\/wp\/v2\/pages\/1775\/revisions"}],"predecessor-version":[{"id":2879,"href":"https:\/\/fcba-offshore.com\/sk\/wp-json\/wp\/v2\/pages\/1775\/revisions\/2879"}],"wp:attachment":[{"href":"https:\/\/fcba-offshore.com\/sk\/wp-json\/wp\/v2\/media?parent=1775"}],"curies":[{"name":"wp","href":"https:\/\/api.w.org\/{rel}","templated":true}]}}