{"id":1780,"date":"2015-12-10T09:44:06","date_gmt":"2015-12-10T09:44:06","guid":{"rendered":"http:\/\/fcba-offshore.com\/?page_id=1780"},"modified":"2016-09-29T15:32:36","modified_gmt":"2016-09-29T15:32:36","slug":"offshore-spolocnost-na-kaymanskych-ostrovoch","status":"publish","type":"page","link":"https:\/\/fcba-offshore.com\/sk\/offshore-spolocnost-na-kaymanskych-ostrovoch\/","title":{"rendered":"Offshore spolo\u010dnos\u0165 na Kaymansk\u00fdch Ostrovoch"},"content":{"rendered":"<p><a href=\"http:\/\/fcba-offshore.com\/wp-content\/uploads\/2014\/06\/Iles-Caimans.png\"><img loading=\"lazy\" decoding=\"async\" class=\"alignnone size-full wp-image-343\" src=\"http:\/\/fcba-offshore.com\/wp-content\/uploads\/2014\/06\/Iles-Caimans.png\" alt=\"Iles-Caimans\" width=\"78\" height=\"40\" \/><\/a> <a href=\"http:\/\/fcba-offshore.com\/wp-content\/uploads\/2014\/06\/Iles-Caymans-Offshore.png\"><img loading=\"lazy\" decoding=\"async\" class=\"size-medium wp-image-598 alignright\" src=\"http:\/\/fcba-offshore.com\/wp-content\/uploads\/2014\/06\/Iles-Caymans-Offshore-300x131.png\" alt=\"Iles Caymans Offshore\" width=\"300\" height=\"131\" srcset=\"https:\/\/fcba-offshore.com\/wp-content\/uploads\/2014\/06\/Iles-Caymans-Offshore-300x131.png 300w, https:\/\/fcba-offshore.com\/wp-content\/uploads\/2014\/06\/Iles-Caymans-Offshore.png 641w, https:\/\/fcba-offshore.com\/wp-content\/uploads\/2014\/06\/Iles-Caymans-Offshore-450x196.png 450w\" sizes=\"auto, (max-width: 300px) 100vw, 300px\" \/><\/a><\/p>\n<p>&nbsp;<\/p>\n<h1>Offshore spolo\u010dnos\u0165 na Kaymansk\u00fdch Ostrovoch:<\/h1>\n<p>&nbsp;<\/p>\n<p style=\"text-align: justify;\">Kajmansk\u00e9 ostrovy patria do s\u00faostrovia Karibsk\u00e9ho mora a\u00a0s\u00fa pova\u017eovan\u00e9 za britsk\u00e9 \u00fazemie. T\u00e1to offshore krajina bola \u010dasto spom\u00ednan\u00e1 m\u00e9diami ako jedna z\u00a0top destin\u00e1ci\u00ed na zalo\u017eenie <a href=\"https:\/\/fcba-offshore.com\/sk\/offshore-spolocnosti\/\">offshore spolo\u010dnosti<\/a>. Av\u0161ak odvtedy bolo podp\u00edsan\u00fdch mnoho zml\u00fav o\u00a0transparentnosti medzi Kajmansk\u00fdmi ostrovmi, USA, \u00cdrskom, Holandskom, \u0161kandin\u00e1vskymi krajinami a\u00a0mnoh\u00fdmi \u010fal\u0161\u00edmi \u0161t\u00e1tmi, ktor\u00e9 s\u00fa \u010dlenmi OECD. Preto teraz pod\u013ea mnoh\u00fdch expertov \u010del\u00edme poslednej vlne offshore jurisdikcie platnej v\u00a0tejto krajine.<\/p>\n<p style=\"text-align: justify;\">Jedin\u00fdm, za to v\u0161ak ve\u013ek\u00fdm benefitom zost\u00e1va 0% da\u0148 z\u00a0pr\u00edjmu pre spolo\u010dnosti, ktor\u00e9 vykon\u00e1vaj\u00fa svoje podnikate\u013esk\u00e9 aktivity mimo \u00fazemia Kajmansk\u00fdch ostrovov. Autority tohto \u0161t\u00e1tu verejne komunikuj\u00fa identitu vlastn\u00edkov <a href=\"https:\/\/fcba-offshore.com\/sk\/offshore-spolocnosti\/\">offshore spolo\u010dnost\u00ed<\/a> so s\u00eddlom na jeho \u00fazem\u00ed. 0% da\u0148 z\u00a0pr\u00edjmu je v\u0161ak leg\u00e1lnym krokom ako optimalizova\u0165 svoje da\u0148ov\u00e9 za\u0165a\u017eenie.<\/p>\n<p style=\"text-align: justify;\">V spolo\u010dnosti FCBA Offshore Ltd. neodpor\u00fa\u010dame otvori\u0165 <a href=\"https:\/\/fcba-offshore.com\/sk\/offshore-bank-account-2\/\">offshore bankov\u00fd \u00fa\u010det<\/a> alebo zalo\u017ei\u0165 <a href=\"https:\/\/fcba-offshore.com\/sk\/offshore-spolocnosti\/\">offshore spolo\u010dnos\u0165<\/a> na Kajmansk\u00fdch Ostrovoch najm\u00e4 z\u00a0d\u00f4vodu podpisovania transparentn\u00fdch zml\u00fav medzi jednotliv\u00fdmi krajinami. Pre spolo\u010dnosti, ktor\u00e9 u\u017e maj\u00fa bankov\u00fd \u00fa\u010det alebo s\u00eddlo na tomto \u00fazem\u00ed, odpor\u00fa\u010dame <a href=\"https:\/\/fcba-offshore.com\/sk\/kontakt\/\">kontaktova\u0165 na\u0161u spolo\u010dnos\u0165<\/a> pre konzult\u00e1ciu a\u00a0mo\u017enosti zmeny s\u00eddla Va\u0161ej offshore spolo\u010dnosti. V\u00a0ponuke je mnoho \u010fal\u0161\u00edch jurisdikci\u00ed, ktor\u00e9 pon\u00fakaj\u00fa diskr\u00e9tnos\u0165 a\u00a0bankov\u00e9 tajomstvo.<\/p>\n<p style=\"text-align: justify;\">Otvorenie <a href=\"https:\/\/fcba-offshore.com\/sk\/offshore-bank-account-2\/\">offshore bankov\u00e9ho \u00fa\u010dtu<\/a> alebo <a href=\"https:\/\/fcba-offshore.com\/sk\/offshore-spolocnosti\/\">offshore spolo\u010dnosti<\/a> na Kajmansk\u00fdch Ostrovoch je v\u0161ak st\u00e1le mo\u017en\u00e9 a v\u00fdhodn\u00e9, ke\u010f\u017ee na\u0161a spolo\u010dnos\u0165 vie v\u010faka kontaktom v\u00a0krajine pon\u00faknu\u0165 v\u00fdhodn\u00fa spolupr\u00e1cu, z\u00a0ktorej bud\u00fa profitova\u0165 obe strany. A\u00a0to aj napriek vysok\u00e9mu \u00favodn\u00e9mu vkladu, ktor\u00fd je po\u017eadovan\u00fd miestnymi bankami.<\/p>\n<p style=\"text-align: justify;\">\n<p style=\"text-align: justify;\">V pr\u00edpade \u010fal\u0161\u00edch ot\u00e1zok nev\u00e1hajte pros\u00edm <a href=\"https:\/\/fcba-offshore.com\/sk\/kontakt\/\">kontaktova\u0165 pracovn\u00edkov FCBA Offshore Ltd<\/a>.\n<\/p>\n<p>&nbsp;<br \/>\n<a href=\"http:\/\/fcba-offshore.com\/wp-content\/uploads\/2014\/06\/logo-small.png\"><img loading=\"lazy\" decoding=\"async\" class=\"alignnone size-full wp-image-479\" src=\"http:\/\/fcba-offshore.com\/wp-content\/uploads\/2014\/06\/logo-small.png\" alt=\"Logo offshore small\" width=\"142\" height=\"31\" \/><\/a><\/p>\n","protected":false},"excerpt":{"rendered":"<p>&nbsp; Offshore spolo\u010dnos\u0165 na Kaymansk\u00fdch Ostrovoch: &nbsp; Kajmansk\u00e9 ostrovy patria do s\u00faostrovia Karibsk\u00e9ho mora a\u00a0s\u00fa pova\u017eovan\u00e9 za britsk\u00e9 \u00fazemie. T\u00e1to offshore krajina bola \u010dasto spom\u00ednan\u00e1 m\u00e9diami ako jedna z\u00a0top destin\u00e1ci\u00ed na zalo\u017eenie offshore spolo\u010dnosti. Av\u0161ak odvtedy bolo podp\u00edsan\u00fdch mnoho zml\u00fav o\u00a0transparentnosti medzi Kajmansk\u00fdmi ostrovmi, USA, \u00cdrskom, Holandskom, \u0161kandin\u00e1vskymi krajinami a\u00a0mnoh\u00fdmi \u010fal\u0161\u00edmi \u0161t\u00e1tmi, ktor\u00e9 s\u00fa \u010dlenmi&hellip;<\/p>\n","protected":false},"author":1,"featured_media":0,"parent":0,"menu_order":0,"comment_status":"closed","ping_status":"open","template":"","meta":{"footnotes":""},"class_list":["post-1780","page","type-page","status-publish","hentry"],"_links":{"self":[{"href":"https:\/\/fcba-offshore.com\/sk\/wp-json\/wp\/v2\/pages\/1780","targetHints":{"allow":["GET"]}}],"collection":[{"href":"https:\/\/fcba-offshore.com\/sk\/wp-json\/wp\/v2\/pages"}],"about":[{"href":"https:\/\/fcba-offshore.com\/sk\/wp-json\/wp\/v2\/types\/page"}],"author":[{"embeddable":true,"href":"https:\/\/fcba-offshore.com\/sk\/wp-json\/wp\/v2\/users\/1"}],"replies":[{"embeddable":true,"href":"https:\/\/fcba-offshore.com\/sk\/wp-json\/wp\/v2\/comments?post=1780"}],"version-history":[{"count":10,"href":"https:\/\/fcba-offshore.com\/sk\/wp-json\/wp\/v2\/pages\/1780\/revisions"}],"predecessor-version":[{"id":2884,"href":"https:\/\/fcba-offshore.com\/sk\/wp-json\/wp\/v2\/pages\/1780\/revisions\/2884"}],"wp:attachment":[{"href":"https:\/\/fcba-offshore.com\/sk\/wp-json\/wp\/v2\/media?parent=1780"}],"curies":[{"name":"wp","href":"https:\/\/api.w.org\/{rel}","templated":true}]}}