{"id":1785,"date":"2015-12-10T09:47:45","date_gmt":"2015-12-10T09:47:45","guid":{"rendered":"http:\/\/fcba-offshore.com\/?page_id=1785"},"modified":"2016-09-29T15:34:25","modified_gmt":"2016-09-29T15:34:25","slug":"offshore-spolocnost-na-cypre","status":"publish","type":"page","link":"https:\/\/fcba-offshore.com\/sk\/offshore-spolocnost-na-cypre\/","title":{"rendered":"Offshore spolo\u010dnos\u0165 na Cypre"},"content":{"rendered":"<h1><a href=\"http:\/\/fcba-offshore.com\/wp-content\/uploads\/2014\/06\/Chypre.png\"><img loading=\"lazy\" decoding=\"async\" class=\"alignnone size-full wp-image-345\" src=\"http:\/\/fcba-offshore.com\/wp-content\/uploads\/2014\/06\/Chypre.png\" alt=\"Chypre\" width=\"79\" height=\"50\" \/><\/a> <a href=\"http:\/\/fcba-offshore.com\/wp-content\/uploads\/2014\/06\/Chypre-offshore.png\"><img loading=\"lazy\" decoding=\"async\" class=\"size-medium wp-image-563 alignright\" src=\"http:\/\/fcba-offshore.com\/wp-content\/uploads\/2014\/06\/Chypre-offshore-300x131.png\" alt=\"Chypre offshore\" width=\"300\" height=\"131\" srcset=\"https:\/\/fcba-offshore.com\/wp-content\/uploads\/2014\/06\/Chypre-offshore-300x131.png 300w, https:\/\/fcba-offshore.com\/wp-content\/uploads\/2014\/06\/Chypre-offshore.png 641w, https:\/\/fcba-offshore.com\/wp-content\/uploads\/2014\/06\/Chypre-offshore-450x196.png 450w\" sizes=\"auto, (max-width: 300px) 100vw, 300px\" \/><\/a><\/h1>\n<p>&nbsp;<\/p>\n<h1>Offshore spolo\u010dnos\u0165 na Cypruse:<\/h1>\n<p>&nbsp;<\/p>\n<p style=\"text-align: justify;\">Cyprus je ostrov vo v\u00fdchodnej \u010dasti Stredozemn\u00e9ho mora nach\u00e1dzaj\u00faci sa medzi Gr\u00e9ckom a\u00a0Tureckom. Hlavn\u00fdm l\u00e1kadlom je turizmus a, samozrejme, v\u00fdhodn\u00e9 podmienky pre otvorenie <a href=\"https:\/\/fcba-offshore.com\/sk\/offshore-bank-account-2\/\">offshore bankov\u00e9ho \u00fa\u010dtu<\/a> alebo zalo\u017eenie <a href=\"https:\/\/fcba-offshore.com\/sk\/offshore-spolocnosti\/\">offshore spolo\u010dnosti<\/a>. Reput\u00e1cia krajiny sa v\u0161ak po bankovej kr\u00edze v\u00a0rokoch 2012\/2013 zhor\u0161ila. Tu je v\u0161ak potrebn\u00e9 doda\u0165, \u017ee cypersk\u00e9 banky neboli kr\u00edzou zasiahnut\u00e9 v\u00f4bec a\u00a0n\u00e1\u0161 lok\u00e1lny partner je jedn\u00fdm z\u00a0t\u00fdch b\u00e1nk, ktor\u00e9 sa nepodie\u013eali na \u0161kand\u00e1le spojenom s\u00a0bankovou kr\u00edzou.<\/p>\n<p style=\"text-align: justify;\">Otvorenie <a href=\"https:\/\/fcba-offshore.com\/sk\/offshore-bank-account-2\/\">offshore bankov\u00e9ho \u00fa\u010dtu<\/a> a\u00a0zalo\u017eenie <a href=\"https:\/\/fcba-offshore.com\/sk\/offshore-spolocnosti\/\">offshore spolo\u010dnosti<\/a> na Cypre pon\u00faka nasleduj\u00face v\u00fdhody:<\/p>\n<ul style=\"text-align: justify;\">\n<ul>\n<li>Diskr\u00e9tnos\u0165 a\u00a0bankov\u00e9 tajomstvo vo\u010di v\u0161etk\u00fdm d\u00f4le\u017eit\u00fdm \u0161t\u00e1tom (s v\u00fdnimkou E\u00da)<\/li>\n<li>Mo\u017enos\u0165 eur\u00f3pskej registr\u00e1cie spolo\u010dnosti \/ DI\u010c (ke\u010f\u017ee Cyprus patr\u00ed do E\u00da)<\/li>\n<li>Ofici\u00e1lna mena: Euro<\/li>\n<li>N\u00edzka da\u0148 z\u00a0pr\u00edjmu pr\u00e1vnick\u00fdch os\u00f4b &#8211; 12,5% &#8211; pre rezidentov aj nerezidentov<\/li>\n<\/ul>\n<\/ul>\n<p style=\"text-align: justify;\">V spolo\u010dnosti FCBA Offshore Ltd. odpor\u00fa\u010dame v\u0161etk\u00fdm vlastn\u00edkom cypersk\u00fdch bankov\u00fdch \u00fa\u010dtov kontaktova\u0165 n\u00e1s oh\u013eadom mo\u017enosti otvori\u0165 <a href=\"https:\/\/fcba-offshore.com\/sk\/offshore-bank-account-2\/\">offshore bankov\u00fd \u00fa\u010det<\/a> s\u00a0na\u0161im lok\u00e1lnym partnerom, ktor\u00fd neutrpel straty po\u010das bankovej kr\u00edzy, pr\u00edpadne inej jurisdikcii s\u00a0lep\u0161\u00edmi podmienkami. Rovnako tak pon\u00fakame mo\u017enos\u0165 zalo\u017ei\u0165 <a href=\"https:\/\/fcba-offshore.com\/sk\/offshore-spolocnosti\/\">offshore spolo\u010dnos\u0165<\/a> na Cypre za v\u00fdhodn\u00fdch podmienok.<\/p>\n<p style=\"text-align: justify;\">Otvorenie <a href=\"https:\/\/fcba-offshore.com\/sk\/offshore-bank-account-2\/\">offshore bankov\u00e9ho \u00fa\u010dtu<\/a> alebo <a href=\"https:\/\/fcba-offshore.com\/sk\/offshore-spolocnosti\/\">offshore spolo\u010dnosti<\/a> na Cypre bude pre V\u00e1s ur\u010dite v\u00fdhodn\u00e9, ke\u010f\u017ee na\u0161a spolo\u010dnos\u0165 vie v\u010faka kontaktom v\u00a0krajine pon\u00faknu\u0165 v\u00fdhodn\u00fa spolupr\u00e1cu, z\u00a0ktorej bud\u00fa profitova\u0165 obe strany.<\/p>\n<p style=\"text-align: justify;\">\u00davodn\u00e9 vklady na jednotliv\u00e9 <a href=\"https:\/\/fcba-offshore.com\/sk\/offshore-bank-account-2\/\">offshore bankov\u00e9 \u00fa\u010dty<\/a> s\u00fa relat\u00edvne n\u00edzke, \u010do d\u00e1va mo\u017enos\u0165 takmer v\u0161etk\u00fdm z\u00e1ujemcom otvori\u0165 si na Cypre <a href=\"https:\/\/fcba-offshore.com\/sk\/offshore-bank-account-2\/\">bankov\u00fd \u00fa\u010det<\/a>, pr\u00edpadne zalo\u017ei\u0165 <a href=\"https:\/\/fcba-offshore.com\/sk\/offshore-spolocnosti\/\">offshore spolo\u010dnos\u0165<\/a>.<\/p>\n<p style=\"text-align: justify;\">\n<p style=\"text-align: justify;\">V pr\u00edpade \u010fal\u0161\u00edch ot\u00e1zok nev\u00e1hajte pros\u00edm <a href=\"https:\/\/fcba-offshore.com\/sk\/kontakt\/\">kontaktova\u0165 pracovn\u00edkov FCBA Offshore Ltd<\/a>.\n<\/p>\n<p>&nbsp;<br \/>\n<a href=\"http:\/\/fcba-offshore.com\/wp-content\/uploads\/2014\/06\/logo-small.png\"><img loading=\"lazy\" decoding=\"async\" class=\"alignnone size-full wp-image-479\" src=\"http:\/\/fcba-offshore.com\/wp-content\/uploads\/2014\/06\/logo-small.png\" alt=\"Logo offshore small\" width=\"142\" height=\"31\" \/><\/a><\/p>\n","protected":false},"excerpt":{"rendered":"<p>&nbsp; Offshore spolo\u010dnos\u0165 na Cypruse: &nbsp; Cyprus je ostrov vo v\u00fdchodnej \u010dasti Stredozemn\u00e9ho mora nach\u00e1dzaj\u00faci sa medzi Gr\u00e9ckom a\u00a0Tureckom. Hlavn\u00fdm l\u00e1kadlom je turizmus a, samozrejme, v\u00fdhodn\u00e9 podmienky pre otvorenie offshore bankov\u00e9ho \u00fa\u010dtu alebo zalo\u017eenie offshore spolo\u010dnosti. Reput\u00e1cia krajiny sa v\u0161ak po bankovej kr\u00edze v\u00a0rokoch 2012\/2013 zhor\u0161ila. Tu je v\u0161ak potrebn\u00e9 doda\u0165, \u017ee cypersk\u00e9 banky neboli&hellip;<\/p>\n","protected":false},"author":1,"featured_media":0,"parent":0,"menu_order":0,"comment_status":"closed","ping_status":"open","template":"","meta":{"footnotes":""},"class_list":["post-1785","page","type-page","status-publish","hentry"],"_links":{"self":[{"href":"https:\/\/fcba-offshore.com\/sk\/wp-json\/wp\/v2\/pages\/1785","targetHints":{"allow":["GET"]}}],"collection":[{"href":"https:\/\/fcba-offshore.com\/sk\/wp-json\/wp\/v2\/pages"}],"about":[{"href":"https:\/\/fcba-offshore.com\/sk\/wp-json\/wp\/v2\/types\/page"}],"author":[{"embeddable":true,"href":"https:\/\/fcba-offshore.com\/sk\/wp-json\/wp\/v2\/users\/1"}],"replies":[{"embeddable":true,"href":"https:\/\/fcba-offshore.com\/sk\/wp-json\/wp\/v2\/comments?post=1785"}],"version-history":[{"count":13,"href":"https:\/\/fcba-offshore.com\/sk\/wp-json\/wp\/v2\/pages\/1785\/revisions"}],"predecessor-version":[{"id":2886,"href":"https:\/\/fcba-offshore.com\/sk\/wp-json\/wp\/v2\/pages\/1785\/revisions\/2886"}],"wp:attachment":[{"href":"https:\/\/fcba-offshore.com\/sk\/wp-json\/wp\/v2\/media?parent=1785"}],"curies":[{"name":"wp","href":"https:\/\/api.w.org\/{rel}","templated":true}]}}