{"id":1791,"date":"2015-12-10T09:54:00","date_gmt":"2015-12-10T09:54:00","guid":{"rendered":"http:\/\/fcba-offshore.com\/?page_id=1791"},"modified":"2016-09-29T15:56:57","modified_gmt":"2016-09-29T15:56:57","slug":"offshore-spolocnost-v-delaware","status":"publish","type":"page","link":"https:\/\/fcba-offshore.com\/sk\/offshore-spolocnost-v-delaware\/","title":{"rendered":"Offshore spolo\u010dnos\u0165 v Delaware"},"content":{"rendered":"<h1><a href=\"http:\/\/fcba-offshore.com\/wp-content\/uploads\/2014\/06\/Delaware.png\"><img loading=\"lazy\" decoding=\"async\" class=\"alignnone size-full wp-image-346\" src=\"http:\/\/fcba-offshore.com\/wp-content\/uploads\/2014\/06\/Delaware.png\" alt=\"Delaware\" width=\"79\" height=\"44\" \/><\/a> <a href=\"http:\/\/fcba-offshore.com\/wp-content\/uploads\/2014\/06\/Delaware-offshore-2.png\"><img loading=\"lazy\" decoding=\"async\" class=\"size-medium wp-image-575 alignright\" src=\"http:\/\/fcba-offshore.com\/wp-content\/uploads\/2014\/06\/Delaware-offshore-2-300x131.png\" alt=\"Delaware offshore 2\" width=\"300\" height=\"131\" srcset=\"https:\/\/fcba-offshore.com\/wp-content\/uploads\/2014\/06\/Delaware-offshore-2-300x131.png 300w, https:\/\/fcba-offshore.com\/wp-content\/uploads\/2014\/06\/Delaware-offshore-2.png 641w, https:\/\/fcba-offshore.com\/wp-content\/uploads\/2014\/06\/Delaware-offshore-2-450x196.png 450w\" sizes=\"auto, (max-width: 300px) 100vw, 300px\" \/><\/a><\/h1>\n<p>&nbsp;<\/p>\n<h1>Offshore spolo\u010dnos\u0165 v Delaware:<\/h1>\n<p>&nbsp;<\/p>\n<p style=\"text-align: justify;\">Delaware je jedn\u00fdm z\u00a050tich \u0161t\u00e1tov Spojen\u00fdch \u0161t\u00e1tov americk\u00fdch na severov\u00fdchode krajiny. Toto offshore miesto je historicky dobre zn\u00e1me pre svoju skvel\u00fa medzin\u00e1rodn\u00fa reput\u00e1ciu, ktor\u00e1 pretrv\u00e1va dodnes po celom svete. Okrem poskytovania da\u0148ov\u00fdch v\u00fdhod pre spolo\u010dnosti s\u00eddliace v\u00a0tomto \u0161t\u00e1te pon\u00faka takisto mo\u017enos\u0165 z\u00edska\u0165 (za ur\u010dit\u00fdch podmienok) zelen\u00fa kartu pre majite\u013eov spolo\u010dnost\u00ed a\u00a0sta\u0165 sa rezidentom USA.<\/p>\n<p style=\"text-align: justify;\">Hlavn\u00fdm benefitom \u0161t\u00e1tu pre spolo\u010dnosti s\u00eddliace v\u00a0Delaware je pr\u00edvetiv\u00e1 da\u0148ov\u00e1 autorita ku v\u0161etk\u00fdm spolo\u010dnostiam s\u00a0podnikate\u013esk\u00fdmi aktivitami mimo tohto \u0161t\u00e1tu. Delaware l\u00e1ka ka\u017ed\u00fa <a href=\"https:\/\/fcba-offshore.com\/sk\/offshore-spolocnosti\/\">offshore spolo\u010dnos\u0165<\/a> nulov\u00fdm da\u0148ov\u00fdm za\u0165a\u017een\u00edm na zisky z\u00a0aktiv\u00edt mimo \u0161t\u00e1tu. Medializ\u00e1cia Deleware ako offshore krajiny v\u0161ak v\u00a0Eur\u00f3pe sp\u00f4sobila zhor\u0161enie vz\u0165ahov s\u00a0partnermi v\u00a0r\u00e1mci E\u00da. Eur\u00f3pske autority ale uva\u017euj\u00fa o\u00a0re-klasifik\u00e1cii Deleware ako da\u0148ov\u00e9ho raja, \u010do m\u00f4\u017ee zlep\u0161i\u0165 t\u00fato situ\u00e1ciu.<\/p>\n<p style=\"text-align: justify;\">Preto v spolo\u010dnosti FCBA Offshore Ltd. odpor\u00fa\u010dame v\u0161etk\u00fdm vlastn\u00edkom <a href=\"https:\/\/fcba-offshore.com\/sk\/offshore-spolocnosti\/\">offshore spolo\u010dnost\u00ed<\/a> v\u00a0Delaware s\u00a0probl\u00e9mami t\u00fdkaj\u00facich sa faktura\u010dn\u00fdch vz\u0165ahov s\u00a0partnermi <a href=\"https:\/\/fcba-offshore.com\/sk\/kontakt\/\">kontaktova\u0165 n\u00e1s<\/a>. Na\u0161e odpor\u00fa\u010dania bud\u00fa smerova\u0165 k\u00a0zalo\u017eeniu <a href=\"https:\/\/fcba-offshore.com\/sk\/offshore-spolocnosti\/\">offshore spolo\u010dnosti<\/a> v\u00a0inej jurisdikcii. Ak v\u0161ak m\u00e1te z\u00e1ujem o\u00a0otvorenie <a href=\"https:\/\/fcba-offshore.com\/sk\/offshore-bank-account-2\/\">offshore bankov\u00e9ho \u00fa\u010dtu<\/a> k\u00a0Va\u0161ej u\u017e existuj\u00facej spolo\u010dnosti v\u00a0Delaware, s\u00a0na\u0161imi kontaktmi a\u00a0sk\u00fasenos\u0165ami V\u00e1m pon\u00fakneme slu\u017eby presne pod\u013ea Va\u0161ich predst\u00e1v.<\/p>\n<p style=\"text-align: justify;\">Otvorenie <a href=\"https:\/\/fcba-offshore.com\/sk\/offshore-bank-account-2\/\">offshore bankov\u00e9ho \u00fa\u010dtu<\/a> alebo zalo\u017eenie <a href=\"https:\/\/fcba-offshore.com\/sk\/offshore-spolocnosti\/\">offshore spolo\u010dnosti<\/a> v Delaware bude pre V\u00e1s ur\u010dite v\u00fdhodn\u00e9, ke\u010f\u017ee na\u0161a spolo\u010dnos\u0165 vie v\u010faka kontaktom v\u00a0krajine pon\u00faknu\u0165 v\u00fdhodn\u00fa spolupr\u00e1cu, z\u00a0ktorej bud\u00fa profitova\u0165 obe strany.<\/p>\n<p style=\"text-align: justify;\">\u00davodn\u00e9 vklady na jednotliv\u00e9 <a href=\"https:\/\/fcba-offshore.com\/sk\/offshore-bank-account-2\/\">offshore bankov\u00e9 \u00fa\u010dty<\/a> s\u00fa relat\u00edvne n\u00edzke, \u010do d\u00e1va mo\u017enos\u0165 takmer v\u0161etk\u00fdm z\u00e1ujemcom otvori\u0165 si v Delaware <a href=\"https:\/\/fcba-offshore.com\/sk\/offshore-bank-account-2\/\">offshore bankov\u00fd \u00fa\u010det<\/a>, pr\u00edpadne zalo\u017ei\u0165 <a href=\"https:\/\/fcba-offshore.com\/sk\/offshore-spolocnosti\/\">offshore spolo\u010dnos\u0165<\/a>.<\/p>\n<p style=\"text-align: justify;\">V pr\u00edpade \u010fal\u0161\u00edch ot\u00e1zok nev\u00e1hajte pros\u00edm <a href=\"https:\/\/fcba-offshore.com\/sk\/kontakt\/\">kontaktova\u0165 pracovn\u00edkov FCBA Offshore Ltd<\/a>.<\/p>\n<p><a href=\"http:\/\/fcba-offshore.com\/wp-content\/uploads\/2014\/06\/logo-small.png\"><img loading=\"lazy\" decoding=\"async\" class=\"alignnone size-full wp-image-479\" src=\"http:\/\/fcba-offshore.com\/wp-content\/uploads\/2014\/06\/logo-small.png\" alt=\"Logo offshore small\" width=\"142\" height=\"31\" \/><\/a><\/p>\n","protected":false},"excerpt":{"rendered":"<p>&nbsp; Offshore spolo\u010dnos\u0165 v Delaware: &nbsp; Delaware je jedn\u00fdm z\u00a050tich \u0161t\u00e1tov Spojen\u00fdch \u0161t\u00e1tov americk\u00fdch na severov\u00fdchode krajiny. Toto offshore miesto je historicky dobre zn\u00e1me pre svoju skvel\u00fa medzin\u00e1rodn\u00fa reput\u00e1ciu, ktor\u00e1 pretrv\u00e1va dodnes po celom svete. Okrem poskytovania da\u0148ov\u00fdch v\u00fdhod pre spolo\u010dnosti s\u00eddliace v\u00a0tomto \u0161t\u00e1te pon\u00faka takisto mo\u017enos\u0165 z\u00edska\u0165 (za ur\u010dit\u00fdch podmienok) zelen\u00fa kartu pre majite\u013eov&hellip;<\/p>\n","protected":false},"author":1,"featured_media":0,"parent":0,"menu_order":0,"comment_status":"closed","ping_status":"open","template":"","meta":{"footnotes":""},"class_list":["post-1791","page","type-page","status-publish","hentry"],"_links":{"self":[{"href":"https:\/\/fcba-offshore.com\/sk\/wp-json\/wp\/v2\/pages\/1791","targetHints":{"allow":["GET"]}}],"collection":[{"href":"https:\/\/fcba-offshore.com\/sk\/wp-json\/wp\/v2\/pages"}],"about":[{"href":"https:\/\/fcba-offshore.com\/sk\/wp-json\/wp\/v2\/types\/page"}],"author":[{"embeddable":true,"href":"https:\/\/fcba-offshore.com\/sk\/wp-json\/wp\/v2\/users\/1"}],"replies":[{"embeddable":true,"href":"https:\/\/fcba-offshore.com\/sk\/wp-json\/wp\/v2\/comments?post=1791"}],"version-history":[{"count":8,"href":"https:\/\/fcba-offshore.com\/sk\/wp-json\/wp\/v2\/pages\/1791\/revisions"}],"predecessor-version":[{"id":2894,"href":"https:\/\/fcba-offshore.com\/sk\/wp-json\/wp\/v2\/pages\/1791\/revisions\/2894"}],"wp:attachment":[{"href":"https:\/\/fcba-offshore.com\/sk\/wp-json\/wp\/v2\/media?parent=1791"}],"curies":[{"name":"wp","href":"https:\/\/api.w.org\/{rel}","templated":true}]}}