{"id":1793,"date":"2015-12-10T09:57:58","date_gmt":"2015-12-10T09:57:58","guid":{"rendered":"http:\/\/fcba-offshore.com\/?page_id=1793"},"modified":"2016-09-29T15:57:43","modified_gmt":"2016-09-29T15:57:43","slug":"offshore-spolocnost-na-dominike","status":"publish","type":"page","link":"https:\/\/fcba-offshore.com\/sk\/offshore-spolocnost-na-dominike\/","title":{"rendered":"Offshore spolo\u010dnos\u0165 na Dominike"},"content":{"rendered":"<h1><a href=\"http:\/\/fcba-offshore.com\/wp-content\/uploads\/2014\/06\/Dominique.png\"><img loading=\"lazy\" decoding=\"async\" class=\"alignnone size-full wp-image-347\" src=\"http:\/\/fcba-offshore.com\/wp-content\/uploads\/2014\/06\/Dominique.png\" alt=\"Dominique\" width=\"78\" height=\"41\" \/><\/a> <a href=\"http:\/\/fcba-offshore.com\/wp-content\/uploads\/2014\/06\/Dominique-Offshore-2.png\"><img loading=\"lazy\" decoding=\"async\" class=\"size-medium wp-image-577 alignright\" src=\"http:\/\/fcba-offshore.com\/wp-content\/uploads\/2014\/06\/Dominique-Offshore-2-300x131.png\" alt=\"Dominique Offshore 2\" width=\"300\" height=\"131\" srcset=\"https:\/\/fcba-offshore.com\/wp-content\/uploads\/2014\/06\/Dominique-Offshore-2-300x131.png 300w, https:\/\/fcba-offshore.com\/wp-content\/uploads\/2014\/06\/Dominique-Offshore-2.png 641w, https:\/\/fcba-offshore.com\/wp-content\/uploads\/2014\/06\/Dominique-Offshore-2-450x196.png 450w\" sizes=\"auto, (max-width: 300px) 100vw, 300px\" \/><\/a><\/h1>\n<p>&nbsp;<\/p>\n<h1>Offshore spolo\u010dnos\u0165 na Dominike:<\/h1>\n<p>&nbsp;<\/p>\n<p style=\"text-align: justify;\">Dominika je ostrov v\u00a0Karibiku v\u00a0Atlantickom oce\u00e1ne, ktor\u00fd si mnoh\u00ed \u010dasto m\u00fdlia s\u00a0Dominik\u00e1nskou republikou. Dominika je v\u0161ak nez\u00e1visl\u00fdm \u0161t\u00e1tom patriacim do Commonweathu s\u00a0\u00faradn\u00fdm jazykom angli\u010dtinou. Da\u0148ov\u00e9 autority na Dominike s\u00fa zn\u00e1me svojou legislat\u00edvou naklonenou podnikate\u013esk\u00e9mu prostrediu, ktor\u00e1 je navrhnut\u00e1 flexibilne a\u00a0moderne pod\u013ea anglosask\u00fdch ekonom\u00edk. Pr\u00e1ve to rob\u00ed t\u00fato offshore krajinu ve\u013ek\u00fdm l\u00e1kadlom pre zahrani\u010dn\u00fdch investorov a z\u00e1ujemcov o\u00a0<a href=\"https:\/\/fcba-offshore.com\/sk\/offshore-companies-2\/\">offshore spolo\u010dnos\u0165<\/a> s\u00a0podnikate\u013esk\u00fdmi aktivitami mimo \u00fazemia Dominiky. V\u00fdhodou je hlavne nezda\u0148ovanie offshore ziskov t\u00fdchto spolo\u010dnost\u00ed. Vlastn\u00edctvo <a href=\"https:\/\/fcba-offshore.com\/sk\/offshore-bank-account-2\/\">offshore bankov\u00e9ho \u00fa\u010dtu<\/a> a\u00a0<a href=\"https:\/\/fcba-offshore.com\/sk\/offshore-companies-2\/\">offshore spolo\u010dnosti<\/a> na Dominike pon\u00faka hne\u010f nieko\u013eko v\u00fdhod. Tu je zop\u00e1r z nich:<\/p>\n<ul style=\"text-align: justify;\">\n<li>\u017diadna DPH<\/li>\n<li>\u017diadna da\u0148 z\u00a0pr\u00edjmu pre pr\u00e1vnick\u00e9 osoby (po\u010das prv\u00fdch 20 rokov existencie spolo\u010dnosti)<\/li>\n<li>Bankov\u00e9 tajomstvo (100% diskr\u00e9tnos\u0165)<\/li>\n<li>Diskr\u00e9tnos\u0165 identity vlastn\u00edkov spolo\u010dnost\u00ed<\/li>\n<\/ul>\n<p style=\"text-align: justify;\">Za zmienku takisto stoj\u00ed fakt, \u017ee ide relat\u00edvne nov\u00fa a nezn\u00e1mu offshore krajinu, \u010do rob\u00ed Dominiku menej podozriv\u00fa vo vz\u0165ahu k\u00a0da\u0148ov\u00fdm autorit\u00e1m E\u00da. St\u00e1le v\u0161ak m\u00f4\u017eu nasta\u0165 probl\u00e9my pri faktur\u00e1cii s\u00a0partnermi z\u00a0E\u00da. V spolo\u010dnosti FCBA Offshore Ltd. odpor\u00fa\u010dame otvori\u0165 <a href=\"https:\/\/fcba-offshore.com\/sk\/offshore-bank-account-2\/\">offshore bankov\u00fd \u00fa\u010det<\/a> alebo zalo\u017ei\u0165 <a href=\"https:\/\/fcba-offshore.com\/sk\/offshore-companies-2\/\">offshore spolo\u010dnos\u0165<\/a> na Dominike hlavne podnikate\u013eom, ktor\u00ed maj\u00fa z\u00e1kazn\u00edkov mimo E\u00da. \u010eal\u0161ou nev\u00fdhodou je \u0161es\u0165 hodinov\u00fd \u010dasov\u00fd posun, ktor\u00fd m\u00f4\u017ee sp\u00f4sobi\u0165 probl\u00e9my pri pohodlnej komunik\u00e1cii s\u00a0Va\u0161ou miestnou bankou. Otvorenie <a href=\"https:\/\/fcba-offshore.com\/sk\/offshore-bank-account-2\/\">offshore bankov\u00e9ho \u00fa\u010dtu<\/a> alebo zalo\u017eenie <a href=\"https:\/\/fcba-offshore.com\/sk\/offshore-companies-2\/\">offshore spolo\u010dnosti<\/a> na Dominike bude v\u0161ak pre V\u00e1s st\u00e1le v\u00fdhodn\u00e9, ke\u010f\u017ee na\u0161a spolo\u010dnos\u0165 vie v\u010faka kontaktom v\u00a0krajine pon\u00faknu\u0165 v\u00fdhodn\u00fa spolupr\u00e1cu, z\u00a0ktorej bud\u00fa profitova\u0165 obe strany. Po\u017eadovan\u00e9 \u00favodn\u00e9 vklady na offshore bankov\u00e9 \u00fa\u010dty by nemali by\u0165 probl\u00e9mom pre jednotliv\u00fdch z\u00e1ujemcov a\u00a0podnikate\u013eov, ke\u010f\u017ee s\u00fa relat\u00edvne n\u00edzke.<\/p>\n<p style=\"text-align: justify;\">\n<p style=\"text-align: justify;\">V pr\u00edpade \u010fal\u0161\u00edch ot\u00e1zok nev\u00e1hajte pros\u00edm <a href=\"https:\/\/fcba-offshore.com\/sk\/kontakt\/\">kontaktova\u0165 pracovn\u00edkov FCBA Offshore Ltd<\/a>.\n<\/p>\n<p>&nbsp;<br \/>\n<a href=\"http:\/\/fcba-offshore.com\/wp-content\/uploads\/2014\/06\/logo-small.png\"><img loading=\"lazy\" decoding=\"async\" class=\"alignnone size-full wp-image-479\" src=\"http:\/\/fcba-offshore.com\/wp-content\/uploads\/2014\/06\/logo-small.png\" alt=\"Logo offshore small\" width=\"142\" height=\"31\" \/><\/a><\/p>\n","protected":false},"excerpt":{"rendered":"<p>&nbsp; Offshore spolo\u010dnos\u0165 na Dominike: &nbsp; Dominika je ostrov v\u00a0Karibiku v\u00a0Atlantickom oce\u00e1ne, ktor\u00fd si mnoh\u00ed \u010dasto m\u00fdlia s\u00a0Dominik\u00e1nskou republikou. Dominika je v\u0161ak nez\u00e1visl\u00fdm \u0161t\u00e1tom patriacim do Commonweathu s\u00a0\u00faradn\u00fdm jazykom angli\u010dtinou. Da\u0148ov\u00e9 autority na Dominike s\u00fa zn\u00e1me svojou legislat\u00edvou naklonenou podnikate\u013esk\u00e9mu prostrediu, ktor\u00e1 je navrhnut\u00e1 flexibilne a\u00a0moderne pod\u013ea anglosask\u00fdch ekonom\u00edk. Pr\u00e1ve to rob\u00ed t\u00fato offshore krajinu&hellip;<\/p>\n","protected":false},"author":1,"featured_media":0,"parent":0,"menu_order":0,"comment_status":"closed","ping_status":"open","template":"","meta":{"footnotes":""},"class_list":["post-1793","page","type-page","status-publish","hentry"],"_links":{"self":[{"href":"https:\/\/fcba-offshore.com\/sk\/wp-json\/wp\/v2\/pages\/1793","targetHints":{"allow":["GET"]}}],"collection":[{"href":"https:\/\/fcba-offshore.com\/sk\/wp-json\/wp\/v2\/pages"}],"about":[{"href":"https:\/\/fcba-offshore.com\/sk\/wp-json\/wp\/v2\/types\/page"}],"author":[{"embeddable":true,"href":"https:\/\/fcba-offshore.com\/sk\/wp-json\/wp\/v2\/users\/1"}],"replies":[{"embeddable":true,"href":"https:\/\/fcba-offshore.com\/sk\/wp-json\/wp\/v2\/comments?post=1793"}],"version-history":[{"count":11,"href":"https:\/\/fcba-offshore.com\/sk\/wp-json\/wp\/v2\/pages\/1793\/revisions"}],"predecessor-version":[{"id":2895,"href":"https:\/\/fcba-offshore.com\/sk\/wp-json\/wp\/v2\/pages\/1793\/revisions\/2895"}],"wp:attachment":[{"href":"https:\/\/fcba-offshore.com\/sk\/wp-json\/wp\/v2\/media?parent=1793"}],"curies":[{"name":"wp","href":"https:\/\/api.w.org\/{rel}","templated":true}]}}