{"id":1797,"date":"2015-12-10T10:04:52","date_gmt":"2015-12-10T10:04:52","guid":{"rendered":"http:\/\/fcba-offshore.com\/?page_id=1797"},"modified":"2016-09-29T15:58:42","modified_gmt":"2016-09-29T15:58:42","slug":"offshore-spolocnost-v-dubaji","status":"publish","type":"page","link":"https:\/\/fcba-offshore.com\/sk\/offshore-spolocnost-v-dubaji\/","title":{"rendered":"Offshore spolo\u010dnos\u0165 v Dubaji"},"content":{"rendered":"<h1><a href=\"http:\/\/fcba-offshore.com\/wp-content\/uploads\/2014\/06\/Dubai.png\"><img loading=\"lazy\" decoding=\"async\" class=\"alignnone size-full wp-image-348\" src=\"http:\/\/fcba-offshore.com\/wp-content\/uploads\/2014\/06\/Dubai.png\" alt=\"Dubai\" width=\"82\" height=\"48\" \/><\/a> <a href=\"http:\/\/fcba-offshore.com\/wp-content\/uploads\/2014\/06\/Dubai-offshore.png\"><img loading=\"lazy\" decoding=\"async\" class=\"size-medium wp-image-582 alignright\" src=\"http:\/\/fcba-offshore.com\/wp-content\/uploads\/2014\/06\/Dubai-offshore-300x131.png\" alt=\"Dubai offshore\" width=\"300\" height=\"131\" srcset=\"https:\/\/fcba-offshore.com\/wp-content\/uploads\/2014\/06\/Dubai-offshore-300x131.png 300w, https:\/\/fcba-offshore.com\/wp-content\/uploads\/2014\/06\/Dubai-offshore.png 641w, https:\/\/fcba-offshore.com\/wp-content\/uploads\/2014\/06\/Dubai-offshore-450x196.png 450w\" sizes=\"auto, (max-width: 300px) 100vw, 300px\" \/><\/a><\/h1>\n<p>&nbsp;<\/p>\n<h1>Offshore spolo\u010dnos\u0165 v Dubaji:<\/h1>\n<p>&nbsp;<\/p>\n<p style=\"text-align: justify;\">Dubaj je v s\u00fa\u010dasnosti pova\u017eovan\u00fd za jednu z\u00a0najluxusnej\u0161\u00edch turistick\u00fdch destin\u00e1ci\u00ed na svete. Takisto m\u00e1 v\u0161ak amb\u00edciu ekonomicky r\u00e1s\u0165 a\u00a0uchova\u0165 si d\u00f4le\u017eit\u00e9 postavenie v\u00a0\u010dase, ke\u010f sa v\u00a0krajine vy\u010derpaj\u00fa z\u00e1soby nerastn\u00fdch surov\u00edn. Preto sa Dubaj zameriava na technol\u00f3gie s\u00a0vysokou pridanou hodnotou. V\u00a0Dubaji \u017eije nie\u010do vy\u0161e dvoch mili\u00f3nov obyvate\u013eov, ktor\u00ed patria k\u00a0najbohat\u0161\u00edm \u013eu\u010fom na svete.<\/p>\n<p style=\"text-align: justify;\">Rovnako Dubaj pon\u00faka v\u00fdhody vych\u00e1dzaj\u00face z\u00a0da\u0148ovej legislat\u00edvy, hlavne bezda\u0148ov\u00e9 z\u00f3ny (Duty Free Zone). Medzi najv\u00e4\u010d\u0161ie v\u00fdhody patria:<\/p>\n<ul style=\"text-align: justify;\">\n<li>\u017diadna DPH<\/li>\n<li>\u017diadna da\u0148 z\u00a0pr\u00edjmu pre pr\u00e1vnick\u00e9 osoby (pre nerezidentov)<\/li>\n<li>\u017diadna da\u0148 na kapit\u00e1lov\u00e9 zisky<\/li>\n<li>\u017diadna da\u0148 z\u00a0pr\u00edjmu zo zamestnania<\/li>\n<\/ul>\n<p style=\"text-align: justify;\">V spolo\u010dnosti FCBA Offshore Ltd. odpor\u00fa\u010dame zalo\u017ei\u0165 <a href=\"https:\/\/fcba-offshore.com\/sk\/offshore-companies-2\/\">offshore spolo\u010dnos\u0165<\/a> v\u00a0Dubaji hlavne z\u00a0d\u00f4vodov spomenut\u00fdch vy\u0161\u0161ie. Berte v\u0161ak na vedomie, \u010do sa t\u00fdka diskr\u00e9tnosti, Dubaj nie je to najvhodnej\u0161ie miesto na zlo\u017eenie spolo\u010dnosti, ke\u010f\u017ee \u017eiadna z\u00a0b\u00e1nk nepon\u00faka anonymitu vlastn\u00edkom spolo\u010dnost\u00ed. \u010eal\u0161ou z\u00a0podmienok je potreba kapit\u00e1lu vo v\u00fd\u0161ke 60,000 EUR. Nakoniec, \u00fa\u010dtovn\u00e9 \u0161tandardy v\u00a0krajine s\u00fa pomerne komplexn\u00e9, \u010do rob\u00ed \u00fa\u010dtovn\u00edctvo finan\u010dne n\u00e1ro\u010dnej\u0161\u00edm.<\/p>\n<p style=\"text-align: justify;\">Otvorenie <a href=\"https:\/\/fcba-offshore.com\/sk\/offshore-bank-account-2\/\">offshore bankov\u00e9ho \u00fa\u010dtu<\/a> alebo zalo\u017eenie <a href=\"https:\/\/fcba-offshore.com\/sk\/offshore-companies-2\/\">offshore spolo\u010dnosti<\/a> v Dubaji bude v\u0161ak pre V\u00e1s st\u00e1le v\u00fdhodn\u00e9, ke\u010f\u017ee na\u0161a spolo\u010dnos\u0165 vie v\u010faka kontaktom v\u00a0krajine pon\u00faknu\u0165 v\u00fdhodn\u00fa spolupr\u00e1cu, z\u00a0ktorej bud\u00fa profitova\u0165 obe strany. A\u00a0to aj napriek pomerne vysok\u00fdm bankov\u00fdm poplatkom (poplatok za prevody a\u00a0vedenie \u00fa\u010dtu) a\u00a0\u00favodn\u00e9mu vkladu po\u017eadovan\u00e9mu miestnymi bankami.<\/p>\n<p style=\"text-align: justify;\">\n<p style=\"text-align: justify;\">V pr\u00edpade \u010fal\u0161\u00edch ot\u00e1zok nev\u00e1hajte pros\u00edm <a href=\"https:\/\/fcba-offshore.com\/sk\/kontakt\/\">kontaktova\u0165 pracovn\u00edkov FCBA Offshore Ltd<\/a>.\n<\/p>\n<p>&nbsp;<br \/>\n<a href=\"http:\/\/fcba-offshore.com\/wp-content\/uploads\/2014\/06\/logo-small.png\"><img loading=\"lazy\" decoding=\"async\" class=\"alignnone size-full wp-image-479\" src=\"http:\/\/fcba-offshore.com\/wp-content\/uploads\/2014\/06\/logo-small.png\" alt=\"Logo offshore small\" width=\"142\" height=\"31\" \/><\/a><\/p>\n","protected":false},"excerpt":{"rendered":"<p>&nbsp; Offshore spolo\u010dnos\u0165 v Dubaji: &nbsp; Dubaj je v s\u00fa\u010dasnosti pova\u017eovan\u00fd za jednu z\u00a0najluxusnej\u0161\u00edch turistick\u00fdch destin\u00e1ci\u00ed na svete. Takisto m\u00e1 v\u0161ak amb\u00edciu ekonomicky r\u00e1s\u0165 a\u00a0uchova\u0165 si d\u00f4le\u017eit\u00e9 postavenie v\u00a0\u010dase, ke\u010f sa v\u00a0krajine vy\u010derpaj\u00fa z\u00e1soby nerastn\u00fdch surov\u00edn. Preto sa Dubaj zameriava na technol\u00f3gie s\u00a0vysokou pridanou hodnotou. V\u00a0Dubaji \u017eije nie\u010do vy\u0161e dvoch mili\u00f3nov obyvate\u013eov, ktor\u00ed patria k\u00a0najbohat\u0161\u00edm&hellip;<\/p>\n","protected":false},"author":1,"featured_media":0,"parent":0,"menu_order":0,"comment_status":"closed","ping_status":"open","template":"","meta":{"footnotes":""},"class_list":["post-1797","page","type-page","status-publish","hentry"],"_links":{"self":[{"href":"https:\/\/fcba-offshore.com\/sk\/wp-json\/wp\/v2\/pages\/1797","targetHints":{"allow":["GET"]}}],"collection":[{"href":"https:\/\/fcba-offshore.com\/sk\/wp-json\/wp\/v2\/pages"}],"about":[{"href":"https:\/\/fcba-offshore.com\/sk\/wp-json\/wp\/v2\/types\/page"}],"author":[{"embeddable":true,"href":"https:\/\/fcba-offshore.com\/sk\/wp-json\/wp\/v2\/users\/1"}],"replies":[{"embeddable":true,"href":"https:\/\/fcba-offshore.com\/sk\/wp-json\/wp\/v2\/comments?post=1797"}],"version-history":[{"count":8,"href":"https:\/\/fcba-offshore.com\/sk\/wp-json\/wp\/v2\/pages\/1797\/revisions"}],"predecessor-version":[{"id":2896,"href":"https:\/\/fcba-offshore.com\/sk\/wp-json\/wp\/v2\/pages\/1797\/revisions\/2896"}],"wp:attachment":[{"href":"https:\/\/fcba-offshore.com\/sk\/wp-json\/wp\/v2\/media?parent=1797"}],"curies":[{"name":"wp","href":"https:\/\/api.w.org\/{rel}","templated":true}]}}