{"id":1799,"date":"2015-12-10T10:06:21","date_gmt":"2015-12-10T10:06:21","guid":{"rendered":"http:\/\/fcba-offshore.com\/?page_id=1799"},"modified":"2016-09-29T15:27:35","modified_gmt":"2016-09-29T15:27:35","slug":"offshore-spolocnost-na-gibraltari","status":"publish","type":"page","link":"https:\/\/fcba-offshore.com\/sk\/offshore-spolocnost-na-gibraltari\/","title":{"rendered":"Offshore spolo\u010dnos\u0165 na Gibralt\u00e1ri"},"content":{"rendered":"<h1><a href=\"http:\/\/fcba-offshore.com\/wp-content\/uploads\/2014\/06\/Gibraltar.png\"><img loading=\"lazy\" decoding=\"async\" class=\"alignnone size-full wp-image-368\" src=\"http:\/\/fcba-offshore.com\/wp-content\/uploads\/2014\/06\/Gibraltar.png\" alt=\"Gibraltar\" width=\"72\" height=\"43\" \/><\/a> <a href=\"http:\/\/fcba-offshore.com\/wp-content\/uploads\/2014\/06\/Gibraltar-Offshore.png\"><img loading=\"lazy\" decoding=\"async\" class=\"size-medium wp-image-588 alignright\" src=\"http:\/\/fcba-offshore.com\/wp-content\/uploads\/2014\/06\/Gibraltar-Offshore-300x131.png\" alt=\"Gibraltar Offshore\" width=\"300\" height=\"131\" srcset=\"https:\/\/fcba-offshore.com\/wp-content\/uploads\/2014\/06\/Gibraltar-Offshore-300x131.png 300w, https:\/\/fcba-offshore.com\/wp-content\/uploads\/2014\/06\/Gibraltar-Offshore.png 641w, https:\/\/fcba-offshore.com\/wp-content\/uploads\/2014\/06\/Gibraltar-Offshore-450x196.png 450w\" sizes=\"auto, (max-width: 300px) 100vw, 300px\" \/><\/a><\/h1>\n<p>&nbsp;<\/p>\n<h1>Offshore spolo\u010dnos\u0165 na Gibralt\u00e1ri:<\/h1>\n<p>&nbsp;<\/p>\n<p style=\"text-align: justify;\">Gibralt\u00e1rska skala (The Rock of\u00a0Gibraltar) je v\u00a0Eur\u00f3pe zn\u00e1ma hlavne svojou geografickou polohou medzi Stredozemn\u00fdm morom a\u00a0Atlantick\u00fdm oce\u00e1nom. \u0160t\u00e1t Gibralt\u00e1r nach\u00e1dzaj\u00faci sa na juhu \u0160panielska je v\u0161ak napriek tomu \u010dasto prehliadan\u00fd. T\u00e1to mal\u00e1 krajina patriaca v\u00a0minulosti pod britsk\u00e9 kr\u00e1\u013eovstvo je v\u00a0s\u00fa\u010dasnosti \u010dlenom Eur\u00f3pskej \u00danie, aj ke\u010f nie v\u0161etky z\u00e1kony sa jej kv\u00f4li \u0161pecifick\u00e9mu statusu dot\u00fdkaj\u00fa.<\/p>\n<p style=\"text-align: justify;\">Ako offshore lokalita na vlastn\u00edctvo <a href=\"https:\/\/fcba-offshore.com\/sk\/offshore-bankovy-ucet\/\">offshore bankov\u00e9ho \u00fa\u010dtu<\/a> a\u00a0zalo\u017eenie <a href=\"https:\/\/fcba-offshore.com\/sk\/offshore-spolocnosti\/\">offshore spolo\u010dnosti<\/a> pon\u00faka Gibralt\u00e1r hne\u010f nieko\u013eko v\u00fdhod. Tu je zoznam hlavn\u00fdch l\u00e1kadiel z\u00e1ujemcov o\u00a0da\u0148ov\u00fa optimaliz\u00e1ciu:<\/p>\n<ul style=\"text-align: justify;\">\n<li>\u017diadna da\u0148 z\u00a0pr\u00edjmu pre pr\u00e1vnick\u00e9 osoby (po\u010das prv\u00fdch 25 rokov existencie spolo\u010dnosti)<\/li>\n<li>Bankov\u00e9 tajomstvo (100% diskr\u00e9tnos\u0165)<\/li>\n<li>Diskr\u00e9tnos\u0165 identity vlastn\u00edkov spolo\u010dnost\u00ed<\/li>\n<\/ul>\n<p style=\"text-align: justify;\">V spolo\u010dnosti FCBA Offshore Ltd. odpor\u00fa\u010dame otvori\u0165 <a href=\"https:\/\/fcba-offshore.com\/sk\/offshore-bankovy-ucet\/\">offshore bankov\u00fd \u00fa\u010det<\/a> alebo zalo\u017ei\u0165 <a href=\"https:\/\/fcba-offshore.com\/sk\/offshore-spolocnosti\/\">offshore spolo\u010dnos\u0165<\/a> na Gibralt\u00e1ri hlavne podnikate\u013eom, ktor\u00ed maj\u00fa z\u00e1kazn\u00edkov mimo E\u00da. Probl\u00e9mom je absencia eur\u00f3pskeho DI\u010c, \u010do V\u00e1m m\u00f4\u017ee prekazi\u0165 spolupr\u00e1cu s\u00a0popredn\u00fdmi eur\u00f3pskymi spolo\u010dnos\u0165ami. Rovnako tak administrat\u00edvne a\u00a0spr\u00e1vcovsk\u00e9 poplatky Va\u0161ej offshore spolo\u010dnosti s\u00fa pomerne vysok\u00e9 v\u00a0porovnan\u00ed s\u00a0in\u00fdmi offshore jurisdikciami. Hlavn\u00fdmi d\u00f4vodmi s\u00fa povinnosti vymenovania gener\u00e1lneho sekret\u00e1ra s\u00a0trval\u00fdm pobytom v\u00a0krajine a\u00a0n\u00e1ro\u010dnos\u0165 \u00fa\u010dtovn\u00fdch \u0161tandardov. Obe tieto prek\u00e1\u017eky robia spr\u00e1vu spolo\u010dnosti \u010dasovo a\u00a0finan\u010dne n\u00e1ro\u010dn\u00fa.<\/p>\n<p style=\"text-align: justify;\">Napriek tomu bude pre V\u00e1s otvorenie <a href=\"https:\/\/fcba-offshore.com\/sk\/offshore-bankovy-ucet\/\">offshore bankov\u00e9ho \u00fa\u010dtu<\/a> alebo zalo\u017eenie <a href=\"https:\/\/fcba-offshore.com\/sk\/offshore-spolocnosti\/\">offshore spolo\u010dnosti<\/a> na Gibralt\u00e1ri st\u00e1le v\u00fdhodn\u00e9, ke\u010f\u017ee na\u0161a spolo\u010dnos\u0165 vie v\u010faka kontaktom v\u00a0krajine pon\u00faknu\u0165 v\u00fdhodn\u00fa spolupr\u00e1cu, z\u00a0ktorej bud\u00fa profitova\u0165 obe strany. A\u00a0to aj napriek pomerne vysok\u00e9mu\u00a0\u00favodn\u00e9mu vkladu po\u017eadovan\u00e9mu miestnymi bankami.<\/p>\n<p style=\"text-align: justify;\">\n<p style=\"text-align: justify;\">V pr\u00edpade \u010fal\u0161\u00edch ot\u00e1zok nev\u00e1hajte pros\u00edm <a href=\"https:\/\/fcba-offshore.com\/sk\/kontakt\/\">kontaktova\u0165 pracovn\u00edkov FCBA Offshore Ltd<\/a>.\n<\/p>\n<p>&nbsp;<br \/>\n<a href=\"http:\/\/fcba-offshore.com\/wp-content\/uploads\/2014\/06\/logo-small.png\"><img loading=\"lazy\" decoding=\"async\" class=\"alignnone size-full wp-image-479\" src=\"http:\/\/fcba-offshore.com\/wp-content\/uploads\/2014\/06\/logo-small.png\" alt=\"Logo offshore small\" width=\"142\" height=\"31\" \/><\/a><\/p>\n","protected":false},"excerpt":{"rendered":"<p>&nbsp; Offshore spolo\u010dnos\u0165 na Gibralt\u00e1ri: &nbsp; Gibralt\u00e1rska skala (The Rock of\u00a0Gibraltar) je v\u00a0Eur\u00f3pe zn\u00e1ma hlavne svojou geografickou polohou medzi Stredozemn\u00fdm morom a\u00a0Atlantick\u00fdm oce\u00e1nom. \u0160t\u00e1t Gibralt\u00e1r nach\u00e1dzaj\u00faci sa na juhu \u0160panielska je v\u0161ak napriek tomu \u010dasto prehliadan\u00fd. T\u00e1to mal\u00e1 krajina patriaca v\u00a0minulosti pod britsk\u00e9 kr\u00e1\u013eovstvo je v\u00a0s\u00fa\u010dasnosti \u010dlenom Eur\u00f3pskej \u00danie, aj ke\u010f nie v\u0161etky z\u00e1kony sa&hellip;<\/p>\n","protected":false},"author":1,"featured_media":0,"parent":0,"menu_order":0,"comment_status":"closed","ping_status":"open","template":"","meta":{"footnotes":""},"class_list":["post-1799","page","type-page","status-publish","hentry"],"_links":{"self":[{"href":"https:\/\/fcba-offshore.com\/sk\/wp-json\/wp\/v2\/pages\/1799","targetHints":{"allow":["GET"]}}],"collection":[{"href":"https:\/\/fcba-offshore.com\/sk\/wp-json\/wp\/v2\/pages"}],"about":[{"href":"https:\/\/fcba-offshore.com\/sk\/wp-json\/wp\/v2\/types\/page"}],"author":[{"embeddable":true,"href":"https:\/\/fcba-offshore.com\/sk\/wp-json\/wp\/v2\/users\/1"}],"replies":[{"embeddable":true,"href":"https:\/\/fcba-offshore.com\/sk\/wp-json\/wp\/v2\/comments?post=1799"}],"version-history":[{"count":9,"href":"https:\/\/fcba-offshore.com\/sk\/wp-json\/wp\/v2\/pages\/1799\/revisions"}],"predecessor-version":[{"id":2881,"href":"https:\/\/fcba-offshore.com\/sk\/wp-json\/wp\/v2\/pages\/1799\/revisions\/2881"}],"wp:attachment":[{"href":"https:\/\/fcba-offshore.com\/sk\/wp-json\/wp\/v2\/media?parent=1799"}],"curies":[{"name":"wp","href":"https:\/\/api.w.org\/{rel}","templated":true}]}}