{"id":1802,"date":"2015-12-10T10:09:52","date_gmt":"2015-12-10T10:09:52","guid":{"rendered":"http:\/\/fcba-offshore.com\/?page_id=1802"},"modified":"2016-09-29T15:29:12","modified_gmt":"2016-09-29T15:29:12","slug":"offshore-spolocnost-na-guernsey","status":"publish","type":"page","link":"https:\/\/fcba-offshore.com\/sk\/offshore-spolocnost-na-guernsey\/","title":{"rendered":"Offshore spolo\u010dnos\u0165 na Guernsey"},"content":{"rendered":"<h1><a href=\"http:\/\/fcba-offshore.com\/wp-content\/uploads\/2014\/06\/Guernesey.png\"><img loading=\"lazy\" decoding=\"async\" class=\"alignnone size-full wp-image-363\" src=\"http:\/\/fcba-offshore.com\/wp-content\/uploads\/2014\/06\/Guernesey.png\" alt=\"Guernesey\" width=\"72\" height=\"47\" \/><\/a> <a href=\"http:\/\/fcba-offshore.com\/wp-content\/uploads\/2014\/06\/Guernesey-Offshore.png\"><img loading=\"lazy\" decoding=\"async\" class=\"size-medium wp-image-592 alignright\" src=\"http:\/\/fcba-offshore.com\/wp-content\/uploads\/2014\/06\/Guernesey-Offshore-300x131.png\" alt=\"Guernesey Offshore\" width=\"300\" height=\"131\" srcset=\"https:\/\/fcba-offshore.com\/wp-content\/uploads\/2014\/06\/Guernesey-Offshore-300x131.png 300w, https:\/\/fcba-offshore.com\/wp-content\/uploads\/2014\/06\/Guernesey-Offshore.png 641w, https:\/\/fcba-offshore.com\/wp-content\/uploads\/2014\/06\/Guernesey-Offshore-450x196.png 450w\" sizes=\"auto, (max-width: 300px) 100vw, 300px\" \/><\/a><\/h1>\n<p>&nbsp;<\/p>\n<h1>Offshore spolo\u010dnos\u0165 na Guernsey:<\/h1>\n<p>&nbsp;<\/p>\n<p style=\"text-align: justify;\">Ostrov Guernsey (alebo ofici\u00e1lne pomenovan\u00fd Bailiwick of Guernsey) sa nach\u00e1dza v\u00a0Laman\u0161skom prielive ne\u010faleko franc\u00fazskeho pobre\u017eia Normandie. St\u00e1le v\u0161ak patr\u00ed Anglicku, v\u010faka \u010domu je biznis orientovan\u00fd pre existenciu\u00a0anglosask\u00e9ho modelu. Z\u00e1kony v\u00a0krajine s\u00fa ve\u013emi flexibiln\u00e9 a\u00a0modernej\u0161ie ako v\u00a0E\u00da, \u010do l\u00e1ka mnoho zahrani\u010dn\u00fdch z\u00e1ujemcov a\u00a0optimaliz\u00e1ciu da\u0148ov\u00e9ho za\u0165a\u017eenia. T\u00e1to offshore krajina je pova\u017eovan\u00e1 za s\u00fa\u010das\u0165 E\u00da, ale nie v\u0161etky E\u00da z\u00e1kony s\u00fa tu uplat\u0148ovan\u00e9, najm\u00e4 tie t\u00fdkaj\u00face sa financi\u00ed.<\/p>\n<p style=\"text-align: justify;\">Guernsey V\u00e1m dovol\u00ed (ak nie ste rezidentom E\u00da) zalo\u017ei\u0165 <a href=\"https:\/\/fcba-offshore.com\/sk\/offshore-spolocnosti\/\">offshore spolo\u010dnos\u0165<\/a> alebo otvori\u0165 <a href=\"https:\/\/fcba-offshore.com\/sk\/offshore-bankovy-ucet\/\">offshore bankov\u00fd \u00fa\u010det<\/a> s\u00a0vysok\u00fdm stup\u0148om diskr\u00e9tnosti garantuj\u00facim nezverejnenie identity vlastn\u00edkov. Okrem bankov\u00e9ho tajomstva pon\u00fakaj\u00fa da\u0148ov\u00e9 autority priate\u013esk\u00fd pr\u00edstup s\u00a0nulovou da\u0148ou zo zisku ak sa stanete rezidentom tohto ostrova. Navy\u0161e da\u0148 zo zisku pr\u00e1vnick\u00fdch os\u00f4b je mo\u017en\u00e9 s\u00a0miestnymi da\u0148ov\u00fdmi \u00faradmi dohodn\u00fa\u0165 na individu\u00e1lnej b\u00e1ze, pri\u010dom samotn\u00e1 da\u0148 nikdy nie je vy\u0161\u0161ia ako 30%, \u010dim sa syst\u00e9m podob\u00e1 \u0161vaj\u010diarskemu.<\/p>\n<p style=\"text-align: justify;\">V spolo\u010dnosti FCBA Offshore Ltd. odpor\u00fa\u010dame otvori\u0165 <a href=\"https:\/\/fcba-offshore.com\/sk\/offshore-bankovy-ucet\/\">offshore bankov\u00fd \u00fa\u010det<\/a> alebo zalo\u017ei\u0165 <a href=\"https:\/\/fcba-offshore.com\/sk\/offshore-spolocnosti\/\">offshore spolo\u010dnos\u0165<\/a> na Guernsey hlavne podnikate\u013eom so z\u00e1ujmom zlep\u0161i\u0165 konkurencieschopnos\u0165 podniku s\u00a0men\u0161\u00edm da\u0148ov\u00fdm za\u0165a\u017een\u00edm v\u00a0r\u00e1mci E\u00da. Vo v\u0161eobecnosti je v\u0161ak t\u00e1to jurisdikcia viac odpor\u00fa\u010dan\u00e1 pre rezidentov mimo E\u00da so z\u00e1ujmom si tu zalo\u017ei\u0165 <a href=\"https:\/\/fcba-offshore.com\/sk\/offshore-spolocnosti\/\">offshore spolo\u010dnos\u0165<\/a>, \u010di otvori\u0165 <a href=\"https:\/\/fcba-offshore.com\/sk\/offshore-bankovy-ucet\/\">offshore bankov\u00fd \u00fa\u010det<\/a>.<\/p>\n<p style=\"text-align: justify;\">Otvorenie <a href=\"https:\/\/fcba-offshore.com\/sk\/offshore-bankovy-ucet\/\">offshore bankov\u00e9ho \u00fa\u010dtu<\/a> alebo zalo\u017eenie <a href=\"https:\/\/fcba-offshore.com\/sk\/offshore-spolocnosti\/\">offshore spolo\u010dnosti<\/a> na Guersney bude pre V\u00e1s v\u00fdhodn\u00e9, ke\u010f\u017ee na\u0161a spolo\u010dnos\u0165 vie v\u010faka kontaktom v\u00a0krajine pon\u00faknu\u0165 obojstranne v\u00fdhodn\u00fa spolupr\u00e1cu. A\u00a0to aj napriek pomerne vysok\u00e9mu\u00a0\u00favodn\u00e9mu vkladu po\u017eadovan\u00e9mu miestnymi bankami.<\/p>\n<p style=\"text-align: justify;\">\n<p style=\"text-align: justify;\">V pr\u00edpade \u010fal\u0161\u00edch ot\u00e1zok nev\u00e1hajte pros\u00edm <a href=\"https:\/\/fcba-offshore.com\/sk\/kontakt\/\">kontaktova\u0165 pracovn\u00edkov FCBA Offshore Ltd<\/a>.\n<\/p>\n<p>&nbsp;<br \/>\n<a href=\"http:\/\/fcba-offshore.com\/wp-content\/uploads\/2014\/06\/logo-small.png\"><img loading=\"lazy\" decoding=\"async\" class=\"alignnone size-full wp-image-479\" src=\"http:\/\/fcba-offshore.com\/wp-content\/uploads\/2014\/06\/logo-small.png\" alt=\"Logo offshore small\" width=\"142\" height=\"31\" \/><\/a><\/p>\n","protected":false},"excerpt":{"rendered":"<p>&nbsp; Offshore spolo\u010dnos\u0165 na Guernsey: &nbsp; Ostrov Guernsey (alebo ofici\u00e1lne pomenovan\u00fd Bailiwick of Guernsey) sa nach\u00e1dza v\u00a0Laman\u0161skom prielive ne\u010faleko franc\u00fazskeho pobre\u017eia Normandie. St\u00e1le v\u0161ak patr\u00ed Anglicku, v\u010faka \u010domu je biznis orientovan\u00fd pre existenciu\u00a0anglosask\u00e9ho modelu. Z\u00e1kony v\u00a0krajine s\u00fa ve\u013emi flexibiln\u00e9 a\u00a0modernej\u0161ie ako v\u00a0E\u00da, \u010do l\u00e1ka mnoho zahrani\u010dn\u00fdch z\u00e1ujemcov a\u00a0optimaliz\u00e1ciu da\u0148ov\u00e9ho za\u0165a\u017eenia. T\u00e1to offshore krajina je pova\u017eovan\u00e1&hellip;<\/p>\n","protected":false},"author":1,"featured_media":0,"parent":0,"menu_order":0,"comment_status":"closed","ping_status":"open","template":"","meta":{"footnotes":""},"class_list":["post-1802","page","type-page","status-publish","hentry"],"_links":{"self":[{"href":"https:\/\/fcba-offshore.com\/sk\/wp-json\/wp\/v2\/pages\/1802","targetHints":{"allow":["GET"]}}],"collection":[{"href":"https:\/\/fcba-offshore.com\/sk\/wp-json\/wp\/v2\/pages"}],"about":[{"href":"https:\/\/fcba-offshore.com\/sk\/wp-json\/wp\/v2\/types\/page"}],"author":[{"embeddable":true,"href":"https:\/\/fcba-offshore.com\/sk\/wp-json\/wp\/v2\/users\/1"}],"replies":[{"embeddable":true,"href":"https:\/\/fcba-offshore.com\/sk\/wp-json\/wp\/v2\/comments?post=1802"}],"version-history":[{"count":9,"href":"https:\/\/fcba-offshore.com\/sk\/wp-json\/wp\/v2\/pages\/1802\/revisions"}],"predecessor-version":[{"id":2882,"href":"https:\/\/fcba-offshore.com\/sk\/wp-json\/wp\/v2\/pages\/1802\/revisions\/2882"}],"wp:attachment":[{"href":"https:\/\/fcba-offshore.com\/sk\/wp-json\/wp\/v2\/media?parent=1802"}],"curies":[{"name":"wp","href":"https:\/\/api.w.org\/{rel}","templated":true}]}}