{"id":1805,"date":"2015-12-10T10:12:49","date_gmt":"2015-12-10T10:12:49","guid":{"rendered":"http:\/\/fcba-offshore.com\/?page_id=1805"},"modified":"2016-09-29T16:02:13","modified_gmt":"2016-09-29T16:02:13","slug":"offshore-spolocnost-v-hongkongu","status":"publish","type":"page","link":"https:\/\/fcba-offshore.com\/sk\/offshore-spolocnost-v-hongkongu\/","title":{"rendered":"Offshore spolo\u010dnos\u0165 v Hongkongu"},"content":{"rendered":"<h1><a href=\"http:\/\/fcba-offshore.com\/wp-content\/uploads\/2014\/06\/Hong-Kong.png\"><img loading=\"lazy\" decoding=\"async\" class=\"alignnone size-full wp-image-349\" src=\"http:\/\/fcba-offshore.com\/wp-content\/uploads\/2014\/06\/Hong-Kong.png\" alt=\"Hong-Kong\" width=\"79\" height=\"57\" \/><\/a> <a href=\"http:\/\/fcba-offshore.com\/wp-content\/uploads\/2014\/06\/Hong-Kong-Offshore.png\"><img loading=\"lazy\" decoding=\"async\" class=\"size-medium wp-image-596 alignright\" src=\"http:\/\/fcba-offshore.com\/wp-content\/uploads\/2014\/06\/Hong-Kong-Offshore-300x131.png\" alt=\"Hong Kong Offshore\" width=\"300\" height=\"131\" srcset=\"https:\/\/fcba-offshore.com\/wp-content\/uploads\/2014\/06\/Hong-Kong-Offshore-300x131.png 300w, https:\/\/fcba-offshore.com\/wp-content\/uploads\/2014\/06\/Hong-Kong-Offshore.png 641w, https:\/\/fcba-offshore.com\/wp-content\/uploads\/2014\/06\/Hong-Kong-Offshore-450x196.png 450w\" sizes=\"auto, (max-width: 300px) 100vw, 300px\" \/><\/a><\/h1>\n<p>&nbsp;<\/p>\n<h1>Offshore spolo\u010dnos\u0165 v Hongkongu:<\/h1>\n<p>&nbsp;<\/p>\n<p style=\"text-align: justify;\">Hongkong je pova\u017eovan\u00fd za hlavn\u00e9 finan\u010dn\u00e9 centrum najdynamickej\u0161ieho regi\u00f3nu sveta, juhov\u00fdchodnej \u00c1zie. Ide o\u00a0jedno z\u00a0najliber\u00e1lnej\u0161\u00edch miest v\u010faka dohode o\u00a0auton\u00f3mie s\u00a0\u010c\u00ednou, ktor\u00e1 plat\u00ed do roku 2047. Ofici\u00e1lnym biznis jazykom je angli\u010dtina, pri\u010dom podnikate\u013esk\u00e9 prostredie je rovnako postaven\u00e9 na anglosaskom liber\u00e1lnom modeli. Miestna legislat\u00edva je ve\u013emi flexibiln\u00e1, \u010do l\u00e1ka \u010doraz viac zahrani\u010dn\u00fdch investorov na presunutie z\u00e1kladne svojich podnikate\u013esk\u00fdch aktiv\u00edt pr\u00e1ve tam. Navy\u0161e v\u00a0krajine plat\u00ed bankov\u00e9 tajomstvo pre <a href=\"https:\/\/fcba-offshore.com\/sk\/offshore-bankovy-ucet\/\">offshore bankov\u00e9 \u00fa\u010dty<\/a> a\u00a0<a href=\"https:\/\/fcba-offshore.com\/sk\/offshore-spolocnosti\/\">offshore spolo\u010dnosti<\/a>.<\/p>\n<p style=\"text-align: justify;\">Tento mestsk\u00fd \u0161t\u00e1t ako offshore lokalita pon\u00faka na vlastn\u00edctvo <a href=\"https:\/\/fcba-offshore.com\/sk\/offshore-bankovy-ucet\/\">offshore bankov\u00e9ho \u00fa\u010dtu<\/a> a\u00a0zalo\u017eenie <a href=\"https:\/\/fcba-offshore.com\/sk\/offshore-spolocnosti\/\">offshore spolo\u010dnosti<\/a> hne\u010f nieko\u013eko v\u00fdhod. Tu je zoznam hlavn\u00fdch l\u00e1kadiel z\u00e1ujemcov o\u00a0da\u0148ov\u00fa optimaliz\u00e1ciu:<\/p>\n<ul style=\"text-align: justify;\">\n<li>\u017diadna DPH<\/li>\n<li>\u017diadna da\u0148 z\u00a0pr\u00edjmu<\/li>\n<li>Nulov\u00e1 da\u0148 na dividendy<\/li>\n<li>Nulov\u00e1 da\u0148 z\u00a0kapit\u00e1lu<\/li>\n<li>Bankov\u00e9 tajomstvo<\/li>\n<li>Diskr\u00e9tnos\u0165 identity vlastn\u00edkov spolo\u010dnost\u00ed<\/li>\n<\/ul>\n<p style=\"text-align: justify;\">V spolo\u010dnosti <a href=\"https:\/\/fcba-offshore.com\/sk\/\">FCBA Offshore Ltd<\/a>. odpor\u00fa\u010dame zalo\u017ei\u0165 <a href=\"https:\/\/fcba-offshore.com\/sk\/offshore-spolocnosti\/\">offshore spolo\u010dnos\u0165<\/a> a\u00a0otvori\u0165 <a href=\"https:\/\/fcba-offshore.com\/sk\/offshore-bankovy-ucet\/\">offshore bankov\u00fd \u00fa\u010det<\/a> v\u00a0Hongkongu hlavne z\u00a0vy\u0161\u0161ie spomenut\u00fdch d\u00f4vodov. Navy\u0161e \u00faradn\u00fdm jazykom je angli\u010dtine, \u010do zjednodu\u0161uje komunik\u00e1ciu. Ke\u010f\u017ee \u00fa\u010dtovn\u00e9 \u0161tandardy v\u00a0krajine s\u00fa pomerne komplexn\u00e9, potrebn\u00e9 bude zachova\u0165 partnerstvo s\u00a0miestnou spolo\u010dnos\u0165ou na zabezpe\u010denie v\u0161etk\u00fdch podmienok dan\u00fdch miestnou legislat\u00edvou, ako s\u00fa finan\u010dn\u00e9 a\u00a0da\u0148ov\u00e9 reportovanie miestnym autorit\u00e1m v\u00a0riadnych term\u00ednoch. Najzauj\u00edmavej\u0161ia je t\u00e1to krajina pr\u00e1ve pre na\u0161ich klientov so s\u00eddlom v\u00a0\u00c1zii, ke\u010f\u017ee \u010dasov\u00fd posun \u0161es\u0165 hod\u00edn m\u00f4\u017ee skomplikova\u0165 komunik\u00e1ciu s\u00a0Va\u0161imi partnermi.<\/p>\n<p style=\"text-align: justify;\">Otvorenie <a href=\"https:\/\/fcba-offshore.com\/sk\/offshore-bankovy-ucet\/\">offshore bankov\u00e9ho \u00fa\u010dtu<\/a> alebo zalo\u017eenie <a href=\"https:\/\/fcba-offshore.com\/sk\/offshore-spolocnosti\/\">offshore spolo\u010dnosti<\/a> v\u00a0Hongkongu bude pre V\u00e1s v\u00fdhodn\u00e9, ke\u010f\u017ee na\u0161a spolo\u010dnos\u0165 vie v\u010faka kontaktom v\u00a0krajine pon\u00faknu\u0165 obojstranne v\u00fdhodn\u00fa spolupr\u00e1cu. A\u00a0to aj napriek pomerne vysok\u00e9mu\u00a0\u00favodn\u00e9mu vkladu po\u017eadovan\u00e9mu miestnymi bankami.<\/p>\n<p style=\"text-align: justify;\">\n<p style=\"text-align: justify;\">V pr\u00edpade \u010fal\u0161\u00edch ot\u00e1zok nev\u00e1hajte pros\u00edm <a href=\"https:\/\/fcba-offshore.com\/sk\/kontakt\/\">kontaktova\u0165 pracovn\u00edkov FCBA Offshore Ltd<\/a>.\n<\/p>\n<p>&nbsp;<br \/>\n<a href=\"http:\/\/fcba-offshore.com\/wp-content\/uploads\/2014\/06\/logo-small.png\"><img loading=\"lazy\" decoding=\"async\" class=\"alignnone size-full wp-image-479\" src=\"http:\/\/fcba-offshore.com\/wp-content\/uploads\/2014\/06\/logo-small.png\" alt=\"Logo offshore small\" width=\"142\" height=\"31\" \/><\/a><\/p>\n","protected":false},"excerpt":{"rendered":"<p>&nbsp; Offshore spolo\u010dnos\u0165 v Hongkongu: &nbsp; Hongkong je pova\u017eovan\u00fd za hlavn\u00e9 finan\u010dn\u00e9 centrum najdynamickej\u0161ieho regi\u00f3nu sveta, juhov\u00fdchodnej \u00c1zie. Ide o\u00a0jedno z\u00a0najliber\u00e1lnej\u0161\u00edch miest v\u010faka dohode o\u00a0auton\u00f3mie s\u00a0\u010c\u00ednou, ktor\u00e1 plat\u00ed do roku 2047. Ofici\u00e1lnym biznis jazykom je angli\u010dtina, pri\u010dom podnikate\u013esk\u00e9 prostredie je rovnako postaven\u00e9 na anglosaskom liber\u00e1lnom modeli. Miestna legislat\u00edva je ve\u013emi flexibiln\u00e1, \u010do l\u00e1ka \u010doraz viac&hellip;<\/p>\n","protected":false},"author":1,"featured_media":0,"parent":0,"menu_order":0,"comment_status":"closed","ping_status":"open","template":"","meta":{"footnotes":""},"class_list":["post-1805","page","type-page","status-publish","hentry"],"_links":{"self":[{"href":"https:\/\/fcba-offshore.com\/sk\/wp-json\/wp\/v2\/pages\/1805","targetHints":{"allow":["GET"]}}],"collection":[{"href":"https:\/\/fcba-offshore.com\/sk\/wp-json\/wp\/v2\/pages"}],"about":[{"href":"https:\/\/fcba-offshore.com\/sk\/wp-json\/wp\/v2\/types\/page"}],"author":[{"embeddable":true,"href":"https:\/\/fcba-offshore.com\/sk\/wp-json\/wp\/v2\/users\/1"}],"replies":[{"embeddable":true,"href":"https:\/\/fcba-offshore.com\/sk\/wp-json\/wp\/v2\/comments?post=1805"}],"version-history":[{"count":7,"href":"https:\/\/fcba-offshore.com\/sk\/wp-json\/wp\/v2\/pages\/1805\/revisions"}],"predecessor-version":[{"id":2898,"href":"https:\/\/fcba-offshore.com\/sk\/wp-json\/wp\/v2\/pages\/1805\/revisions\/2898"}],"wp:attachment":[{"href":"https:\/\/fcba-offshore.com\/sk\/wp-json\/wp\/v2\/media?parent=1805"}],"curies":[{"name":"wp","href":"https:\/\/api.w.org\/{rel}","templated":true}]}}