{"id":1807,"date":"2015-12-10T10:14:27","date_gmt":"2015-12-10T10:14:27","guid":{"rendered":"http:\/\/fcba-offshore.com\/?page_id=1807"},"modified":"2016-09-29T16:04:17","modified_gmt":"2016-09-29T16:04:17","slug":"offshore-spolocnost-v-irsku","status":"publish","type":"page","link":"https:\/\/fcba-offshore.com\/sk\/offshore-spolocnost-v-irsku\/","title":{"rendered":"Offshore spolo\u010dnos\u0165 v \u00cdrsku"},"content":{"rendered":"<h1><a href=\"http:\/\/fcba-offshore.com\/wp-content\/uploads\/2014\/06\/Irelande.png\"><img loading=\"lazy\" decoding=\"async\" class=\"alignnone size-full wp-image-367\" src=\"http:\/\/fcba-offshore.com\/wp-content\/uploads\/2014\/06\/Irelande.png\" alt=\"Irelande\" width=\"72\" height=\"55\" \/><\/a> <a href=\"http:\/\/fcba-offshore.com\/wp-content\/uploads\/2014\/06\/Irlande-Offshore.png\"><img loading=\"lazy\" decoding=\"async\" class=\"size-medium wp-image-613 alignright\" src=\"http:\/\/fcba-offshore.com\/wp-content\/uploads\/2014\/06\/Irlande-Offshore-300x131.png\" alt=\"Irlande Offshore\" width=\"300\" height=\"131\" srcset=\"https:\/\/fcba-offshore.com\/wp-content\/uploads\/2014\/06\/Irlande-Offshore-300x131.png 300w, https:\/\/fcba-offshore.com\/wp-content\/uploads\/2014\/06\/Irlande-Offshore.png 641w, https:\/\/fcba-offshore.com\/wp-content\/uploads\/2014\/06\/Irlande-Offshore-450x196.png 450w\" sizes=\"auto, (max-width: 300px) 100vw, 300px\" \/><\/a><\/h1>\n<p>&nbsp;<\/p>\n<h1>Offshore spolo\u010dnos\u0165 v \u00cdrsku:<\/h1>\n<p>&nbsp;<\/p>\n<p style=\"text-align: justify;\">Pravdepodobne nie je potreba predstavova\u0165 \u00cdrsko, jedn\u00e9ho z\u00a0\u010dlenov Eur\u00f3pskej \u00danie po dobu viac ako 40 rokov a\u00a0dynamick\u00fd \u0161t\u00e1t Ve\u013ekej Brit\u00e1nie. P\u00f4vodne prez\u00fdvan\u00fd \u201eKeltsk\u00fd Tiger\u201c, \u00edrska ekonomika je postaven\u00e1 na syst\u00e9me n\u00edzkych dan\u00ed. Napriek miernej kr\u00edze v\u00a0posledn\u00fdch rokoch sa \u00cdrsko dok\u00e1zalo r\u00fdchlo zotavi\u0165 najm\u00e4 v\u010faka nov\u00fdm spolo\u010dnostiam prich\u00e1dzaj\u00facim na \u00fazemie krajiny. Mnoho medzin\u00e1rodn\u00fdch spolo\u010dnost\u00ed, vr\u00e1tane Google, sa rozhodlo zalo\u017ei\u0165 dc\u00e9rske spolo\u010dnosti v\u00a0\u00cdrsku na spravovanie ich eur\u00f3pskeho podnikania.<\/p>\n<p style=\"text-align: justify;\">Existuje mnoho d\u00f4vodov, pre\u010do je \u00cdrsko atrakt\u00edvne ako offshore destin\u00e1cia. Po prv\u00e9, ako \u010dlen E\u00da zaru\u010duje spolo\u010dnostiam bezprobl\u00e9mov\u00fd faktura\u010dn\u00fd vz\u0165ah medzi spolo\u010dnos\u0165ami s\u00eddliacimi v\u00a0\u00cdrsku a\u00a0ich partnermi v\u00a0r\u00e1mci E\u00da. Faktur\u00e1cia a\u00a0finan\u010dn\u00e9 ot\u00e1zky b\u00fdvaj\u00fa probl\u00e9mom pre spolo\u010dnosti s\u00eddliacimi v\u00a0exotick\u00fdch destin\u00e1ci\u00e1ch vo vz\u0165ahu s\u00a0krajinami E\u00da. Po druh\u00e9, \u00edrske spolo\u010dnosti m\u00f4\u017eu by\u0165 riaden\u00e9 aj z\u00a0cudziny, pri\u010dom da\u0148 z\u00a0pr\u00edjmu je st\u00e1le na \u00farovni 12,5%. Nakoniec, administrat\u00edvne povinnosti s\u00fa v\u00a0\u00cdrsku men\u0161ie ako v\u00a0ostatn\u00fdch <a href=\"https:\/\/fcba-offshore.com\/sk\/offshore-spolocnosti\/\">offshore jurisdikci\u00e1ch<\/a>.<\/p>\n<p style=\"text-align: justify;\">V spolo\u010dnosti <a href=\"https:\/\/fcba-offshore.com\/sk\/\">FCBA Offshore Ltd<\/a>. odpor\u00fa\u010dame na\u0161im klientom otvori\u0165 <a href=\"https:\/\/fcba-offshore.com\/sk\/offshore-bankovy-ucet\/\">offshore bankov\u00fd \u00fa\u010det<\/a> alebo zalo\u017ei\u0165 <a href=\"https:\/\/fcba-offshore.com\/sk\/offshore-spolocnosti\/\">offshore spolo\u010dnos\u0165<\/a> v\u00a0\u00cdrsku bez oh\u013eadu na ich rezidenciu. Berte v\u0161ak na vedomie, \u017ee aj napriek v\u0161etk\u00fdm benefitom je \u00cdrsko pomerne drah\u00e1 krajina, \u010do sa t\u00fdka administrat\u00edvnych\u00a0 poplatkov, \u00fa\u010dtovn\u00edctva a\u00a0zastupite\u013estva. Minim\u00e1lny kapit\u00e1l na <a href=\"https:\/\/fcba-offshore.com\/sk\/offshore-spolocnosti\/\">zalo\u017eenie spolo\u010dnosti<\/a> m\u00f4\u017ee by\u0165 a\u017e na \u00farovni 38,000 EUR.<\/p>\n<p style=\"text-align: justify;\">Otvorenie <a href=\"https:\/\/fcba-offshore.com\/sk\/offshore-bankovy-ucet\/\">offshore bankov\u00e9ho \u00fa\u010dtu<\/a> alebo zalo\u017eenie <a href=\"https:\/\/fcba-offshore.com\/sk\/offshore-spolocnosti\/\">offshore spolo\u010dnosti<\/a> v \u00cdrsku bude v\u0161ak pre V\u00e1s st\u00e1le v\u00fdhodn\u00e9, ke\u010f\u017ee <a href=\"https:\/\/fcba-offshore.com\/sk\/\">na\u0161a spolo\u010dnos\u0165<\/a> vie v\u010faka kontaktom v\u00a0krajine pon\u00faknu\u0165 obojstranne v\u00fdhodn\u00fa spolupr\u00e1cu. A\u00a0to aj napriek pomerne vysok\u00e9mu\u00a0\u00favodn\u00e9mu vkladu po\u017eadovan\u00e9mu miestnymi bankami.<\/p>\n<p style=\"text-align: justify;\">\n<p style=\"text-align: justify;\">V pr\u00edpade \u010fal\u0161\u00edch ot\u00e1zok nev\u00e1hajte pros\u00edm <a href=\"https:\/\/fcba-offshore.com\/sk\/kontakt\/\">kontaktova\u0165 pracovn\u00edkov FCBA Offshore Ltd<\/a>.\n<\/p>\n<p>&nbsp;<br \/>\n<a href=\"http:\/\/fcba-offshore.com\/wp-content\/uploads\/2014\/06\/logo-small.png\"><img loading=\"lazy\" decoding=\"async\" class=\"alignnone size-full wp-image-479\" src=\"http:\/\/fcba-offshore.com\/wp-content\/uploads\/2014\/06\/logo-small.png\" alt=\"Logo offshore small\" width=\"142\" height=\"31\" \/><\/a><\/p>\n","protected":false},"excerpt":{"rendered":"<p>&nbsp; Offshore spolo\u010dnos\u0165 v \u00cdrsku: &nbsp; Pravdepodobne nie je potreba predstavova\u0165 \u00cdrsko, jedn\u00e9ho z\u00a0\u010dlenov Eur\u00f3pskej \u00danie po dobu viac ako 40 rokov a\u00a0dynamick\u00fd \u0161t\u00e1t Ve\u013ekej Brit\u00e1nie. P\u00f4vodne prez\u00fdvan\u00fd \u201eKeltsk\u00fd Tiger\u201c, \u00edrska ekonomika je postaven\u00e1 na syst\u00e9me n\u00edzkych dan\u00ed. Napriek miernej kr\u00edze v\u00a0posledn\u00fdch rokoch sa \u00cdrsko dok\u00e1zalo r\u00fdchlo zotavi\u0165 najm\u00e4 v\u010faka nov\u00fdm spolo\u010dnostiam prich\u00e1dzaj\u00facim na \u00fazemie&hellip;<\/p>\n","protected":false},"author":1,"featured_media":0,"parent":0,"menu_order":0,"comment_status":"closed","ping_status":"open","template":"","meta":{"footnotes":""},"class_list":["post-1807","page","type-page","status-publish","hentry"],"_links":{"self":[{"href":"https:\/\/fcba-offshore.com\/sk\/wp-json\/wp\/v2\/pages\/1807","targetHints":{"allow":["GET"]}}],"collection":[{"href":"https:\/\/fcba-offshore.com\/sk\/wp-json\/wp\/v2\/pages"}],"about":[{"href":"https:\/\/fcba-offshore.com\/sk\/wp-json\/wp\/v2\/types\/page"}],"author":[{"embeddable":true,"href":"https:\/\/fcba-offshore.com\/sk\/wp-json\/wp\/v2\/users\/1"}],"replies":[{"embeddable":true,"href":"https:\/\/fcba-offshore.com\/sk\/wp-json\/wp\/v2\/comments?post=1807"}],"version-history":[{"count":8,"href":"https:\/\/fcba-offshore.com\/sk\/wp-json\/wp\/v2\/pages\/1807\/revisions"}],"predecessor-version":[{"id":2899,"href":"https:\/\/fcba-offshore.com\/sk\/wp-json\/wp\/v2\/pages\/1807\/revisions\/2899"}],"wp:attachment":[{"href":"https:\/\/fcba-offshore.com\/sk\/wp-json\/wp\/v2\/media?parent=1807"}],"curies":[{"name":"wp","href":"https:\/\/api.w.org\/{rel}","templated":true}]}}