{"id":1809,"date":"2015-12-10T10:16:25","date_gmt":"2015-12-10T10:16:25","guid":{"rendered":"http:\/\/fcba-offshore.com\/?page_id=1809"},"modified":"2016-09-29T15:42:01","modified_gmt":"2016-09-29T15:42:01","slug":"offshore-spolocnost-na-ostrove-man","status":"publish","type":"page","link":"https:\/\/fcba-offshore.com\/sk\/offshore-spolocnost-na-ostrove-man\/","title":{"rendered":"Offshore spolo\u010dnos\u0165 na ostrove Man"},"content":{"rendered":"<h1><a href=\"http:\/\/fcba-offshore.com\/wp-content\/uploads\/2014\/06\/Ile-de-Man.png\"><img loading=\"lazy\" decoding=\"async\" class=\"alignnone size-full wp-image-350\" src=\"http:\/\/fcba-offshore.com\/wp-content\/uploads\/2014\/06\/Ile-de-Man.png\" alt=\"Ile-de-Man\" width=\"80\" height=\"51\" \/><\/a> <a href=\"http:\/\/fcba-offshore.com\/wp-content\/uploads\/2014\/06\/Ile-de-Man-Offshore.png\"><img loading=\"lazy\" decoding=\"async\" class=\"size-medium wp-image-601 alignright\" src=\"http:\/\/fcba-offshore.com\/wp-content\/uploads\/2014\/06\/Ile-de-Man-Offshore-300x131.png\" alt=\"Ile de Man Offshore\" width=\"300\" height=\"131\" srcset=\"https:\/\/fcba-offshore.com\/wp-content\/uploads\/2014\/06\/Ile-de-Man-Offshore-300x131.png 300w, https:\/\/fcba-offshore.com\/wp-content\/uploads\/2014\/06\/Ile-de-Man-Offshore.png 641w, https:\/\/fcba-offshore.com\/wp-content\/uploads\/2014\/06\/Ile-de-Man-Offshore-450x196.png 450w\" sizes=\"auto, (max-width: 300px) 100vw, 300px\" \/><\/a><\/h1>\n<p>&nbsp;<\/p>\n<h1>Offshore spolo\u010dnos\u0165 na ostrove Man:<\/h1>\n<p>&nbsp;<\/p>\n<p style=\"text-align: justify;\">Ostrov Man (The Isle of Man) je v Eur\u00f3pe pomerne zn\u00e1my. Nach\u00e1dza sa v\u00a0\u00cdrskom mori medzi \u00cdrskom a\u00a0Ve\u013ekou Brit\u00e1niou, a\u00a0je pova\u017eovan\u00fd za offshore krajinu najm\u00e4 pre auton\u00f3mne postavenie miestneho parlamentu v\u00a0ot\u00e1zkach soci\u00e1lnej politiky a\u00a0dan\u00ed. Okrem toho vedenie krajiny podporuje rozvoj a\u00a0invest\u00edcie v\u00a0bankovn\u00edctve a\u00a0podnikate\u013eskom prostred\u00ed.<\/p>\n<p style=\"text-align: justify;\">Otvorenie <a href=\"https:\/\/fcba-offshore.com\/sk\/offshore-bankovy-ucet\/\">offshore bankov\u00e9ho \u00fa\u010dtu<\/a> na Ostrove Man m\u00f4\u017ee ve\u013emi dobr\u00fdm krokom pre na\u0161ich klientov orientuj\u00facich sa na kvalitu bankov\u00fdch slu\u017eieb. Takmer v\u0161etky d\u00f4le\u017eit\u00e9 banky maj\u00fa svoje pobo\u010dky na ostrove, pri\u010dom v\u010faka <a href=\"https:\/\/fcba-offshore.com\/sk\/\">FCBA Offshore Ltd<\/a> budete ma\u0165 mo\u017enos\u0165 otvori\u0165 si offshore bankov\u00fd \u00fa\u010det aj vy a\u00a0z\u00edska\u0165 pr\u00edstup k\u00a0inovat\u00edvnym produktom miestnych b\u00e1nk. Tieto \u00fa\u010dty a\u00a0invest\u00edcie m\u00f4\u017eu by\u0165 v\u00a0nieko\u013ek\u00fdch men\u00e1ch, navy\u0161e banky pon\u00fakaj\u00fa osobn\u00e9 poradenstvo. Zalo\u017eenie <a href=\"https:\/\/fcba-offshore.com\/sk\/offshore-spolocnosti\/\">offshore spolo\u010dnosti<\/a> m\u00e1 tie\u017e mnoho v\u00fdhod, vr\u00e1tane jednoduchosti spr\u00e1vy a\u00a0administrat\u00edvy a, samozrejme, n\u00edzkych dan\u00ed.<\/p>\n<p style=\"text-align: justify;\">V spolo\u010dnosti FCBA Offshore Ltd. odpor\u00fa\u010dame otvori\u0165 <a href=\"https:\/\/fcba-offshore.com\/sk\/offshore-bankovy-ucet\/\">offshore bankov\u00fd \u00fa\u010det<\/a> alebo zalo\u017ei\u0165 <a href=\"https:\/\/fcba-offshore.com\/sk\/offshore-spolocnosti\/\">offshore spolo\u010dnos\u0165<\/a> na Ostrove Man najm\u00e4 podnikate\u013eom, ktor\u00ed nemaj\u00fa z\u00e1ujme o\u00a0anonymitu. Z\u00a0d\u00f4vodu podpisovania transparentn\u00fdch zml\u00fav medzi ostrovom a\u00a0E\u00da u\u017e nie je mo\u017en\u00e9 garantova\u0165 bankov\u00e9 tajomstvo a\u00a0diskr\u00e9tnos\u0165 inform\u00e1ci\u00ed pre rezidentov E\u00da.<\/p>\n<p style=\"text-align: justify;\">Otvorenie <a href=\"https:\/\/fcba-offshore.com\/sk\/offshore-bankovy-ucet\/\">offshore bankov\u00e9ho \u00fa\u010dtu<\/a> alebo zalo\u017eenie <a href=\"https:\/\/fcba-offshore.com\/sk\/offshore-spolocnosti\/\">offshore spolo\u010dnosti<\/a> na Ostrove Man bude v\u0161ak pre V\u00e1s st\u00e1le v\u00fdhodn\u00e9, ke\u010f\u017ee na\u0161a spolo\u010dnos\u0165 vie v\u010faka kontaktom v\u00a0krajine pon\u00faknu\u0165 obojstranne v\u00fdhodn\u00fa spolupr\u00e1cu. A\u00a0to aj napriek vysok\u00e9mu\u00a0\u00favodn\u00e9mu vkladu po\u017eadovan\u00e9mu miestnymi bankami.<\/p>\n<p style=\"text-align: justify;\">\n<p style=\"text-align: justify;\">V pr\u00edpade \u010fal\u0161\u00edch ot\u00e1zok nev\u00e1hajte pros\u00edm <a href=\"https:\/\/fcba-offshore.com\/sk\/kontakt\/\">kontaktova\u0165 pracovn\u00edkov FCBA Offshore Ltd<\/a>.\n<\/p>\n<p>&nbsp;<br \/>\n<a href=\"http:\/\/fcba-offshore.com\/wp-content\/uploads\/2014\/06\/logo-small.png\"><img loading=\"lazy\" decoding=\"async\" class=\"alignnone size-full wp-image-479\" src=\"http:\/\/fcba-offshore.com\/wp-content\/uploads\/2014\/06\/logo-small.png\" alt=\"Logo offshore small\" width=\"142\" height=\"31\" \/><\/a><\/p>\n","protected":false},"excerpt":{"rendered":"<p>&nbsp; Offshore spolo\u010dnos\u0165 na ostrove Man: &nbsp; Ostrov Man (The Isle of Man) je v Eur\u00f3pe pomerne zn\u00e1my. Nach\u00e1dza sa v\u00a0\u00cdrskom mori medzi \u00cdrskom a\u00a0Ve\u013ekou Brit\u00e1niou, a\u00a0je pova\u017eovan\u00fd za offshore krajinu najm\u00e4 pre auton\u00f3mne postavenie miestneho parlamentu v\u00a0ot\u00e1zkach soci\u00e1lnej politiky a\u00a0dan\u00ed. Okrem toho vedenie krajiny podporuje rozvoj a\u00a0invest\u00edcie v\u00a0bankovn\u00edctve a\u00a0podnikate\u013eskom prostred\u00ed. Otvorenie offshore bankov\u00e9ho \u00fa\u010dtu&hellip;<\/p>\n","protected":false},"author":1,"featured_media":0,"parent":0,"menu_order":0,"comment_status":"closed","ping_status":"open","template":"","meta":{"footnotes":""},"class_list":["post-1809","page","type-page","status-publish","hentry"],"_links":{"self":[{"href":"https:\/\/fcba-offshore.com\/sk\/wp-json\/wp\/v2\/pages\/1809","targetHints":{"allow":["GET"]}}],"collection":[{"href":"https:\/\/fcba-offshore.com\/sk\/wp-json\/wp\/v2\/pages"}],"about":[{"href":"https:\/\/fcba-offshore.com\/sk\/wp-json\/wp\/v2\/types\/page"}],"author":[{"embeddable":true,"href":"https:\/\/fcba-offshore.com\/sk\/wp-json\/wp\/v2\/users\/1"}],"replies":[{"embeddable":true,"href":"https:\/\/fcba-offshore.com\/sk\/wp-json\/wp\/v2\/comments?post=1809"}],"version-history":[{"count":7,"href":"https:\/\/fcba-offshore.com\/sk\/wp-json\/wp\/v2\/pages\/1809\/revisions"}],"predecessor-version":[{"id":2888,"href":"https:\/\/fcba-offshore.com\/sk\/wp-json\/wp\/v2\/pages\/1809\/revisions\/2888"}],"wp:attachment":[{"href":"https:\/\/fcba-offshore.com\/sk\/wp-json\/wp\/v2\/media?parent=1809"}],"curies":[{"name":"wp","href":"https:\/\/api.w.org\/{rel}","templated":true}]}}