{"id":1811,"date":"2015-12-10T10:17:54","date_gmt":"2015-12-10T10:17:54","guid":{"rendered":"http:\/\/fcba-offshore.com\/?page_id=1811"},"modified":"2016-09-29T15:31:02","modified_gmt":"2016-09-29T15:31:02","slug":"offshore-spolocnost-na-ostrove-jersey","status":"publish","type":"page","link":"https:\/\/fcba-offshore.com\/sk\/offshore-spolocnost-na-ostrove-jersey\/","title":{"rendered":"Offshore spolo\u010dnos\u0165 na ostrove Jersey"},"content":{"rendered":"<h1><a href=\"http:\/\/fcba-offshore.com\/wp-content\/uploads\/2014\/06\/Jersey.png\"><img loading=\"lazy\" decoding=\"async\" class=\"alignnone size-full wp-image-364\" src=\"http:\/\/fcba-offshore.com\/wp-content\/uploads\/2014\/06\/Jersey.png\" alt=\"Jersey\" width=\"73\" height=\"47\" srcset=\"https:\/\/fcba-offshore.com\/wp-content\/uploads\/2014\/06\/Jersey.png 73w, https:\/\/fcba-offshore.com\/wp-content\/uploads\/2014\/06\/Jersey-72x47.png 72w\" sizes=\"auto, (max-width: 73px) 100vw, 73px\" \/><\/a> <a href=\"http:\/\/fcba-offshore.com\/wp-content\/uploads\/2014\/06\/Jersey-Offshore.png\"><img loading=\"lazy\" decoding=\"async\" class=\"size-medium wp-image-616 alignright\" src=\"http:\/\/fcba-offshore.com\/wp-content\/uploads\/2014\/06\/Jersey-Offshore-300x131.png\" alt=\"Jersey Offshore\" width=\"300\" height=\"131\" srcset=\"https:\/\/fcba-offshore.com\/wp-content\/uploads\/2014\/06\/Jersey-Offshore-300x131.png 300w, https:\/\/fcba-offshore.com\/wp-content\/uploads\/2014\/06\/Jersey-Offshore.png 641w, https:\/\/fcba-offshore.com\/wp-content\/uploads\/2014\/06\/Jersey-Offshore-450x196.png 450w\" sizes=\"auto, (max-width: 300px) 100vw, 300px\" \/><\/a><\/h1>\n<p>&nbsp;<\/p>\n<h1>Offshore spolo\u010dnos\u0165 na ostrove Jersey:<\/h1>\n<p>&nbsp;<\/p>\n<p style=\"text-align: justify;\">Jersey (ofici\u00e1lne pomenovan\u00fd Bailiwick of Jersey) sa nach\u00e1dza v\u00a0Laman\u0161skom prielive ne\u010faleko franc\u00fazskeho pobre\u017eia Normandie. St\u00e1le v\u0161ak patr\u00ed Anglicku, v\u010faka \u010domu je biznis orientovan\u00fd pre existenciu\u00a0anglosask\u00e9ho modelu. Z\u00e1kony v\u00a0krajine s\u00fa ve\u013emi flexibiln\u00e9 a\u00a0modernej\u0161ie ako v\u00a0E\u00da, \u010do l\u00e1ka mnoho zahrani\u010dn\u00fdch z\u00e1ujemcov a\u00a0optimaliz\u00e1ciu da\u0148ov\u00e9ho za\u0165a\u017eenia. T\u00e1to offshore krajina je pova\u017eovan\u00e1 za s\u00fa\u010das\u0165 E\u00da, ale nie v\u0161etky E\u00da z\u00e1kony s\u00fa tu uplat\u0148ovan\u00e9, najm\u00e4 tie t\u00fdkaj\u00face sa financi\u00ed.<\/p>\n<p style=\"text-align: justify;\">Hlavn\u00fdm l\u00e1kadlom ostrova je nezda\u0148ovanie zisku z\u00a0podnikate\u013esk\u00fdch aktiv\u00edt mimo ostrova. Jedinou da\u0148ou je fixn\u00e1 platba miestnym autorit\u00e1m. Av\u0161ak ostrov podp\u00edsal transparentn\u00e9 zmluvy s\u00a0E\u00da, \u010do znamen\u00e1, \u017ee nie je mo\u017en\u00e9 garantova\u0165 anonymitu vo\u010di Va\u0161im domovsk\u00fdm \u00faradom.<\/p>\n<p style=\"text-align: justify;\">V spolo\u010dnosti <a href=\"https:\/\/fcba-offshore.com\/sk\/\">FCBA Offshore Ltd<\/a>. odpor\u00fa\u010dame otvori\u0165 <a href=\"https:\/\/fcba-offshore.com\/sk\/offshore-bankovy-ucet\/\">offshore bankov\u00fd \u00fa\u010det<\/a> alebo zalo\u017ei\u0165 <a href=\"https:\/\/fcba-offshore.com\/sk\/offshore-spolocnosti\/\">offshore spolo\u010dnos\u0165<\/a> na Jersey hlavne podnikate\u013eom a rezidentom mimo E\u00da z\u00a0d\u00f4vodov spomenut\u00fdch vy\u0161\u0161ie. Spolo\u010dnostiam aktu\u00e1lne p\u00f4sobiacim na Jersey so z\u00e1ujmom o\u00a0anonymitu n\u00e1s odpor\u00fa\u010dame kontaktova\u0165 pre pr\u00edpadn\u00fa konzult\u00e1ciu zmeny s\u00eddla spolo\u010dnosti do jurisdikcie poskytuj\u00facej bankov\u00e9 tajomstvo.<\/p>\n<p style=\"text-align: justify;\">Napriek tomu bude otvorenie <a href=\"https:\/\/fcba-offshore.com\/sk\/offshore-bankovy-ucet\/\">offshore bankov\u00e9ho \u00fa\u010dtu<\/a> alebo zalo\u017eenie <a href=\"https:\/\/fcba-offshore.com\/sk\/offshore-spolocnosti\/\">offshore spolo\u010dnosti<\/a> na ostrove Jersey pre V\u00e1s v\u00fdhodn\u00e9, ke\u010f\u017ee na\u0161a spolo\u010dnos\u0165 vie v\u010faka kontaktom v\u00a0krajine pon\u00faknu\u0165 obojstranne v\u00fdhodn\u00fa spolupr\u00e1cu. A\u00a0to aj napriek pomerne vysok\u00e9mu\u00a0\u00favodn\u00e9mu vkladu po\u017eadovan\u00e9mu miestnymi bankami.<\/p>\n<p style=\"text-align: justify;\">\n<p style=\"text-align: justify;\">V pr\u00edpade \u010fal\u0161\u00edch ot\u00e1zok nev\u00e1hajte pros\u00edm <a href=\"https:\/\/fcba-offshore.com\/sk\/kontakt\/\">kontaktova\u0165 pracovn\u00edkov FCBA Offshore Ltd<\/a>.\n<\/p>\n<p>&nbsp;<br \/>\n<a href=\"http:\/\/fcba-offshore.com\/wp-content\/uploads\/2014\/06\/logo-small.png\"><img loading=\"lazy\" decoding=\"async\" class=\"alignnone size-full wp-image-479\" src=\"http:\/\/fcba-offshore.com\/wp-content\/uploads\/2014\/06\/logo-small.png\" alt=\"Logo offshore small\" width=\"142\" height=\"31\" \/><\/a><\/p>\n","protected":false},"excerpt":{"rendered":"<p>&nbsp; Offshore spolo\u010dnos\u0165 na ostrove Jersey: &nbsp; Jersey (ofici\u00e1lne pomenovan\u00fd Bailiwick of Jersey) sa nach\u00e1dza v\u00a0Laman\u0161skom prielive ne\u010faleko franc\u00fazskeho pobre\u017eia Normandie. St\u00e1le v\u0161ak patr\u00ed Anglicku, v\u010faka \u010domu je biznis orientovan\u00fd pre existenciu\u00a0anglosask\u00e9ho modelu. Z\u00e1kony v\u00a0krajine s\u00fa ve\u013emi flexibiln\u00e9 a\u00a0modernej\u0161ie ako v\u00a0E\u00da, \u010do l\u00e1ka mnoho zahrani\u010dn\u00fdch z\u00e1ujemcov a\u00a0optimaliz\u00e1ciu da\u0148ov\u00e9ho za\u0165a\u017eenia. T\u00e1to offshore krajina je pova\u017eovan\u00e1 za&hellip;<\/p>\n","protected":false},"author":1,"featured_media":0,"parent":0,"menu_order":0,"comment_status":"closed","ping_status":"open","template":"","meta":{"footnotes":""},"class_list":["post-1811","page","type-page","status-publish","hentry"],"_links":{"self":[{"href":"https:\/\/fcba-offshore.com\/sk\/wp-json\/wp\/v2\/pages\/1811","targetHints":{"allow":["GET"]}}],"collection":[{"href":"https:\/\/fcba-offshore.com\/sk\/wp-json\/wp\/v2\/pages"}],"about":[{"href":"https:\/\/fcba-offshore.com\/sk\/wp-json\/wp\/v2\/types\/page"}],"author":[{"embeddable":true,"href":"https:\/\/fcba-offshore.com\/sk\/wp-json\/wp\/v2\/users\/1"}],"replies":[{"embeddable":true,"href":"https:\/\/fcba-offshore.com\/sk\/wp-json\/wp\/v2\/comments?post=1811"}],"version-history":[{"count":7,"href":"https:\/\/fcba-offshore.com\/sk\/wp-json\/wp\/v2\/pages\/1811\/revisions"}],"predecessor-version":[{"id":2883,"href":"https:\/\/fcba-offshore.com\/sk\/wp-json\/wp\/v2\/pages\/1811\/revisions\/2883"}],"wp:attachment":[{"href":"https:\/\/fcba-offshore.com\/sk\/wp-json\/wp\/v2\/media?parent=1811"}],"curies":[{"name":"wp","href":"https:\/\/api.w.org\/{rel}","templated":true}]}}