{"id":1813,"date":"2015-12-10T10:19:25","date_gmt":"2015-12-10T10:19:25","guid":{"rendered":"http:\/\/fcba-offshore.com\/?page_id=1813"},"modified":"2017-01-05T13:14:50","modified_gmt":"2017-01-05T13:14:50","slug":"offshore-spolocnost-v-lotyssku","status":"publish","type":"page","link":"https:\/\/fcba-offshore.com\/sk\/offshore-spolocnost-v-lotyssku\/","title":{"rendered":"Offshore spolo\u010dnos\u0165 v Loty\u0161sku"},"content":{"rendered":"<h1><a href=\"http:\/\/fcba-offshore.com\/wp-content\/uploads\/2014\/06\/Lettonie.png\"><img loading=\"lazy\" decoding=\"async\" class=\"alignnone size-full wp-image-353\" src=\"http:\/\/fcba-offshore.com\/wp-content\/uploads\/2014\/06\/Lettonie.png\" alt=\"Lettonie\" width=\"80\" height=\"47\" \/><\/a> <a href=\"http:\/\/fcba-offshore.com\/wp-content\/uploads\/2014\/06\/Lettonie-Offshore.png\"><img loading=\"lazy\" decoding=\"async\" class=\"size-medium wp-image-621 alignright\" src=\"http:\/\/fcba-offshore.com\/wp-content\/uploads\/2014\/06\/Lettonie-Offshore-300x131.png\" alt=\"Lettonie Offshore\" width=\"300\" height=\"131\" srcset=\"https:\/\/fcba-offshore.com\/wp-content\/uploads\/2014\/06\/Lettonie-Offshore-300x131.png 300w, https:\/\/fcba-offshore.com\/wp-content\/uploads\/2014\/06\/Lettonie-Offshore.png 641w, https:\/\/fcba-offshore.com\/wp-content\/uploads\/2014\/06\/Lettonie-Offshore-450x196.png 450w\" sizes=\"auto, (max-width: 300px) 100vw, 300px\" \/><\/a><\/h1>\n<p>&nbsp;<\/p>\n<h1>Offshore spolo\u010dnos\u0165 v Loty\u0161sku:<\/h1>\n<p>&nbsp;<\/p>\n<p style=\"text-align: justify;\">Loty\u0161sko je spolu s\u00a0Litvou a\u00a0Est\u00f3nskom s\u00fa\u010das\u0165ou Baltick\u00fdch \u0161t\u00e1tov. V\u00a0z\u00e1padnej Eur\u00f3pe nie je t\u00e1to krajina a\u017e tak zn\u00e1ma, no \u010dlenom E\u00da je od roku 2004, pri\u010dom pon\u00faka r\u00fdchly ekonomick\u00fd rast a\u00a0atrakt\u00edvny da\u0148ov\u00fd syst\u00e9m. Popritom vytv\u00e1ra atrakt\u00edvne prostredie pre investorov n\u00edzkymi cenami pr\u00e1ce a\u00a0efekt\u00edvnou administrat\u00edvou. Navy\u0161e po ned\u00e1vnej kr\u00edze uskuto\u010dnila krajina atrakt\u00edvne zmeny v\u00a0da\u0148ovej, \u00fa\u010dtovnej a administrat\u00edvnej politike.<\/p>\n<p style=\"text-align: justify;\">D\u00f4vodov pre za\u010datie podnikania spolo\u010dnos\u0165ou s\u00eddliacou v\u00a0Loty\u0161sku je hne\u010f nieko\u013eko. Po prv\u00e9, Loty\u0161sko ako \u010dlen E\u00da pon\u00faka bezprobl\u00e9mov\u00fd vz\u0165ah s\u00a0ostatn\u00fdmi spolo\u010dnos\u0165ami s\u00eddliacimi v\u00a0Eur\u00f3pe, ke\u010f\u017ee zaru\u010duje vlastn\u00edctvo eur\u00f3pskeho DI\u010c. Tu maj\u00fa ob\u010das probl\u00e9m spolo\u010dnosti s\u00eddliace v\u00a0exotick\u00fdch krajin\u00e1ch mimo E\u00da. Po druh\u00e9, spolo\u010dnosti s\u00eddliace v\u00a0krajine m\u00f4\u017eu by\u0165 veden\u00e9 nerezidentmi krajiny a\u00a0st\u00e1le vyu\u017e\u00edva\u0165 atrakt\u00edvne zdanenie ziskov na \u00farovni 15%. Taktie\u017e administrat\u00edvne n\u00e1klady na spr\u00e1vu spolo\u010dnosti nie s\u00fa v\u00a0porovnan\u00ed s\u00a0ostatn\u00fdmi jurisdikciami vysok\u00e9. Ak sa v\u0161ak rozhodnete sta\u0165 rezidentom Loty\u0161ska, da\u0148 z\u00a0pr\u00edjmov nad 15,000 EUR je na \u00farovni iba 20%, \u010do je \u010fal\u0161\u00edm krokom miestnej vl\u00e1dy zatrakt\u00edvni\u0165 podmienky pre miestnych podnikate\u013eov. Poslednou ve\u013ekou v\u00fdhodou je potreba kapit\u00e1lu na za\u010datie podnikanie. \u00davodn\u00fd kapit\u00e1l je stanoven\u00fd na 2,800 EUR so splatnos\u0165ou do 3 rokov od zalo\u017eenia podniku.<\/p>\n<p style=\"text-align: justify;\">V spolo\u010dnosti <a href=\"https:\/\/fcba-offshore.com\/sk\/\">FCBA Offshore Ltd<\/a>. ur\u010dite odpor\u00fa\u010dame otvori\u0165 <a href=\"https:\/\/fcba-offshore.com\/sk\/offshore-bankovy-ucet\/\">offshore bankov\u00fd \u00fa\u010det<\/a> alebo zalo\u017ei\u0165 <a href=\"https:\/\/fcba-offshore.com\/sk\/offshore-spolocnosti\/\">offshore spolo\u010dnos\u0165<\/a> v\u00a0Loty\u0161sku. Krajina pon\u00faka mnoho benefitov a\u00a0jeden z\u00a0najlep\u0161\u00edch finan\u010dn\u00fdch sektorov v\u00a0Eur\u00f3pe. Takisto diskr\u00e9tnos\u0165 miestnych b\u00e1nk vo\u010di krajin\u00e1m E\u00da je na pomerne vysokej \u00farovni (garancia bankov\u00e9ho tajomstva), \u010do spolu s\u00a0n\u00edzkymi administrat\u00edvnymi n\u00e1kladmi rob\u00ed Loty\u0161sko top offshore destin\u00e1ciu v\u00a0Eur\u00f3pe.<\/p>\n<p style=\"text-align: justify;\">Otvorenie <a href=\"https:\/\/fcba-offshore.com\/sk\/offshore-bankovy-ucet\/\">offshore bankov\u00e9ho \u00fa\u010dtu<\/a> alebo zalo\u017eenie <a href=\"https:\/\/fcba-offshore.com\/sk\/offshore-spolocnosti\/\">offshore spolo\u010dnosti<\/a> v Loty\u0161sku bude pre V\u00e1s ur\u010dite v\u00fdhodn\u00e9, najm\u00e4 v\u010faka na\u0161im kontaktom v\u00a0krajine. Po\u017eadovan\u00e9 \u00favodn\u00e9 vklady na offshore bankov\u00e9 \u00fa\u010dty by nemali by\u0165 probl\u00e9mom pre jednotliv\u00fdch z\u00e1ujemcov a\u00a0podnikate\u013eov, ke\u010f\u017ee s\u00fa ve\u013emi n\u00edzke.<\/p>\n<p style=\"text-align: justify;\">V pr\u00edpade \u010fal\u0161\u00edch ot\u00e1zok nev\u00e1hajte pros\u00edm <a href=\"https:\/\/fcba-offshore.com\/sk\/kontakt\/\">kontaktova\u0165 pracovn\u00edkov FCBA Offshore Ltd<\/a>.<\/p>\n<p><a href=\"http:\/\/fcba-offshore.com\/wp-content\/uploads\/2014\/06\/logo-small.png\"><img loading=\"lazy\" decoding=\"async\" class=\"alignnone size-full wp-image-479\" src=\"http:\/\/fcba-offshore.com\/wp-content\/uploads\/2014\/06\/logo-small.png\" alt=\"Logo offshore small\" width=\"142\" height=\"31\" \/><\/a><\/p>\n","protected":false},"excerpt":{"rendered":"<p>&nbsp; Offshore spolo\u010dnos\u0165 v Loty\u0161sku: &nbsp; Loty\u0161sko je spolu s\u00a0Litvou a\u00a0Est\u00f3nskom s\u00fa\u010das\u0165ou Baltick\u00fdch \u0161t\u00e1tov. V\u00a0z\u00e1padnej Eur\u00f3pe nie je t\u00e1to krajina a\u017e tak zn\u00e1ma, no \u010dlenom E\u00da je od roku 2004, pri\u010dom pon\u00faka r\u00fdchly ekonomick\u00fd rast a\u00a0atrakt\u00edvny da\u0148ov\u00fd syst\u00e9m. Popritom vytv\u00e1ra atrakt\u00edvne prostredie pre investorov n\u00edzkymi cenami pr\u00e1ce a\u00a0efekt\u00edvnou administrat\u00edvou. Navy\u0161e po ned\u00e1vnej kr\u00edze uskuto\u010dnila krajina&hellip;<\/p>\n","protected":false},"author":1,"featured_media":0,"parent":0,"menu_order":0,"comment_status":"closed","ping_status":"open","template":"","meta":{"footnotes":""},"class_list":["post-1813","page","type-page","status-publish","hentry"],"_links":{"self":[{"href":"https:\/\/fcba-offshore.com\/sk\/wp-json\/wp\/v2\/pages\/1813","targetHints":{"allow":["GET"]}}],"collection":[{"href":"https:\/\/fcba-offshore.com\/sk\/wp-json\/wp\/v2\/pages"}],"about":[{"href":"https:\/\/fcba-offshore.com\/sk\/wp-json\/wp\/v2\/types\/page"}],"author":[{"embeddable":true,"href":"https:\/\/fcba-offshore.com\/sk\/wp-json\/wp\/v2\/users\/1"}],"replies":[{"embeddable":true,"href":"https:\/\/fcba-offshore.com\/sk\/wp-json\/wp\/v2\/comments?post=1813"}],"version-history":[{"count":8,"href":"https:\/\/fcba-offshore.com\/sk\/wp-json\/wp\/v2\/pages\/1813\/revisions"}],"predecessor-version":[{"id":3241,"href":"https:\/\/fcba-offshore.com\/sk\/wp-json\/wp\/v2\/pages\/1813\/revisions\/3241"}],"wp:attachment":[{"href":"https:\/\/fcba-offshore.com\/sk\/wp-json\/wp\/v2\/media?parent=1813"}],"curies":[{"name":"wp","href":"https:\/\/api.w.org\/{rel}","templated":true}]}}