{"id":1815,"date":"2015-12-10T10:21:00","date_gmt":"2015-12-10T10:21:00","guid":{"rendered":"http:\/\/fcba-offshore.com\/?page_id=1815"},"modified":"2016-10-03T10:48:31","modified_gmt":"2016-10-03T10:48:31","slug":"offshore-spolocnost-v-lichtenstajnsku","status":"publish","type":"page","link":"https:\/\/fcba-offshore.com\/sk\/offshore-spolocnost-v-lichtenstajnsku\/","title":{"rendered":"Offshore spolo\u010dnos\u0165 v Lichten\u0161tajnsku"},"content":{"rendered":"<h1><a href=\"http:\/\/fcba-offshore.com\/wp-content\/uploads\/2014\/06\/Liechtenstein.png\"><img loading=\"lazy\" decoding=\"async\" class=\"alignnone size-full wp-image-342\" src=\"http:\/\/fcba-offshore.com\/wp-content\/uploads\/2014\/06\/Liechtenstein.png\" alt=\"Liechtenstein\" width=\"80\" height=\"40\" \/><\/a> <a href=\"http:\/\/fcba-offshore.com\/wp-content\/uploads\/2014\/06\/Liechtenstein-Offshore.png\"><img loading=\"lazy\" decoding=\"async\" class=\"size-medium wp-image-624 alignright\" src=\"http:\/\/fcba-offshore.com\/wp-content\/uploads\/2014\/06\/Liechtenstein-Offshore-300x131.png\" alt=\"Liechtenstein Offshore\" width=\"300\" height=\"131\" srcset=\"https:\/\/fcba-offshore.com\/wp-content\/uploads\/2014\/06\/Liechtenstein-Offshore-300x131.png 300w, https:\/\/fcba-offshore.com\/wp-content\/uploads\/2014\/06\/Liechtenstein-Offshore.png 641w, https:\/\/fcba-offshore.com\/wp-content\/uploads\/2014\/06\/Liechtenstein-Offshore-450x196.png 450w\" sizes=\"auto, (max-width: 300px) 100vw, 300px\" \/><\/a><\/h1>\n<p>&nbsp;<\/p>\n<h1>Offshore spolo\u010dnos\u0165 v Lichten\u0161tajnsku:<\/h1>\n<p>&nbsp;<\/p>\n<p style=\"text-align: justify;\">Lichten\u0161tajnsk\u00e9 kr\u00e1\u013eovstvo je mal\u00e1 alpsk\u00e1 krajina medzi Rak\u00faskom a\u00a0\u0160vaj\u010diarskom. Je to jeden z\u00a0najmen\u0161\u00edch \u0161t\u00e1tov na svete, av\u0161ak s\u00a0jedn\u00fdm najvyspelej\u0161\u00edch finan\u010dn\u00fdch sektorov, \u010do l\u00e1ka mnoh\u00fdch zahrani\u010dn\u00fdch investorov. Ako tak\u00e9 sa Lichten\u0161tajnsko stalo \u00faspe\u0161nou offshore destin\u00e1ciou, kde spolo\u010dnosti benefituj\u00fa hlavne n\u00edzkych dan\u00ed a\u00a0prijate\u013en\u00fdch podmienok na podnikanie. D\u00f4kazom je vy\u0161\u0161\u00ed po\u010det zalo\u017een\u00fdch spolo\u010dnost\u00ed ako obyvate\u013eov.<\/p>\n<p style=\"text-align: justify;\">Existuje mnoho d\u00f4vodov na zalo\u017eenie <a href=\"https:\/\/fcba-offshore.com\/sk\/offshore-spolocnosti\/\">offshore spolo\u010dnosti<\/a> a\u00a0otvorenie <a href=\"https:\/\/fcba-offshore.com\/sk\/offshore-bankovy-ucet\/\">offshore bankov\u00e9ho \u00fa\u010dtu<\/a> v\u00a0Lichten\u0161tajnsku. Prv\u00fdm je status da\u0148ov\u00e9ho raja udelen\u00fd OECD. \u010eal\u0161\u00edm s\u00fa ve\u013emi n\u00edzke dane z\u00a0pr\u00edjmu pre pr\u00e1vnick\u00e9 osoby, ktor\u00e9 sa daj\u00fa vyjedna\u0165 na individu\u00e1lnej b\u00e1ze s\u00a0miestnymi autoritami, pri\u010dom sadzby nikdy neprev\u00fd\u0161ia 18%. Da\u0148ov\u00fd syst\u00e9m je vytvoren\u00fd na \u0161vaj\u010diarskom modeli. Nakoniec, takmer v\u0161etky d\u00f4le\u017eit\u00e9 banky tu maj\u00fa svoje pobo\u010dky poskytuj\u00face inovat\u00edvne slu\u017eby a\u00a0produkty.<\/p>\n<p style=\"text-align: justify;\">V spolo\u010dnosti <a href=\"https:\/\/fcba-offshore.com\/sk\/\">FCBA Offshore Ltd<\/a>. odpor\u00fa\u010dame otvori\u0165 <a href=\"https:\/\/fcba-offshore.com\/sk\/offshore-bankovy-ucet\/\">offshore bankov\u00fd \u00fa\u010det<\/a> alebo zalo\u017ei\u0165 <a href=\"https:\/\/fcba-offshore.com\/sk\/offshore-spolocnosti\/\">offshore spolo\u010dnos\u0165<\/a> v\u00a0Lichten\u0161tajnsku iba spolo\u010dnostiam, ktor\u00e9 maj\u00fa v\u00e4\u010d\u0161ie mno\u017estvo prostriedkov na investovanie.<\/p>\n<p style=\"text-align: justify;\">Otvorenie <a href=\"https:\/\/fcba-offshore.com\/sk\/offshore-bankovy-ucet\/\">offshore bankov\u00e9ho \u00fa\u010dtu<\/a> alebo zalo\u017eenie <a href=\"https:\/\/fcba-offshore.com\/sk\/offshore-spolocnosti\/\">offshore spolo\u010dnosti<\/a> v Lichten\u0161tajnsku nie je pre pr\u00edsne pravidl\u00e1 miestnej jurisdikcie a\u017e tak jednoduch\u00e9. No v\u010faka na\u0161im kontaktom v\u00a0krajine m\u00e1te ove\u013ea vy\u0161\u0161ie \u0161ance na \u00faspech.<\/p>\n<p style=\"text-align: justify;\">Po\u017eadovan\u00e9 \u00favodn\u00e9 vklady na <a href=\"https:\/\/fcba-offshore.com\/sk\/offshore-bankovy-ucet\/\">offshore bankov\u00e9 \u00fa\u010dty<\/a> s\u00fa pomerne vysok\u00e9, \u010do m\u00f4\u017ee by\u0165 probl\u00e9mom pre niektor\u00fdch z\u00e1ujemcov o\u00a0<a href=\"https:\/\/fcba-offshore.com\/sk\/offshore-spolocnosti\/\">offshore spolo\u010dnos\u0165<\/a>, \u010d\u00ed \u00fa\u010det.<\/p>\n<p style=\"text-align: justify;\">\n<p style=\"text-align: justify;\">V pr\u00edpade \u010fal\u0161\u00edch ot\u00e1zok nev\u00e1hajte pros\u00edm <a href=\"https:\/\/fcba-offshore.com\/sk\/kontakt\/\">kontaktova\u0165 pracovn\u00edkov FCBA Offshore Ltd<\/a>.\n<\/p>\n<p>&nbsp;<br \/>\n<a href=\"http:\/\/fcba-offshore.com\/wp-content\/uploads\/2014\/06\/logo-small.png\"><img loading=\"lazy\" decoding=\"async\" class=\"alignnone size-full wp-image-479\" src=\"http:\/\/fcba-offshore.com\/wp-content\/uploads\/2014\/06\/logo-small.png\" alt=\"Logo offshore small\" width=\"142\" height=\"31\" \/><\/a><\/p>\n","protected":false},"excerpt":{"rendered":"<p>&nbsp; Offshore spolo\u010dnos\u0165 v Lichten\u0161tajnsku: &nbsp; Lichten\u0161tajnsk\u00e9 kr\u00e1\u013eovstvo je mal\u00e1 alpsk\u00e1 krajina medzi Rak\u00faskom a\u00a0\u0160vaj\u010diarskom. Je to jeden z\u00a0najmen\u0161\u00edch \u0161t\u00e1tov na svete, av\u0161ak s\u00a0jedn\u00fdm najvyspelej\u0161\u00edch finan\u010dn\u00fdch sektorov, \u010do l\u00e1ka mnoh\u00fdch zahrani\u010dn\u00fdch investorov. Ako tak\u00e9 sa Lichten\u0161tajnsko stalo \u00faspe\u0161nou offshore destin\u00e1ciou, kde spolo\u010dnosti benefituj\u00fa hlavne n\u00edzkych dan\u00ed a\u00a0prijate\u013en\u00fdch podmienok na podnikanie. D\u00f4kazom je vy\u0161\u0161\u00ed po\u010det zalo\u017een\u00fdch&hellip;<\/p>\n","protected":false},"author":1,"featured_media":0,"parent":0,"menu_order":0,"comment_status":"closed","ping_status":"open","template":"","meta":{"footnotes":""},"class_list":["post-1815","page","type-page","status-publish","hentry"],"_links":{"self":[{"href":"https:\/\/fcba-offshore.com\/sk\/wp-json\/wp\/v2\/pages\/1815","targetHints":{"allow":["GET"]}}],"collection":[{"href":"https:\/\/fcba-offshore.com\/sk\/wp-json\/wp\/v2\/pages"}],"about":[{"href":"https:\/\/fcba-offshore.com\/sk\/wp-json\/wp\/v2\/types\/page"}],"author":[{"embeddable":true,"href":"https:\/\/fcba-offshore.com\/sk\/wp-json\/wp\/v2\/users\/1"}],"replies":[{"embeddable":true,"href":"https:\/\/fcba-offshore.com\/sk\/wp-json\/wp\/v2\/comments?post=1815"}],"version-history":[{"count":7,"href":"https:\/\/fcba-offshore.com\/sk\/wp-json\/wp\/v2\/pages\/1815\/revisions"}],"predecessor-version":[{"id":2900,"href":"https:\/\/fcba-offshore.com\/sk\/wp-json\/wp\/v2\/pages\/1815\/revisions\/2900"}],"wp:attachment":[{"href":"https:\/\/fcba-offshore.com\/sk\/wp-json\/wp\/v2\/media?parent=1815"}],"curies":[{"name":"wp","href":"https:\/\/api.w.org\/{rel}","templated":true}]}}