{"id":1817,"date":"2015-12-10T10:22:40","date_gmt":"2015-12-10T10:22:40","guid":{"rendered":"http:\/\/fcba-offshore.com\/?page_id=1817"},"modified":"2016-10-03T10:49:13","modified_gmt":"2016-10-03T10:49:13","slug":"offshore-spolocnost-v-luxembursku","status":"publish","type":"page","link":"https:\/\/fcba-offshore.com\/sk\/offshore-spolocnost-v-luxembursku\/","title":{"rendered":"Offshore spolo\u010dnos\u0165 v Luxembursku"},"content":{"rendered":"<h1><a href=\"http:\/\/fcba-offshore.com\/wp-content\/uploads\/2014\/06\/Luxembourg.png\"><img loading=\"lazy\" decoding=\"async\" class=\"alignnone size-full wp-image-354\" src=\"http:\/\/fcba-offshore.com\/wp-content\/uploads\/2014\/06\/Luxembourg.png\" alt=\"Luxembourg\" width=\"78\" height=\"52\" \/><\/a> <a href=\"http:\/\/fcba-offshore.com\/wp-content\/uploads\/2014\/06\/Luxembourg-Offshore.png\"><img loading=\"lazy\" decoding=\"async\" class=\"size-medium wp-image-628 alignright\" src=\"http:\/\/fcba-offshore.com\/wp-content\/uploads\/2014\/06\/Luxembourg-Offshore-300x131.png\" alt=\"Luxembourg Offshore\" width=\"300\" height=\"131\" srcset=\"https:\/\/fcba-offshore.com\/wp-content\/uploads\/2014\/06\/Luxembourg-Offshore-300x131.png 300w, https:\/\/fcba-offshore.com\/wp-content\/uploads\/2014\/06\/Luxembourg-Offshore.png 641w, https:\/\/fcba-offshore.com\/wp-content\/uploads\/2014\/06\/Luxembourg-Offshore-450x196.png 450w\" sizes=\"auto, (max-width: 300px) 100vw, 300px\" \/><\/a><\/h1>\n<p>&nbsp;<\/p>\n<h1>Offshore spolo\u010dnos\u0165 v Luxembursku:<\/h1>\n<p>&nbsp;<\/p>\n<p style=\"text-align: justify;\">Luxembursk\u00e9 ve\u013ekovojvodstvo je malou krajinou medzi Nemeckom, Franc\u00fazskom a\u00a0Belgickom, pri\u010dom je jedn\u00fdm zo zakladate\u013esk\u00fdch \u0161t\u00e1tov Eur\u00f3pskej \u00danie v\u00a0roku 1957. Tento mal\u00fd \u0161t\u00e1t bol v\u017edy zn\u00e1my svojou ekonomickou silou, predov\u0161etk\u00fdm finan\u010dn\u00e9ho sektora. Nakoniec, Luxembursko m\u00f4\u017ee by\u0165 pova\u017eovan\u00e9 za offshore lokalitu, ke\u010f\u017ee offshore bankov\u00e9 \u00fa\u010dty pre fyzick\u00e9 a\u00a0pr\u00e1vnick\u00e9 osoby s\u00fa chr\u00e1nen\u00e9 bankov\u00fdm tajomstvom pre nerezidentov Eur\u00f3py.<\/p>\n<p style=\"text-align: justify;\">Navy\u0161e je krajina zn\u00e1ma aj svojou ekonomickou a\u00a0politickou stabilitou po celom svete, \u010do rob\u00ed toto miesto na za\u010datie podnikanie exkluz\u00edvnym. \u010casto sa vrav\u00ed, \u017ee je to jedna z\u00a0najbezpe\u010dnej\u0161\u00edch offshore lokal\u00edt, z\u00a0\u010doho benefituj\u00fa na\u0161i klienti pravidelne a\u00a0nev\u00e1haj\u00fa si otvori\u0165 <a href=\"https:\/\/fcba-offshore.com\/sk\/offshore-bankovy-ucet\/\">offshore bankov\u00fd \u00fa\u010det<\/a>, \u010di zalo\u017ei\u0165 <a href=\"https:\/\/fcba-offshore.com\/sk\/offshore-spolocnosti\/\">offshore spolo\u010dnos\u0165<\/a> pr\u00e1ve Luxembursku. V\u00fdhodou nie je da\u0148ov\u00e1 sadzba na \u00farovni 29%, ale mo\u017enos\u0165 zn\u00ed\u017ei\u0165 z\u00e1klad dane pomocou polo\u017eiek opera\u010dn\u00fdch n\u00e1kladov na minimum, v\u010faka benevolentn\u00fdm da\u0148ov\u00fdm z\u00e1konom.<\/p>\n<p style=\"text-align: justify;\">V spolo\u010dnosti <a href=\"https:\/\/fcba-offshore.com\/sk\/\">FCBA Offshore Ltd<\/a>. odpor\u00fa\u010dame otvori\u0165 <a href=\"https:\/\/fcba-offshore.com\/sk\/offshore-bankovy-ucet\/\">offshore bankov\u00fd \u00fa\u010det<\/a> alebo zalo\u017ei\u0165 <a href=\"https:\/\/fcba-offshore.com\/sk\/offshore-spolocnosti\/\">offshore spolo\u010dnos\u0165<\/a> v\u00a0Luxembursku iba majetnej\u0161\u00edm klientom. Na zalo\u017eenie <a href=\"https:\/\/fcba-offshore.com\/sk\/offshore-spolocnosti\/\">offshore spolo\u010dnosti<\/a> zvykneme odpor\u00fa\u010da\u0165 in\u00e9 jurisdikcie, av\u0161ak po konzult\u00e1cii s\u00a0expertmi z\u00a0FCBA Offshore je mo\u017en\u00e9, \u017ee Luxembursko bude pre V\u00e1s ta prav\u00e1 destin\u00e1cia pre podnikanie.<\/p>\n<p style=\"text-align: justify;\">Otvorenie <a href=\"https:\/\/fcba-offshore.com\/sk\/offshore-bankovy-ucet\/\">offshore bankov\u00e9ho \u00fa\u010dtu<\/a> alebo zalo\u017eenie <a href=\"https:\/\/fcba-offshore.com\/sk\/offshore-spolocnosti\/\">offshore spolo\u010dnosti<\/a> v Luxembursku nie je pre pr\u00edsne pravidl\u00e1 miestnej jurisdikcie a\u017e tak jednoduch\u00e9. No v\u010faka na\u0161im kontaktom v\u00a0krajine m\u00e1te ove\u013ea vy\u0161\u0161ie \u0161ance na \u00faspech.<\/p>\n<p style=\"text-align: justify;\">Po\u017eadovan\u00e9 \u00favodn\u00e9 vklady na <a href=\"https:\/\/fcba-offshore.com\/sk\/offshore-bankovy-ucet\/\">offshore bankov\u00e9 \u00fa\u010dty<\/a> s\u00fa pomerne vysok\u00e9, \u010do m\u00f4\u017ee by\u0165 probl\u00e9mom pre niektor\u00fdch z\u00e1ujemcov o\u00a0<a href=\"https:\/\/fcba-offshore.com\/sk\/offshore-spolocnosti\/\">offshore spolo\u010dnos\u0165<\/a>, \u010d\u00ed <a href=\"https:\/\/fcba-offshore.com\/sk\/offshore-bankovy-ucet\/\">\u00fa\u010det<\/a>.<\/p>\n<p style=\"text-align: justify;\">\n<p style=\"text-align: justify;\">V pr\u00edpade \u010fal\u0161\u00edch ot\u00e1zok nev\u00e1hajte pros\u00edm <a href=\"https:\/\/fcba-offshore.com\/sk\/kontakt\/\">kontaktova\u0165 pracovn\u00edkov FCBA Offshore Ltd<\/a>.\n<\/p>\n<p>&nbsp;<br \/>\n<a href=\"http:\/\/fcba-offshore.com\/wp-content\/uploads\/2014\/06\/logo-small.png\"><img loading=\"lazy\" decoding=\"async\" class=\"alignnone size-full wp-image-479\" src=\"http:\/\/fcba-offshore.com\/wp-content\/uploads\/2014\/06\/logo-small.png\" alt=\"Logo offshore small\" width=\"142\" height=\"31\" \/><\/a><\/p>\n","protected":false},"excerpt":{"rendered":"<p>&nbsp; Offshore spolo\u010dnos\u0165 v Luxembursku: &nbsp; Luxembursk\u00e9 ve\u013ekovojvodstvo je malou krajinou medzi Nemeckom, Franc\u00fazskom a\u00a0Belgickom, pri\u010dom je jedn\u00fdm zo zakladate\u013esk\u00fdch \u0161t\u00e1tov Eur\u00f3pskej \u00danie v\u00a0roku 1957. Tento mal\u00fd \u0161t\u00e1t bol v\u017edy zn\u00e1my svojou ekonomickou silou, predov\u0161etk\u00fdm finan\u010dn\u00e9ho sektora. Nakoniec, Luxembursko m\u00f4\u017ee by\u0165 pova\u017eovan\u00e9 za offshore lokalitu, ke\u010f\u017ee offshore bankov\u00e9 \u00fa\u010dty pre fyzick\u00e9 a\u00a0pr\u00e1vnick\u00e9 osoby s\u00fa chr\u00e1nen\u00e9&hellip;<\/p>\n","protected":false},"author":1,"featured_media":0,"parent":0,"menu_order":0,"comment_status":"closed","ping_status":"open","template":"","meta":{"footnotes":""},"class_list":["post-1817","page","type-page","status-publish","hentry"],"_links":{"self":[{"href":"https:\/\/fcba-offshore.com\/sk\/wp-json\/wp\/v2\/pages\/1817","targetHints":{"allow":["GET"]}}],"collection":[{"href":"https:\/\/fcba-offshore.com\/sk\/wp-json\/wp\/v2\/pages"}],"about":[{"href":"https:\/\/fcba-offshore.com\/sk\/wp-json\/wp\/v2\/types\/page"}],"author":[{"embeddable":true,"href":"https:\/\/fcba-offshore.com\/sk\/wp-json\/wp\/v2\/users\/1"}],"replies":[{"embeddable":true,"href":"https:\/\/fcba-offshore.com\/sk\/wp-json\/wp\/v2\/comments?post=1817"}],"version-history":[{"count":7,"href":"https:\/\/fcba-offshore.com\/sk\/wp-json\/wp\/v2\/pages\/1817\/revisions"}],"predecessor-version":[{"id":2901,"href":"https:\/\/fcba-offshore.com\/sk\/wp-json\/wp\/v2\/pages\/1817\/revisions\/2901"}],"wp:attachment":[{"href":"https:\/\/fcba-offshore.com\/sk\/wp-json\/wp\/v2\/media?parent=1817"}],"curies":[{"name":"wp","href":"https:\/\/api.w.org\/{rel}","templated":true}]}}