{"id":1819,"date":"2015-12-10T10:24:01","date_gmt":"2015-12-10T10:24:01","guid":{"rendered":"http:\/\/fcba-offshore.com\/?page_id=1819"},"modified":"2016-09-29T15:13:01","modified_gmt":"2016-09-29T15:13:01","slug":"offshore-spolocnost-na-malte","status":"publish","type":"page","link":"https:\/\/fcba-offshore.com\/sk\/offshore-spolocnost-na-malte\/","title":{"rendered":"Offshore spolo\u010dnos\u0165 na Malte"},"content":{"rendered":"<h1><a href=\"http:\/\/fcba-offshore.com\/wp-content\/uploads\/2014\/06\/Malte.png\"><img loading=\"lazy\" decoding=\"async\" class=\"alignnone size-full wp-image-355\" src=\"http:\/\/fcba-offshore.com\/wp-content\/uploads\/2014\/06\/Malte.png\" alt=\"Malte\" width=\"83\" height=\"46\" \/><\/a> <a href=\"http:\/\/fcba-offshore.com\/wp-content\/uploads\/2014\/06\/Malte-Offshore.png\"><img loading=\"lazy\" decoding=\"async\" class=\"size-medium wp-image-631 alignright\" src=\"http:\/\/fcba-offshore.com\/wp-content\/uploads\/2014\/06\/Malte-Offshore-300x131.png\" alt=\"Malte Offshore\" width=\"300\" height=\"131\" srcset=\"https:\/\/fcba-offshore.com\/wp-content\/uploads\/2014\/06\/Malte-Offshore-300x131.png 300w, https:\/\/fcba-offshore.com\/wp-content\/uploads\/2014\/06\/Malte-Offshore.png 641w, https:\/\/fcba-offshore.com\/wp-content\/uploads\/2014\/06\/Malte-Offshore-450x196.png 450w\" sizes=\"auto, (max-width: 300px) 100vw, 300px\" \/><\/a><\/h1>\n<p>&nbsp;<\/p>\n<h1>Offshore spolo\u010dnos\u0165 na Malte:<\/h1>\n<p style=\"text-align: justify;\">\n<p style=\"text-align: justify;\">Malta je ostrovom Stredozemn\u00e9ho mora hne\u010f ved\u013ea Sic\u00edlie. Z\u00e1rove\u0148 je najmen\u0161\u00edm \u0161t\u00e1tom E\u00da s\u00a0rigidn\u00fdm a\u00a0konzervat\u00edvnym bankov\u00fdm syst\u00e9mom, \u010do ho rob\u00ed zauj\u00edmav\u00fdm offshore miestom pre zahrani\u010dn\u00fdch investorov. V\u010faka nadvl\u00e1de Brit\u00e1nie v\u00a0minulosti je Malta biznis orientovan\u00e1 s\u00a0anglosask\u00fdm podnikate\u013esk\u00fdm modelom. Z\u00e1kony s\u00fa podstatne modernej\u0161ie a\u00a0flexibilnej\u0161ie ako v\u00a0ostatn\u00fdch krajin\u00e1ch E\u00da, \u010do motivuje mnoh\u00fdch podnikate\u013eov presun\u00fa\u0165 aktivity svojej <a href=\"https:\/\/fcba-offshore.com\/sk\/offshore-spolocnosti\/\">offshore spolo\u010dnosti<\/a> pr\u00e1ve na Malte.<\/p>\n<p style=\"text-align: justify;\">Existuje mnoho d\u00f4vodov na zalo\u017eenie <a href=\"https:\/\/fcba-offshore.com\/sk\/offshore-spolocnosti\/\">offshore spolo\u010dnosti<\/a> a\u00a0otvorenie <a href=\"https:\/\/fcba-offshore.com\/sk\/offshore-bankovy-ucet\/\">offshore bankov\u00e9ho \u00fa\u010dtu<\/a> na Malte. Prv\u00fdm s\u00fa n\u00edzke po\u017eiadavky na kapit\u00e1l a\u00a0da\u0148 z\u00a0pr\u00edjmu pr\u00e1vnick\u00fdch os\u00f4b na \u00farovni 5%, ktor\u00e1 je najni\u017e\u0161ia v\u00a0celej Eur\u00f3pskej \u00danii. Podmienkou je v\u0161ak nevypl\u00e1canie dividend a\u00a0v\u00fdplat po\u010das fi\u0161k\u00e1lneho roka, ale a\u017e na jeho konci. Nakoniec, Malta ako \u010dlen E\u00da pon\u00faka bezprobl\u00e9mov\u00fd vz\u0165ah s\u00a0ostatn\u00fdmi spolo\u010dnos\u0165ami s\u00eddliacimi v\u00a0Eur\u00f3pe, ke\u010f\u017ee zaru\u010duje vlastn\u00edctvo eur\u00f3pskeho DI\u010c. Ako offshore lokalita je ove\u013ea zauj\u00edmavej\u0161ia pre nerezidentov E\u00da, ke\u010f\u017ee im vie pon\u00faknu\u0165 bankov\u00e9 tajomstvo a\u00a0diskr\u00e9tnos\u0165 vlastn\u00edkov. Taktie\u017e sa tu nach\u00e1dzaj\u00fa takmer v\u0161etky d\u00f4le\u017eit\u00e9 banky.<\/p>\n<p style=\"text-align: justify;\"><a href=\"https:\/\/fcba-offshore.com\/sk\/\">FCBA Offshore Ltd<\/a>. silne odpor\u00fa\u010da zalo\u017eenie <a href=\"https:\/\/fcba-offshore.com\/sk\/offshore-spolocnosti\/\">offshore spolo\u010dnosti<\/a> na Malte najm\u00e4 pre obrovsk\u00fa v\u00fdhodnos\u0165 da\u0148ov\u00e9ho syst\u00e9mu. Fakturovanie so spolo\u010dnos\u0165ami v\u00a0r\u00e1mci E\u00da bude rovnako bezprobl\u00e9mov\u00e9 na rozdiel od exotick\u00fdch offshore lokal\u00edt. Netreba zab\u00fada\u0165 na minim\u00e1lne kapit\u00e1lov\u00e9 po\u017eiadavky, ktor\u00e9 u\u013eah\u010dia zalo\u017eenie spolo\u010dnosti. Naproti tomu vy\u017eaduj\u00fa \u00fa\u010dtovn\u00e9 \u0161tandardy pomerne vysok\u00e9 n\u00e1klady. Otvorenie <a href=\"https:\/\/fcba-offshore.com\/sk\/offshore-bankovy-ucet\/\">offshore bankov\u00fdch \u00fa\u010dtov<\/a> odpor\u00fa\u010dame iba klientom mimo E\u00da. Zauj\u00edmavou mo\u017enos\u0165ou z\u00edska\u0165 maltsk\u00fd pas je investovanie viac ako 650,000 EUR.<\/p>\n<p style=\"text-align: justify;\">Otvorenie <a href=\"https:\/\/fcba-offshore.com\/sk\/offshore-bankovy-ucet\/\">offshore bankov\u00e9ho \u00fa\u010dtu<\/a> alebo zalo\u017eenie <a href=\"https:\/\/fcba-offshore.com\/sk\/offshore-spolocnosti\/\">offshore spolo\u010dnosti<\/a> na Malte bude pre V\u00e1s st\u00e1le v\u00fdhodn\u00e9, ke\u010f\u017ee na\u0161a spolo\u010dnos\u0165 vie v\u010faka kontaktom v\u00a0krajine pon\u00faknu\u0165 obojstranne v\u00fdhodn\u00fa spolupr\u00e1cu.<\/p>\n<p style=\"text-align: justify;\">Po\u017eadovan\u00e9 \u00favodn\u00e9 vklady na <a href=\"https:\/\/fcba-offshore.com\/sk\/offshore-bankovy-ucet\/\">offshore bankov\u00e9 \u00fa\u010dty<\/a> by nemali by\u0165 probl\u00e9mom pre jednotliv\u00fdch z\u00e1ujemcov a\u00a0podnikate\u013eov, ke\u010f\u017ee s\u00fa pomerne n\u00edzke.<\/p>\n<p style=\"text-align: justify;\">\n<p style=\"text-align: justify;\">V pr\u00edpade \u010fal\u0161\u00edch ot\u00e1zok nev\u00e1hajte pros\u00edm <a href=\"https:\/\/fcba-offshore.com\/sk\/kontakt\/\">kontaktova\u0165 pracovn\u00edkov FCBA Offshore Ltd<\/a>.\n<\/p>\n<p>&nbsp;<br \/>\n<a href=\"http:\/\/fcba-offshore.com\/wp-content\/uploads\/2014\/06\/logo-small.png\"><img loading=\"lazy\" decoding=\"async\" class=\"alignnone size-full wp-image-479\" src=\"http:\/\/fcba-offshore.com\/wp-content\/uploads\/2014\/06\/logo-small.png\" alt=\"Logo offshore small\" width=\"142\" height=\"31\" \/><\/a><\/p>\n","protected":false},"excerpt":{"rendered":"<p>&nbsp; Offshore spolo\u010dnos\u0165 na Malte: Malta je ostrovom Stredozemn\u00e9ho mora hne\u010f ved\u013ea Sic\u00edlie. Z\u00e1rove\u0148 je najmen\u0161\u00edm \u0161t\u00e1tom E\u00da s\u00a0rigidn\u00fdm a\u00a0konzervat\u00edvnym bankov\u00fdm syst\u00e9mom, \u010do ho rob\u00ed zauj\u00edmav\u00fdm offshore miestom pre zahrani\u010dn\u00fdch investorov. V\u010faka nadvl\u00e1de Brit\u00e1nie v\u00a0minulosti je Malta biznis orientovan\u00e1 s\u00a0anglosask\u00fdm podnikate\u013esk\u00fdm modelom. Z\u00e1kony s\u00fa podstatne modernej\u0161ie a\u00a0flexibilnej\u0161ie ako v\u00a0ostatn\u00fdch krajin\u00e1ch E\u00da, \u010do motivuje mnoh\u00fdch podnikate\u013eov&hellip;<\/p>\n","protected":false},"author":1,"featured_media":0,"parent":0,"menu_order":0,"comment_status":"closed","ping_status":"open","template":"","meta":{"footnotes":""},"class_list":["post-1819","page","type-page","status-publish","hentry"],"_links":{"self":[{"href":"https:\/\/fcba-offshore.com\/sk\/wp-json\/wp\/v2\/pages\/1819","targetHints":{"allow":["GET"]}}],"collection":[{"href":"https:\/\/fcba-offshore.com\/sk\/wp-json\/wp\/v2\/pages"}],"about":[{"href":"https:\/\/fcba-offshore.com\/sk\/wp-json\/wp\/v2\/types\/page"}],"author":[{"embeddable":true,"href":"https:\/\/fcba-offshore.com\/sk\/wp-json\/wp\/v2\/users\/1"}],"replies":[{"embeddable":true,"href":"https:\/\/fcba-offshore.com\/sk\/wp-json\/wp\/v2\/comments?post=1819"}],"version-history":[{"count":7,"href":"https:\/\/fcba-offshore.com\/sk\/wp-json\/wp\/v2\/pages\/1819\/revisions"}],"predecessor-version":[{"id":2875,"href":"https:\/\/fcba-offshore.com\/sk\/wp-json\/wp\/v2\/pages\/1819\/revisions\/2875"}],"wp:attachment":[{"href":"https:\/\/fcba-offshore.com\/sk\/wp-json\/wp\/v2\/media?parent=1819"}],"curies":[{"name":"wp","href":"https:\/\/api.w.org\/{rel}","templated":true}]}}