{"id":1821,"date":"2015-12-10T10:25:36","date_gmt":"2015-12-10T10:25:36","guid":{"rendered":"http:\/\/fcba-offshore.com\/?page_id=1821"},"modified":"2016-09-29T15:42:54","modified_gmt":"2016-09-29T15:42:54","slug":"offshore-spolocnost-na-ostrove-mauricius","status":"publish","type":"page","link":"https:\/\/fcba-offshore.com\/sk\/offshore-spolocnost-na-ostrove-mauricius\/","title":{"rendered":"Offshore spolo\u010dnos\u0165 na ostrove Maur\u00edcius"},"content":{"rendered":"<h1><a href=\"http:\/\/fcba-offshore.com\/wp-content\/uploads\/2014\/06\/Ile-Maurice.png\"><img loading=\"lazy\" decoding=\"async\" class=\"alignnone size-full wp-image-351\" src=\"http:\/\/fcba-offshore.com\/wp-content\/uploads\/2014\/06\/Ile-Maurice.png\" alt=\"Ile-Maurice\" width=\"74\" height=\"47\" srcset=\"https:\/\/fcba-offshore.com\/wp-content\/uploads\/2014\/06\/Ile-Maurice.png 74w, https:\/\/fcba-offshore.com\/wp-content\/uploads\/2014\/06\/Ile-Maurice-72x47.png 72w\" sizes=\"auto, (max-width: 74px) 100vw, 74px\" \/><\/a> <a href=\"http:\/\/fcba-offshore.com\/wp-content\/uploads\/2014\/06\/Ile-Maurice-Offshore1.png\"><img loading=\"lazy\" decoding=\"async\" class=\"size-medium wp-image-606 alignright\" src=\"http:\/\/fcba-offshore.com\/wp-content\/uploads\/2014\/06\/Ile-Maurice-Offshore1-300x131.png\" alt=\"Ile Maurice Offshore\" width=\"300\" height=\"131\" srcset=\"https:\/\/fcba-offshore.com\/wp-content\/uploads\/2014\/06\/Ile-Maurice-Offshore1-300x131.png 300w, https:\/\/fcba-offshore.com\/wp-content\/uploads\/2014\/06\/Ile-Maurice-Offshore1.png 641w, https:\/\/fcba-offshore.com\/wp-content\/uploads\/2014\/06\/Ile-Maurice-Offshore1-450x196.png 450w\" sizes=\"auto, (max-width: 300px) 100vw, 300px\" \/><\/a><\/h1>\n<p>&nbsp;<\/p>\n<h1>Offshore spolo\u010dnos\u0165 na ostrove Maur\u00edcius:<\/h1>\n<p>&nbsp;<\/p>\n<p style=\"text-align: justify;\">Maur\u00edcius alebo Maur\u00edcijsk\u00e1 republika je v\u00a0prvom rade popul\u00e1rnou turistickou destin\u00e1ciou pre fan\u00fa\u0161ikov slnka a\u00a0n\u00e1dhern\u00fdch pl\u00e1\u017e\u00ed. Maur\u00edcius je v\u0161ak konkurencieschopnou offshore destin\u00e1ciou. S\u00a0polohou v\u00a0Indickom oce\u00e1ne bolo s\u00faostrovie Maur\u00edcius v\u00a0minulosti pod nadvl\u00e1dou Brit\u00e1nie, z\u00a0\u010doho pramen\u00ed fakt, \u017ee podnikate\u013esk\u00e9 prostredie je orientovan\u00e9 na anglosask\u00fd model. Z\u00e1kony s\u00fa podstatne modernej\u0161ie a flexibilnej\u0161ie ako v krajin\u00e1ch E\u00da, \u010do motivuje mnoh\u00fdch podnikate\u013eov presun\u00fa\u0165 aktivity svojej <a href=\"https:\/\/fcba-offshore.com\/sk\/offshore-spolocnosti\/\">offshore spolo\u010dnosti<\/a> pr\u00e1ve na Maur\u00edcius.<\/p>\n<p style=\"text-align: justify;\">Tento ostrov pon\u00faka na vlastn\u00edctvo <a href=\"https:\/\/fcba-offshore.com\/sk\/offshore-bankovy-ucet\/\">offshore bankov\u00e9ho \u00fa\u010dtu<\/a> a\u00a0zalo\u017eenie <a href=\"https:\/\/fcba-offshore.com\/sk\/offshore-spolocnosti\/\">offshore spolo\u010dnosti<\/a> hne\u010f nieko\u013eko v\u00fdhod. Tu je zoznam hlavn\u00fdch l\u00e1kadiel z\u00e1ujemcov o\u00a0da\u0148ov\u00fa optimaliz\u00e1ciu:<\/p>\n<ul style=\"text-align: justify;\">\n<li>\u017diadna DPH<\/li>\n<li>\u017diadna da\u0148 z\u00a0pr\u00edjmu (pre nerezidentov)<\/li>\n<li>Bankov\u00e9 tajomstvo (100% diskr\u00e9tnos\u0165)<\/li>\n<li>Diskr\u00e9tnos\u0165 identity vlastn\u00edkov spolo\u010dnost\u00ed<\/li>\n<li>Jednoduch\u00e9 vedenie \u00fa\u010dtovn\u00edctva<\/li>\n<\/ul>\n<p style=\"text-align: justify;\">V spolo\u010dnosti <a href=\"https:\/\/fcba-offshore.com\/sk\/\">FCBA Offshore Ltd<\/a>. odpor\u00fa\u010dame otvori\u0165 <a href=\"https:\/\/fcba-offshore.com\/sk\/offshore-bankovy-ucet\/\">offshore bankov\u00fd \u00fa\u010det<\/a> alebo zalo\u017ei\u0165 <a href=\"https:\/\/fcba-offshore.com\/sk\/offshore-spolocnosti\/\">offshore spolo\u010dnos\u0165<\/a> na ostrove Maur\u00edcius najm\u00e4 pre vysok\u00fd stupe\u0148 bankov\u00e9ho tajomstva a\u00a0diskr\u00e9tnosti. T\u00e1to jurisdikcia v\u0161ak vy\u017eaduje pomerne vysok\u00e9 n\u00e1klady na administrat\u00edvu (napriek jednoduchosti \u00fa\u010dtovn\u00edctva pre nerezidentov), \u010do m\u00f4\u017ee odradi\u0165 niektor\u00fdch klientov.<\/p>\n<p style=\"text-align: justify;\">Napriek tomu bude pre V\u00e1s otvorenie <a href=\"https:\/\/fcba-offshore.com\/sk\/offshore-bankovy-ucet\/\">offshore bankov\u00e9ho \u00fa\u010dtu<\/a> alebo zalo\u017eenie <a href=\"https:\/\/fcba-offshore.com\/sk\/offshore-spolocnosti\/\">offshore spolo\u010dnosti<\/a> na ostrove Maur\u00edcius st\u00e1le v\u00fdhodn\u00e9, ke\u010f\u017ee na\u0161a spolo\u010dnos\u0165 vie v\u010faka kontaktom v\u00a0krajine pon\u00faknu\u0165 obojstranne v\u00fdhodn\u00fa spolupr\u00e1cu.<\/p>\n<p style=\"text-align: justify;\">Po\u017eadovan\u00e9 \u00favodn\u00e9 vklady na <a href=\"https:\/\/fcba-offshore.com\/sk\/offshore-bankovy-ucet\/\">offshore bankov\u00e9 \u00fa\u010dty<\/a> by nemali by\u0165 probl\u00e9mom pre jednotliv\u00fdch z\u00e1ujemcov a\u00a0podnikate\u013eov, ke\u010f\u017ee s\u00fa pomerne n\u00edzke.<\/p>\n<p style=\"text-align: justify;\">\n<p style=\"text-align: justify;\">V pr\u00edpade \u010fal\u0161\u00edch ot\u00e1zok nev\u00e1hajte pros\u00edm <a href=\"https:\/\/fcba-offshore.com\/sk\/kontakt\/\">kontaktova\u0165 pracovn\u00edkov FCBA Offshore Ltd<\/a>.\n<\/p>\n<p>&nbsp;<br \/>\n<a href=\"http:\/\/fcba-offshore.com\/wp-content\/uploads\/2014\/06\/logo-small.png\"><img loading=\"lazy\" decoding=\"async\" class=\"alignnone size-full wp-image-479\" src=\"http:\/\/fcba-offshore.com\/wp-content\/uploads\/2014\/06\/logo-small.png\" alt=\"Logo offshore small\" width=\"142\" height=\"31\" \/><\/a><\/p>\n","protected":false},"excerpt":{"rendered":"<p>&nbsp; Offshore spolo\u010dnos\u0165 na ostrove Maur\u00edcius: &nbsp; Maur\u00edcius alebo Maur\u00edcijsk\u00e1 republika je v\u00a0prvom rade popul\u00e1rnou turistickou destin\u00e1ciou pre fan\u00fa\u0161ikov slnka a\u00a0n\u00e1dhern\u00fdch pl\u00e1\u017e\u00ed. Maur\u00edcius je v\u0161ak konkurencieschopnou offshore destin\u00e1ciou. S\u00a0polohou v\u00a0Indickom oce\u00e1ne bolo s\u00faostrovie Maur\u00edcius v\u00a0minulosti pod nadvl\u00e1dou Brit\u00e1nie, z\u00a0\u010doho pramen\u00ed fakt, \u017ee podnikate\u013esk\u00e9 prostredie je orientovan\u00e9 na anglosask\u00fd model. Z\u00e1kony s\u00fa podstatne modernej\u0161ie a flexibilnej\u0161ie&hellip;<\/p>\n","protected":false},"author":1,"featured_media":0,"parent":0,"menu_order":0,"comment_status":"closed","ping_status":"open","template":"","meta":{"footnotes":""},"class_list":["post-1821","page","type-page","status-publish","hentry"],"_links":{"self":[{"href":"https:\/\/fcba-offshore.com\/sk\/wp-json\/wp\/v2\/pages\/1821","targetHints":{"allow":["GET"]}}],"collection":[{"href":"https:\/\/fcba-offshore.com\/sk\/wp-json\/wp\/v2\/pages"}],"about":[{"href":"https:\/\/fcba-offshore.com\/sk\/wp-json\/wp\/v2\/types\/page"}],"author":[{"embeddable":true,"href":"https:\/\/fcba-offshore.com\/sk\/wp-json\/wp\/v2\/users\/1"}],"replies":[{"embeddable":true,"href":"https:\/\/fcba-offshore.com\/sk\/wp-json\/wp\/v2\/comments?post=1821"}],"version-history":[{"count":7,"href":"https:\/\/fcba-offshore.com\/sk\/wp-json\/wp\/v2\/pages\/1821\/revisions"}],"predecessor-version":[{"id":2889,"href":"https:\/\/fcba-offshore.com\/sk\/wp-json\/wp\/v2\/pages\/1821\/revisions\/2889"}],"wp:attachment":[{"href":"https:\/\/fcba-offshore.com\/sk\/wp-json\/wp\/v2\/media?parent=1821"}],"curies":[{"name":"wp","href":"https:\/\/api.w.org\/{rel}","templated":true}]}}