{"id":1823,"date":"2015-12-10T10:28:04","date_gmt":"2015-12-10T10:28:04","guid":{"rendered":"http:\/\/fcba-offshore.com\/?page_id=1823"},"modified":"2016-10-03T10:57:24","modified_gmt":"2016-10-03T10:57:24","slug":"offshore-spolocnost-v-monaku","status":"publish","type":"page","link":"https:\/\/fcba-offshore.com\/sk\/offshore-spolocnost-v-monaku\/","title":{"rendered":"Offshore spolo\u010dnos\u0165 v Monaku"},"content":{"rendered":"<h1><a href=\"http:\/\/fcba-offshore.com\/wp-content\/uploads\/2014\/06\/Monaco.png\"><img loading=\"lazy\" decoding=\"async\" class=\"alignnone size-full wp-image-485\" src=\"http:\/\/fcba-offshore.com\/wp-content\/uploads\/2014\/06\/Monaco.png\" alt=\"Monako\" width=\"62\" height=\"41\" srcset=\"https:\/\/fcba-offshore.com\/wp-content\/uploads\/2014\/06\/Monaco.png 62w, https:\/\/fcba-offshore.com\/wp-content\/uploads\/2014\/06\/Monaco-60x41.png 60w\" sizes=\"auto, (max-width: 62px) 100vw, 62px\" \/><\/a> <a href=\"http:\/\/fcba-offshore.com\/wp-content\/uploads\/2014\/06\/Monaco-Offshore.png\"><img loading=\"lazy\" decoding=\"async\" class=\"size-medium wp-image-633 alignright\" src=\"http:\/\/fcba-offshore.com\/wp-content\/uploads\/2014\/06\/Monaco-Offshore-300x131.png\" alt=\"Monaco Offshore\" width=\"300\" height=\"131\" srcset=\"https:\/\/fcba-offshore.com\/wp-content\/uploads\/2014\/06\/Monaco-Offshore-300x131.png 300w, https:\/\/fcba-offshore.com\/wp-content\/uploads\/2014\/06\/Monaco-Offshore.png 641w, https:\/\/fcba-offshore.com\/wp-content\/uploads\/2014\/06\/Monaco-Offshore-450x196.png 450w\" sizes=\"auto, (max-width: 300px) 100vw, 300px\" \/><\/a><\/h1>\n<p>&nbsp;<\/p>\n<h1>Offshore spolo\u010dnos\u0165 v Monaku:<\/h1>\n<p>&nbsp;<\/p>\n<p style=\"text-align: justify;\">Monack\u00e9 knie\u017eatstvo je vo svete zn\u00e1me ako destin\u00e1cia pre mana\u017ement majetku. To u\u017e ale neplat\u00ed pre klientov z\u00a0Franc\u00fazska, ke\u010f\u017ee franc\u00fazske autority maj\u00fa pr\u00edstup k\u00a0inform\u00e1ci\u00e1m o\u00a0majite\u013eoch bankov\u00fdch \u00fa\u010dtov v\u00a0tomto mestskom \u0161t\u00e1te (iba o\u00a0rezidentoch Franc\u00fazska). Pre ostatn\u00fdch klientov v\u0161ak Monako ost\u00e1va atrakt\u00edvnou destin\u00e1ciou na optimaliz\u00e1ciu da\u0148ov\u00e9ho za\u0165a\u017eenia.<\/p>\n<p style=\"text-align: justify;\">Kvalita bankov\u00fdch slu\u017eieb a\u00a0produktov v\u00a0Monaku je na svetovej \u00farovni. Sk\u00fasen\u00fd poradca by V\u00e1m ur\u010dite odporu\u010dil Monako ako krajinu vhodn\u00fa na optimaliz\u00e1ciu da\u0148ov\u00e9ho za\u0165a\u017eenia vyu\u017eit\u00edm produktov zaru\u010duj\u00facich vysok\u00fa n\u00e1vratnos\u0165 a\u00a0diskr\u00e9tnos\u0165. Ako krajina na zalo\u017eenie <a href=\"https:\/\/fcba-offshore.com\/sk\/offshore-spolocnosti\/\">offshore spolo\u010dnosti<\/a> v\u0161ak Monako nie je a\u017e tak\u00e9 zauj\u00edmav\u00e9.<\/p>\n<p style=\"text-align: justify;\">V <a href=\"https:\/\/fcba-offshore.com\/sk\/\">FCBA Offshore Ltd<\/a>. zvykneme vravie\u0165, \u017ee \u00faspe\u0161n\u00e9 otvorenie <a href=\"https:\/\/fcba-offshore.com\/sk\/offshore-bankovy-ucet\/\">offshore bankov\u00e9ho \u00fa\u010dtu<\/a> v\u00a0Monaku je \u201epr\u00edle\u017eitos\u0165 na oslavu\u201c. Na zachovanie exkluz\u00edvnosti miestne banky \u010dasto kr\u00e1t po\u017eaduj\u00fa osobn\u00fa \u00fa\u010das\u0165 klientov pri zakladan\u00e9 bankov\u00fdch \u00fa\u010dtov.<\/p>\n<p style=\"text-align: justify;\">Napriek tomu bude pre V\u00e1s otvorenie <a href=\"https:\/\/fcba-offshore.com\/sk\/offshore-bankovy-ucet\/\">offshore bankov\u00e9ho \u00fa\u010dtu<\/a> v Monaku st\u00e1le v\u00fdhodn\u00e9, ke\u010f\u017ee na\u0161a spolo\u010dnos\u0165 vie v\u010faka kontaktom v\u00a0krajine pon\u00faknu\u0165 obojstranne v\u00fdhodn\u00fa spolupr\u00e1cu. A\u00a0to aj napriek pomerne vysok\u00e9mu\u00a0\u00favodn\u00e9mu vkladu po\u017eadovan\u00e9mu miestnymi bankami. Takisto n\u00e1s kontaktujte, ak chcete zalo\u017ei\u0165 <a href=\"https:\/\/fcba-offshore.com\/sk\/offshore-spolocnosti\/\">offshore spolo\u010dnos\u0165<\/a> v Monaku.<\/p>\n<p style=\"text-align: justify;\">\n<p style=\"text-align: justify;\">V pr\u00edpade \u010fal\u0161\u00edch ot\u00e1zok nev\u00e1hajte pros\u00edm <a href=\"https:\/\/fcba-offshore.com\/sk\/kontakt\/\">kontaktova\u0165 pracovn\u00edkov FCBA Offshore Ltd<\/a>.\n<\/p>\n<p>&nbsp;<br \/>\n<a href=\"http:\/\/fcba-offshore.com\/wp-content\/uploads\/2014\/06\/logo-small.png\"><img loading=\"lazy\" decoding=\"async\" class=\"alignnone size-full wp-image-479\" src=\"http:\/\/fcba-offshore.com\/wp-content\/uploads\/2014\/06\/logo-small.png\" alt=\"Logo offshore small\" width=\"142\" height=\"31\" \/><\/a><\/p>\n","protected":false},"excerpt":{"rendered":"<p>&nbsp; Offshore spolo\u010dnos\u0165 v Monaku: &nbsp; Monack\u00e9 knie\u017eatstvo je vo svete zn\u00e1me ako destin\u00e1cia pre mana\u017ement majetku. To u\u017e ale neplat\u00ed pre klientov z\u00a0Franc\u00fazska, ke\u010f\u017ee franc\u00fazske autority maj\u00fa pr\u00edstup k\u00a0inform\u00e1ci\u00e1m o\u00a0majite\u013eoch bankov\u00fdch \u00fa\u010dtov v\u00a0tomto mestskom \u0161t\u00e1te (iba o\u00a0rezidentoch Franc\u00fazska). Pre ostatn\u00fdch klientov v\u0161ak Monako ost\u00e1va atrakt\u00edvnou destin\u00e1ciou na optimaliz\u00e1ciu da\u0148ov\u00e9ho za\u0165a\u017eenia. Kvalita bankov\u00fdch slu\u017eieb a\u00a0produktov&hellip;<\/p>\n","protected":false},"author":1,"featured_media":0,"parent":0,"menu_order":0,"comment_status":"closed","ping_status":"open","template":"","meta":{"footnotes":""},"class_list":["post-1823","page","type-page","status-publish","hentry"],"_links":{"self":[{"href":"https:\/\/fcba-offshore.com\/sk\/wp-json\/wp\/v2\/pages\/1823","targetHints":{"allow":["GET"]}}],"collection":[{"href":"https:\/\/fcba-offshore.com\/sk\/wp-json\/wp\/v2\/pages"}],"about":[{"href":"https:\/\/fcba-offshore.com\/sk\/wp-json\/wp\/v2\/types\/page"}],"author":[{"embeddable":true,"href":"https:\/\/fcba-offshore.com\/sk\/wp-json\/wp\/v2\/users\/1"}],"replies":[{"embeddable":true,"href":"https:\/\/fcba-offshore.com\/sk\/wp-json\/wp\/v2\/comments?post=1823"}],"version-history":[{"count":10,"href":"https:\/\/fcba-offshore.com\/sk\/wp-json\/wp\/v2\/pages\/1823\/revisions"}],"predecessor-version":[{"id":2903,"href":"https:\/\/fcba-offshore.com\/sk\/wp-json\/wp\/v2\/pages\/1823\/revisions\/2903"}],"wp:attachment":[{"href":"https:\/\/fcba-offshore.com\/sk\/wp-json\/wp\/v2\/media?parent=1823"}],"curies":[{"name":"wp","href":"https:\/\/api.w.org\/{rel}","templated":true}]}}