{"id":1825,"date":"2015-12-10T10:30:21","date_gmt":"2015-12-10T10:30:21","guid":{"rendered":"http:\/\/fcba-offshore.com\/?page_id=1825"},"modified":"2016-09-29T15:36:21","modified_gmt":"2016-09-29T15:36:21","slug":"offshore-spolocnost-na-ostrove-nevis-2","status":"publish","type":"page","link":"https:\/\/fcba-offshore.com\/sk\/offshore-spolocnost-na-ostrove-nevis-2\/","title":{"rendered":"Offshore spolo\u010dnos\u0165 na ostrove Nevis"},"content":{"rendered":"<h1><a href=\"http:\/\/fcba-offshore.com\/wp-content\/uploads\/2014\/06\/Nieves.png\"><img loading=\"lazy\" decoding=\"async\" class=\"alignnone size-full wp-image-365\" src=\"http:\/\/fcba-offshore.com\/wp-content\/uploads\/2014\/06\/Nieves.png\" alt=\"Nieves\" width=\"66\" height=\"43\" \/><\/a> <a href=\"http:\/\/fcba-offshore.com\/wp-content\/uploads\/2014\/06\/Neves-Offshore-2.png\"><img loading=\"lazy\" decoding=\"async\" class=\"size-medium wp-image-636 alignright\" src=\"http:\/\/fcba-offshore.com\/wp-content\/uploads\/2014\/06\/Neves-Offshore-2-300x131.png\" alt=\"Neves Offshore 2\" width=\"300\" height=\"131\" srcset=\"https:\/\/fcba-offshore.com\/wp-content\/uploads\/2014\/06\/Neves-Offshore-2-300x131.png 300w, https:\/\/fcba-offshore.com\/wp-content\/uploads\/2014\/06\/Neves-Offshore-2.png 641w, https:\/\/fcba-offshore.com\/wp-content\/uploads\/2014\/06\/Neves-Offshore-2-450x196.png 450w\" sizes=\"auto, (max-width: 300px) 100vw, 300px\" \/><\/a><\/h1>\n<p>&nbsp;<\/p>\n<h1>Offshore spolo\u010dnos\u0165 na ostrove Nevis:<\/h1>\n<p>&nbsp;<\/p>\n<p style=\"text-align: justify;\">Ostrov Nevis s\u00a0popul\u00e1ciou nie\u010do vy\u0161e 12,000 obyvate\u013eov patr\u00ed Karibsk\u00e9ho s\u00faostrovia v\u00a0Atlantickom oce\u00e1ne. Zdrojom pr\u00edjmov krajiny je preva\u017ene rybolov a\u00a0turizmus, no miestny obyvatelia s\u00fa pomerne chudobn\u00ed. V\u00e4\u010d\u0161ina mana\u017e\u00e9rov finan\u010dn\u00fdch in\u0161tit\u00faci\u00ed prich\u00e1dza zo zahrani\u010dia. Ostrov je \u010dlenom kraj\u00edn Commonwealthu s\u00a0anglosask\u00fdm podnikate\u013esk\u00fdm modelom orientovan\u00fdm na liber\u00e1lne biznis prostredie. Z\u00e1kony s\u00fa podstatne modernej\u0161ie a flexibilnej\u0161ie ako v krajin\u00e1ch E\u00da, \u010do motivuje mnoh\u00fdch podnikate\u013eov presun\u00fa\u0165 aktivity svojej offshore spolo\u010dnosti pr\u00e1ve na Nevis. Pre z\u00e1ujemcov o\u00a0<a href=\"https:\/\/fcba-offshore.com\/sk\/offshore-bankovy-ucet\/\">offshore bankov\u00fd \u00fa\u010det<\/a> alebo zalo\u017eenie <a href=\"https:\/\/fcba-offshore.com\/sk\/offshore-spolocnosti\/\">offshore spolo\u010dnosti<\/a> pon\u00faka tento menej zn\u00e1my ostrov vysok\u00fd stupe\u0148 diskr\u00e9tnosti a\u00a0bankov\u00e9 tajomstvo.<\/p>\n<p style=\"text-align: justify;\">Tu je zoznam hlavn\u00fdch v\u00fdhod miestnej jurisdikcie:<\/p>\n<ul style=\"text-align: justify;\">\n<li>\u017diadna DPH<\/li>\n<li>\u017diadna da\u0148 z\u00a0pr\u00edjmu (pre nerezidentov)<\/li>\n<li>\u017diadna da\u0148 z dividend<\/li>\n<li>Bankov\u00e9 tajomstvo (100% diskr\u00e9tnos\u0165)<\/li>\n<li>Diskr\u00e9tnos\u0165 identity vlastn\u00edkov spolo\u010dnost\u00ed<\/li>\n<\/ul>\n<p style=\"text-align: justify;\">V spolo\u010dnosti <a href=\"https:\/\/fcba-offshore.com\/sk\/\">FCBA Offshore Ltd<\/a>. odpor\u00fa\u010dame otvori\u0165 <a href=\"https:\/\/fcba-offshore.com\/sk\/offshore-bankovy-ucet\/\">offshore bankov\u00fd \u00fa\u010det<\/a> alebo zalo\u017ei\u0165 <a href=\"https:\/\/fcba-offshore.com\/sk\/offshore-spolocnosti\/\">offshore spolo\u010dnos\u0165<\/a> na ostrove Nevis hlavne klientom so z\u00e1kazn\u00edkmi a\u00a0odberate\u013emi mimo Eur\u00f3pskej \u00danie, ke\u010f\u017ee t\u00e1to jurisdikcia je pova\u017eovan\u00e1 za pomerne exotick\u00fa v\u00a0E\u00da, \u010do m\u00f4\u017ee by\u0165 probl\u00e9m pri splatnosti poh\u013ead\u00e1vok a\u00a0podobne. Navy\u0161e kontakt s\u00a0miestnymi bankami nie je najide\u00e1lnej\u0161\u00ed kv\u00f4li \u010dasov\u00e9mu posunu nieko\u013ek\u00fdch hod\u00edn, pri\u010dom v\u00e4\u010d\u0161ina d\u00f4le\u017eit\u00fdch b\u00e1nk nem\u00e1 na ostrove pobo\u010dky. Celkovo je p\u00f4sobenie na ostrove z\u00a0da\u0148ovo-optimaliza\u010dn\u00fdch d\u00f4vodov z\u00a0dlhodob\u00e9ho h\u013eadiska diskutabiln\u00e9.<\/p>\n<p style=\"text-align: justify;\">V\u00a0pr\u00edpade z\u00e1ujmu bude pre V\u00e1s otvorenie <a href=\"https:\/\/fcba-offshore.com\/sk\/offshore-bankovy-ucet\/\">offshore bankov\u00e9ho \u00fa\u010dtu<\/a> alebo zalo\u017eenie <a href=\"https:\/\/fcba-offshore.com\/sk\/offshore-spolocnosti\/\">offshore spolo\u010dnosti<\/a> na ostrove Nevis st\u00e1le v\u00fdhodn\u00e9, ke\u010f\u017ee na\u0161a spolo\u010dnos\u0165 vie v\u010faka kontaktom v\u00a0krajine pon\u00faknu\u0165 obojstranne v\u00fdhodn\u00fa spolupr\u00e1cu.<\/p>\n<p style=\"text-align: justify;\">Po\u017eadovan\u00e9 \u00favodn\u00e9 vklady na offshore bankov\u00e9 \u00fa\u010dty by nemali by\u0165 probl\u00e9mom pre jednotliv\u00fdch z\u00e1ujemcov a\u00a0podnikate\u013eov, ke\u010f\u017ee s\u00fa pomerne n\u00edzke.<\/p>\n<p style=\"text-align: justify;\">\n<p style=\"text-align: justify;\">V pr\u00edpade \u010fal\u0161\u00edch ot\u00e1zok nev\u00e1hajte pros\u00edm <a href=\"https:\/\/fcba-offshore.com\/sk\/kontakt\/\">kontaktova\u0165 pracovn\u00edkov FCBA Offshore Ltd<\/a>.\n<\/p>\n<p>&nbsp;<br \/>\n<a href=\"http:\/\/fcba-offshore.com\/wp-content\/uploads\/2014\/06\/logo-small.png\"><img loading=\"lazy\" decoding=\"async\" class=\"alignnone size-full wp-image-479\" src=\"http:\/\/fcba-offshore.com\/wp-content\/uploads\/2014\/06\/logo-small.png\" alt=\"Logo offshore small\" width=\"142\" height=\"31\" \/><\/a><\/p>\n","protected":false},"excerpt":{"rendered":"<p>&nbsp; Offshore spolo\u010dnos\u0165 na ostrove Nevis: &nbsp; Ostrov Nevis s\u00a0popul\u00e1ciou nie\u010do vy\u0161e 12,000 obyvate\u013eov patr\u00ed Karibsk\u00e9ho s\u00faostrovia v\u00a0Atlantickom oce\u00e1ne. Zdrojom pr\u00edjmov krajiny je preva\u017ene rybolov a\u00a0turizmus, no miestny obyvatelia s\u00fa pomerne chudobn\u00ed. V\u00e4\u010d\u0161ina mana\u017e\u00e9rov finan\u010dn\u00fdch in\u0161tit\u00faci\u00ed prich\u00e1dza zo zahrani\u010dia. Ostrov je \u010dlenom kraj\u00edn Commonwealthu s\u00a0anglosask\u00fdm podnikate\u013esk\u00fdm modelom orientovan\u00fdm na liber\u00e1lne biznis prostredie. Z\u00e1kony s\u00fa podstatne&hellip;<\/p>\n","protected":false},"author":1,"featured_media":0,"parent":0,"menu_order":0,"comment_status":"closed","ping_status":"open","template":"","meta":{"footnotes":""},"class_list":["post-1825","page","type-page","status-publish","hentry"],"_links":{"self":[{"href":"https:\/\/fcba-offshore.com\/sk\/wp-json\/wp\/v2\/pages\/1825","targetHints":{"allow":["GET"]}}],"collection":[{"href":"https:\/\/fcba-offshore.com\/sk\/wp-json\/wp\/v2\/pages"}],"about":[{"href":"https:\/\/fcba-offshore.com\/sk\/wp-json\/wp\/v2\/types\/page"}],"author":[{"embeddable":true,"href":"https:\/\/fcba-offshore.com\/sk\/wp-json\/wp\/v2\/users\/1"}],"replies":[{"embeddable":true,"href":"https:\/\/fcba-offshore.com\/sk\/wp-json\/wp\/v2\/comments?post=1825"}],"version-history":[{"count":7,"href":"https:\/\/fcba-offshore.com\/sk\/wp-json\/wp\/v2\/pages\/1825\/revisions"}],"predecessor-version":[{"id":2887,"href":"https:\/\/fcba-offshore.com\/sk\/wp-json\/wp\/v2\/pages\/1825\/revisions\/2887"}],"wp:attachment":[{"href":"https:\/\/fcba-offshore.com\/sk\/wp-json\/wp\/v2\/media?parent=1825"}],"curies":[{"name":"wp","href":"https:\/\/api.w.org\/{rel}","templated":true}]}}