{"id":1828,"date":"2015-12-10T10:33:01","date_gmt":"2015-12-10T10:33:01","guid":{"rendered":"http:\/\/fcba-offshore.com\/?page_id=1828"},"modified":"2016-05-22T10:58:31","modified_gmt":"2016-05-22T10:58:31","slug":"ostatne-offshore-jurisdikcie","status":"publish","type":"page","link":"https:\/\/fcba-offshore.com\/sk\/ostatne-offshore-jurisdikcie\/","title":{"rendered":"Ostatn\u00e9 offshore jurisdikcie:"},"content":{"rendered":"<h1>Ostatn\u00e9 offshore jurisdikcie:<\/h1>\n<p>&nbsp;<\/p>\n<p style=\"text-align: justify;\">V\u00a0neposlednom rade je potrebn\u00e9 doda\u0165, \u017ee zoznam offshore jurisdikci\u00ed na na\u0161ich str\u00e1nkach je iba s\u00fahrnom v\u0161etk\u00fdch svetov\u00fdch offshore kraj\u00edn.<\/p>\n<p style=\"text-align: justify;\">Predov\u0161etk\u00fdm z\u00a0d\u00f4vodov dynamick\u00e9ho v\u00fdvoja na svetov\u00fdch finan\u010dn\u00fdch trhoch je nemo\u017en\u00e9 garantova\u0165 podmienky v\u00a0jednotliv\u00fdch offshore destin\u00e1ci\u00e1ch aj v\u00a0bl\u00edzkej bud\u00facnosti. Preto n\u00e1\u0161 medzin\u00e1rodn\u00fd t\u00edm neust\u00e1le pracuje na z\u00edskavan\u00ed nov\u00fdch kontaktov a\u00a0partnerov po celom svete a\u00a0zost\u00e1va v\u00a0obraze v\u00a0ot\u00e1zkach da\u0148ovej legislat\u00edvy v\u00a0jednotliv\u00fdch krajin\u00e1ch. Nakoniec, najm\u00e4 pre ve\u013ek\u00fa konkurenciu v\u00a0odvetv\u00ed a\u00a0zachovanie d\u00f4vernosti neuv\u00e1dzame v\u0161etky offshore jurisdikcie a\u00a0jednotliv\u00fdch partnerov, s\u00a0ktor\u00fdmi spolupracujeme.<\/p>\n<p style=\"text-align: justify;\">\n<p style=\"text-align: justify;\">V pr\u00edpade \u010fal\u0161\u00edch ot\u00e1zok nev\u00e1hajte pros\u00edm <a href=\"https:\/\/fcba-offshore.com\/sk\/kontakt\/\">kontaktova\u0165 pracovn\u00edkov FCBA Offshore Ltd<\/a>.\n<\/p>\n<p>&nbsp;<br \/>\n<a href=\"http:\/\/fcba-offshore.com\/wp-content\/uploads\/2014\/06\/logo-small.png\"><img loading=\"lazy\" decoding=\"async\" class=\"alignnone size-full wp-image-479\" src=\"http:\/\/fcba-offshore.com\/wp-content\/uploads\/2014\/06\/logo-small.png\" alt=\"Logo offshore small\" width=\"142\" height=\"31\" \/><\/a><\/p>\n","protected":false},"excerpt":{"rendered":"<p>Ostatn\u00e9 offshore jurisdikcie: &nbsp; V\u00a0neposlednom rade je potrebn\u00e9 doda\u0165, \u017ee zoznam offshore jurisdikci\u00ed na na\u0161ich str\u00e1nkach je iba s\u00fahrnom v\u0161etk\u00fdch svetov\u00fdch offshore kraj\u00edn. Predov\u0161etk\u00fdm z\u00a0d\u00f4vodov dynamick\u00e9ho v\u00fdvoja na svetov\u00fdch finan\u010dn\u00fdch trhoch je nemo\u017en\u00e9 garantova\u0165 podmienky v\u00a0jednotliv\u00fdch offshore destin\u00e1ci\u00e1ch aj v\u00a0bl\u00edzkej bud\u00facnosti. Preto n\u00e1\u0161 medzin\u00e1rodn\u00fd t\u00edm neust\u00e1le pracuje na z\u00edskavan\u00ed nov\u00fdch kontaktov a\u00a0partnerov po celom svete&hellip;<\/p>\n","protected":false},"author":1,"featured_media":0,"parent":0,"menu_order":0,"comment_status":"closed","ping_status":"open","template":"","meta":{"footnotes":""},"class_list":["post-1828","page","type-page","status-publish","hentry"],"_links":{"self":[{"href":"https:\/\/fcba-offshore.com\/sk\/wp-json\/wp\/v2\/pages\/1828","targetHints":{"allow":["GET"]}}],"collection":[{"href":"https:\/\/fcba-offshore.com\/sk\/wp-json\/wp\/v2\/pages"}],"about":[{"href":"https:\/\/fcba-offshore.com\/sk\/wp-json\/wp\/v2\/types\/page"}],"author":[{"embeddable":true,"href":"https:\/\/fcba-offshore.com\/sk\/wp-json\/wp\/v2\/users\/1"}],"replies":[{"embeddable":true,"href":"https:\/\/fcba-offshore.com\/sk\/wp-json\/wp\/v2\/comments?post=1828"}],"version-history":[{"count":6,"href":"https:\/\/fcba-offshore.com\/sk\/wp-json\/wp\/v2\/pages\/1828\/revisions"}],"predecessor-version":[{"id":2106,"href":"https:\/\/fcba-offshore.com\/sk\/wp-json\/wp\/v2\/pages\/1828\/revisions\/2106"}],"wp:attachment":[{"href":"https:\/\/fcba-offshore.com\/sk\/wp-json\/wp\/v2\/media?parent=1828"}],"curies":[{"name":"wp","href":"https:\/\/api.w.org\/{rel}","templated":true}]}}