{"id":1830,"date":"2015-12-10T10:34:33","date_gmt":"2015-12-10T10:34:33","guid":{"rendered":"http:\/\/fcba-offshore.com\/?page_id=1830"},"modified":"2016-10-03T10:58:11","modified_gmt":"2016-10-03T10:58:11","slug":"offshore-spolocnost-na-paname","status":"publish","type":"page","link":"https:\/\/fcba-offshore.com\/sk\/offshore-spolocnost-na-paname\/","title":{"rendered":"Offshore spolo\u010dnos\u0165 na Paname"},"content":{"rendered":"<h1><a href=\"http:\/\/fcba-offshore.com\/wp-content\/uploads\/2014\/06\/Panama.png\"><img loading=\"lazy\" decoding=\"async\" class=\"alignnone size-full wp-image-366\" src=\"http:\/\/fcba-offshore.com\/wp-content\/uploads\/2014\/06\/Panama.png\" alt=\"Panama\" width=\"65\" height=\"42\" \/><\/a> <a href=\"http:\/\/fcba-offshore.com\/wp-content\/uploads\/2014\/06\/Panama-Offshore.png\"><img loading=\"lazy\" decoding=\"async\" class=\"size-medium wp-image-638 alignright\" src=\"http:\/\/fcba-offshore.com\/wp-content\/uploads\/2014\/06\/Panama-Offshore-300x131.png\" alt=\"Panama Offshore\" width=\"300\" height=\"131\" srcset=\"https:\/\/fcba-offshore.com\/wp-content\/uploads\/2014\/06\/Panama-Offshore-300x131.png 300w, https:\/\/fcba-offshore.com\/wp-content\/uploads\/2014\/06\/Panama-Offshore.png 641w, https:\/\/fcba-offshore.com\/wp-content\/uploads\/2014\/06\/Panama-Offshore-450x196.png 450w\" sizes=\"auto, (max-width: 300px) 100vw, 300px\" \/><\/a><\/h1>\n<p>&nbsp;<\/p>\n<h1>Offshore spolo\u010dnos\u0165 na Paname:<\/h1>\n<p>&nbsp;<\/p>\n<p style=\"text-align: justify;\">Panama je najju\u017enej\u0161ia krajina Strednej Ameriky s\u00a0takmer 3,5 mili\u00f3nom obyvate\u013eov. Tento \u0161t\u00e1t je zn\u00e1my najm\u00e4 pre jej kan\u00e1l, cez ktor\u00fd prech\u00e1dzaj\u00fa lode z\u00a0Atlantick\u00e9ho do Tich\u00e9ho oce\u00e1nu. Ekonomika \u0161t\u00e1tu je najvyspelej\u0161ou spomedzi kraj\u00edn Strednej Ameriky, pri\u010dom \u0165ah\u00fa\u0148mi ekonomiky s\u00fa turizmus, obchod, a\u00a0najm\u00e4 finan\u010dn\u00e9 slu\u017eby. T\u00e1to offshore jurisdikcia pon\u00faka ve\u013emi priate\u013esk\u00fd da\u0148ov\u00fd syst\u00e9m garantuj\u00faci anonymitu pre \u013eud\u00ed vlastniacich offshore bankov\u00fd \u00fa\u010det, alebo <a href=\"https:\/\/fcba-offshore.com\/sk\/offshore-spolocnosti\/\">offshore spolo\u010dnos\u0165<\/a> bez rezidencie v\u00a0krajine. Pokojne m\u00f4\u017eeme krajinu porovna\u0165 so \u0160vaj\u010diarskom, ke\u010f\u017ee Panama je miestne finan\u010dn\u00e9 centrum s\u00a0vysok\u00fdm stup\u0148om bankov\u00e9ho tajomstva a\u00a0diskr\u00e9tnosti vo\u010di majite\u013eom <a href=\"https:\/\/fcba-offshore.com\/sk\/offshore-bankovy-ucet\/\">offshore bankov\u00fdch \u00fa\u010dtov<\/a>, \u010di <a href=\"https:\/\/fcba-offshore.com\/sk\/offshore-spolocnosti\/\">spolo\u010dnost\u00ed<\/a>.<\/p>\n<p style=\"text-align: justify;\">Existuje nieko\u013eko d\u00f4vodov pre vlastn\u00edctvo <a href=\"https:\/\/fcba-offshore.com\/sk\/offshore-spolocnosti\/\">offshore spolo\u010dnosti<\/a> alebo <a href=\"https:\/\/fcba-offshore.com\/sk\/offshore-bankovy-ucet\/\">offshore bankov\u00e9ho \u00fa\u010dtu<\/a>:<\/p>\n<ul style=\"text-align: justify;\">\n<li>\u017diadna DPH<\/li>\n<li>\u017diadna da\u0148 z\u00a0pr\u00edjmu (pre nerezidentov)<\/li>\n<li>\u017diadne kapit\u00e1lov\u00e9 minimum<\/li>\n<li>Bankov\u00e9 tajomstvo (100% diskr\u00e9tnos\u0165)<\/li>\n<li>Diskr\u00e9tnos\u0165 identity vlastn\u00edkov spolo\u010dnost\u00ed<\/li>\n<\/ul>\n<p style=\"text-align: justify;\">V spolo\u010dnosti <a href=\"https:\/\/fcba-offshore.com\/sk\/\">FCBA Offshore Ltd<\/a>. odpor\u00fa\u010dame otvori\u0165 <a href=\"https:\/\/fcba-offshore.com\/sk\/offshore-bankovy-ucet\/\">offshore bankov\u00fd \u00fa\u010det<\/a> alebo zalo\u017ei\u0165 <a href=\"https:\/\/fcba-offshore.com\/sk\/offshore-spolocnosti\/\">offshore spolo\u010dnos\u0165<\/a> na Paname hlavne klientom s\u00a0klientelou mimo Eur\u00f3py, ke\u010f\u017ee t\u00e1to jurisdikcia je pova\u017eovan\u00e1 za pomerne exotick\u00fa v\u00a0E\u00da, \u010do m\u00f4\u017ee by\u0165 probl\u00e9m pri splatnosti poh\u013ead\u00e1vok a\u00a0podobne.<\/p>\n<p style=\"text-align: justify;\">Napriek tomu je otvorenie <a href=\"https:\/\/fcba-offshore.com\/sk\/offshore-bankovy-ucet\/\">offshore bankov\u00e9ho \u00fa\u010dtu<\/a> alebo zalo\u017eenie <a href=\"https:\/\/fcba-offshore.com\/sk\/offshore-spolocnosti\/\">offshore spolo\u010dnosti<\/a> na Paname st\u00e1le v\u00fdhodn\u00e9, ke\u010f\u017ee na\u0161a spolo\u010dnos\u0165 vie v\u010faka kontaktom v\u00a0krajine pon\u00faknu\u0165 podmienky a\u00a0slu\u017eby, z\u00a0ktor\u00fdch bud\u00fa profitova\u0165 obe strany.<\/p>\n<p style=\"text-align: justify;\">Po\u017eadovan\u00e9 \u00favodn\u00e9 vklady na <a href=\"https:\/\/fcba-offshore.com\/sk\/offshore-bankovy-ucet\/\">offshore bankov\u00e9 \u00fa\u010dty<\/a> by nemali by\u0165 probl\u00e9mom pre jednotliv\u00fdch z\u00e1ujemcov a\u00a0podnikate\u013eov, ke\u010f\u017ee s\u00fa pomerne n\u00edzke.<\/p>\n<p style=\"text-align: justify;\">\n<p style=\"text-align: justify;\">V pr\u00edpade \u010fal\u0161\u00edch ot\u00e1zok nev\u00e1hajte pros\u00edm <a href=\"https:\/\/fcba-offshore.com\/sk\/kontakt\/\">kontaktova\u0165 pracovn\u00edkov FCBA Offshore Ltd<\/a>.\n<\/p>\n<p>&nbsp;<br \/>\n<a href=\"http:\/\/fcba-offshore.com\/wp-content\/uploads\/2014\/06\/logo-small.png\"><img loading=\"lazy\" decoding=\"async\" class=\"alignnone size-full wp-image-479\" src=\"http:\/\/fcba-offshore.com\/wp-content\/uploads\/2014\/06\/logo-small.png\" alt=\"Logo offshore small\" width=\"142\" height=\"31\" \/><\/a><\/p>\n","protected":false},"excerpt":{"rendered":"<p>&nbsp; Offshore spolo\u010dnos\u0165 na Paname: &nbsp; Panama je najju\u017enej\u0161ia krajina Strednej Ameriky s\u00a0takmer 3,5 mili\u00f3nom obyvate\u013eov. Tento \u0161t\u00e1t je zn\u00e1my najm\u00e4 pre jej kan\u00e1l, cez ktor\u00fd prech\u00e1dzaj\u00fa lode z\u00a0Atlantick\u00e9ho do Tich\u00e9ho oce\u00e1nu. Ekonomika \u0161t\u00e1tu je najvyspelej\u0161ou spomedzi kraj\u00edn Strednej Ameriky, pri\u010dom \u0165ah\u00fa\u0148mi ekonomiky s\u00fa turizmus, obchod, a\u00a0najm\u00e4 finan\u010dn\u00e9 slu\u017eby. T\u00e1to offshore jurisdikcia pon\u00faka ve\u013emi priate\u013esk\u00fd&hellip;<\/p>\n","protected":false},"author":1,"featured_media":0,"parent":0,"menu_order":0,"comment_status":"closed","ping_status":"open","template":"","meta":{"footnotes":""},"class_list":["post-1830","page","type-page","status-publish","hentry"],"_links":{"self":[{"href":"https:\/\/fcba-offshore.com\/sk\/wp-json\/wp\/v2\/pages\/1830","targetHints":{"allow":["GET"]}}],"collection":[{"href":"https:\/\/fcba-offshore.com\/sk\/wp-json\/wp\/v2\/pages"}],"about":[{"href":"https:\/\/fcba-offshore.com\/sk\/wp-json\/wp\/v2\/types\/page"}],"author":[{"embeddable":true,"href":"https:\/\/fcba-offshore.com\/sk\/wp-json\/wp\/v2\/users\/1"}],"replies":[{"embeddable":true,"href":"https:\/\/fcba-offshore.com\/sk\/wp-json\/wp\/v2\/comments?post=1830"}],"version-history":[{"count":7,"href":"https:\/\/fcba-offshore.com\/sk\/wp-json\/wp\/v2\/pages\/1830\/revisions"}],"predecessor-version":[{"id":2904,"href":"https:\/\/fcba-offshore.com\/sk\/wp-json\/wp\/v2\/pages\/1830\/revisions\/2904"}],"wp:attachment":[{"href":"https:\/\/fcba-offshore.com\/sk\/wp-json\/wp\/v2\/media?parent=1830"}],"curies":[{"name":"wp","href":"https:\/\/api.w.org\/{rel}","templated":true}]}}