{"id":1832,"date":"2015-12-10T10:36:21","date_gmt":"2015-12-10T10:36:21","guid":{"rendered":"http:\/\/fcba-offshore.com\/?page_id=1832"},"modified":"2016-09-29T15:44:15","modified_gmt":"2016-09-29T15:44:15","slug":"offshore-spolocnost-na-seychelach","status":"publish","type":"page","link":"https:\/\/fcba-offshore.com\/sk\/offshore-spolocnost-na-seychelach\/","title":{"rendered":"Offshore spolo\u010dnos\u0165 na Seychel\u00e1ch"},"content":{"rendered":"<h1><a href=\"http:\/\/fcba-offshore.com\/wp-content\/uploads\/2014\/06\/Seychelles.png\"><img loading=\"lazy\" decoding=\"async\" class=\"alignnone size-full wp-image-357\" src=\"http:\/\/fcba-offshore.com\/wp-content\/uploads\/2014\/06\/Seychelles.png\" alt=\"Seychelles\" width=\"65\" height=\"35\" \/><\/a> <a href=\"http:\/\/fcba-offshore.com\/wp-content\/uploads\/2014\/06\/Seychelles-Offshore.png\"><img loading=\"lazy\" decoding=\"async\" class=\"size-medium wp-image-642 alignright\" src=\"http:\/\/fcba-offshore.com\/wp-content\/uploads\/2014\/06\/Seychelles-Offshore-300x131.png\" alt=\"Seychelles Offshore\" width=\"300\" height=\"131\" srcset=\"https:\/\/fcba-offshore.com\/wp-content\/uploads\/2014\/06\/Seychelles-Offshore-300x131.png 300w, https:\/\/fcba-offshore.com\/wp-content\/uploads\/2014\/06\/Seychelles-Offshore.png 641w, https:\/\/fcba-offshore.com\/wp-content\/uploads\/2014\/06\/Seychelles-Offshore-450x196.png 450w\" sizes=\"auto, (max-width: 300px) 100vw, 300px\" \/><\/a><\/h1>\n<p>&nbsp;<\/p>\n<h1>Offshore spolo\u010dnos\u0165 na Seychel\u00e1ch:<\/h1>\n<p>&nbsp;<\/p>\n<p style=\"text-align: justify;\">Seychely sa nach\u00e1dzaj\u00fa v\u00a0Indickom oce\u00e1ne ne\u010faleko ostrovov Maur\u00edcius a\u00a0Madagaskar. Toto 115 \u010dlenn\u00e9 s\u00faostrovie je jedn\u00fdm z\u00a0najvyh\u013ead\u00e1vanej\u0161\u00edch destin\u00e1ci\u00ed pre ochranu a\u00a0optimaliz\u00e1ciu kapit\u00e1lu. Seychely boli v\u00a0minulosti pod nadvl\u00e1dou Brit\u00e1nia, pri\u010dom teraz disponuj\u00fa\u00a0anglosask\u00fdm podnikate\u013esk\u00fdm modelom orientovan\u00fdm na liber\u00e1lne biznis prostredie. Z\u00e1kony s\u00fa podstatne modernej\u0161ie a flexibilnej\u0161ie ako v krajin\u00e1ch E\u00da, \u010do motivuje mnoh\u00fdch podnikate\u013eov presun\u00fa\u0165 aktivity svojej <a href=\"https:\/\/fcba-offshore.com\/sk\/offshore-spolocnosti\/\">offshore spolo\u010dnosti<\/a> pr\u00e1ve na Seychely. Navy\u0161e najnov\u0161ie zmeny v\u00a0da\u0148ovom syst\u00e9me zvy\u0161uj\u00fa z\u00e1ujem zahrani\u010dn\u00fdch investorov a\u00a0krajina si tak buduje dominantn\u00e9 postavenie medzi offshore krajinami.<\/p>\n<p style=\"text-align: justify;\">Hlavn\u00fdmi d\u00f4vodmi pre vlastn\u00edctvo <a href=\"https:\/\/fcba-offshore.com\/sk\/offshore-spolocnosti\/\">offshore spolo\u010dnosti<\/a> alebo <a href=\"https:\/\/fcba-offshore.com\/sk\/offshore-bankovy-ucet\/\">offshore bankov\u00e9ho \u00fa\u010dtu<\/a> na Seychel\u00e1ch s\u00fa:<\/p>\n<ul style=\"text-align: justify;\">\n<li>\u017diadna DPH<\/li>\n<li>\u017diadna da\u0148 z\u00a0pr\u00edjmu (pre nerezidentov)<\/li>\n<li>\u017diadna da\u0148 z dividend<\/li>\n<li>\u017diadne kapit\u00e1lov\u00e9 minimum<\/li>\n<li>Bankov\u00e9 tajomstvo (100% diskr\u00e9tnos\u0165)<\/li>\n<li>Absol\u00fatna anonymita a diskr\u00e9tnos\u0165 identity vlastn\u00edkov spolo\u010dnost\u00ed<\/li>\n<\/ul>\n<p style=\"text-align: justify;\">Spolo\u010dnos\u0165 <a href=\"https:\/\/fcba-offshore.com\/sk\/\">FCBA Offshore Ltd<\/a>. silno odpor\u00fa\u010da otvori\u0165 <a href=\"https:\/\/fcba-offshore.com\/sk\/offshore-bankovy-ucet\/\">offshore bankov\u00fd \u00fa\u010det<\/a> alebo zalo\u017ei\u0165 <a href=\"https:\/\/fcba-offshore.com\/sk\/offshore-spolocnosti\/\">offshore spolo\u010dnos\u0165<\/a> na Seychel\u00e1ch najm\u00e4 na\u0161im klientom so z\u00e1ujmom o\u00a0\u00fapln\u00fa anonymitu a\u00a0bankov\u00e9 tajomstvo. K\u00a0vy\u0161\u0161ie spomenut\u00fdm benefitom treba doda\u0165, \u017ee Seychely navy\u0161e nie s\u00fa pova\u017eovan\u00e9 OECD ako offshore jurisdikcia, \u010do V\u00e1m dovo\u013euje riadi\u0165 svoje podnikate\u013esk\u00e9 aktivity a\u00a0ka\u017ed\u00e9ho k\u00fata sveta. Iba nieko\u013eko svetov\u00fdch korpor\u00e1ci\u00ed na svete by teoreticky mohlo ma\u0165 probl\u00e9my s\u00a0faktur\u00e1ciou so spolo\u010dnos\u0165ou s\u00eddliacou na Seychel\u00e1ch, a\u00a0to napriek tomu, \u017ee to nie je zak\u00e1zan\u00e9 pod\u013ea ich n\u00e1rodn\u00fdch jurisdikci\u00ed. Administrat\u00edva na Seychel\u00e1ch je k\u00a0tomu ve\u013emi efekt\u00edvna, jednoduch\u00e1 a\u00a0lacn\u00e1, \u010do V\u00e1m zjednodu\u0161\u00ed kontakt s\u00a0miestnymi autoritami. Nakoniec, <a href=\"https:\/\/fcba-offshore.com\/sk\/offshore-bankovy-ucet\/\">offshore bankov\u00fd \u00fa\u010det<\/a> na Seychel\u00e1ch V\u00e1m zaru\u010d\u00ed absol\u00fatnu anonymity a\u00a0bankov\u00e9 tajomstvo.<\/p>\n<p style=\"text-align: justify;\">Otvorenie <a href=\"https:\/\/fcba-offshore.com\/sk\/offshore-bankovy-ucet\/\">offshore bankov\u00e9ho \u00fa\u010dtu<\/a> alebo zalo\u017eenie <a href=\"https:\/\/fcba-offshore.com\/sk\/offshore-spolocnosti\/\">offshore spolo\u010dnosti<\/a> na Seychel\u00e1ch je nepochybne dobr\u00fdm krokom, ke\u010f\u017ee na\u0161a spolo\u010dnos\u0165 vie v\u010faka kontaktom v\u00a0krajine pon\u00faknu\u0165 podmienky a\u00a0slu\u017eby, z\u00a0ktor\u00fdch bud\u00fa profitova\u0165 obe strany.<\/p>\n<p style=\"text-align: justify;\">Po\u017eadovan\u00e9 \u00favodn\u00e9 vklady na <a href=\"https:\/\/fcba-offshore.com\/sk\/offshore-bankovy-ucet\/\">offshore bankov\u00e9 \u00fa\u010dty<\/a> by nemali by\u0165 probl\u00e9mom pre jednotliv\u00fdch z\u00e1ujemcov a\u00a0podnikate\u013eov, ke\u010f\u017ee s\u00fa pomerne n\u00edzke.<\/p>\n<p style=\"text-align: justify;\">\n<p style=\"text-align: justify;\">V pr\u00edpade \u010fal\u0161\u00edch ot\u00e1zok nev\u00e1hajte pros\u00edm <a href=\"https:\/\/fcba-offshore.com\/sk\/kontakt\/\">kontaktova\u0165 pracovn\u00edkov FCBA Offshore Ltd<\/a>.\n<\/p>\n<p>&nbsp;<br \/>\n<a href=\"http:\/\/fcba-offshore.com\/wp-content\/uploads\/2014\/06\/logo-small.png\"><img loading=\"lazy\" decoding=\"async\" class=\"alignnone size-full wp-image-479\" src=\"http:\/\/fcba-offshore.com\/wp-content\/uploads\/2014\/06\/logo-small.png\" alt=\"Logo offshore small\" width=\"142\" height=\"31\" \/><\/a><\/p>\n","protected":false},"excerpt":{"rendered":"<p>&nbsp; Offshore spolo\u010dnos\u0165 na Seychel\u00e1ch: &nbsp; Seychely sa nach\u00e1dzaj\u00fa v\u00a0Indickom oce\u00e1ne ne\u010faleko ostrovov Maur\u00edcius a\u00a0Madagaskar. Toto 115 \u010dlenn\u00e9 s\u00faostrovie je jedn\u00fdm z\u00a0najvyh\u013ead\u00e1vanej\u0161\u00edch destin\u00e1ci\u00ed pre ochranu a\u00a0optimaliz\u00e1ciu kapit\u00e1lu. Seychely boli v\u00a0minulosti pod nadvl\u00e1dou Brit\u00e1nia, pri\u010dom teraz disponuj\u00fa\u00a0anglosask\u00fdm podnikate\u013esk\u00fdm modelom orientovan\u00fdm na liber\u00e1lne biznis prostredie. Z\u00e1kony s\u00fa podstatne modernej\u0161ie a flexibilnej\u0161ie ako v krajin\u00e1ch E\u00da, \u010do motivuje&hellip;<\/p>\n","protected":false},"author":1,"featured_media":0,"parent":0,"menu_order":0,"comment_status":"closed","ping_status":"open","template":"","meta":{"footnotes":""},"class_list":["post-1832","page","type-page","status-publish","hentry"],"_links":{"self":[{"href":"https:\/\/fcba-offshore.com\/sk\/wp-json\/wp\/v2\/pages\/1832","targetHints":{"allow":["GET"]}}],"collection":[{"href":"https:\/\/fcba-offshore.com\/sk\/wp-json\/wp\/v2\/pages"}],"about":[{"href":"https:\/\/fcba-offshore.com\/sk\/wp-json\/wp\/v2\/types\/page"}],"author":[{"embeddable":true,"href":"https:\/\/fcba-offshore.com\/sk\/wp-json\/wp\/v2\/users\/1"}],"replies":[{"embeddable":true,"href":"https:\/\/fcba-offshore.com\/sk\/wp-json\/wp\/v2\/comments?post=1832"}],"version-history":[{"count":7,"href":"https:\/\/fcba-offshore.com\/sk\/wp-json\/wp\/v2\/pages\/1832\/revisions"}],"predecessor-version":[{"id":2890,"href":"https:\/\/fcba-offshore.com\/sk\/wp-json\/wp\/v2\/pages\/1832\/revisions\/2890"}],"wp:attachment":[{"href":"https:\/\/fcba-offshore.com\/sk\/wp-json\/wp\/v2\/media?parent=1832"}],"curies":[{"name":"wp","href":"https:\/\/api.w.org\/{rel}","templated":true}]}}