{"id":1834,"date":"2015-12-10T10:38:15","date_gmt":"2015-12-10T10:38:15","guid":{"rendered":"http:\/\/fcba-offshore.com\/?page_id=1834"},"modified":"2016-10-03T10:58:57","modified_gmt":"2016-10-03T10:58:57","slug":"offshore-spolocnost-v-singapure","status":"publish","type":"page","link":"https:\/\/fcba-offshore.com\/sk\/offshore-spolocnost-v-singapure\/","title":{"rendered":"Offshore spolo\u010dnos\u0165 v Singapure"},"content":{"rendered":"<h1><a href=\"http:\/\/fcba-offshore.com\/wp-content\/uploads\/2014\/06\/Singapour.png\"><img loading=\"lazy\" decoding=\"async\" class=\"alignnone size-full wp-image-358\" src=\"http:\/\/fcba-offshore.com\/wp-content\/uploads\/2014\/06\/Singapour.png\" alt=\"Singapour\" width=\"64\" height=\"46\" \/><\/a> <a href=\"http:\/\/fcba-offshore.com\/wp-content\/uploads\/2014\/06\/Singapour-Offshore-2.png\"><img loading=\"lazy\" decoding=\"async\" class=\"size-medium wp-image-645 alignright\" src=\"http:\/\/fcba-offshore.com\/wp-content\/uploads\/2014\/06\/Singapour-Offshore-2-300x131.png\" alt=\"Singapour Offshore 2\" width=\"300\" height=\"131\" srcset=\"https:\/\/fcba-offshore.com\/wp-content\/uploads\/2014\/06\/Singapour-Offshore-2-300x131.png 300w, https:\/\/fcba-offshore.com\/wp-content\/uploads\/2014\/06\/Singapour-Offshore-2.png 641w, https:\/\/fcba-offshore.com\/wp-content\/uploads\/2014\/06\/Singapour-Offshore-2-450x196.png 450w\" sizes=\"auto, (max-width: 300px) 100vw, 300px\" \/><\/a><\/h1>\n<p>&nbsp;<\/p>\n<h1>Offshore spolo\u010dnos\u0165 v Singapure:<\/h1>\n<p>&nbsp;<\/p>\n<p style=\"text-align: justify;\">Singapur je mestsk\u00fdm \u0161t\u00e1tom nach\u00e1dzaj\u00facim sa v\u00a0jednom z\u00a0najdynamickej\u0161\u00edch regi\u00f3nov sveta, ju\u017ene \u00c1zii. Singapur m\u00e1 ve\u013emi \u00fastretov\u00fd da\u0148ov\u00fd syst\u00e9m vo vz\u0165ahu k\u00a0offshore spolo\u010dnostiam (riadiacim svoje aktivity mimo jurisdikcie) a\u00a0nie je na zozname offshore kraj\u00edn OECD, \u010do s\u00fa hlavn\u00e9 d\u00f4vody, pre\u010do sa Singapur ozna\u010duje za \u0160vaj\u010diarsko \u00c1zie, alebo \u00c1zijsk\u00fd drak.<\/p>\n<p style=\"text-align: justify;\">Zalo\u017eenie <a href=\"https:\/\/fcba-offshore.com\/sk\/offshore-spolocnosti\/\">offshore spolo\u010dnosti<\/a> v\u00a0Singapure alebo otvorenie <a href=\"https:\/\/fcba-offshore.com\/sk\/offshore-bankovy-ucet\/\">offshore bankov\u00e9ho \u00fa\u010dtu<\/a> V\u00e1m prinesie nasleduj\u00face v\u00fdhody:<\/p>\n<ul style=\"text-align: justify;\">\n<li>\u017diadna DPH<\/li>\n<li>\u017diadna da\u0148 z\u00a0pr\u00edjmu (pre nerezidentov)<\/li>\n<li>\u017diadna da\u0148 z dividend<\/li>\n<li>\u017diadne kapit\u00e1lov\u00e9 minimum<\/li>\n<li>Bankov\u00e9 tajomstvo (100% diskr\u00e9tnos\u0165)<\/li>\n<li>Diskr\u00e9tnos\u0165 identity vlastn\u00edkov spolo\u010dnost\u00ed<\/li>\n<\/ul>\n<p style=\"text-align: justify;\">V spolo\u010dnosti <a href=\"https:\/\/fcba-offshore.com\/sk\/\">FCBA Offshore Ltd<\/a>. odpor\u00fa\u010dame otvori\u0165 <a href=\"https:\/\/fcba-offshore.com\/sk\/offshore-bankovy-ucet\/\">offshore bankov\u00fd \u00fa\u010det<\/a> alebo zalo\u017ei\u0165 <a href=\"https:\/\/fcba-offshore.com\/sk\/offshore-spolocnosti\/\">offshore spolo\u010dnos\u0165<\/a> v\u00a0Singapure najm\u00e4 z\u00a0d\u00f4vodov politickej stability krajiny. Navy\u0161e Singapur nefiguruje na zoznamoch <a href=\"https:\/\/fcba-offshore.com\/sk\/offshore-spolocnosti\/\">offshore spolo\u010dnost\u00ed<\/a> OECD, \u010do V\u00e1m dovo\u013euje riadi\u0165 svoje podnikate\u013esk\u00e9 aktivity a\u00a0ka\u017ed\u00e9ho k\u00fata sveta a\u00a0bezprobl\u00e9mov\u00fd vz\u0165ah so spolo\u010dnos\u0165ami z E\u00da. Av\u0161ak administrat\u00edva a\u00a0\u00fa\u010dtovn\u00e9 \u0161tandardy s\u00fa m\u00f4\u017eu zv\u00fd\u0161i\u0165 n\u00e1klady na spr\u00e1vu spolo\u010dnosti. Poslednou komplik\u00e1ciou m\u00f4\u017ee by\u0165 \u010dasov\u00fd rozdiel medzi E\u00da a\u00a0Singapurom.<\/p>\n<p style=\"text-align: justify;\">Napriek tomu je otvorenie <a href=\"https:\/\/fcba-offshore.com\/sk\/offshore-bankovy-ucet\/\">offshore bankov\u00e9ho \u00fa\u010dtu<\/a> alebo zalo\u017eenie <a href=\"https:\/\/fcba-offshore.com\/sk\/offshore-spolocnosti\/\">offshore spolo\u010dnosti<\/a> na Paname st\u00e1le v\u00fdhodn\u00e9, ke\u010f\u017ee na\u0161a spolo\u010dnos\u0165 vie v\u010faka kontaktom v\u00a0krajine pon\u00faknu\u0165 podmienky a\u00a0slu\u017eby, z\u00a0ktor\u00fdch bud\u00fa profitova\u0165 obe strany.<\/p>\n<p style=\"text-align: justify;\">Po\u017eadovan\u00e9 \u00favodn\u00e9 vklady na <a href=\"https:\/\/fcba-offshore.com\/sk\/offshore-bankovy-ucet\/\">offshore bankov\u00e9 \u00fa\u010dty<\/a> s\u00fa pomerne vysok\u00e9, preto treba vopred konzultova\u0165 v\u00fdhodnos\u0165 <a href=\"https:\/\/fcba-offshore.com\/sk\/offshore-bankovy-ucet\/\">otvorenie offshore \u00fa\u010dtu<\/a> v\u00a0Singapure, pr\u00edpadne v\u00a0inej jurisdikcii.<\/p>\n<p style=\"text-align: justify;\">\n<p style=\"text-align: justify;\">V pr\u00edpade \u010fal\u0161\u00edch ot\u00e1zok nev\u00e1hajte pros\u00edm <a href=\"https:\/\/fcba-offshore.com\/sk\/kontakt\/\">kontaktova\u0165 pracovn\u00edkov FCBA Offshore Ltd<\/a>.\n<\/p>\n<p>&nbsp;<br \/>\n<a href=\"http:\/\/fcba-offshore.com\/wp-content\/uploads\/2014\/06\/logo-small.png\"><img loading=\"lazy\" decoding=\"async\" class=\"alignnone size-full wp-image-479\" src=\"http:\/\/fcba-offshore.com\/wp-content\/uploads\/2014\/06\/logo-small.png\" alt=\"Logo offshore small\" width=\"142\" height=\"31\" \/><\/a><\/p>\n","protected":false},"excerpt":{"rendered":"<p>&nbsp; Offshore spolo\u010dnos\u0165 v Singapure: &nbsp; Singapur je mestsk\u00fdm \u0161t\u00e1tom nach\u00e1dzaj\u00facim sa v\u00a0jednom z\u00a0najdynamickej\u0161\u00edch regi\u00f3nov sveta, ju\u017ene \u00c1zii. Singapur m\u00e1 ve\u013emi \u00fastretov\u00fd da\u0148ov\u00fd syst\u00e9m vo vz\u0165ahu k\u00a0offshore spolo\u010dnostiam (riadiacim svoje aktivity mimo jurisdikcie) a\u00a0nie je na zozname offshore kraj\u00edn OECD, \u010do s\u00fa hlavn\u00e9 d\u00f4vody, pre\u010do sa Singapur ozna\u010duje za \u0160vaj\u010diarsko \u00c1zie, alebo \u00c1zijsk\u00fd drak. Zalo\u017eenie&hellip;<\/p>\n","protected":false},"author":1,"featured_media":0,"parent":0,"menu_order":0,"comment_status":"closed","ping_status":"open","template":"","meta":{"footnotes":""},"class_list":["post-1834","page","type-page","status-publish","hentry"],"_links":{"self":[{"href":"https:\/\/fcba-offshore.com\/sk\/wp-json\/wp\/v2\/pages\/1834","targetHints":{"allow":["GET"]}}],"collection":[{"href":"https:\/\/fcba-offshore.com\/sk\/wp-json\/wp\/v2\/pages"}],"about":[{"href":"https:\/\/fcba-offshore.com\/sk\/wp-json\/wp\/v2\/types\/page"}],"author":[{"embeddable":true,"href":"https:\/\/fcba-offshore.com\/sk\/wp-json\/wp\/v2\/users\/1"}],"replies":[{"embeddable":true,"href":"https:\/\/fcba-offshore.com\/sk\/wp-json\/wp\/v2\/comments?post=1834"}],"version-history":[{"count":7,"href":"https:\/\/fcba-offshore.com\/sk\/wp-json\/wp\/v2\/pages\/1834\/revisions"}],"predecessor-version":[{"id":2905,"href":"https:\/\/fcba-offshore.com\/sk\/wp-json\/wp\/v2\/pages\/1834\/revisions\/2905"}],"wp:attachment":[{"href":"https:\/\/fcba-offshore.com\/sk\/wp-json\/wp\/v2\/media?parent=1834"}],"curies":[{"name":"wp","href":"https:\/\/api.w.org\/{rel}","templated":true}]}}