{"id":1836,"date":"2015-12-10T10:39:49","date_gmt":"2015-12-10T10:39:49","guid":{"rendered":"http:\/\/fcba-offshore.com\/?page_id=1836"},"modified":"2016-10-03T11:00:07","modified_gmt":"2016-10-03T11:00:07","slug":"offshore-spolocnost-vo-svajciarsku","status":"publish","type":"page","link":"https:\/\/fcba-offshore.com\/sk\/offshore-spolocnost-vo-svajciarsku\/","title":{"rendered":"Offshore spolo\u010dnos\u0165 vo \u0160vaj\u010diarsku"},"content":{"rendered":"<h1><a href=\"http:\/\/fcba-offshore.com\/wp-content\/uploads\/2014\/06\/Suisse.png\"><img loading=\"lazy\" decoding=\"async\" class=\"alignnone size-full wp-image-359\" src=\"http:\/\/fcba-offshore.com\/wp-content\/uploads\/2014\/06\/Suisse.png\" alt=\"Suisse\" width=\"63\" height=\"44\" \/><\/a> <a href=\"http:\/\/fcba-offshore.com\/wp-content\/uploads\/2014\/06\/Suisse-Offshore.png\"><img loading=\"lazy\" decoding=\"async\" class=\"size-medium wp-image-652 alignright\" src=\"http:\/\/fcba-offshore.com\/wp-content\/uploads\/2014\/06\/Suisse-Offshore-300x131.png\" alt=\"Suisse Offshore\" width=\"300\" height=\"131\" srcset=\"https:\/\/fcba-offshore.com\/wp-content\/uploads\/2014\/06\/Suisse-Offshore-300x131.png 300w, https:\/\/fcba-offshore.com\/wp-content\/uploads\/2014\/06\/Suisse-Offshore.png 641w, https:\/\/fcba-offshore.com\/wp-content\/uploads\/2014\/06\/Suisse-Offshore-450x196.png 450w\" sizes=\"auto, (max-width: 300px) 100vw, 300px\" \/><\/a><\/h1>\n<p>&nbsp;<\/p>\n<h1>Offshore spolo\u010dnos\u0165 vo \u0160vaj\u010diarsku:<\/h1>\n<p>&nbsp;<\/p>\n<p style=\"text-align: justify;\">\u0160vaj\u010diarsko, krajinu nach\u00e1dzaj\u00facu sa v\u00a0z\u00e1padnej Eur\u00f3pe, nie je potrebn\u00e9 dlho predstavova\u0165. Celosvetovo uzn\u00e1van\u00e1 offshore jurisdikcia pre optimaliz\u00e1ciu mana\u017ementu majetku pon\u00faka, rovnako ako Monako a\u00a0Luxembursko, exkluz\u00edvne finan\u010dn\u00e9 produkty s\u00a0vysokou efekt\u00edvnos\u0165ou a\u00a0diverzifik\u00e1ciou. Niet poch\u00fdb, \u017ee finan\u010dn\u00e9 a\u00a0bankov\u00e9 slu\u017eby bud\u00fa sl\u00fa\u017ei\u0165 k\u00a0Va\u0161ej spokojnosti.<\/p>\n<p style=\"text-align: justify;\">Otvorenie <a href=\"https:\/\/fcba-offshore.com\/sk\/offshore-bankovy-ucet\/\">offshore bankov\u00e9ho \u00fa\u010dtu<\/a> m\u00e1 nieko\u013eko v\u00fdhod. Po prv\u00e9, bankov\u00e9 tajomstvo v\u00a0krajine je garantovan\u00e9 hist\u00f3riou a\u00a0trad\u00edciou, rovnako tak politick\u00e1 stabilita tejto krajiny v\u010faka neutralite, \u010do l\u00e1ka mnoh\u00fdch investorov. \u010co sa t\u00fdka zalo\u017eenie <a href=\"https:\/\/fcba-offshore.com\/sk\/offshore-spolocnosti\/\">offshore spolo\u010dnosti<\/a> vo \u0160vaj\u010diarsku, podmienky nie s\u00fa a\u017e tak v\u00fdhodn\u00e9, ke\u010f\u017ee administrat\u00edvne a\u00a0\u00fa\u010dtovn\u00e9 po\u017eiadavky robia cel\u00fa z\u00e1le\u017eitos\u0165 pomerne drah\u00fa. Da\u0148ov\u00e1 sadzba pr\u00e1vnick\u00fdch os\u00f4b sa d\u00e1 upravi\u0165 priamo s\u00a0da\u0148ov\u00fdmi autoritami krajiny, no ni\u017e\u0161ie sadzby s\u00fa spravidla ude\u013eovan\u00e9 ve\u013ek\u00fdm korpor\u00e1ci\u00e1m alebo skupin\u00e1m. Nakoniec, minim\u00e1lny kapit\u00e1l na zalo\u017eenie spolo\u010dnosti je pribli\u017ene 70,000 Eur.<\/p>\n<p style=\"text-align: justify;\">V spolo\u010dnosti <a href=\"https:\/\/fcba-offshore.com\/sk\/\">FCBA Offshore Ltd<\/a>. odpor\u00fa\u010dame otvori\u0165 <a href=\"https:\/\/fcba-offshore.com\/sk\/offshore-bankovy-ucet\/\">offshore bankov\u00fd \u00fa\u010det<\/a> alebo zalo\u017ei\u0165 <a href=\"https:\/\/fcba-offshore.com\/sk\/offshore-spolocnosti\/\">offshore spolo\u010dnos\u0165<\/a> vo \u0160vaj\u010diarsku iba majetnej\u0161\u00edm klientom, pre ktor\u00fdch bude tento krok v\u00fdhodnej\u0161\u00ed. Na zalo\u017eenie <a href=\"https:\/\/fcba-offshore.com\/sk\/offshore-spolocnosti\/\">offshore spolo\u010dnosti<\/a> zvykneme odpor\u00fa\u010da\u0165 in\u00e9 jurisdikcie, av\u0161ak po <a href=\"https:\/\/fcba-offshore.com\/sk\/kontakt\/\">konzult\u00e1cii s\u00a0expertmi z\u00a0FCBA Offshore<\/a> je mo\u017en\u00e9, \u017ee \u0160vaj\u010diarsko bude pre V\u00e1s ta prav\u00e1 destin\u00e1cia pre podnikanie.<\/p>\n<p style=\"text-align: justify;\">Otvorenie <a href=\"https:\/\/fcba-offshore.com\/sk\/offshore-bankovy-ucet\/\">offshore bankov\u00e9ho \u00fa\u010dtu<\/a> alebo zalo\u017eenie <a href=\"https:\/\/fcba-offshore.com\/sk\/offshore-spolocnosti\/\">offshore spolo\u010dnosti<\/a> vo \u0160vaj\u010diarsku nie je pre pr\u00edsne pravidl\u00e1 miestnej jurisdikcie a\u017e tak jednoduch\u00e9. No v\u010faka na\u0161im kontaktom v\u00a0krajine m\u00e1te ove\u013ea vy\u0161\u0161ie \u0161ance na \u00faspech.<\/p>\n<p style=\"text-align: justify;\">Po\u017eadovan\u00e9 \u00favodn\u00e9 vklady na <a href=\"https:\/\/fcba-offshore.com\/sk\/offshore-bankovy-ucet\/\">offshore bankov\u00e9 \u00fa\u010dty<\/a> s\u00fa pomerne vysok\u00e9, \u010do m\u00f4\u017ee by\u0165 probl\u00e9mom pre niektor\u00fdch z\u00e1ujemcov o\u00a0<a href=\"https:\/\/fcba-offshore.com\/sk\/offshore-spolocnosti\/\">offshore spolo\u010dnos\u0165<\/a>, \u010d\u00ed <a href=\"https:\/\/fcba-offshore.com\/sk\/offshore-bankovy-ucet\/\">\u00fa\u010det<\/a>.<\/p>\n<p style=\"text-align: justify;\">\n<p style=\"text-align: justify;\">V pr\u00edpade \u010fal\u0161\u00edch ot\u00e1zok nev\u00e1hajte pros\u00edm <a href=\"https:\/\/fcba-offshore.com\/sk\/kontakt\/\">kontaktova\u0165 pracovn\u00edkov FCBA Offshore Ltd<\/a>.\n<\/p>\n<p>&nbsp;<br \/>\n<a href=\"http:\/\/fcba-offshore.com\/wp-content\/uploads\/2014\/06\/logo-small.png\"><img loading=\"lazy\" decoding=\"async\" class=\"alignnone size-full wp-image-479\" src=\"http:\/\/fcba-offshore.com\/wp-content\/uploads\/2014\/06\/logo-small.png\" alt=\"Logo offshore small\" width=\"142\" height=\"31\" \/><\/a><\/p>\n","protected":false},"excerpt":{"rendered":"<p>&nbsp; Offshore spolo\u010dnos\u0165 vo \u0160vaj\u010diarsku: &nbsp; \u0160vaj\u010diarsko, krajinu nach\u00e1dzaj\u00facu sa v\u00a0z\u00e1padnej Eur\u00f3pe, nie je potrebn\u00e9 dlho predstavova\u0165. Celosvetovo uzn\u00e1van\u00e1 offshore jurisdikcia pre optimaliz\u00e1ciu mana\u017ementu majetku pon\u00faka, rovnako ako Monako a\u00a0Luxembursko, exkluz\u00edvne finan\u010dn\u00e9 produkty s\u00a0vysokou efekt\u00edvnos\u0165ou a\u00a0diverzifik\u00e1ciou. Niet poch\u00fdb, \u017ee finan\u010dn\u00e9 a\u00a0bankov\u00e9 slu\u017eby bud\u00fa sl\u00fa\u017ei\u0165 k\u00a0Va\u0161ej spokojnosti. Otvorenie offshore bankov\u00e9ho \u00fa\u010dtu m\u00e1 nieko\u013eko v\u00fdhod. Po prv\u00e9,&hellip;<\/p>\n","protected":false},"author":1,"featured_media":0,"parent":0,"menu_order":0,"comment_status":"closed","ping_status":"open","template":"","meta":{"footnotes":""},"class_list":["post-1836","page","type-page","status-publish","hentry"],"_links":{"self":[{"href":"https:\/\/fcba-offshore.com\/sk\/wp-json\/wp\/v2\/pages\/1836","targetHints":{"allow":["GET"]}}],"collection":[{"href":"https:\/\/fcba-offshore.com\/sk\/wp-json\/wp\/v2\/pages"}],"about":[{"href":"https:\/\/fcba-offshore.com\/sk\/wp-json\/wp\/v2\/types\/page"}],"author":[{"embeddable":true,"href":"https:\/\/fcba-offshore.com\/sk\/wp-json\/wp\/v2\/users\/1"}],"replies":[{"embeddable":true,"href":"https:\/\/fcba-offshore.com\/sk\/wp-json\/wp\/v2\/comments?post=1836"}],"version-history":[{"count":7,"href":"https:\/\/fcba-offshore.com\/sk\/wp-json\/wp\/v2\/pages\/1836\/revisions"}],"predecessor-version":[{"id":2906,"href":"https:\/\/fcba-offshore.com\/sk\/wp-json\/wp\/v2\/pages\/1836\/revisions\/2906"}],"wp:attachment":[{"href":"https:\/\/fcba-offshore.com\/sk\/wp-json\/wp\/v2\/media?parent=1836"}],"curies":[{"name":"wp","href":"https:\/\/api.w.org\/{rel}","templated":true}]}}