{"id":1838,"date":"2015-12-10T10:41:23","date_gmt":"2015-12-10T10:41:23","guid":{"rendered":"http:\/\/fcba-offshore.com\/?page_id=1838"},"modified":"2016-09-29T15:45:03","modified_gmt":"2016-09-29T15:45:03","slug":"offshore-spolocnost-na-vanuatu","status":"publish","type":"page","link":"https:\/\/fcba-offshore.com\/sk\/offshore-spolocnost-na-vanuatu\/","title":{"rendered":"Offshore spolo\u010dnos\u0165 na Vanuatu"},"content":{"rendered":"<h1><a href=\"http:\/\/fcba-offshore.com\/wp-content\/uploads\/2014\/06\/Vanuatu.png\"><img loading=\"lazy\" decoding=\"async\" class=\"alignnone size-full wp-image-360\" src=\"http:\/\/fcba-offshore.com\/wp-content\/uploads\/2014\/06\/Vanuatu.png\" alt=\"Vanuatu\" width=\"69\" height=\"43\" \/><\/a> <a href=\"http:\/\/fcba-offshore.com\/wp-content\/uploads\/2014\/06\/Vanuatu-Offshore.png\"><img loading=\"lazy\" decoding=\"async\" class=\"size-medium wp-image-655 alignright\" src=\"http:\/\/fcba-offshore.com\/wp-content\/uploads\/2014\/06\/Vanuatu-Offshore-300x131.png\" alt=\"Vanuatu Offshore\" width=\"300\" height=\"131\" srcset=\"https:\/\/fcba-offshore.com\/wp-content\/uploads\/2014\/06\/Vanuatu-Offshore-300x131.png 300w, https:\/\/fcba-offshore.com\/wp-content\/uploads\/2014\/06\/Vanuatu-Offshore.png 641w, https:\/\/fcba-offshore.com\/wp-content\/uploads\/2014\/06\/Vanuatu-Offshore-450x196.png 450w\" sizes=\"auto, (max-width: 300px) 100vw, 300px\" \/><\/a><\/h1>\n<p>&nbsp;<\/p>\n<h1>Offshore spolo\u010dnos\u0165 na Vanuatu:<\/h1>\n<p>&nbsp;<\/p>\n<p style=\"text-align: justify;\">Vanuatu je s\u00faostrovie nach\u00e1dzaj\u00face sa v\u00a0Oce\u00e1nii severne od Austr\u00e1lie. Krajina s\u00a0popul\u00e1ciou pribli\u017ene na \u00farovni 260,000 obyvate\u013eov nie je prive\u013emi zn\u00e1ma vo svete, no svojimi aktivitami v\u00a0ot\u00e1zkach da\u0148ovej legislat\u00edvy sa sna\u017e\u00ed z\u00edska\u0165 pozornos\u0165 investorov a\u00a0z\u00e1ujemcov o\u00a0<a href=\"https:\/\/fcba-offshore.com\/sk\/offshore-spolocnosti\/\">offshore spolo\u010dnosti<\/a> bez\u00a0 potreby rezidencie ostrova. Okrem finan\u010dn\u00e9ho sektora sa krajina zameriava na rybolov a\u00a0turizmus, ke\u010f\u017ee nem\u00e1 \u017eiadne in\u00e9 pr\u00edrodn\u00e9 zdroje a bohatstv\u00e1.<\/p>\n<p style=\"text-align: justify;\">Zalo\u017eenie <a href=\"https:\/\/fcba-offshore.com\/sk\/offshore-spolocnosti\/\">offshore spolo\u010dnosti<\/a> na ostrove Vanuatu alebo otvorenie <a href=\"https:\/\/fcba-offshore.com\/sk\/offshore-bankovy-ucet\/\">offshore bankov\u00e9ho \u00fa\u010dtu<\/a> V\u00e1m prinesie nasleduj\u00face v\u00fdhody:<\/p>\n<ul style=\"text-align: justify;\">\n<li>\u017diadna DPH<\/li>\n<li>\u017diadna da\u0148 z\u00a0pr\u00edjmu (pre nerezidentov)<\/li>\n<li>\u017diadna da\u0148 pr\u00e1vnick\u00fdch os\u00f4b<\/li>\n<li>\u017diadna da\u0148 z\u00a0dividend<\/li>\n<li>\u017diadna da\u0148 na kapit\u00e1lov\u00e9 pr\u00edrastky<\/li>\n<li>\u017diadne kapit\u00e1lov\u00e9 minimum<\/li>\n<li>Bankov\u00e9 tajomstvo (100% diskr\u00e9tnos\u0165)<\/li>\n<li>Diskr\u00e9tnos\u0165 identity vlastn\u00edkov spolo\u010dnost\u00ed<\/li>\n<\/ul>\n<p style=\"text-align: justify;\">V\u00a0spolo\u010dnosti <a href=\"https:\/\/fcba-offshore.com\/sk\/\">FCBA Offshore Ltd<\/a>. na\u0161im klientom neodpor\u00fa\u010dame otvorenie <a href=\"https:\/\/fcba-offshore.com\/sk\/offshore-bankovy-ucet\/\">offshore bankov\u00e9ho \u00fa\u010dtu<\/a> alebo zalo\u017eenie <a href=\"https:\/\/fcba-offshore.com\/sk\/offshore-spolocnosti\/\">offshore spolo\u010dnosti<\/a> na ostrove Vanuatu hlavne z\u00a0d\u00f4vodov politickej nestability krajiny a\u00a0ve\u013ek\u00e9ho \u010dasov\u00e9ho rozdielu medzi ostrovom a\u00a0Eur\u00f3pou. Na\u0161im odpor\u00fa\u010dan\u00edm je sledova\u0165 ekonomick\u00fd v\u00fdvoj ostrova z\u00a0dlhodob\u00e9ho h\u013eadiska a\u00a0pr\u00edpadne smerova\u0165 Va\u0161e offshore aktivity pr\u00e1ve tam, pokia\u013e sa situ\u00e1cia na ostrove stabilizuje. Av\u0161ak, ak s\u00fa z\u00e1ujemcovia ochotn\u00ed sta\u0165 sa rezidentmi ostrova, rozhodnutie presun\u00fa\u0165 svoje aktivity na \u00fazemie Vanuatu odpor\u00fa\u010dame najm\u00e4 z\u00a0benefitov spomenut\u00fdch vy\u0161\u0161ie.<\/p>\n<p style=\"text-align: justify;\">Otvorenie <a href=\"https:\/\/fcba-offshore.com\/sk\/offshore-bankovy-ucet\/\">offshore bankov\u00e9ho \u00fa\u010dtu<\/a> alebo zalo\u017eenie <a href=\"https:\/\/fcba-offshore.com\/sk\/offshore-spolocnosti\/\">offshore spolo\u010dnosti<\/a> na ostrove Vanuatu nebude pre n\u00e1s probl\u00e9mom. V\u010faka na\u0161im kontaktom v\u00a0krajine bude pre V\u00e1s na\u0161a spolupr\u00e1ca v\u00a0pr\u00edpade z\u00e1ujmu ur\u010dite v\u00fdhodn\u00e1.<\/p>\n<p style=\"text-align: justify;\">Po\u017eadovan\u00e9 \u00favodn\u00e9 vklady na <a href=\"https:\/\/fcba-offshore.com\/sk\/offshore-bankovy-ucet\/\">offshore bankov\u00e9 \u00fa\u010dty<\/a> by nemali by\u0165 probl\u00e9mom pre jednotliv\u00fdch z\u00e1ujemcov a\u00a0podnikate\u013eov, ke\u010f\u017ee s\u00fa pomerne n\u00edzke.<\/p>\n<p style=\"text-align: justify;\">\n<p style=\"text-align: justify;\">V pr\u00edpade \u010fal\u0161\u00edch ot\u00e1zok nev\u00e1hajte pros\u00edm <a href=\"https:\/\/fcba-offshore.com\/sk\/kontakt\/\">kontaktova\u0165 pracovn\u00edkov FCBA Offshore Ltd<\/a>.\n<\/p>\n<p>&nbsp;<br \/>\n<a href=\"http:\/\/fcba-offshore.com\/wp-content\/uploads\/2014\/06\/logo-small.png\"><img loading=\"lazy\" decoding=\"async\" class=\"alignnone size-full wp-image-479\" src=\"http:\/\/fcba-offshore.com\/wp-content\/uploads\/2014\/06\/logo-small.png\" alt=\"Logo offshore small\" width=\"142\" height=\"31\" \/><\/a><\/p>\n","protected":false},"excerpt":{"rendered":"<p>&nbsp; Offshore spolo\u010dnos\u0165 na Vanuatu: &nbsp; Vanuatu je s\u00faostrovie nach\u00e1dzaj\u00face sa v\u00a0Oce\u00e1nii severne od Austr\u00e1lie. Krajina s\u00a0popul\u00e1ciou pribli\u017ene na \u00farovni 260,000 obyvate\u013eov nie je prive\u013emi zn\u00e1ma vo svete, no svojimi aktivitami v\u00a0ot\u00e1zkach da\u0148ovej legislat\u00edvy sa sna\u017e\u00ed z\u00edska\u0165 pozornos\u0165 investorov a\u00a0z\u00e1ujemcov o\u00a0offshore spolo\u010dnosti bez\u00a0 potreby rezidencie ostrova. Okrem finan\u010dn\u00e9ho sektora sa krajina zameriava na rybolov a\u00a0turizmus,&hellip;<\/p>\n","protected":false},"author":1,"featured_media":0,"parent":0,"menu_order":0,"comment_status":"closed","ping_status":"open","template":"","meta":{"footnotes":""},"class_list":["post-1838","page","type-page","status-publish","hentry"],"_links":{"self":[{"href":"https:\/\/fcba-offshore.com\/sk\/wp-json\/wp\/v2\/pages\/1838","targetHints":{"allow":["GET"]}}],"collection":[{"href":"https:\/\/fcba-offshore.com\/sk\/wp-json\/wp\/v2\/pages"}],"about":[{"href":"https:\/\/fcba-offshore.com\/sk\/wp-json\/wp\/v2\/types\/page"}],"author":[{"embeddable":true,"href":"https:\/\/fcba-offshore.com\/sk\/wp-json\/wp\/v2\/users\/1"}],"replies":[{"embeddable":true,"href":"https:\/\/fcba-offshore.com\/sk\/wp-json\/wp\/v2\/comments?post=1838"}],"version-history":[{"count":7,"href":"https:\/\/fcba-offshore.com\/sk\/wp-json\/wp\/v2\/pages\/1838\/revisions"}],"predecessor-version":[{"id":2891,"href":"https:\/\/fcba-offshore.com\/sk\/wp-json\/wp\/v2\/pages\/1838\/revisions\/2891"}],"wp:attachment":[{"href":"https:\/\/fcba-offshore.com\/sk\/wp-json\/wp\/v2\/media?parent=1838"}],"curies":[{"name":"wp","href":"https:\/\/api.w.org\/{rel}","templated":true}]}}