{"id":1841,"date":"2015-12-10T10:45:29","date_gmt":"2015-12-10T10:45:29","guid":{"rendered":"http:\/\/fcba-offshore.com\/?page_id=1841"},"modified":"2022-11-15T15:51:58","modified_gmt":"2022-11-15T15:51:58","slug":"kontakt","status":"publish","type":"page","link":"https:\/\/fcba-offshore.com\/sk\/kontakt\/","title":{"rendered":"Kontakt"},"content":{"rendered":"<h1>Kontakt<\/h1>\n<p><!-- Google tag (gtag.js) --><br \/>\n<script async src=\"https:\/\/www.googletagmanager.com\/gtag\/js?id=UA-74936480-1\"><\/script><br \/>\n<script>\n  window.dataLayer = window.dataLayer || [];\n  function gtag(){dataLayer.push(arguments);}\n  gtag('js', new Date());<\/p>\n<p>  gtag('config', 'UA-74936480-1');\n<\/script><\/p>\n<h5 style=\"text-align: justify;\"><strong>M\u00e1te nejak\u00e9 ot\u00e1zky? Potrebujete sa poradi\u0165 s jedn\u00fdm z na\u0161ich odborn\u00edkov? Vypl\u0148te, pros\u00edm, ni\u017e\u0161ie uveden\u00fd formul\u00e1r a my v\u00e1s budeme n\u00e1sledne kontaktova\u0165 s offshore rie\u0161en\u00edm, ktor\u00e9 je pre v\u00e1s najvhodnej\u0161ie.<\/strong><\/h5>\n<p>&nbsp;<\/p>\n<table class=\"int-tbl\" cellspacing=\"0\" cellpadding=\"0\">\n<tbody>\n<tr>\n<td style=\"width: 310px;\">\n<h5>Kontaktn\u00fd formul\u00e1r<\/h5>\n\n<div class=\"wpcf7 no-js\" id=\"wpcf7-f2059-o1\" lang=\"en-US\" dir=\"ltr\" data-wpcf7-id=\"2059\">\n<div class=\"screen-reader-response\"><p role=\"status\" aria-live=\"polite\" aria-atomic=\"true\"><\/p> <ul><\/ul><\/div>\n<form action=\"\/sk\/wp-json\/wp\/v2\/pages\/1841#wpcf7-f2059-o1\" method=\"post\" class=\"wpcf7-form init\" aria-label=\"Contact form\" novalidate=\"novalidate\" data-status=\"init\">\n<div style=\"display: none;\">\n<input type=\"hidden\" name=\"_wpcf7\" value=\"2059\" \/>\n<input type=\"hidden\" name=\"_wpcf7_version\" value=\"6.0.6\" \/>\n<input type=\"hidden\" name=\"_wpcf7_locale\" value=\"en_US\" \/>\n<input type=\"hidden\" name=\"_wpcf7_unit_tag\" value=\"wpcf7-f2059-o1\" \/>\n<input type=\"hidden\" name=\"_wpcf7_container_post\" value=\"0\" \/>\n<input type=\"hidden\" name=\"_wpcf7_posted_data_hash\" value=\"\" \/>\n<\/div>\n<p>Va\u0161e Meno\n<\/p>\n<p><span class=\"wpcf7-form-control-wrap\" data-name=\"your-name\"><input size=\"40\" maxlength=\"400\" class=\"wpcf7-form-control wpcf7-text\" aria-invalid=\"false\" value=\"\" type=\"text\" name=\"your-name\" \/><\/span>\n<\/p>\n<p>V\u00e1\u0161 email (povinn\u00e9)\n<\/p>\n<p><span class=\"wpcf7-form-control-wrap\" data-name=\"your-email\"><input size=\"40\" maxlength=\"400\" class=\"wpcf7-form-control wpcf7-email wpcf7-validates-as-required wpcf7-text wpcf7-validates-as-email\" aria-required=\"true\" aria-invalid=\"false\" value=\"\" type=\"email\" name=\"your-email\" \/><\/span>\n<\/p>\n<p>Spr\u00e1va\n<\/p>\n<p><span class=\"wpcf7-form-control-wrap\" data-name=\"your-message\"><textarea cols=\"40\" rows=\"10\" maxlength=\"2000\" class=\"wpcf7-form-control wpcf7-textarea wpcf7-validates-as-required\" aria-required=\"true\" aria-invalid=\"false\" name=\"your-message\"><\/textarea><\/span>\n<\/p>\n\n<!-- CF7 Modules -->\n<div style='display:none;'><input type=\"hidden\" class=\"wpcf7-form-control wpcf7-hidden\" name=\"hidden-language\" placeholder=\"\" value=\"English\" \/>\n<\/div>\n<!-- End CF7 Modules -->\n\n<p><div id=\"cf7sr-69fb10c214338\" class=\"cf7sr-g-recaptcha\" data-theme=\"light\" data-type=\"image\" data-size=\"normal\" data-sitekey=\"6LerGXwUAAAAANIW-lM2lRotaaW3CHEMa0Bi8QLw\"><\/div><span class=\"wpcf7-form-control-wrap cf7sr-recaptcha\" data-name=\"cf7sr-recaptcha\"><input type=\"hidden\" name=\"cf7sr-recaptcha\" value=\"\" class=\"wpcf7-form-control\"><\/span>\n<\/p>\n<p><input class=\"wpcf7-form-control wpcf7-submit has-spinner\" type=\"submit\" value=\"Posla\u0165\" \/>\n<\/p><div class=\"wpcf7-response-output\" aria-hidden=\"true\"><\/div>\n<\/form>\n<\/div>\n<\/td>\n<td style=\"width: 310px; vertical-align: top; padding-top: 5px;\">\n<h5>Na\u0161a adresa<\/h5>\n<p>FCBA Ltd<br \/>\nStrelnieku iela 9<br \/>\nRiga &#8211; LV1010<br \/>\nLoty\u0161sko<\/p>\n<p>Tel: +421 902 199 624 \/ +371 27590302<br \/>\nSkype: fcba.offshore.sk<\/td>\n<\/tr>\n<\/tbody>\n<\/table>\n<h5 style=\"text-align: justify;\"><\/h5>\n<p><span style=\"color: #ff0000;\">UPOZORNENIE! Pre istotu si skontrolujte SPAM prie\u010dinok, ak nedostanete odpove\u010f v priebehu nieko\u013ek\u00fdch hod\u00edn.<\/span><\/p>\n","protected":false},"excerpt":{"rendered":"<p>Kontakt M\u00e1te nejak\u00e9 ot\u00e1zky? Potrebujete sa poradi\u0165 s jedn\u00fdm z na\u0161ich odborn\u00edkov? Vypl\u0148te, pros\u00edm, ni\u017e\u0161ie uveden\u00fd formul\u00e1r a my v\u00e1s budeme n\u00e1sledne kontaktova\u0165 s offshore rie\u0161en\u00edm, ktor\u00e9 je pre v\u00e1s najvhodnej\u0161ie. &nbsp; Kontaktn\u00fd formul\u00e1r Na\u0161a adresa FCBA Ltd Strelnieku iela 9 Riga &#8211; LV1010 Loty\u0161sko Tel: +421 902 199 624 \/ +371 27590302 Skype: fcba.offshore.sk&hellip;<\/p>\n","protected":false},"author":1,"featured_media":0,"parent":0,"menu_order":0,"comment_status":"closed","ping_status":"open","template":"","meta":{"footnotes":""},"class_list":["post-1841","page","type-page","status-publish","hentry"],"_links":{"self":[{"href":"https:\/\/fcba-offshore.com\/sk\/wp-json\/wp\/v2\/pages\/1841","targetHints":{"allow":["GET"]}}],"collection":[{"href":"https:\/\/fcba-offshore.com\/sk\/wp-json\/wp\/v2\/pages"}],"about":[{"href":"https:\/\/fcba-offshore.com\/sk\/wp-json\/wp\/v2\/types\/page"}],"author":[{"embeddable":true,"href":"https:\/\/fcba-offshore.com\/sk\/wp-json\/wp\/v2\/users\/1"}],"replies":[{"embeddable":true,"href":"https:\/\/fcba-offshore.com\/sk\/wp-json\/wp\/v2\/comments?post=1841"}],"version-history":[{"count":10,"href":"https:\/\/fcba-offshore.com\/sk\/wp-json\/wp\/v2\/pages\/1841\/revisions"}],"predecessor-version":[{"id":4075,"href":"https:\/\/fcba-offshore.com\/sk\/wp-json\/wp\/v2\/pages\/1841\/revisions\/4075"}],"wp:attachment":[{"href":"https:\/\/fcba-offshore.com\/sk\/wp-json\/wp\/v2\/media?parent=1841"}],"curies":[{"name":"wp","href":"https:\/\/api.w.org\/{rel}","templated":true}]}}