{"id":1843,"date":"2015-12-10T10:48:21","date_gmt":"2015-12-10T10:48:21","guid":{"rendered":"http:\/\/fcba-offshore.com\/?page_id=1843"},"modified":"2016-09-28T14:02:39","modified_gmt":"2016-09-28T14:02:39","slug":"cko","status":"publish","type":"page","link":"https:\/\/fcba-offshore.com\/sk\/cko\/","title":{"rendered":"FAQ"},"content":{"rendered":"<p><strong>\u010co je to <a href=\"https:\/\/fcba-offshore.com\/sk\/offshore-spolocnosti\/\">offshore spolo\u010dnos\u0165<\/a>?\u00a0<\/strong><\/p>\n<p style=\"text-align: justify;\"><a href=\"https:\/\/fcba-offshore.com\/sk\/offshore-spolocnosti\/\">Offshore spolo\u010dnos\u0165<\/a> je spolo\u010dnos\u0165 zalo\u017een\u00e1 v krajine s minim\u00e1lnym da\u0148ov\u00fdm za\u0165a\u017een\u00edm, pri\u010dom z\u00e1rove\u0148 v\u0161etky aktivity spolo\u010dnosti spadaj\u00fa pod jurisdikciu iba tejto krajiny.<\/p>\n<p style=\"text-align: justify;\"><strong>Ak\u00e9 s\u00fa v\u00fdhody zalo\u017eenia <a href=\"https:\/\/fcba-offshore.com\/sk\/offshore-spolocnosti\/\">offshore spolo\u010dnosti<\/a>?<\/strong><\/p>\n<p style=\"text-align: justify;\">Zalo\u017eenie <a href=\"https:\/\/fcba-offshore.com\/sk\/offshore-spolocnosti\/\">offshore spolo\u010dnosti<\/a> m\u00e1 viacero v\u00fdhod: po prv\u00e9, v\u0161etky tieto krajiny patria medzi oblasti s n\u00edzkym da\u0148ov\u00fdm za\u0165a\u017een\u00edm, tak\u017ee budete ur\u010dite plati\u0165 ni\u017e\u0161ie dane (napr\u00edklad z pr\u00edjmu pr\u00e1vnick\u00fdch os\u00f4b), ne\u017e v krajine v\u00e1\u0161ho bydliska. Po druh\u00e9, administrat\u00edvne \u00fakony, ako s\u00fa napr\u00edklad \u00fa\u010dtovn\u00e9 povinnosti s\u00fa po\u017eadovan\u00e9 od v\u00e1s v\u00a0ove\u013ea men\u0161ej miere, tak\u017ee sa m\u00f4\u017eete viac s\u00fastredi\u0165 na podnikanie a nestr\u00e1ca\u0165 \u010das a peniaze na aktivity bez pridanej hodnoty. Poslednou v\u00fdhodou je fakt, \u017ee v\u00e4\u010d\u0161ina <a href=\"https:\/\/fcba-offshore.com\/sk\/offshore-spolocnosti\/\">offshore jurisdikci\u00ed<\/a> v\u00e1m umo\u017e\u0148uje z\u00edska\u0165 vysok\u00fd stupe\u0148 ochrany s\u00fakromia v podobe bankov\u00e9ho tajomstva a\u00a0taktie\u017e nie s\u00fa dostupn\u00e9 inform\u00e1cie o konate\u013eovi spolo\u010dnosti.<\/p>\n<p style=\"text-align: justify;\"><strong>Ktor\u00e1 z <a href=\"https:\/\/fcba-offshore.com\/sk\/offshore-spolocnosti\/\">offshore jurisdikci\u00ed<\/a> je t\u00e1 najlep\u0161ia?<\/strong><\/p>\n<p style=\"text-align: justify;\">Neexistuje pojem \u201enajlep\u0161ia\u201c glob\u00e1lna offshore krajina. Na druhej strane ur\u010dite existuje to \u201enajlep\u0161ie\u201c offshore prostredie pre ka\u017ed\u00e9ho z n\u00e1s na z\u00e1klade na\u0161ej osobnej alebo profesijnej situ\u00e1cie.<\/p>\n<p style=\"text-align: justify;\"><strong>Je \u00fa\u010dtovn\u00edctvo povinn\u00e9 pre <a href=\"https:\/\/fcba-offshore.com\/sk\/offshore-spolocnosti\/\">offshore spolo\u010dnosti<\/a>?<\/strong><\/p>\n<p style=\"text-align: justify;\">Samozrejme z\u00e1le\u017e\u00ed na tom, kde je zalo\u017een\u00e1 va\u0161a <a href=\"https:\/\/fcba-offshore.com\/sk\/offshore-spolocnosti\/\">offshore spolo\u010dnos\u0165<\/a>. V ka\u017edom pr\u00edpade, FCBA Offshore Ltd v\u00e1m poskytne slu\u017eby a podporu po\u010das celej doby fungovania va\u0161ej <a href=\"https:\/\/fcba-offshore.com\/sk\/offshore-spolocnosti\/\">offshore spolo\u010dnosti<\/a>.<\/p>\n<p style=\"text-align: justify;\"><strong>Ako dlho trv\u00e1 zalo\u017eenie <a href=\"https:\/\/fcba-offshore.com\/sk\/offshore-spolocnosti\/\">offshore spolo\u010dnosti<\/a>?<\/strong><\/p>\n<p style=\"text-align: justify;\">Teoreticky m\u00f4\u017ee by\u0165 <a href=\"https:\/\/fcba-offshore.com\/sk\/offshore-spolocnosti\/\">offshore spolo\u010dnos\u0165<\/a> zalo\u017een\u00e1 za menej ako t\u00fd\u017ede\u0148. Samozrejme potrebujeme zozbiera\u0165 v\u0161etky inform\u00e1cie a dokumenty, \u010di\u017ee z\u00e1le\u017e\u00ed aj od v\u00e1s ako r\u00fdchlo n\u00e1m ich poskytnete. Ale priemern\u00e1 doba medzi prv\u00fdm kontaktom a\u00a0vytvoren\u00edm va\u0161ej <a href=\"https:\/\/fcba-offshore.com\/sk\/offshore-spolocnosti\/\">offshore spolo\u010dnosti<\/a> je pribli\u017ene tri t\u00fd\u017edne.<\/p>\n<p style=\"text-align: justify;\">\n<p style=\"text-align: justify;\"><strong>Ak\u00fd je rozdiel medzi riadite\u013eom a akcion\u00e1rom spolo\u010dnosti?<\/strong><\/p>\n<p style=\"text-align: justify;\">Akcion\u00e1r je vlastn\u00edkom spolo\u010dnosti, zatia\u013e \u010do riadite\u013e je osoba menovan\u00e1 akcion\u00e1rom, aby riadil t\u00fato spolo\u010dnos\u0165. U n\u00e1s v <a href=\"https:\/\/fcba-offshore.com\/sk\/kontakt\/\">FCBA Offshore<\/a> spolo\u010dnosti m\u00e1me z\u00e1ujem o zachovanie ml\u010danlivosti, aj preto pon\u00fakame mo\u017enos\u0165 ma\u0165 oboch kandid\u00e1tov &#8211; riadite\u013ea aj akcion\u00e1ra.<\/p>\n<p style=\"text-align: justify;\"><strong>M\u00f4\u017ee by\u0165 osoba akcion\u00e1r a z\u00e1rove\u0148 aj riadite\u013e <a href=\"https:\/\/fcba-offshore.com\/sk\/offshore-spolocnosti\/\">offshore spolo\u010dnosti<\/a>?<\/strong><\/p>\n<p style=\"text-align: justify;\">Samozrejme, \u017ee je to mo\u017en\u00e9. Ve\u013emi \u010dasto sa st\u00e1va, \u017ee mal\u00e9 a stredn\u00e9 podniky patria a s\u00fa spravovan\u00e9 rovnakou osobou. Niektor\u00ed z na\u0161ich klientov si vybrali t\u00fato mo\u017enos\u0165, ale nie je to t\u00e1, ktor\u00fa by sme odpor\u00fa\u010dali. Z na\u0161ich sk\u00fasenost\u00ed vypl\u00fdva, \u017ee je ove\u013ea lep\u0161ie, ak m\u00e1te aj riadite\u013ea aj akcion\u00e1ra a\u00a0to z d\u00f4vodu zachovania d\u00f4veryhodnosti.<\/p>\n<p style=\"text-align: justify;\"><strong>Znamen\u00e1 \u201e<a href=\"https:\/\/fcba-offshore.com\/sk\/offshore-spolocnosti\/\">offshore spolo\u010dnos\u0165<\/a>\u201c automaticky \u201e\u017eiadne zdanenie\u201c?<\/strong><\/p>\n<p style=\"text-align: justify;\">Bohu\u017eia\u013e nie. Va\u0161a <a href=\"https:\/\/fcba-offshore.com\/sk\/offshore-spolocnosti\/\">offshore spolo\u010dnos\u0165<\/a> zaplat\u00ed da\u0148 a bude musie\u0165 dodr\u017eiava\u0165 v\u0161etky administrat\u00edvne povinnosti krajiny, v ktorej bude registrovan\u00e1. Ale na\u0161i kvalifikovan\u00ed odborn\u00edci v\u00e1m zaru\u010dia minim\u00e1lne da\u0148ov\u00e9 povinnosti a z\u00e1rove\u0148 v\u00e1m zabezpe\u010dia, \u017ee administrat\u00edvne a \u00fa\u010dtovn\u00e9 n\u00e1le\u017eitosti nebud\u00fa \u010dasovo n\u00e1ro\u010dn\u00e9 ani n\u00e1kladn\u00e9.<\/p>\n<p style=\"text-align: justify;\">\n<p style=\"text-align: justify;\">Je potrebn\u00e9 pres\u00fava\u0165 na\u0161u <a href=\"https:\/\/fcba-offshore.com\/sk\/offshore-spolocnosti\/\">offshore spolo\u010dnos\u0165<\/a> do konkr\u00e9tne vybranej jurisdikcie?<\/p>\n<p style=\"text-align: justify;\">Nie. V\u010faka silnej celosvetovej <a href=\"https:\/\/fcba-offshore.com\/sk\/kontakt\/\">FCBA Offshore<\/a> siete nebudete musie\u0165 pres\u00fava\u0165 va\u0161u <a href=\"https:\/\/fcba-offshore.com\/sk\/offshore-spolocnosti\/\">offshore spolo\u010dnos\u0165<\/a>. Jedin\u00e9 o \u010do v\u00e1s po\u017eiadame je, aby ste n\u00e1m poskytli potrebn\u00e9 dokumenty bu\u010f e-mailom alebo (\u010dastej\u0161ie) po\u0161tou.<\/p>\n<p style=\"text-align: justify;\"><strong>Je registr\u00e1cia mojej spolo\u010dnosti prepojen\u00e1 s vytvoren\u00edm bankov\u00e9ho \u00fa\u010dtu?<\/strong><\/p>\n<p style=\"text-align: justify;\">\u00c1no, samozrejme. Na spr\u00e1vne fungovanie va\u0161ej spolo\u010dnosti potrebujete firemn\u00fd bankov\u00fd \u00fa\u010det. Na\u0161\u00edm cie\u013eom v\u00a0spolo\u010dnosti <a href=\"https:\/\/fcba-offshore.com\/sk\/kontakt\/\">FCBA Offshore<\/a> je poskytn\u00fa\u0165 v\u00e1m <a href=\"https:\/\/fcba-offshore.com\/sk\/offshore-bankovy-ucet\/\">offshore firemn\u00fd \u00fa\u010det<\/a>, ktor\u00fd vyhovuje va\u0161im potreb\u00e1m a zaist\u00ed spr\u00e1vne fungovanie a diskr\u00e9tnos\u0165. Ale samozrejme, ak si chcete zriadi\u0165 <a href=\"https:\/\/fcba-offshore.com\/sk\/offshore-bankovy-ucet\/\">offshore bankov\u00fd \u00fa\u010det<\/a> sami, m\u00f4\u017eete tak bez probl\u00e9mov urobi\u0165.<\/p>\n<p style=\"text-align: justify;\"><strong>Je mo\u017en\u00e9 zalo\u017ei\u0165 si <a href=\"https:\/\/fcba-offshore.com\/sk\/offshore-bankovy-ucet\/\">offshore osobn\u00fd \u00fa\u010det<\/a> k firemn\u00e9mu \u00fa\u010dtu?<\/strong><\/p>\n<p style=\"text-align: justify;\">\u00c1no, samozrejme. My to dokonca odpor\u00fa\u010dame, aby sa rozdelili va\u0161e osobn\u00e9 a profesijn\u00e9 aktivity do dvoch r\u00f4znych \u010dast\u00ed. Dokonca ak m\u00e1te zriaden\u00fd <a href=\"https:\/\/fcba-offshore.com\/sk\/offshore-bankovy-ucet\/\">offshore bankov\u00fd \u00fa\u010det<\/a> v\u00a0inej jurisdikcii (krajine), aby ste takto z\u00edskali va\u0161e dividendy a\u00a0plat, tak aj to zv\u00fd\u0161i \u00farove\u0148 d\u00f4veryhodnosti v\u00e1\u0161ho offshore podnikania.<\/p>\n<p style=\"text-align: justify;\"><strong>Ak\u00e9 s\u00fa bankov\u00e9 poplatky za <a href=\"https:\/\/fcba-offshore.com\/sk\/offshore-bankovy-ucet\/\">offshore bankov\u00fd \u00fa\u010det<\/a>?<\/strong><\/p>\n<p style=\"text-align: justify;\">Ro\u010dn\u00e9 bankov\u00e9 poplatky z\u00e1visia od mno\u017estva slu\u017eieb, o ktor\u00e9 ste po\u017eiadali v danej offshore banke. Zvy\u010dajne nie s\u00fa poplatky vysok\u00e9, preto\u017ee my v\u00a0spolo\u010dnosti <a href=\"https:\/\/fcba-offshore.com\/sk\/kontakt\/\">FCBA Offshore<\/a> db\u00e1me na spokojnos\u0165 na\u0161ich klientov, preto odpor\u00fa\u010dame iba tie banky, ktor\u00e9 pon\u00fakaj\u00fa konkuren\u010dn\u00e9 ceny.<\/p>\n<p style=\"text-align: justify;\"><strong>Je mo\u017en\u00e9 ma\u0165 bankov\u00fd \u00fa\u010det skladaj\u00faci sa z viacer\u00fdch mien?<\/strong><\/p>\n<p style=\"text-align: justify;\">\u00c1no. V\u00e4\u010d\u0161ina b\u00e1nk, s ktor\u00fdmi spolupracujeme, pon\u00faka osobn\u00e9 i firemn\u00e9 <a href=\"https:\/\/fcba-offshore.com\/sk\/offshore-bankovy-ucet\/\">offshore bankov\u00e9 \u00fa\u010dty <\/a>podporuj\u00face viacer\u00e9 meny. T\u00fdmto sa zn\u00ed\u017eia va\u0161e poplatky za v\u00fdmenu mien a u\u013eah\u010d\u00ed sa v\u00e1m tak \u017eivot. Hlavn\u00e9 pou\u017eit\u00e9 meny s\u00fa: EUR, USD a GBP.\u00a0V pr\u00edpade potreby s\u00fa k dispoz\u00edcii aj in\u00e9 meny.<\/p>\n<p style=\"text-align: justify;\"><strong>Ak\u00e9 s\u00fa mo\u017enosti vyu\u017eitia pe\u0148az\u00ed, ktor\u00e9 m\u00e1m na svojom <a href=\"https:\/\/fcba-offshore.com\/sk\/offshore-bankovy-ucet\/\">offshore bankovom \u00fa\u010dte<\/a>?<\/strong><\/p>\n<p style=\"text-align: justify;\">M\u00f4\u017eete si vybra\u0165. Va\u0161u kreditn\u00fa\/debetn\u00fa kartu m\u00f4\u017eete pou\u017e\u00edva\u0165 na vyberanie hotovosti kdeko\u013evek na svete, plati\u0165 \u0148ou v\u00a0obchodoch a\u00a0na internete. Taktie\u017e sa m\u00f4\u017eete pripoji\u0165 k v\u00e1\u0161mu internet bankingu a uskuto\u010dni\u0165 prevod.<\/p>\n<p style=\"text-align: justify;\"><strong>Ak\u00e9 s\u00fa po\u017eiadavky na spr\u00e1vu mojej <a href=\"https:\/\/fcba-offshore.com\/sk\/offshore-spolocnosti\/\">offshore spolo\u010dnosti<\/a>?<\/strong><\/p>\n<p style=\"text-align: justify;\">Administr\u00e1cia <a href=\"https:\/\/fcba-offshore.com\/sk\/offshore-spolocnosti\/\">offshore spolo\u010dnosti<\/a> vy\u017eaduje splnenie v\u0161etk\u00fdch administrat\u00edvnych a \u00fa\u010dtovn\u00fdch z\u00e1le\u017eitost\u00ed miestnych org\u00e1nov v mieste, kde je va\u0161a spolo\u010dnos\u0165 registrovan\u00e1. Ale my v <a href=\"https:\/\/fcba-offshore.com\/sk\/kontakt\/\">FCBA Offshore<\/a> ch\u00e1peme, \u017ee administrat\u00edvne \u00falohy spojen\u00e9 s va\u0161ou offshore spolo\u010dnos\u0165ou nie je nie\u010do, \u010do by ste chceli spravova\u0165 sami. Aj preto pon\u00fakame spr\u00e1vu va\u0161ej spolo\u010dnosti vo va\u0161om mene. Rovnako odpor\u00fa\u010dame zvoli\u0165 si spolo\u010dnos\u0165 <a href=\"https:\/\/fcba-offshore.com\/sk\/kontakt\/\">FCBA Offshore<\/a> ako v\u00e1\u0161ho ofici\u00e1lneho \u00fa\u010dtovn\u00edka.\u00a0Je ove\u013ea bezpe\u010dnej\u0161ie nenech\u00e1va\u0165 si doma dokumenty t\u00fdkaj\u00face sa v\u00e1\u0161ho offshore podnikania kv\u00f4li d\u00f4vern\u00fdm inform\u00e1ci\u00e1m.<\/p>\n<p style=\"text-align: justify;\"><strong>Ako m\u00f4\u017eem pomenova\u0165 svoju spolo\u010dnos\u0165?<\/strong><\/p>\n<p style=\"text-align: justify;\">N\u00e1zov si m\u00f4\u017eete vybra\u0165 sami. N\u00e1sledne spolo\u010dnos\u0165 <a href=\"https:\/\/fcba-offshore.com\/sk\/kontakt\/\">FCBA Offshore<\/a> zist\u00ed dostupnos\u0165 mena a d\u00e1 v\u00e1m vedie\u0165, \u010di je u\u017e obsaden\u00e9 alebo nie.<\/p>\n<p style=\"text-align: justify;\">\n<p style=\"text-align: justify;\"><strong>\u010co je to not\u00e1rsky overen\u00fd dokument a\/alebo apostila?<\/strong><\/p>\n<p style=\"text-align: justify;\">Not\u00e1rske overenie je pr\u00e1vny postup, ktor\u00fd zabezpe\u010d\u00ed, \u017ee va\u0161a spolo\u010dnos\u0165 je v s\u00falade s pr\u00e1vnymi predpismi krajiny, v ktorej je zaregistrovan\u00e1. Proces sa vykon\u00e1va prostredn\u00edctvom not\u00e1ra, ktor\u00fd osved\u010duje leg\u00e1lnos\u0165 a n\u00e1sledne v\u00e1m poskytne apostille.<\/p>\n<p style=\"text-align: justify;\">\n<p>&nbsp;<\/p>\n<p style=\"text-align: justify;\">Ak budete potrebova\u0165 ak\u00e9ko\u013evek \u010fal\u0161ie inform\u00e1cie, nev\u00e1hajte a kontaktujte \u010dlenov t\u00edmu spolo\u010dnosti <a href=\"https:\/\/fcba-offshore.com\/sk\/kontakt\/\">FCBA Offshore<\/a>.\n<\/p>\n<p>&nbsp;<br \/>\n<a href=\"http:\/\/fcba-offshore.com\/wp-content\/uploads\/2014\/06\/logo-small.png\"><img loading=\"lazy\" decoding=\"async\" class=\"alignnone size-full wp-image-479\" src=\"http:\/\/fcba-offshore.com\/wp-content\/uploads\/2014\/06\/logo-small.png\" alt=\"Logo offshore small\" width=\"142\" height=\"31\" \/><\/a><\/p>\n","protected":false},"excerpt":{"rendered":"<p>\u010co je to offshore spolo\u010dnos\u0165?\u00a0 Offshore spolo\u010dnos\u0165 je spolo\u010dnos\u0165 zalo\u017een\u00e1 v krajine s minim\u00e1lnym da\u0148ov\u00fdm za\u0165a\u017een\u00edm, pri\u010dom z\u00e1rove\u0148 v\u0161etky aktivity spolo\u010dnosti spadaj\u00fa pod jurisdikciu iba tejto krajiny. Ak\u00e9 s\u00fa v\u00fdhody zalo\u017eenia offshore spolo\u010dnosti? Zalo\u017eenie offshore spolo\u010dnosti m\u00e1 viacero v\u00fdhod: po prv\u00e9, v\u0161etky tieto krajiny patria medzi oblasti s n\u00edzkym da\u0148ov\u00fdm za\u0165a\u017een\u00edm, tak\u017ee budete ur\u010dite plati\u0165&hellip;<\/p>\n","protected":false},"author":1,"featured_media":0,"parent":0,"menu_order":0,"comment_status":"closed","ping_status":"open","template":"","meta":{"footnotes":""},"class_list":["post-1843","page","type-page","status-publish","hentry"],"_links":{"self":[{"href":"https:\/\/fcba-offshore.com\/sk\/wp-json\/wp\/v2\/pages\/1843","targetHints":{"allow":["GET"]}}],"collection":[{"href":"https:\/\/fcba-offshore.com\/sk\/wp-json\/wp\/v2\/pages"}],"about":[{"href":"https:\/\/fcba-offshore.com\/sk\/wp-json\/wp\/v2\/types\/page"}],"author":[{"embeddable":true,"href":"https:\/\/fcba-offshore.com\/sk\/wp-json\/wp\/v2\/users\/1"}],"replies":[{"embeddable":true,"href":"https:\/\/fcba-offshore.com\/sk\/wp-json\/wp\/v2\/comments?post=1843"}],"version-history":[{"count":9,"href":"https:\/\/fcba-offshore.com\/sk\/wp-json\/wp\/v2\/pages\/1843\/revisions"}],"predecessor-version":[{"id":2786,"href":"https:\/\/fcba-offshore.com\/sk\/wp-json\/wp\/v2\/pages\/1843\/revisions\/2786"}],"wp:attachment":[{"href":"https:\/\/fcba-offshore.com\/sk\/wp-json\/wp\/v2\/media?parent=1843"}],"curies":[{"name":"wp","href":"https:\/\/api.w.org\/{rel}","templated":true}]}}