{"id":1845,"date":"2015-12-10T10:50:41","date_gmt":"2015-12-10T10:50:41","guid":{"rendered":"http:\/\/fcba-offshore.com\/?page_id=1845"},"modified":"2016-10-03T11:03:10","modified_gmt":"2016-10-03T11:03:10","slug":"vseobecne-podmienky","status":"publish","type":"page","link":"https:\/\/fcba-offshore.com\/sk\/vseobecne-podmienky\/","title":{"rendered":"V\u0161eobecn\u00e9 podmienky"},"content":{"rendered":"<h3><strong>1. Rozsah p\u00f4sobnosti a pr\u00e1vne \u00fa\u010dely<\/strong><\/h3>\n<p style=\"text-align: justify;\">Nasleduj\u00face v\u0161eobecn\u00e9 podmienky upravuj\u00fa zmluvn\u00fd vz\u0165ah medzi <a href=\"https:\/\/fcba-offshore.com\/sk\/\">FCBA Offshore Ltd<\/a> a jej z\u00e1kazn\u00edkmi. Tieto podmienky s\u00fa neoddelite\u013enou s\u00fa\u010das\u0165ou ka\u017edej zmluvy medzi FCBA Offshore a\u00a0z\u00e1kazn\u00edkom. Podmienky upravuj\u00fa poskytovanie slu\u017eieb spolo\u010dnos\u0165ou FCBA Offshore, ak\u00fdmi s\u00fa napr\u00edklad vytv\u00e1ranie podnikov, zria\u010fovanie bankov\u00fdch \u00fa\u010dtov a\u00a0obchodn\u00e1 administrat\u00edva firiem.<\/p>\n<p style=\"text-align: justify;\">Klient sa zav\u00e4zuje, \u017ee nebude pou\u017e\u00edva\u0165 zmluvu alebo \u010das\u0165 zmluvy nez\u00e1konn\u00fdm, nemor\u00e1lnym alebo hanliv\u00fdm sp\u00f4sobom. V\u00a0pr\u00edpade poru\u0161enia t\u00fdchto podmienok zo strany z\u00e1kazn\u00edka si spolo\u010dnos\u0165 FCBA Offshore Ltd vyhradzuje pr\u00e1vo obr\u00e1ti\u0165 sa na\u00a0pr\u00edslu\u0161n\u00e9 org\u00e1ny a\u00a0do\u017eadova\u0165 sa svojich pr\u00e1v. FCBA Offshore Ltd nesmie by\u0165 nijako prepojen\u00e1 s obchodn\u00fdmi aktivitami z\u00e1kazn\u00edka.<\/p>\n<p style=\"text-align: justify;\">Klient nesie zodpovednos\u0165 za riziko vzniku jeho pr\u00e1vnej nesp\u00f4sobilosti, jeho pr\u00e1vnikov alebo tretej strany, pokia\u013e FCBA Offshore Ltd bola informovan\u00e1 o tejto neschopnosti p\u00edsomne.<\/p>\n<p style=\"text-align: justify;\">FCBA Offshore Ltd m\u00f4\u017ee odmietnu\u0165 poskytn\u00fa\u0165 v\u0161etky slu\u017eby pon\u00fakan\u00e9 z\u00e1kazn\u00edkovi bez udania d\u00f4vodu.<\/p>\n<p style=\"text-align: justify;\">FCBA Offshore Ltd si vyhradzuje pr\u00e1vo kedyko\u013evek meni\u0165 term\u00edny a podmienky poskytovania slu\u017eieb a to s okam\u017eitou platnos\u0165ou. Klient mus\u00ed by\u0165 informovan\u00fd o t\u00fdchto zmen\u00e1ch p\u00edsomne. Zmeny sa pova\u017euj\u00fa za schv\u00e1len\u00e9 z\u00e1kazn\u00edkom, pokia\u013e FCBA Offshore Ltd nedostane p\u00edsomn\u00e9 n\u00e1mietky zo strany z\u00e1kazn\u00edka a to do \u0161tyroch t\u00fd\u017ed\u0148ov odo d\u0148a ozn\u00e1menia zmeny.<\/p>\n<h3 style=\"text-align: justify;\"><strong>2. Podrobn\u00fd zoznam slu\u017eieb<\/strong><\/h3>\n<p style=\"text-align: justify;\"><strong>Zriadenie bankov\u00e9ho \u00fa\u010dtu:<\/strong><br \/>\nFCBA Offshore Ltd pom\u00e1ha z\u00e1kazn\u00edkovi pri zria\u010fovan\u00ed bankov\u00e9ho \u00fa\u010dtu. FCBA Offshore Ltd vykon\u00e1va v\u0161etky potrebn\u00e9 kroky k dosiahnutiu spokojnosti z\u00e1kazn\u00edka. Za \u00fa\u010delom poskytnutia optim\u00e1lnej slu\u017eby z\u00e1kazn\u00edkom, FCBA Offshore Ltd predklad\u00e1 zoznam starostlivo vybran\u00fdch b\u00e1nk. V niektor\u00fdch pr\u00edpadoch je banka n\u00faten\u00e1 odmietnu\u0165 zriadenie \u00fa\u010dtu. To plat\u00ed najm\u00e4 v pr\u00edpade, ak nie s\u00fa splnen\u00e9 vy\u0161\u0161ie spomenut\u00e9 podmienky. FCBA Offshore Ltd sa zav\u00e4zuje uhradi\u0165 z\u00e1kazn\u00edkovi v\u0161etky \u201ekonzulta\u010dn\u00e9\u201c poplatky v pr\u00edpade, ak nie je mo\u017en\u00e9 zriadi\u0165 \u00fa\u010det.<\/p>\n<ul style=\"text-align: justify;\">\n<li>Poskytnut\u00e9 slu\u017eby (zalo\u017eenie \u00fa\u010dtu + internet banking + debetn\u00e1\/kreditn\u00e1 karta + mena&#8230;) a cena mus\u00ed by\u0165 schv\u00e1len\u00e1 jedn\u00fdm zo z\u00e1stupcov FCBA Offshore Ltd<\/li>\n<li>Platba m\u00f4\u017ee by\u0165 vykonan\u00e1 bu\u010f bankov\u00fdm prevodom (s inform\u00e1ciami na fakt\u00fare) alebo bezpe\u010dnou platbou online (+ 5%)<\/li>\n<li>V\u0161etky platobn\u00e9 prostriedky musia by\u0165 schv\u00e1len\u00e9 p\u00edsomne jedn\u00fdm zo z\u00e1stupcov FCBA Offshore Ltd<\/li>\n<li>FCBA Offshore Ltd nezodpoved\u00e1 za \u010das, ktor\u00fd banka potrebuje na vytvorenie \u00fa\u010dtu a\u00a0ani za \u010das, ktor\u00fa potrebuje klient na poslanie v\u0161etk\u00fdch dokumentov po\u017eadovan\u00e9 bankou.<\/li>\n<li>Napriek tomu FCBA Ltd mus\u00ed sledova\u0165 tento proces a zaru\u010di\u0165, aby sa v\u0161etky dokumenty doru\u010dili do 15. pracovn\u00fdch dn\u00ed.<\/li>\n<li>Ka\u017ed\u00fd klient m\u00e1 pr\u00e1vo na zru\u0161enie \u00fa\u010dtu do 7. dn\u00ed a FCBA Ltd uhrad\u00ed v\u0161etky \u201ekonzulta\u010dn\u00e9\u201c poplatky spojen\u00e9 so zalo\u017een\u00edm \u00fa\u010dtu, ak boli zaplaten\u00e9 zabezpe\u010denou platbou online (kreditnou\/debetnou kartou)<\/li>\n<li>Spolo\u010dnos\u0165 FCBA Offshore Ltd ako z\u00e1stupca je zodpovedn\u00e1 za zalo\u017eenie \u00fa\u010dtu. Ale akon\u00e1hle je \u00fa\u010det zalo\u017een\u00fd, FCBA Offshore Ltd nenesie \u017eiadnu zodpovednos\u0165 vo\u010di vz\u0165ahu medzi bankou a klientom.<\/li>\n<\/ul>\n<p style=\"text-align: justify;\"><strong>Registr\u00e1cia spolo\u010dnosti: <\/strong><\/p>\n<p style=\"text-align: justify;\">FCBA Offshore Ltd pom\u00e1ha z\u00e1kazn\u00edkovi pri registr\u00e1cii spolo\u010dnosti. FCBA Offshore Ltd vykon\u00e1va v\u0161etky potrebn\u00e9 kroky k dosiahnutiu spokojnosti z\u00e1kazn\u00edka. Za \u00fa\u010delom poskytnutia optim\u00e1lnej slu\u017eby z\u00e1kazn\u00edkom, FCBA Offshore Ltd zriadila nieko\u013eko miestnych partnerstiev. V niektor\u00fdch pr\u00edpadoch t\u00edto partneri s\u00fa povinn\u00ed odmietnu\u0165 registrova\u0165 spolo\u010dnos\u0165 kv\u00f4li miestnym z\u00e1konom. To plat\u00ed najm\u00e4 v pr\u00edpade, ak nie s\u00fa splnen\u00e9 vy\u0161\u0161ie spomenut\u00e9 podmienky. FCBA Offshore Ltd sa zav\u00e4zuje uhradi\u0165 z\u00e1kazn\u00edkovi v\u0161etky \u201ekonzulta\u010dn\u00e9\u201c poplatky v pr\u00edpade, ak nie je mo\u017en\u00e1 registr\u00e1cia spolo\u010dnosti.<\/p>\n<ul style=\"text-align: justify;\">\n<li>Poskytnut\u00e9 slu\u017eby (registr\u00e1cia spolo\u010dnosti + leg\u00e1lne dokumenty&#8230;) a cena musia by\u0165 schv\u00e1len\u00e9 jedn\u00fdm zo z\u00e1stupcov FCBA Offshore Ltd<\/li>\n<li>Platba m\u00f4\u017ee by\u0165 vykonan\u00e1 bu\u010f bankov\u00fdm prevodom (s inform\u00e1ciami na fakt\u00fare) alebo bezpe\u010dnou platbou online (+ 5%)<\/li>\n<li>V\u0161etky platobn\u00e9 prostriedky musia by\u0165 schv\u00e1len\u00e9 p\u00edsomne jedn\u00fdm zo z\u00e1stupcov FCBA Offshore Ltd<\/li>\n<li>FCBA Offshore Ltd nezodpoved\u00e1 za \u010das, ktor\u00fd banka potrebuje na vytvorenie \u00fa\u010dtu a\u00a0ani za \u010das, ktor\u00fa potrebuje klient na poslanie v\u0161etk\u00fdch dokumentov po\u017eadovan\u00e9 bankou<\/li>\n<li>Napriek tomu FCBA Ltd mus\u00ed sledova\u0165 tento proces a zaru\u010di\u0165, aby sa v\u0161etky dokumenty doru\u010dili do 30. pracovn\u00fdch dn\u00ed.<\/li>\n<li>Ka\u017ed\u00fd klient m\u00e1 pr\u00e1vo na zru\u0161enie \u017eiadosti do 7. dn\u00ed a FCBA Ltd uhrad\u00ed v\u0161etky \u201ekonzulta\u010dn\u00e9\u201c poplatky spojen\u00e9 s registr\u00e1ciou, ak boli zaplaten\u00e9 zabezpe\u010denou platbou online (kreditnou\/debetnou kartou)<\/li>\n<li>Spolo\u010dnos\u0165 FCBA Offshore Ltd ako z\u00e1stupca je zodpovedn\u00e1 za registr\u00e1ciu spolo\u010dnosti. Ale akon\u00e1hle je registr\u00e1cia hotov\u00e1, FCBA Offshore Ltd nenesie \u017eiadnu zodpovednos\u0165 vo\u010di obchodnej administrat\u00edve tejto spolo\u010dnosti.<\/li>\n<\/ul>\n<p style=\"text-align: justify;\"><strong>Obchodn\u00e1 administrat\u00edva:<\/strong><\/p>\n<p style=\"text-align: justify;\">FCBA Offshore Ltd pom\u00e1ha z\u00e1kazn\u00edkovi pri administr\u00e1cii spolo\u010dnosti (\u00fa\u010dtovn\u00edctvo a v\u0161etky administrat\u00edvne povinnosti t\u00fdkaj\u00face sa \u00fa\u010dtovn\u00edctva&#8230;) a tie\u017e archivuje v\u0161etky obchodn\u00e9 z\u00e1znamy a dokumenty vz\u0165ahuj\u00face sa k jeho spolo\u010dnosti. T\u00e1to slu\u017eba je poskytovan\u00e1 v spolupr\u00e1ci s miestnymi partnermi, ktor\u00ed s\u00fa vysoko uzn\u00e1van\u00ed v tejto oblasti a FCBA Offshore Ltd nem\u00f4\u017ee nies\u0165 zodpovednos\u0165 za zl\u00e9 finan\u010dn\u00e9 hospod\u00e1renie spolo\u010dnosti spravovanej jej miestnymi partnermi. Napriek tomu, FCBA Offshore Ltd mus\u00ed informova\u0165 skuto\u010dn\u00e9ho vlastn\u00edka spolo\u010dnosti o v\u0161etk\u00fdch z\u00e1v\u00e4zkoch, ktor\u00e9 mus\u00ed predlo\u017ei\u0165 (napr\u00edklad: ka\u017edoro\u010dn\u00e9 udr\u017eiavacie poplatky) s cie\u013eom udr\u017ea\u0165 jeho spolo\u010dnos\u0165 v chode.<\/p>\n<ul style=\"text-align: justify;\">\n<li>Poskytnut\u00e9 slu\u017eby (uchov\u00e1vanie dokumentov + podpora pri zachovan\u00ed podniku z pr\u00e1vneho, administrat\u00edvneho a \u00fa\u010dtovn\u00e9ho h\u013eadiska) a cena (mesa\u010dne + udr\u017eiavacie poplatky) musia by\u0165 schv\u00e1len\u00e9 jedn\u00fdm zo z\u00e1stupcov FCBA Offshore Ltd<\/li>\n<li>Platba m\u00f4\u017ee by\u0165 vykonan\u00e1 bu\u010f bankov\u00fdm prevodom (s inform\u00e1ciami na fakt\u00fare) alebo bezpe\u010dnou platbou online (+ 5%)<\/li>\n<li>V\u0161etky platobn\u00e9 prostriedky musia by\u0165 schv\u00e1len\u00e9 p\u00edsomne jedn\u00fdm zo z\u00e1stupcov FCBA Offshore Ltd<\/li>\n<li>Ako spolo\u010dnos\u0165 poskytujeme klientovi administr\u00e1ciu prostredn\u00edctvom dohody s miestnymi partnermi, FCBA Offshore Ltd ale nenesie \u017eiadnu zodpovednos\u0165 v pr\u00edpade ukon\u010denia obchodn\u00e9ho vz\u0165ahu s\u00a0partnermi<\/li>\n<li>V pr\u00edpade, \u017ee FCBA Offshore Ltd ukon\u010d\u00ed obchodn\u00fd vz\u0165ah s miestnymi partnermi, FCBA Offshore Ltd je povinn\u00e1 ozn\u00e1mi\u0165 klientovi t\u00fato skuto\u010dnos\u0165, v ktorej u\u017e nie je schopn\u00e1 \u010fal\u0161ej administr\u00e1cie a mala by v tomto pr\u00edpade vr\u00e1ti\u0165 v\u0161etky poplatky, ktor\u00e9 boli zaplaten\u00e9 vopred za nasleduj\u00faci(e) mesiac(e)&#8230;<\/li>\n<li>Ka\u017ed\u00fd klient, ktor\u00fd s\u00fahlas\u00ed s\u00a0administrat\u00edvou, je povinn\u00fd zaplati\u0165 mesa\u010dn\u00fd poplatok a\u00a0taktie\u017e mus\u00ed informova\u0165 FCBA Offshore Ltd o svojom z\u00e1ujme ukon\u010di\u0165 poskytovanie tejto slu\u017eby 3 mesiace vopred. Tak\u00e1to \u017eiados\u0165 o\u00a0ukon\u010denie je pova\u017eovan\u00e1 \u00a0 \u00a0 \u00a0 za \u201e\u017eiados\u0165 o ukon\u010denie podan\u00e1 zo strany klienta\u201c a\u00a0v\u00a0takomto pr\u00edpade nebud\u00fa vr\u00e1ten\u00e9 \u017eiadne poplatky.<\/li>\n<\/ul>\n<h3 style=\"text-align: justify;\"><strong>3. Pr\u00e1vo na odmietnutie slu\u017eieb<\/strong><\/h3>\n<p style=\"text-align: justify;\">FCBA Offshore Ltd si vyhradzuje pr\u00e1vo odmietnu\u0165 poskytova\u0165 klientovi ak\u00e9ko\u013evek svoje slu\u017eby bez udania d\u00f4vodu alebo vysvetlenia a nem\u00f4\u017ee za \u017eiadnych okolnost\u00ed nies\u0165 zodpovednos\u0165 za tak\u00e9 odmietnutie.<\/p>\n<h3 style=\"text-align: justify;\"><strong>4. Pr\u00e1vne poradenstvo<\/strong><\/h3>\n<p style=\"text-align: justify;\">Aj ke\u010f sa FCBA Offshore Ltd usiluje poskytova\u0165 pravdiv\u00e9 a spr\u00e1vne inform\u00e1cie o v\u0161etk\u00fdch svojich slu\u017eb\u00e1ch, neposkytuje v\u0161ak pr\u00e1vne poradenstvo. Klient je zodpovedn\u00fd za to, \u017ee prijal potrebn\u00e9 da\u0148ov\u00e9 a pr\u00e1vne poradenstvo, pokia\u013e ide o zriadenie a fungovanie spolo\u010dnosti a za to, \u017ee tieto \u010dinnosti nebud\u00fa poru\u0161ova\u0165 z\u00e1kon akejko\u013evek pr\u00edslu\u0161nej jurisdikcie.<\/p>\n<h3 style=\"text-align: justify;\"><strong>5. Pr\u00e1vne \u00fa\u010dely<\/strong><\/h3>\n<p style=\"text-align: justify;\">Klient sa zaru\u010duje, \u017ee nezneu\u017eije \u017eiadne z pr\u00e1v udelen\u00fdch v akejko\u013evek dohode na neleg\u00e1lne, obsc\u00e9nne, hanliv\u00e9 alebo nemor\u00e1lne \u00fa\u010dely a nijako neskaz\u00ed poves\u0165 spolo\u010dnosti FCBA Offshore. Klient nebude ak\u00fdmko\u013evek sp\u00f4sobom pou\u017e\u00edva\u0165 alebo kombinova\u0165 n\u00e1zov FCBA Offshore Ltd, ani \u00faplne, ani \u010diasto\u010dne a to za \u00fa\u010delom obchodn\u00fdch aktiv\u00edt. FCBA Offshore Ltd si vyhradzuje pr\u00e1vo spolupracova\u0165 s ofici\u00e1lnym vy\u0161etrovac\u00edm org\u00e1nom v pr\u00edpade nevhodn\u00e9ho spr\u00e1vania klienta.<\/p>\n<h3 style=\"text-align: justify;\"><strong>6. Opatrenie proti praniu \u0161pinav\u00fdch pe\u0148az\u00ed a povinn\u00e1 starostlivos\u0165 vo vz\u0165ahu ku z\u00e1kazn\u00edkovi<\/strong><\/h3>\n<p style=\"text-align: justify;\">Klient poskytne FCBA Offshore Ltd len tak\u00e9 inform\u00e1cie, ktor\u00e9 FCBA Offshore Ltd pova\u017euje za nevyhnutn\u00e9, aby sa zabezpe\u010dilo, \u017ee spolo\u010dnos\u0165 je v s\u00falade s platn\u00fdmi pr\u00e1vnymi predpismi v boji proti praniu \u0161pinav\u00fdch pe\u0148az\u00ed a v s\u00falade s\u00a0povinnou starostlivos\u0165ou vo vz\u0165ahu ku z\u00e1kazn\u00edkovi. Klient je zodpovedn\u00fd za to, \u017ee inform\u00e1cie poskytnut\u00e9 FCBA Offshore Ltd s\u00fa pravdiv\u00e9. Klient takisto zaru\u010duje FCBA Offshore Ltd, \u017ee akt\u00edva alebo finan\u010dn\u00e9 prostriedky zaveden\u00e9 do firmy nepredstavuj\u00fa priamo ani nepriamo v\u00fdnosy z trestn\u00e9ho \u010dinu alebo inej nez\u00e1konnej \u010dinnosti. S cie\u013eom umo\u017eni\u0165 FCBA Offshore Ltd splni\u0165 svoj pr\u00e1vny z\u00e1v\u00e4zok, je klient povinn\u00fd informova\u0165 FCBA Offshore Ltd o v\u0161etk\u00fdch zmen\u00e1ch skuto\u010dn\u00e9ho vlastn\u00edctva, podielov a pracovn\u00edkov spolo\u010dnosti.<\/p>\n<h3 style=\"text-align: justify;\"><strong>7. Z\u00e1konn\u00e1 zodpovednos\u0165<\/strong><\/h3>\n<p style=\"text-align: justify;\">Ak\u00e1ko\u013evek dohoda medzi FCBA Offshore Ltd a klientom sa naz\u00fdva zmluva.<\/p>\n<p style=\"text-align: justify;\">Klient zodpoved\u00e1 za v\u0161etky vzniknut\u00e9 situ\u00e1cie a\u00a0pr\u00e1vne vz\u0165ahy, okrem vz\u0165ahov a\u00a0zodpovednosti za ne upraven\u00fdch v osobitn\u00fdch ustanoveniach, \u010falej okrem nedbalosti alebo podvodu, ktor\u00fd nemo\u017eno vyl\u00fa\u010di\u0165 a okrem \u0161kody vypl\u00fdvaj\u00face z ch\u00fdb alebo omylu FCBA Offshore spolo\u010dnosti a jej zamestnancov. Okrem toho mus\u00ed z\u00e1kazn\u00edk prija\u0165 zodpovednos\u0165 za pr\u00edpadn\u00e9 \u0161kody s\u00favisiace priamo alebo nepriamo s nedbalos\u0165ou, chybami, konan\u00edm alebo omylom sp\u00f4soben\u00fdmi tre\u0165ou stranou, in\u0161tit\u00faciou alebo platobnou infra\u0161trukt\u00farou.<\/p>\n<p style=\"text-align: justify;\">Z\u00e1kazn\u00edk nesie zodpovednos\u0165 za pr\u00edpadn\u00e9 \u0161kody spojen\u00e9 s vyu\u017e\u00edvan\u00edm po\u0161tov\u00fdch slu\u017eieb, telef\u00f3nu, faxu, e-mailu alebo in\u00fdch komunika\u010dn\u00fdch prostriedkov, rovnako ako aj za \u0161kody s\u00favisiace s me\u0161kan\u00edm alebo nejak\u00fdm nedorozumen\u00edm, nenesie v\u0161ak zodpovednos\u0165 vtedy, ak FCBA Offshore spolo\u010dnos\u0165 sp\u00f4sobila v\u00e1\u017enu \u0161kodu z nedbalosti.<\/p>\n<p style=\"text-align: justify;\">FCBA Offshore Ltd sa zav\u00e4zuje urobi\u0165 v\u0161etky potrebn\u00e9 kroky k poskytnutiu doplnkov\u00fdch pomocn\u00fdch slu\u017eieb. Bohu\u017eia\u013e, ak tieto slu\u017eby zlyhaj\u00fa pri implement\u00e1cii, FCBA Offshore Ltd nenesie za to \u017eiadnu zodpovednos\u0165. Podobne pri vytv\u00e1ran\u00ed bankov\u00e9ho \u00fa\u010dtu FCBA Offshore Ltd vystupuje ako sprostredkovate\u013e medzi bankou a z\u00e1kazn\u00edkom. FCBA Offshore Ltd nesmie za \u017eiadnych okolnost\u00ed nies\u0165 zodpovednos\u0165 za ak\u00e9ko\u013evek \u0161kody alebo spor medzi bankou a z\u00e1kazn\u00edkom. FCBA Offshore Ltd p\u00f4sob\u00ed ako sprostredkovate\u013e a nevykon\u00e1va \u017eiadnu \u010dinnos\u0165 stanovenou bankou.<\/p>\n<h3 style=\"text-align: justify;\"><strong>8. Povinnosti klienta<\/strong><\/h3>\n<p style=\"text-align: justify;\">Klient je povinn\u00fd poskytn\u00fa\u0165 FCBA Offshore spolo\u010dnosti v\u0161etky potrebn\u00e9 dokumenty bu\u010f na \u00fa\u010dely zalo\u017eenia \u00fa\u010dtu alebo registr\u00e1cie spolo\u010dnosti. Klient je rovnako povinn\u00fd uhradi\u0165 fakt\u00faru za poskytnutie slu\u017eby.<\/p>\n<p>&nbsp;<\/p>\n<h3 style=\"text-align: justify;\"><strong>9. S\u00fadna pr\u00edslu\u0161nos\u0165<\/strong><\/h3>\n<p style=\"text-align: justify;\">Ak\u00e9ko\u013evek spory vzniknut\u00e9 medzi stranami patria pod jurisdikciu Seychelsk\u00e9ho s\u00fadu.\n<\/p>\n<p>&nbsp;<br \/>\n<a href=\"http:\/\/fcba-offshore.com\/wp-content\/uploads\/2014\/06\/logo-small.png\"><img loading=\"lazy\" decoding=\"async\" class=\"alignnone size-full wp-image-479\" src=\"http:\/\/fcba-offshore.com\/wp-content\/uploads\/2014\/06\/logo-small.png\" alt=\"Logo offshore small\" width=\"142\" height=\"31\" \/><\/a><\/p>\n","protected":false},"excerpt":{"rendered":"<p>1. Rozsah p\u00f4sobnosti a pr\u00e1vne \u00fa\u010dely Nasleduj\u00face v\u0161eobecn\u00e9 podmienky upravuj\u00fa zmluvn\u00fd vz\u0165ah medzi FCBA Offshore Ltd a jej z\u00e1kazn\u00edkmi. Tieto podmienky s\u00fa neoddelite\u013enou s\u00fa\u010das\u0165ou ka\u017edej zmluvy medzi FCBA Offshore a\u00a0z\u00e1kazn\u00edkom. Podmienky upravuj\u00fa poskytovanie slu\u017eieb spolo\u010dnos\u0165ou FCBA Offshore, ak\u00fdmi s\u00fa napr\u00edklad vytv\u00e1ranie podnikov, zria\u010fovanie bankov\u00fdch \u00fa\u010dtov a\u00a0obchodn\u00e1 administrat\u00edva firiem. Klient sa zav\u00e4zuje, \u017ee nebude pou\u017e\u00edva\u0165 zmluvu&hellip;<\/p>\n","protected":false},"author":1,"featured_media":0,"parent":0,"menu_order":0,"comment_status":"closed","ping_status":"open","template":"","meta":{"footnotes":""},"class_list":["post-1845","page","type-page","status-publish","hentry"],"_links":{"self":[{"href":"https:\/\/fcba-offshore.com\/sk\/wp-json\/wp\/v2\/pages\/1845","targetHints":{"allow":["GET"]}}],"collection":[{"href":"https:\/\/fcba-offshore.com\/sk\/wp-json\/wp\/v2\/pages"}],"about":[{"href":"https:\/\/fcba-offshore.com\/sk\/wp-json\/wp\/v2\/types\/page"}],"author":[{"embeddable":true,"href":"https:\/\/fcba-offshore.com\/sk\/wp-json\/wp\/v2\/users\/1"}],"replies":[{"embeddable":true,"href":"https:\/\/fcba-offshore.com\/sk\/wp-json\/wp\/v2\/comments?post=1845"}],"version-history":[{"count":11,"href":"https:\/\/fcba-offshore.com\/sk\/wp-json\/wp\/v2\/pages\/1845\/revisions"}],"predecessor-version":[{"id":2907,"href":"https:\/\/fcba-offshore.com\/sk\/wp-json\/wp\/v2\/pages\/1845\/revisions\/2907"}],"wp:attachment":[{"href":"https:\/\/fcba-offshore.com\/sk\/wp-json\/wp\/v2\/media?parent=1845"}],"curies":[{"name":"wp","href":"https:\/\/api.w.org\/{rel}","templated":true}]}}