{"id":1855,"date":"2015-12-10T11:06:13","date_gmt":"2015-12-10T11:06:13","guid":{"rendered":"http:\/\/fcba-offshore.com\/?page_id=1855"},"modified":"2016-05-22T11:00:28","modified_gmt":"2016-05-22T11:00:28","slug":"pravne-informacie","status":"publish","type":"page","link":"https:\/\/fcba-offshore.com\/sk\/pravne-informacie\/","title":{"rendered":"Pr\u00e1vne inform\u00e1cie"},"content":{"rendered":"<h2>Pr\u00e1vne inform\u00e1cie:<\/h2>\n<h3><\/h3>\n<h3><\/h3>\n<h3 style=\"text-align: justify;\">Editor webov\u00fdch str\u00e1nok<\/h3>\n<p style=\"text-align: justify;\">Dom\u00e9na www.fcba-offshore.com bola upraven\u00e1 spolo\u010dnos\u0165ou:<\/p>\n<p style=\"text-align: justify;\">FCBA Ltd<\/p>\n<h3 style=\"text-align: justify;\">Hosting<\/h3>\n<p style=\"text-align: justify;\">Hosting pre dom\u00e9nu www.fcba-offshore.com je poskytovan\u00fd: GoDaddy.com LLC, 14455 North Hayden Rd., Suite 219, Scottsdale, AZ 85260.<\/p>\n<p style=\"text-align: justify;\">V pr\u00edpade akejko\u013evek s\u0165a\u017enosti t\u00fdkaj\u00facej sa obsahu str\u00e1nok, pripomienok alebo pr\u00edspevkov, nev\u00e1hajte n\u00e1s kontaktova\u0165 prostredn\u00edctvom kontaktn\u00e9ho formul\u00e1ra dostupn\u00e9ho na internetovej str\u00e1nke.<br \/>\nV s\u00falade so z\u00e1konom m\u00f4\u017eete tie\u017e priamo kontaktova\u0165 hostingov\u00e9 spolo\u010dnosti na adrese:<\/p>\n<p style=\"text-align: justify;\">Legal Department GoDaddy.com LLC , 14455 North Hayden Rd., Suite 219, Scottsdale, AZ 85260.<br \/>\nSpolo\u010dnos\u0165 GoDaddy.com m\u00f4\u017eete tie\u017e kontaktova\u0165 emailom na support@godaddy.com.<\/p>\n<h3 style=\"text-align: justify;\">Spracovanie osobn\u00fdch \u00fadajov<\/h3>\n<p style=\"text-align: justify;\">Osobn\u00e9 \u00fadaje bud\u00fa zozbieran\u00e9 len pre intern\u00e9 pou\u017eitie.<br \/>\nVa\u0161e osobn\u00e9 \u00fadaje bud\u00fa vyu\u017eit\u00e9 len pri rie\u0161en\u00ed va\u0161ich po\u017eiadaviek, nebud\u00fa nikdy predan\u00e9, zdie\u013ean\u00e9, zverejnen\u00e9 ani poskytnut\u00e9 tretej strane.<\/p>\n<h3 style=\"text-align: justify;\">O FCBA Offshore spolo\u010dnosti<\/h3>\n<p style=\"text-align: justify;\">T\u00e1to webov\u00e1 str\u00e1nka je publikovan\u00e1 FCBA Offshore Ltd, spolo\u010dnos\u0165 so s\u00eddlom na Seychel\u00e1ch.<\/p>\n<p style=\"text-align: justify;\">FCBA Offshore Ltd nie je regulovan\u00e1 finan\u010dn\u00fdm org\u00e1nom vo Ve\u013ekej Brit\u00e1nii (Financial Authority (FCA)) a ani \u017eiadnym in\u00fdm podobn\u00fdm \u00faradom v inej krajine. Preto FCBA Offshore Ltd neposkytuje \u017eiadne investi\u010dn\u00e9 poradenstvo.<\/p>\n<p style=\"text-align: justify;\">Rovnako tak m\u00f4\u017ee FCBA Offshore Ltd prij\u00edma\u0165 vklady od verejnosti iba vo forme poplatkov.<\/p>\n<p style=\"text-align: justify;\">\u00da\u010delom t\u00fdchto str\u00e1nok je informova\u0165 verejnos\u0165 o aktivit\u00e1ch spolo\u010dnosti FCBA Offshore Ltd. Jej obsah nie je obchodn\u00fdm z\u00e1v\u00e4zkom FCBA Offshore Ltd ani jej pobo\u010diek alebo partnerov.<\/p>\n<p style=\"text-align: justify;\">FCBA Offshore sa sna\u017e\u00ed zabezpe\u010di\u0165, aby inform\u00e1cie poskytovan\u00e9 na str\u00e1nke boli v\u017edy presn\u00e9 a\u00a0aktualizovan\u00e9, taktie\u017e si vyhradzuje pr\u00e1vo upravova\u0165 obsah kedyko\u013evek a\u00a0bez predch\u00e1dzaj\u00faceho upozornenia. Napriek tomu nem\u00f4\u017eeme zaru\u010di\u0165, \u017ee tieto inform\u00e1cie na str\u00e1nke s\u00fa \u00fapln\u00e9. Navy\u0161e odmietame ak\u00fako\u013evek zodpovednos\u0165 v pr\u00edpade chyby alebo omylu v t\u00fdchto poskytnut\u00fdch inform\u00e1ci\u00e1ch.<\/p>\n<p style=\"text-align: justify;\">Ka\u017ed\u00e1 osoba, ktor\u00e1 si \u017eel\u00e1 vyu\u017ei\u0165 jednu zo slu\u017eieb \u010di produktov, je povinn\u00e1 kontaktova\u0165 FCBA Offshore Ltd a\u00a0informova\u0165 sa o dostupnosti slu\u017eby alebo produktu, ako aj o\u00a0zmluvn\u00fdch podmienkach a\u00a0platn\u00fdch sadzieb.<\/p>\n<p style=\"text-align: justify;\">FCBA Offshore Ltd odmieta ak\u00fako\u013evek zodpovednos\u0165 za obsah t\u00fdchto str\u00e1nok a\u00a0za ich pou\u017eitie inou osobou a\u00a0ak\u00e9ko\u013evek \u010fal\u0161ie publikovanie alebo \u0161\u00edrenie cel\u00e9ho obsahu alebo jej \u010dasti, mus\u00ed by\u0165 vopred schv\u00e1len\u00e9 spolo\u010dnos\u0165ou FCBA Offshore Ltd.<\/p>\n<p style=\"text-align: justify;\">Inform\u00e1cie poskytnut\u00e9 na tejto webovej str\u00e1nke s\u00fa leg\u00e1lne pod\u013ea britsk\u00fdch z\u00e1konov.<\/p>\n<p style=\"text-align: justify;\">Vlastn\u00edctva a pou\u017eitie offshore \u00fa\u010dtu m\u00f4\u017eu by\u0165 regulovan\u00e9 v krajine bydliska majite\u013ea.<br \/>\nFCBA Offshore Ltd neposkytne \u017eiaden v\u00fdrobok alebo slu\u017ebu osobe, ak je to tejto osobe zak\u00e1zan\u00e9 z\u00e1konom v jej domovskej krajine alebo v ktorejko\u013evek inej krajine.<br \/>\nFCBA Offshore Ltd kontroluje aktivity svojich z\u00e1kazn\u00edkov, ale nie je zodpovedn\u00e1 za ostatn\u00e9 aktivity vykon\u00e1van\u00e9 jej z\u00e1kazn\u00edkmi.<\/p>\n<p style=\"text-align: justify;\">FCBA Offshore Ltd uv\u00e1dza, \u017ee v\u00e4\u010d\u0161ina navrhovan\u00fdch jurisdikci\u00ed pon\u00faka \u00fapln\u00fa diskr\u00e9tnos\u0165. Dr\u017eitelia offshore \u00fa\u010dtu s\u00fa zodpovedn\u00ed za poskytnutie inform\u00e1ci\u00ed da\u0148ov\u00fdm org\u00e1nom v krajine svojho bydliska, ako aj za v\u0161etky ich pr\u00edjmy.<\/p>\n<h3 style=\"text-align: justify;\">Obsah<\/h3>\n<p style=\"text-align: justify;\">Obsah internetovej str\u00e1nky (http:\/\/fcba-offshore.com) maj\u00fa len informat\u00edvny charakter. FCBA Offshore Ltd nenesie zodpovednos\u0165 za zmeny, v\u00fdvoj alebo dodatky pr\u00e1vnych predpisov alebo za da\u0148ov\u00e9 re\u017eimy v \u0161pecifick\u00fdch jurisdikci\u00e1ch a jeho obsah nie je mo\u017en\u00e9 pou\u017ei\u0165 v u\u017e\u0161om zmysle z\u00e1kazn\u00edkom bez predch\u00e1dzaj\u00faceho poradenstva.<\/p>\n<p style=\"text-align: justify;\">S\u00fabory s \u00fadajmi danej krajiny poskytuj\u00fa v\u0161eobecn\u00e9 inform\u00e1cie, ktor\u00e9 s\u00fa aktualizovan\u00e9 prostredn\u00edctvom pr\u00e1vneho procesu a technologick\u00e9ho monitorovania FCBA Offshore Ltd; posledn\u00fd menovan\u00fd v\u0161ak neprij\u00edma zodpovednos\u0165 s oh\u013eadom na miestne v\u00fdvojov\u00e9 trendy. Diagramy a bal\u00ed\u010dky s\u00fa poskytovan\u00e9 len na informa\u010dn\u00e9 \u00fa\u010dely a FCBA Offshore Ltd nenesie zodpovednos\u0165 za ne.<\/p>\n<p style=\"text-align: justify;\">V\u00fdraz \u201eoffshore\u201c m\u00f4\u017ee by\u0165 pon\u00edman\u00fd v niektor\u00fdch krajin\u00e1ch ako da\u0148ov\u00fd podvod, da\u0148ov\u00fd \u00fanik alebo ako zneu\u017eitie pr\u00e1va. Uveden\u00e9 v\u00fdklady m\u00f4\u017eu by\u0165 pova\u017eovan\u00e9 za nez\u00e1konn\u00e9 v niektor\u00fdch krajin\u00e1ch: pon\u00fakaj\u00fa stru\u010dn\u00fd preh\u013ead medzin\u00e1rodn\u00fdch postupov. Nem\u00f4\u017eu by\u0165 pova\u017eovan\u00e9 za kone\u010dn\u00e9 a ani pou\u017eite\u013en\u00e9, pokia\u013e ide o uveden\u00e9 pr\u00edklady. Z\u00e1kazn\u00edci, ktor\u00ed chc\u00fa vykona\u0165 tak\u00e9to opatrenia, musia konzultova\u0165 kvalifikovan\u00e9ho poradcu.<\/p>\n<p style=\"text-align: justify;\">V\u00fdraz \u201ezalo\u017eenie offshore bankov\u00e9ho \u00fa\u010dtu\u201c znamen\u00e1 slu\u017ebu, ktor\u00e1 je prepojen\u00e1 so z\u00e1kazn\u00edkom a autorizovanou bankou a v \u017eiadnom pr\u00edpade neznamen\u00e1 zalo\u017eenie \u00fa\u010dtu pou\u017eit\u00edm \u00fa\u010dtovn\u00fdch z\u00e1znamov FCBA Offshore spolo\u010dnosti.<\/p>\n<h3 style=\"text-align: justify;\">Boj proti praniu \u0161pinav\u00fdch pe\u0148az\u00ed<\/h3>\n<p style=\"text-align: justify;\">FCBA Offshore Ltd bojuje proti praniu \u0161pinav\u00fdch pe\u0148az\u00ed a financovaniu terorizmu, a to ako v r\u00e1mci svojej spolo\u010dnosti, tak aj v r\u00e1mci projektov svojich klientov.<\/p>\n<p style=\"text-align: justify;\">FCBA Offshore Ltd sa zav\u00e4zuje, \u017ee vykon\u00e1 svoju pr\u00e1cu v r\u00e1mci objektivity, \u010destnosti a poctivosti, a zabezpe\u010d\u00ed nadradenos\u0165 z\u00e1ujmov firmy, z\u00e1kazn\u00edkov a integrity trhu. Tento z\u00e1v\u00e4zok dodr\u017eiava\u0165 etick\u00e9 normy m\u00e1 za cie\u013e nielen zabezpe\u010di\u0165 s\u00falad s pr\u00e1vnymi predpismi v r\u00f4znych krajin\u00e1ch, v ktor\u00fdch FCBA Offshore Ltd p\u00f4sob\u00ed, ale z\u00e1rove\u0148 sl\u00fa\u017ei na z\u00edskanie a udr\u017eanie dlhodobej d\u00f4very svojich z\u00e1kazn\u00edkov, akcion\u00e1rov, zamestnancov a partnerov.\n<\/p>\n<p>&nbsp;<br \/>\n<a href=\"http:\/\/fcba-offshore.com\/wp-content\/uploads\/2014\/06\/logo-small.png\"><img loading=\"lazy\" decoding=\"async\" class=\"alignnone size-full wp-image-479\" src=\"http:\/\/fcba-offshore.com\/wp-content\/uploads\/2014\/06\/logo-small.png\" alt=\"Logo offshore small\" width=\"142\" height=\"31\" \/><\/a><\/p>\n","protected":false},"excerpt":{"rendered":"<p>Pr\u00e1vne inform\u00e1cie: Editor webov\u00fdch str\u00e1nok Dom\u00e9na www.fcba-offshore.com bola upraven\u00e1 spolo\u010dnos\u0165ou: FCBA Ltd Hosting Hosting pre dom\u00e9nu www.fcba-offshore.com je poskytovan\u00fd: GoDaddy.com LLC, 14455 North Hayden Rd., Suite 219, Scottsdale, AZ 85260. V pr\u00edpade akejko\u013evek s\u0165a\u017enosti t\u00fdkaj\u00facej sa obsahu str\u00e1nok, pripomienok alebo pr\u00edspevkov, nev\u00e1hajte n\u00e1s kontaktova\u0165 prostredn\u00edctvom kontaktn\u00e9ho formul\u00e1ra dostupn\u00e9ho na internetovej str\u00e1nke. V s\u00falade so z\u00e1konom&hellip;<\/p>\n","protected":false},"author":1,"featured_media":0,"parent":0,"menu_order":0,"comment_status":"closed","ping_status":"open","template":"","meta":{"footnotes":""},"class_list":["post-1855","page","type-page","status-publish","hentry"],"_links":{"self":[{"href":"https:\/\/fcba-offshore.com\/sk\/wp-json\/wp\/v2\/pages\/1855","targetHints":{"allow":["GET"]}}],"collection":[{"href":"https:\/\/fcba-offshore.com\/sk\/wp-json\/wp\/v2\/pages"}],"about":[{"href":"https:\/\/fcba-offshore.com\/sk\/wp-json\/wp\/v2\/types\/page"}],"author":[{"embeddable":true,"href":"https:\/\/fcba-offshore.com\/sk\/wp-json\/wp\/v2\/users\/1"}],"replies":[{"embeddable":true,"href":"https:\/\/fcba-offshore.com\/sk\/wp-json\/wp\/v2\/comments?post=1855"}],"version-history":[{"count":9,"href":"https:\/\/fcba-offshore.com\/sk\/wp-json\/wp\/v2\/pages\/1855\/revisions"}],"predecessor-version":[{"id":2133,"href":"https:\/\/fcba-offshore.com\/sk\/wp-json\/wp\/v2\/pages\/1855\/revisions\/2133"}],"wp:attachment":[{"href":"https:\/\/fcba-offshore.com\/sk\/wp-json\/wp\/v2\/media?parent=1855"}],"curies":[{"name":"wp","href":"https:\/\/api.w.org\/{rel}","templated":true}]}}